{"id":9496,"date":"2022-10-12T12:13:42","date_gmt":"2022-10-12T12:13:42","guid":{"rendered":"https:\/\/katrearula.com\/find-a-retailer\/"},"modified":"2022-11-24T21:59:33","modified_gmt":"2022-11-24T21:59:33","slug":"find-a-retailer","status":"publish","type":"page","link":"https:\/\/katrearula.com\/en\/find-a-retailer\/","title":{"rendered":"Find a Retailer"},"content":{"rendered":"\t\t<div data-elementor-type=\"wp-page\" data-elementor-id=\"9496\" class=\"elementor elementor-9496 elementor-4675\">\n\t\t\t\t<div class=\"elementor-element elementor-element-b062e51 e-flex e-con-boxed kitify-col-width-auto-no ignore-docs-style-no kitify-disable-relative-no e-root-container elementor-top-section e-con e-parent\" data-id=\"b062e51\" data-element_type=\"container\">\n\t\t\t\t\t<div class=\"e-con-inner\">\n\t\t\t\t<div class=\"elementor-element elementor-element-e73dd77 elementor-widget kitify elementor-kitify-post-title\" data-id=\"e73dd77\" data-element_type=\"widget\" data-widget_type=\"kitify-post-title.default\">\n\t\t\t\t<div class=\"elementor-widget-container\">\n\t\t\t\t\t<h2 class=\"kitify-post-title \">Find a Retailer<\/h2>\t\t\t\t<\/div>\n\t\t\t\t<\/div>\n\t\t\t\t<div class=\"elementor-element elementor-element-9136617 kitify-breadcrumbs-align-center elementor-widget kitify elementor-kitify-breadcrumbs\" data-id=\"9136617\" data-element_type=\"widget\" data-widget_type=\"kitify-breadcrumbs.default\">\n\t\t\t\t<div class=\"elementor-widget-container\">\n\t\t\t\t\t\n\t\t<div class=\"kitify-breadcrumbs\">\n\t\t<div class=\"kitify-breadcrumbs__content\">\n\t\t<div class=\"kitify-breadcrumbs__wrap\"><div class=\"kitify-breadcrumbs__item\"><a href=\"https:\/\/katrearula.com\/en\/\" class=\"kitify-breadcrumbs__item-link is-home\" rel=\"home\" title=\"Home\">Home<\/a><\/div>\n\t\t<\/div>\n\t\t<\/div>\n\t\t<\/div>\t\t\t\t<\/div>\n\t\t\t\t<\/div>\n\t\t\t\t<div class=\"elementor-element elementor-element-4d2f17f elementor-widget elementor-widget-spacer\" data-id=\"4d2f17f\" data-element_type=\"widget\" data-widget_type=\"spacer.default\">\n\t\t\t\t<div class=\"elementor-widget-container\">\n\t\t\t\t\t\t\t<div class=\"elementor-spacer\">\n\t\t\t<div class=\"elementor-spacer-inner\"><\/div>\n\t\t<\/div>\n\t\t\t\t\t\t<\/div>\n\t\t\t\t<\/div>\n\t\t\t\t\t<\/div>\n\t\t\t\t<\/div>\n\t\t<div class=\"elementor-element elementor-element-0cffeda e-flex e-con-boxed kitify-col-width-auto-no ignore-docs-style-no kitify-disable-relative-no e-root-container elementor-top-section e-con e-parent\" data-id=\"0cffeda\" data-element_type=\"container\">\n\t\t\t\t\t<div class=\"e-con-inner\">\n\t\t<a class=\"elementor-element elementor-element-e60aa5e e-con-full e-flex kitify-col-width-auto-no ignore-docs-style-no kitify-disable-relative-no e-con e-parent\" data-id=\"e60aa5e\" data-element_type=\"container\" href=\"https:\/\/folkart.ee\/poed\/\" target=\"_blank\">\n\t\t\t\t<div class=\"elementor-element elementor-element-c1411bb elementor-widget elementor-widget-heading\" data-id=\"c1411bb\" data-element_type=\"widget\" data-widget_type=\"heading.default\">\n\t\t\t\t<div class=\"elementor-widget-container\">\n\t\t\t\t\t<p class=\"elementor-heading-title elementor-size-default\">Kaarmanni K\u00e4sit\u00f6\u00f6<\/p>\t\t\t\t<\/div>\n\t\t\t\t<\/div>\n\t\t\t\t<div class=\"elementor-element elementor-element-15caf73 elementor-widget elementor-widget-text-editor\" data-id=\"15caf73\" data-element_type=\"widget\" data-widget_type=\"text-editor.default\">\n\t\t\t\t<div class=\"elementor-widget-container\">\n\t\t\t\t\t\t\t\t\t<p>Vanaturu kael 8, Tallinn<\/p>\n\t\t\t\t\t\t\t\t<\/div>\n\t\t\t\t<\/div>\n\t\t\t\t<\/a>\n\t\t<a class=\"elementor-element elementor-element-d1e92f5 e-con-full e-flex kitify-col-width-auto-no ignore-docs-style-no kitify-disable-relative-no e-con e-parent\" data-id=\"d1e92f5\" data-element_type=\"container\" href=\"https:\/\/www.erm.ee\/en\/shop-new\/categories\/katr%C3%A9\" target=\"_blank\">\n\t\t\t\t<div class=\"elementor-element elementor-element-9023056 elementor-widget elementor-widget-heading\" data-id=\"9023056\" data-element_type=\"widget\" data-widget_type=\"heading.default\">\n\t\t\t\t<div class=\"elementor-widget-container\">\n\t\t\t\t\t<p class=\"elementor-heading-title elementor-size-default\">Estonian National Museum<\/p>\t\t\t\t<\/div>\n\t\t\t\t<\/div>\n\t\t\t\t<div class=\"elementor-element elementor-element-ef4e655 elementor-widget elementor-widget-text-editor\" data-id=\"ef4e655\" data-element_type=\"widget\" data-widget_type=\"text-editor.default\">\n\t\t\t\t<div class=\"elementor-widget-container\">\n\t\t\t\t\t\t\t\t\t<p>Muuseumi tee 2, Tartu<\/p>\n\t\t\t\t\t\t\t\t<\/div>\n\t\t\t\t<\/div>\n\t\t\t\t<\/a>\n\t\t<a class=\"elementor-element elementor-element-71a79cf e-con-full e-flex kitify-col-width-auto-no ignore-docs-style-no kitify-disable-relative-no e-con e-parent\" data-id=\"71a79cf\" data-element_type=\"container\" href=\"https:\/\/www.visitestonia.com\/en\/katre-arulas-handicraft-workshop\" target=\"_blank\">\n\t\t\t\t<div class=\"elementor-element elementor-element-5667fd8 elementor-widget elementor-widget-heading\" data-id=\"5667fd8\" data-element_type=\"widget\" data-widget_type=\"heading.default\">\n\t\t\t\t<div class=\"elementor-widget-container\">\n\t\t\t\t\t<p class=\"elementor-heading-title elementor-size-default\">Visit Estonia<\/p>\t\t\t\t<\/div>\n\t\t\t\t<\/div>\n\t\t\t\t<div class=\"elementor-element elementor-element-87c37b4 elementor-widget elementor-widget-text-editor\" data-id=\"87c37b4\" data-element_type=\"widget\" data-widget_type=\"text-editor.default\">\n\t\t\t\t<div class=\"elementor-widget-container\">\n\t\t\t\t\t\t\t\t\t<p>Pikk 22, Tallinn<\/p>\n\t\t\t\t\t\t\t\t<\/div>\n\t\t\t\t<\/div>\n\t\t\t\t<\/a>\n\t\t<a class=\"elementor-element elementor-element-cb29042 e-con-full e-flex kitify-col-width-auto-no ignore-docs-style-no kitify-disable-relative-no e-con e-parent\" data-id=\"cb29042\" data-element_type=\"container\" href=\"https:\/\/www.estonianshop.com\/en\" target=\"_blank\">\n\t\t\t\t<div class=\"elementor-element elementor-element-e52c90e elementor-widget elementor-widget-heading\" data-id=\"e52c90e\" data-element_type=\"widget\" data-widget_type=\"heading.default\">\n\t\t\t\t<div class=\"elementor-widget-container\">\n\t\t\t\t\t<p class=\"elementor-heading-title elementor-size-default\">Estonian House (Eesti Esindus)<\/p>\t\t\t\t<\/div>\n\t\t\t\t<\/div>\n\t\t\t\t<div class=\"elementor-element elementor-element-ea59238 elementor-widget elementor-widget-text-editor\" data-id=\"ea59238\" data-element_type=\"widget\" data-widget_type=\"text-editor.default\">\n\t\t\t\t<div class=\"elementor-widget-container\">\n\t\t\t\t\t\t\t\t\t<p> Pikk 15, Tallinn<\/p>\n\t\t\t\t\t\t\t\t<\/div>\n\t\t\t\t<\/div>\n\t\t\t\t<\/a>\n\t\t<a class=\"elementor-element elementor-element-242922c e-con-full e-flex kitify-col-width-auto-no ignore-docs-style-no kitify-disable-relative-no e-con e-parent\" data-id=\"242922c\" data-element_type=\"container\" href=\"https:\/\/visitpoltsamaa.com\/en\/katre-arula-meistrikoda\/\" target=\"_blank\">\n\t\t\t\t<div class=\"elementor-element elementor-element-b2fedcf elementor-widget elementor-widget-heading\" data-id=\"b2fedcf\" data-element_type=\"widget\" data-widget_type=\"heading.default\">\n\t\t\t\t<div class=\"elementor-widget-container\">\n\t\t\t\t\t<p class=\"elementor-heading-title elementor-size-default\">Visit P\u00f5ltsamaa<\/p>\t\t\t\t<\/div>\n\t\t\t\t<\/div>\n\t\t\t\t<div class=\"elementor-element elementor-element-ce2b0cb elementor-widget elementor-widget-text-editor\" data-id=\"ce2b0cb\" data-element_type=\"widget\" data-widget_type=\"text-editor.default\">\n\t\t\t\t<div class=\"elementor-widget-container\">\n\t\t\t\t\t\t\t\t\t<p>Visit P\u00f5ltsamaa<\/p>\n\t\t\t\t\t\t\t\t<\/div>\n\t\t\t\t<\/div>\n\t\t\t\t<\/a>\n\t\t<a class=\"elementor-element elementor-element-d92b68d e-con-full e-flex kitify-col-width-auto-no ignore-docs-style-no kitify-disable-relative-no e-con e-parent\" data-id=\"d92b68d\" data-element_type=\"container\" href=\"https:\/\/www.visitestonia.com\/en\/katre-arulas-handicraft-workshop\" target=\"_blank\">\n\t\t\t\t<div class=\"elementor-element elementor-element-176df6f elementor-widget elementor-widget-heading\" data-id=\"176df6f\" data-element_type=\"widget\" data-widget_type=\"heading.default\">\n\t\t\t\t<div class=\"elementor-widget-container\">\n\t\t\t\t\t<p class=\"elementor-heading-title elementor-size-default\">Visit Estonia<\/p>\t\t\t\t<\/div>\n\t\t\t\t<\/div>\n\t\t\t\t<div class=\"elementor-element elementor-element-900752b elementor-widget elementor-widget-text-editor\" data-id=\"900752b\" data-element_type=\"widget\" data-widget_type=\"text-editor.default\">\n\t\t\t\t<div class=\"elementor-widget-container\">\n\t\t\t\t\t\t\t\t\t<p>E-shop<\/p>\n\t\t\t\t\t\t\t\t<\/div>\n\t\t\t\t<\/div>\n\t\t\t\t<\/a>\n\t\t<a class=\"elementor-element elementor-element-00eae50 e-con-full e-flex kitify-col-width-auto-no ignore-docs-style-no kitify-disable-relative-no e-con e-parent\" data-id=\"00eae50\" data-element_type=\"container\" href=\"https:\/\/folkart.ee\/poed\/\" target=\"_blank\">\n\t\t\t\t<div class=\"elementor-element elementor-element-80c14f9 elementor-widget elementor-widget-heading\" data-id=\"80c14f9\" data-element_type=\"widget\" data-widget_type=\"heading.default\">\n\t\t\t\t<div class=\"elementor-widget-container\">\n\t\t\t\t\t<p class=\"elementor-heading-title elementor-size-default\">Estonian Handicraft House<\/p>\t\t\t\t<\/div>\n\t\t\t\t<\/div>\n\t\t\t\t<div class=\"elementor-element elementor-element-0230cd0 elementor-widget elementor-widget-text-editor\" data-id=\"0230cd0\" data-element_type=\"widget\" data-widget_type=\"text-editor.default\">\n\t\t\t\t<div class=\"elementor-widget-container\">\n\t\t\t\t\t\t\t\t\t<p>Pikk 22, Tallinn<\/p>\n\t\t\t\t\t\t\t\t<\/div>\n\t\t\t\t<\/div>\n\t\t\t\t<\/a>\n\t\t<a class=\"elementor-element elementor-element-93a3918 e-con-full e-flex kitify-col-width-auto-no ignore-docs-style-no kitify-disable-relative-no e-con e-parent\" data-id=\"93a3918\" data-element_type=\"container\" href=\"https:\/\/parlpood.ee\/katre\" target=\"_blank\">\n\t\t\t\t<div class=\"elementor-element elementor-element-649df86 elementor-widget elementor-widget-heading\" data-id=\"649df86\" data-element_type=\"widget\" data-widget_type=\"heading.default\">\n\t\t\t\t<div class=\"elementor-widget-container\">\n\t\t\t\t\t<p class=\"elementor-heading-title elementor-size-default\"> P\u00e4rl Design Shop<\/p>\t\t\t\t<\/div>\n\t\t\t\t<\/div>\n\t\t\t\t<div class=\"elementor-element elementor-element-2a861db elementor-widget elementor-widget-text-editor\" data-id=\"2a861db\" data-element_type=\"widget\" data-widget_type=\"text-editor.default\">\n\t\t\t\t<div class=\"elementor-widget-container\">\n\t\t\t\t\t\t\t\t\t<p><span style=\"font-weight: 400;\">Estonia pst. 9, Tallinn<\/span><\/p>\n\t\t\t\t\t\t\t\t<\/div>\n\t\t\t\t<\/div>\n\t\t\t\t<\/a>\n\t\t<a class=\"elementor-element elementor-element-5bb9cad e-con-full e-flex kitify-col-width-auto-no ignore-docs-style-no kitify-disable-relative-no e-con e-parent\" data-id=\"5bb9cad\" data-element_type=\"container\" href=\"http:\/\/www.osta.ee\/katrearula\" target=\"_blank\">\n\t\t\t\t<div class=\"elementor-element elementor-element-e69d3cc elementor-widget elementor-widget-heading\" data-id=\"e69d3cc\" data-element_type=\"widget\" data-widget_type=\"heading.default\">\n\t\t\t\t<div class=\"elementor-widget-container\">\n\t\t\t\t\t<p class=\"elementor-heading-title elementor-size-default\">Osta.ee<\/p>\t\t\t\t<\/div>\n\t\t\t\t<\/div>\n\t\t\t\t<div class=\"elementor-element elementor-element-afbfa42 elementor-widget elementor-widget-text-editor\" data-id=\"afbfa42\" data-element_type=\"widget\" data-widget_type=\"text-editor.default\">\n\t\t\t\t<div class=\"elementor-widget-container\">\n\t\t\t\t\t\t\t\t\t<p>E-shop<\/p>\n\t\t\t\t\t\t\t\t<\/div>\n\t\t\t\t<\/div>\n\t\t\t\t<\/a>\n\t\t\t\t\t<\/div>\n\t\t\t\t<\/div>\n\t\t\t\t<\/div>\n\t\t","protected":false},"excerpt":{"rendered":"<p>Default Kit Esileht Kaarmanni K\u00e4sit\u00f6\u00f6 Vanaturu kael 8, Tallinn Estonian National Museum Muuseumi tee 2, Tartu Visit Estonia Pikk 22, Tallinn Estonian House (Eesti Esindus) Pikk 15, Tallinn Visit P\u00f5ltsamaa Visit P\u00f5ltsamaa Visit Estonia E-shop Estonian Handicraft House Pikk 22, Tallinn P\u00e4rl Design Shop Estonia pst. 9, Tallinn Osta.ee E-shop<\/p>\n","protected":false},"author":1,"featured_media":11677,"parent":0,"menu_order":0,"comment_status":"closed","ping_status":"closed","template":"","meta":{"pgc_sgb_lightbox_settings":"","footnotes":""},"class_list":["post-9496","page","type-page","status-publish","has-post-thumbnail","hentry"],"yoast_head":"<!-- This site is optimized with the Yoast SEO plugin v26.6 - https:\/\/yoast.com\/wordpress\/plugins\/seo\/ -->\n<title>Find a Retailer - Katr\u00e9<\/title>\n<meta name=\"robots\" content=\"index, follow, max-snippet:-1, max-image-preview:large, max-video-preview:-1\" \/>\n<link rel=\"canonical\" href=\"https:\/\/katrearula.com\/en\/find-a-retailer\/\" \/>\n<meta property=\"og:locale\" content=\"en_US\" \/>\n<meta property=\"og:type\" content=\"article\" \/>\n<meta property=\"og:title\" content=\"Find a Retailer - Katr\u00e9\" \/>\n<meta property=\"og:description\" content=\"Default Kit Esileht Kaarmanni K\u00e4sit\u00f6\u00f6 Vanaturu kael 8, Tallinn Estonian National Museum Muuseumi tee 2, Tartu Visit Estonia Pikk 22, Tallinn Estonian House (Eesti Esindus) Pikk 15, Tallinn Visit P\u00f5ltsamaa Visit P\u00f5ltsamaa Visit Estonia E-shop Estonian Handicraft House Pikk 22, Tallinn P\u00e4rl Design Shop Estonia pst. 9, Tallinn Osta.ee E-shop\" \/>\n<meta property=\"og:url\" content=\"https:\/\/katrearula.com\/en\/find-a-retailer\/\" \/>\n<meta property=\"og:site_name\" content=\"Katr\u00e9\" \/>\n<meta property=\"article:publisher\" content=\"https:\/\/www.facebook.com\/KatreArulaMeistrikoda\" \/>\n<meta property=\"article:modified_time\" content=\"2022-11-24T21:59:33+00:00\" \/>\n<meta name=\"twitter:card\" content=\"summary_large_image\" \/>\n<script type=\"application\/ld+json\" class=\"yoast-schema-graph\">{\"@context\":\"https:\/\/schema.org\",\"@graph\":[{\"@type\":\"WebPage\",\"@id\":\"https:\/\/katrearula.com\/en\/find-a-retailer\/\",\"url\":\"https:\/\/katrearula.com\/en\/find-a-retailer\/\",\"name\":\"Find a Retailer - Katr\u00e9\",\"isPartOf\":{\"@id\":\"https:\/\/katrearula.com\/#website\"},\"primaryImageOfPage\":{\"@id\":\"https:\/\/katrearula.com\/en\/find-a-retailer\/#primaryimage\"},\"image\":{\"@id\":\"https:\/\/katrearula.com\/en\/find-a-retailer\/#primaryimage\"},\"thumbnailUrl\":\"https:\/\/katrearula.com\/wp-content\/uploads\/2021\/11\/www.katrearula.com_.jpg\",\"datePublished\":\"2022-10-12T12:13:42+00:00\",\"dateModified\":\"2022-11-24T21:59:33+00:00\",\"breadcrumb\":{\"@id\":\"https:\/\/katrearula.com\/en\/find-a-retailer\/#breadcrumb\"},\"inLanguage\":\"en-US\",\"potentialAction\":[{\"@type\":\"ReadAction\",\"target\":[\"https:\/\/katrearula.com\/en\/find-a-retailer\/\"]}]},{\"@type\":\"ImageObject\",\"inLanguage\":\"en-US\",\"@id\":\"https:\/\/katrearula.com\/en\/find-a-retailer\/#primaryimage\",\"url\":\"https:\/\/katrearula.com\/wp-content\/uploads\/2021\/11\/www.katrearula.com_.jpg\",\"contentUrl\":\"https:\/\/katrearula.com\/wp-content\/uploads\/2021\/11\/www.katrearula.com_.jpg\",\"width\":380,\"height\":254},{\"@type\":\"BreadcrumbList\",\"@id\":\"https:\/\/katrearula.com\/en\/find-a-retailer\/#breadcrumb\",\"itemListElement\":[{\"@type\":\"ListItem\",\"position\":1,\"name\":\"Home\",\"item\":\"https:\/\/katrearula.com\/\"},{\"@type\":\"ListItem\",\"position\":2,\"name\":\"Find a Retailer\"}]},{\"@type\":\"WebSite\",\"@id\":\"https:\/\/katrearula.com\/#website\",\"url\":\"https:\/\/katrearula.com\/\",\"name\":\"Katr\u00e9\",\"description\":\"Eesti disain\",\"publisher\":{\"@id\":\"https:\/\/katrearula.com\/#organization\"},\"potentialAction\":[{\"@type\":\"SearchAction\",\"target\":{\"@type\":\"EntryPoint\",\"urlTemplate\":\"https:\/\/katrearula.com\/?s={search_term_string}\"},\"query-input\":{\"@type\":\"PropertyValueSpecification\",\"valueRequired\":true,\"valueName\":\"search_term_string\"}}],\"inLanguage\":\"en-US\"},{\"@type\":\"Organization\",\"@id\":\"https:\/\/katrearula.com\/#organization\",\"name\":\"Katre Meistrikoda O\u00dc\",\"url\":\"https:\/\/katrearula.com\/\",\"logo\":{\"@type\":\"ImageObject\",\"inLanguage\":\"en-US\",\"@id\":\"https:\/\/katrearula.com\/#\/schema\/logo\/image\/\",\"url\":\"https:\/\/katrearula.com\/wp-content\/uploads\/2021\/11\/www.katrearula.com_.jpg\",\"contentUrl\":\"https:\/\/katrearula.com\/wp-content\/uploads\/2021\/11\/www.katrearula.com_.jpg\",\"width\":380,\"height\":254,\"caption\":\"Katre Meistrikoda O\u00dc\"},\"image\":{\"@id\":\"https:\/\/katrearula.com\/#\/schema\/logo\/image\/\"},\"sameAs\":[\"https:\/\/www.facebook.com\/KatreArulaMeistrikoda\",\"https:\/\/www.instagram.com\/katre_arula_meistrikoda\/\"]}]}<\/script>\n<!-- \/ Yoast SEO plugin. -->","yoast_head_json":{"title":"Find a Retailer - Katr\u00e9","robots":{"index":"index","follow":"follow","max-snippet":"max-snippet:-1","max-image-preview":"max-image-preview:large","max-video-preview":"max-video-preview:-1"},"canonical":"https:\/\/katrearula.com\/en\/find-a-retailer\/","og_locale":"en_US","og_type":"article","og_title":"Find a Retailer - Katr\u00e9","og_description":"Default Kit Esileht Kaarmanni K\u00e4sit\u00f6\u00f6 Vanaturu kael 8, Tallinn Estonian National Museum Muuseumi tee 2, Tartu Visit Estonia Pikk 22, Tallinn Estonian House (Eesti Esindus) Pikk 15, Tallinn Visit P\u00f5ltsamaa Visit P\u00f5ltsamaa Visit Estonia E-shop Estonian Handicraft House Pikk 22, Tallinn P\u00e4rl Design Shop Estonia pst. 9, Tallinn Osta.ee E-shop","og_url":"https:\/\/katrearula.com\/en\/find-a-retailer\/","og_site_name":"Katr\u00e9","article_publisher":"https:\/\/www.facebook.com\/KatreArulaMeistrikoda","article_modified_time":"2022-11-24T21:59:33+00:00","twitter_card":"summary_large_image","schema":{"@context":"https:\/\/schema.org","@graph":[{"@type":"WebPage","@id":"https:\/\/katrearula.com\/en\/find-a-retailer\/","url":"https:\/\/katrearula.com\/en\/find-a-retailer\/","name":"Find a Retailer - Katr\u00e9","isPartOf":{"@id":"https:\/\/katrearula.com\/#website"},"primaryImageOfPage":{"@id":"https:\/\/katrearula.com\/en\/find-a-retailer\/#primaryimage"},"image":{"@id":"https:\/\/katrearula.com\/en\/find-a-retailer\/#primaryimage"},"thumbnailUrl":"https:\/\/katrearula.com\/wp-content\/uploads\/2021\/11\/www.katrearula.com_.jpg","datePublished":"2022-10-12T12:13:42+00:00","dateModified":"2022-11-24T21:59:33+00:00","breadcrumb":{"@id":"https:\/\/katrearula.com\/en\/find-a-retailer\/#breadcrumb"},"inLanguage":"en-US","potentialAction":[{"@type":"ReadAction","target":["https:\/\/katrearula.com\/en\/find-a-retailer\/"]}]},{"@type":"ImageObject","inLanguage":"en-US","@id":"https:\/\/katrearula.com\/en\/find-a-retailer\/#primaryimage","url":"https:\/\/katrearula.com\/wp-content\/uploads\/2021\/11\/www.katrearula.com_.jpg","contentUrl":"https:\/\/katrearula.com\/wp-content\/uploads\/2021\/11\/www.katrearula.com_.jpg","width":380,"height":254},{"@type":"BreadcrumbList","@id":"https:\/\/katrearula.com\/en\/find-a-retailer\/#breadcrumb","itemListElement":[{"@type":"ListItem","position":1,"name":"Home","item":"https:\/\/katrearula.com\/"},{"@type":"ListItem","position":2,"name":"Find a Retailer"}]},{"@type":"WebSite","@id":"https:\/\/katrearula.com\/#website","url":"https:\/\/katrearula.com\/","name":"Katr\u00e9","description":"Eesti disain","publisher":{"@id":"https:\/\/katrearula.com\/#organization"},"potentialAction":[{"@type":"SearchAction","target":{"@type":"EntryPoint","urlTemplate":"https:\/\/katrearula.com\/?s={search_term_string}"},"query-input":{"@type":"PropertyValueSpecification","valueRequired":true,"valueName":"search_term_string"}}],"inLanguage":"en-US"},{"@type":"Organization","@id":"https:\/\/katrearula.com\/#organization","name":"Katre Meistrikoda O\u00dc","url":"https:\/\/katrearula.com\/","logo":{"@type":"ImageObject","inLanguage":"en-US","@id":"https:\/\/katrearula.com\/#\/schema\/logo\/image\/","url":"https:\/\/katrearula.com\/wp-content\/uploads\/2021\/11\/www.katrearula.com_.jpg","contentUrl":"https:\/\/katrearula.com\/wp-content\/uploads\/2021\/11\/www.katrearula.com_.jpg","width":380,"height":254,"caption":"Katre Meistrikoda O\u00dc"},"image":{"@id":"https:\/\/katrearula.com\/#\/schema\/logo\/image\/"},"sameAs":["https:\/\/www.facebook.com\/KatreArulaMeistrikoda","https:\/\/www.instagram.com\/katre_arula_meistrikoda\/"]}]}},"jetpack_sharing_enabled":true,"_links":{"self":[{"href":"https:\/\/katrearula.com\/en\/wp-json\/wp\/v2\/pages\/9496","targetHints":{"allow":["GET"]}}],"collection":[{"href":"https:\/\/katrearula.com\/en\/wp-json\/wp\/v2\/pages"}],"about":[{"href":"https:\/\/katrearula.com\/en\/wp-json\/wp\/v2\/types\/page"}],"author":[{"embeddable":true,"href":"https:\/\/katrearula.com\/en\/wp-json\/wp\/v2\/users\/1"}],"replies":[{"embeddable":true,"href":"https:\/\/katrearula.com\/en\/wp-json\/wp\/v2\/comments?post=9496"}],"version-history":[{"count":2,"href":"https:\/\/katrearula.com\/en\/wp-json\/wp\/v2\/pages\/9496\/revisions"}],"predecessor-version":[{"id":9498,"href":"https:\/\/katrearula.com\/en\/wp-json\/wp\/v2\/pages\/9496\/revisions\/9498"}],"wp:featuredmedia":[{"embeddable":true,"href":"https:\/\/katrearula.com\/en\/wp-json\/wp\/v2\/media\/11677"}],"wp:attachment":[{"href":"https:\/\/katrearula.com\/en\/wp-json\/wp\/v2\/media?parent=9496"}],"curies":[{"name":"wp","href":"https:\/\/api.w.org\/{rel}","templated":true}]}}