{"id":13809,"date":"2024-11-03T07:29:03","date_gmt":"2024-11-03T07:29:03","guid":{"rendered":"https:\/\/katrearula.com\/?post_type=product&#038;p=13809"},"modified":"2025-12-02T11:52:54","modified_gmt":"2025-12-02T11:52:54","slug":"beige-3in1-bag-lillemets","status":"publish","type":"product","link":"https:\/\/katrearula.com\/en\/toode\/beige-3in1-bag-lillemets\/","title":{"rendered":"Beige 3in1 bag LILLEMETS"},"content":{"rendered":"","protected":false},"excerpt":{"rendered":"<p><span style=\"font-weight: 400;\">At the heart of the Katr\u00e9 brand is a sustainable fashion vision. Since practically everything in the designer&#8217;s work is based on recycling, the preliminary work, production, and design of things are all the more complex. Flower forest blossoms are hand-cut from the remnants of vegan artificial leather from a furniture factory. Olemasolevate t\u00fckkide klapitamine on ajakulukam kui suurest valmis kangast detailide l\u00f5ikamine. <\/span><\/p>\n<p><span style=\"font-weight: 400;\">The entire creation process takes place by hand in P\u00f5ltsamaa, so each product bears the touch of a master. <\/span><\/p>\n<p><span style=\"font-weight: 400;\">The products are made in very small quantities, which makes them unique and exclusive. <\/span><\/p>\n","protected":false},"featured_media":13820,"comment_status":"closed","ping_status":"closed","template":"","meta":{"pgc_sgb_lightbox_settings":""},"product_brand":[],"product_cat":[150,134],"product_tag":[],"class_list":{"0":"post-13809","1":"product","2":"type-product","3":"status-publish","4":"has-post-thumbnail","6":"product_cat-bags","7":"product_cat-3in1bag","9":"first","10":"instock","11":"taxable","12":"shipping-taxable","13":"purchasable","14":"product-type-simple"},"yoast_head":"<!-- This site is optimized with the Yoast SEO plugin v26.6 - https:\/\/yoast.com\/wordpress\/plugins\/seo\/ -->\n<title>Beige 3in1 bag LILLEMETS - Katr\u00e9<\/title>\n<meta name=\"robots\" content=\"index, follow, max-snippet:-1, max-image-preview:large, max-video-preview:-1\" \/>\n<link rel=\"canonical\" href=\"https:\/\/katrearula.com\/en\/toode\/beige-3in1-bag-lillemets\/\" \/>\n<meta property=\"og:locale\" content=\"en_US\" \/>\n<meta property=\"og:type\" content=\"article\" \/>\n<meta property=\"og:title\" content=\"Beige 3in1 bag LILLEMETS - Katr\u00e9\" \/>\n<meta property=\"og:description\" content=\"At the heart of the Katr\u00e9 brand is a sustainable fashion vision. Since practically everything in the designer&#039;s work is based on recycling, the preliminary work, production, and design of things are all the more complex. Flower forest blossoms are hand-cut from the remnants of vegan artificial leather from a furniture factory. Olemasolevate t\u00fckkide klapitamine on ajakulukam kui suurest valmis kangast detailide l\u00f5ikamine.  The entire creation process takes place by hand in P\u00f5ltsamaa, so each product bears the touch of a master.  The products are made in very small quantities, which makes them unique and exclusive.\" \/>\n<meta property=\"og:url\" content=\"https:\/\/katrearula.com\/en\/toode\/beige-3in1-bag-lillemets\/\" \/>\n<meta property=\"og:site_name\" content=\"Katr\u00e9\" \/>\n<meta property=\"article:publisher\" content=\"https:\/\/www.facebook.com\/KatreArulaMeistrikoda\" \/>\n<meta property=\"article:modified_time\" content=\"2025-12-02T11:52:54+00:00\" \/>\n<meta property=\"og:image\" content=\"https:\/\/katrearula.com\/wp-content\/uploads\/2024\/11\/katre_arula_beez_3in1_kott_LILLEMETS_4-min-scaled.jpg\" \/>\n\t<meta property=\"og:image:width\" content=\"1707\" \/>\n\t<meta property=\"og:image:height\" content=\"2560\" \/>\n\t<meta property=\"og:image:type\" content=\"image\/jpeg\" \/>\n<meta name=\"twitter:card\" content=\"summary_large_image\" \/>\n<meta name=\"twitter:label1\" content=\"Est. reading time\" \/>\n\t<meta name=\"twitter:data1\" content=\"1 minute\" \/>\n<script type=\"application\/ld+json\" class=\"yoast-schema-graph\">{\"@context\":\"https:\/\/schema.org\",\"@graph\":[{\"@type\":\"WebPage\",\"@id\":\"https:\/\/katrearula.com\/en\/toode\/beige-3in1-bag-lillemets\/\",\"url\":\"https:\/\/katrearula.com\/en\/toode\/beige-3in1-bag-lillemets\/\",\"name\":\"Beige 3in1 bag LILLEMETS - Katr\u00e9\",\"isPartOf\":{\"@id\":\"https:\/\/katrearula.com\/#website\"},\"primaryImageOfPage\":{\"@id\":\"https:\/\/katrearula.com\/en\/toode\/beige-3in1-bag-lillemets\/#primaryimage\"},\"image\":{\"@id\":\"https:\/\/katrearula.com\/en\/toode\/beige-3in1-bag-lillemets\/#primaryimage\"},\"thumbnailUrl\":\"https:\/\/katrearula.com\/wp-content\/uploads\/2024\/11\/katre_arula_beez_3in1_kott_LILLEMETS_4-min-scaled.jpg\",\"datePublished\":\"2024-11-03T07:29:03+00:00\",\"dateModified\":\"2025-12-02T11:52:54+00:00\",\"breadcrumb\":{\"@id\":\"https:\/\/katrearula.com\/en\/toode\/beige-3in1-bag-lillemets\/#breadcrumb\"},\"inLanguage\":\"en-US\",\"potentialAction\":[{\"@type\":\"ReadAction\",\"target\":[\"https:\/\/katrearula.com\/en\/toode\/beige-3in1-bag-lillemets\/\"]}]},{\"@type\":\"ImageObject\",\"inLanguage\":\"en-US\",\"@id\":\"https:\/\/katrearula.com\/en\/toode\/beige-3in1-bag-lillemets\/#primaryimage\",\"url\":\"https:\/\/katrearula.com\/wp-content\/uploads\/2024\/11\/katre_arula_beez_3in1_kott_LILLEMETS_4-min-scaled.jpg\",\"contentUrl\":\"https:\/\/katrearula.com\/wp-content\/uploads\/2024\/11\/katre_arula_beez_3in1_kott_LILLEMETS_4-min-scaled.jpg\",\"width\":1707,\"height\":2560},{\"@type\":\"BreadcrumbList\",\"@id\":\"https:\/\/katrearula.com\/en\/toode\/beige-3in1-bag-lillemets\/#breadcrumb\",\"itemListElement\":[{\"@type\":\"ListItem\",\"position\":1,\"name\":\"Home\",\"item\":\"https:\/\/katrearula.com\/\"},{\"@type\":\"ListItem\",\"position\":2,\"name\":\"Shop\",\"item\":\"https:\/\/katrearula.com\/en\/shop\/\"},{\"@type\":\"ListItem\",\"position\":3,\"name\":\"Beige 3in1 bag LILLEMETS\"}]},{\"@type\":\"WebSite\",\"@id\":\"https:\/\/katrearula.com\/#website\",\"url\":\"https:\/\/katrearula.com\/\",\"name\":\"Katr\u00e9\",\"description\":\"Eesti disain\",\"publisher\":{\"@id\":\"https:\/\/katrearula.com\/#organization\"},\"potentialAction\":[{\"@type\":\"SearchAction\",\"target\":{\"@type\":\"EntryPoint\",\"urlTemplate\":\"https:\/\/katrearula.com\/?s={search_term_string}\"},\"query-input\":{\"@type\":\"PropertyValueSpecification\",\"valueRequired\":true,\"valueName\":\"search_term_string\"}}],\"inLanguage\":\"en-US\"},{\"@type\":\"Organization\",\"@id\":\"https:\/\/katrearula.com\/#organization\",\"name\":\"Katre Meistrikoda O\u00dc\",\"url\":\"https:\/\/katrearula.com\/\",\"logo\":{\"@type\":\"ImageObject\",\"inLanguage\":\"en-US\",\"@id\":\"https:\/\/katrearula.com\/#\/schema\/logo\/image\/\",\"url\":\"https:\/\/katrearula.com\/wp-content\/uploads\/2021\/11\/www.katrearula.com_.jpg\",\"contentUrl\":\"https:\/\/katrearula.com\/wp-content\/uploads\/2021\/11\/www.katrearula.com_.jpg\",\"width\":380,\"height\":254,\"caption\":\"Katre Meistrikoda O\u00dc\"},\"image\":{\"@id\":\"https:\/\/katrearula.com\/#\/schema\/logo\/image\/\"},\"sameAs\":[\"https:\/\/www.facebook.com\/KatreArulaMeistrikoda\",\"https:\/\/www.instagram.com\/katre_arula_meistrikoda\/\"]}]}<\/script>\n<!-- \/ Yoast SEO plugin. -->","yoast_head_json":{"title":"Beige 3in1 bag LILLEMETS - Katr\u00e9","robots":{"index":"index","follow":"follow","max-snippet":"max-snippet:-1","max-image-preview":"max-image-preview:large","max-video-preview":"max-video-preview:-1"},"canonical":"https:\/\/katrearula.com\/en\/toode\/beige-3in1-bag-lillemets\/","og_locale":"en_US","og_type":"article","og_title":"Beige 3in1 bag LILLEMETS - Katr\u00e9","og_description":"At the heart of the Katr\u00e9 brand is a sustainable fashion vision. Since practically everything in the designer's work is based on recycling, the preliminary work, production, and design of things are all the more complex. Flower forest blossoms are hand-cut from the remnants of vegan artificial leather from a furniture factory. Olemasolevate t\u00fckkide klapitamine on ajakulukam kui suurest valmis kangast detailide l\u00f5ikamine.  The entire creation process takes place by hand in P\u00f5ltsamaa, so each product bears the touch of a master.  The products are made in very small quantities, which makes them unique and exclusive.","og_url":"https:\/\/katrearula.com\/en\/toode\/beige-3in1-bag-lillemets\/","og_site_name":"Katr\u00e9","article_publisher":"https:\/\/www.facebook.com\/KatreArulaMeistrikoda","article_modified_time":"2025-12-02T11:52:54+00:00","og_image":[{"width":1707,"height":2560,"url":"https:\/\/katrearula.com\/wp-content\/uploads\/2024\/11\/katre_arula_beez_3in1_kott_LILLEMETS_4-min-scaled.jpg","type":"image\/jpeg"}],"twitter_card":"summary_large_image","twitter_misc":{"Est. reading time":"1 minute"},"schema":{"@context":"https:\/\/schema.org","@graph":[{"@type":"WebPage","@id":"https:\/\/katrearula.com\/en\/toode\/beige-3in1-bag-lillemets\/","url":"https:\/\/katrearula.com\/en\/toode\/beige-3in1-bag-lillemets\/","name":"Beige 3in1 bag LILLEMETS - Katr\u00e9","isPartOf":{"@id":"https:\/\/katrearula.com\/#website"},"primaryImageOfPage":{"@id":"https:\/\/katrearula.com\/en\/toode\/beige-3in1-bag-lillemets\/#primaryimage"},"image":{"@id":"https:\/\/katrearula.com\/en\/toode\/beige-3in1-bag-lillemets\/#primaryimage"},"thumbnailUrl":"https:\/\/katrearula.com\/wp-content\/uploads\/2024\/11\/katre_arula_beez_3in1_kott_LILLEMETS_4-min-scaled.jpg","datePublished":"2024-11-03T07:29:03+00:00","dateModified":"2025-12-02T11:52:54+00:00","breadcrumb":{"@id":"https:\/\/katrearula.com\/en\/toode\/beige-3in1-bag-lillemets\/#breadcrumb"},"inLanguage":"en-US","potentialAction":[{"@type":"ReadAction","target":["https:\/\/katrearula.com\/en\/toode\/beige-3in1-bag-lillemets\/"]}]},{"@type":"ImageObject","inLanguage":"en-US","@id":"https:\/\/katrearula.com\/en\/toode\/beige-3in1-bag-lillemets\/#primaryimage","url":"https:\/\/katrearula.com\/wp-content\/uploads\/2024\/11\/katre_arula_beez_3in1_kott_LILLEMETS_4-min-scaled.jpg","contentUrl":"https:\/\/katrearula.com\/wp-content\/uploads\/2024\/11\/katre_arula_beez_3in1_kott_LILLEMETS_4-min-scaled.jpg","width":1707,"height":2560},{"@type":"BreadcrumbList","@id":"https:\/\/katrearula.com\/en\/toode\/beige-3in1-bag-lillemets\/#breadcrumb","itemListElement":[{"@type":"ListItem","position":1,"name":"Home","item":"https:\/\/katrearula.com\/"},{"@type":"ListItem","position":2,"name":"Shop","item":"https:\/\/katrearula.com\/en\/shop\/"},{"@type":"ListItem","position":3,"name":"Beige 3in1 bag LILLEMETS"}]},{"@type":"WebSite","@id":"https:\/\/katrearula.com\/#website","url":"https:\/\/katrearula.com\/","name":"Katr\u00e9","description":"Eesti disain","publisher":{"@id":"https:\/\/katrearula.com\/#organization"},"potentialAction":[{"@type":"SearchAction","target":{"@type":"EntryPoint","urlTemplate":"https:\/\/katrearula.com\/?s={search_term_string}"},"query-input":{"@type":"PropertyValueSpecification","valueRequired":true,"valueName":"search_term_string"}}],"inLanguage":"en-US"},{"@type":"Organization","@id":"https:\/\/katrearula.com\/#organization","name":"Katre Meistrikoda O\u00dc","url":"https:\/\/katrearula.com\/","logo":{"@type":"ImageObject","inLanguage":"en-US","@id":"https:\/\/katrearula.com\/#\/schema\/logo\/image\/","url":"https:\/\/katrearula.com\/wp-content\/uploads\/2021\/11\/www.katrearula.com_.jpg","contentUrl":"https:\/\/katrearula.com\/wp-content\/uploads\/2021\/11\/www.katrearula.com_.jpg","width":380,"height":254,"caption":"Katre Meistrikoda O\u00dc"},"image":{"@id":"https:\/\/katrearula.com\/#\/schema\/logo\/image\/"},"sameAs":["https:\/\/www.facebook.com\/KatreArulaMeistrikoda","https:\/\/www.instagram.com\/katre_arula_meistrikoda\/"]}]}},"jetpack_sharing_enabled":true,"_links":{"self":[{"href":"https:\/\/katrearula.com\/en\/wp-json\/wp\/v2\/product\/13809","targetHints":{"allow":["GET"]}}],"collection":[{"href":"https:\/\/katrearula.com\/en\/wp-json\/wp\/v2\/product"}],"about":[{"href":"https:\/\/katrearula.com\/en\/wp-json\/wp\/v2\/types\/product"}],"replies":[{"embeddable":true,"href":"https:\/\/katrearula.com\/en\/wp-json\/wp\/v2\/comments?post=13809"}],"wp:featuredmedia":[{"embeddable":true,"href":"https:\/\/katrearula.com\/en\/wp-json\/wp\/v2\/media\/13820"}],"wp:attachment":[{"href":"https:\/\/katrearula.com\/en\/wp-json\/wp\/v2\/media?parent=13809"}],"wp:term":[{"taxonomy":"product_brand","embeddable":true,"href":"https:\/\/katrearula.com\/en\/wp-json\/wp\/v2\/product_brand?post=13809"},{"taxonomy":"product_cat","embeddable":true,"href":"https:\/\/katrearula.com\/en\/wp-json\/wp\/v2\/product_cat?post=13809"},{"taxonomy":"product_tag","embeddable":true,"href":"https:\/\/katrearula.com\/en\/wp-json\/wp\/v2\/product_tag?post=13809"}],"curies":[{"name":"wp","href":"https:\/\/api.w.org\/{rel}","templated":true}]}}