{"id":14588,"date":"2025-02-16T09:42:37","date_gmt":"2025-02-16T09:42:37","guid":{"rendered":"https:\/\/katrearula.com\/?post_type=product&#038;p=14588"},"modified":"2025-11-10T14:47:08","modified_gmt":"2025-11-10T14:47:08","slug":"beige-3in1-bag-karmen","status":"publish","type":"product","link":"https:\/\/katrearula.com\/en\/toode\/beige-3in1-bag-karmen\/","title":{"rendered":"Beige 3in1 bag KARMEN"},"content":{"rendered":"","protected":false},"excerpt":{"rendered":"<p data-pm-slice=\"1 1 []\">Discover the multifunctional backpack from the Katr\u00e9 brand, designed for the modern person who values \u200b\u200bstyle, practicality and environmental friendliness. This backpack is ideal for everyday use &#8211; for work, school or urban adventures.<\/p>\n<p data-pm-slice=\"1 1 []\">Seljakott on valmistatud kvaliteetsetest ja vastupidavatest kangastest, mis on p\u00e4rit m\u00f6\u00f6blit\u00f6\u00f6stuse \u00fclej\u00e4\u00e4kidest, aidates v\u00e4hendada tekstiilij\u00e4\u00e4tmeid ja toetada ringmajandust. Mustust h\u00fclgav pealispind tagab lihtsa hoolduse ja pika kasutusea.<\/p>\n<p data-pm-slice=\"1 1 [\">A zippered compartment and multiple pockets help keep things organized and easy to find.<\/p>\n<p data-pm-slice=\"1 1 [\">Local design: made in Estonia with carefully considered details.<\/p>\n<p data-pm-slice=\"1 3 []\"><strong>Maintenance instructions:<\/strong><\/p>\n<ul data-spread=\"false\">\n<li>clean the textile with a damp cloth or soft brush<\/li>\n<li>use upholstery cleaner<\/li>\n<li>avoid machine washing to preserve the properties of the material<\/li>\n<\/ul>\n","protected":false},"featured_media":5197,"comment_status":"closed","ping_status":"closed","template":"","meta":{"pgc_sgb_lightbox_settings":""},"product_brand":[],"product_cat":[150,134],"product_tag":[],"class_list":{"0":"post-14588","1":"product","2":"type-product","3":"status-publish","4":"has-post-thumbnail","6":"product_cat-bags","7":"product_cat-3in1bag","9":"first","10":"instock","11":"taxable","12":"shipping-taxable","13":"purchasable","14":"product-type-simple"},"yoast_head":"<!-- This site is optimized with the Yoast SEO plugin v26.6 - https:\/\/yoast.com\/wordpress\/plugins\/seo\/ -->\n<title>Beige 3in1 bag KARMEN - Katr\u00e9<\/title>\n<meta name=\"robots\" content=\"index, follow, max-snippet:-1, max-image-preview:large, max-video-preview:-1\" \/>\n<link rel=\"canonical\" href=\"https:\/\/katrearula.com\/en\/toode\/beige-3in1-bag-karmen\/\" \/>\n<meta property=\"og:locale\" content=\"en_US\" \/>\n<meta property=\"og:type\" content=\"article\" \/>\n<meta property=\"og:title\" content=\"Beige 3in1 bag KARMEN - Katr\u00e9\" \/>\n<meta property=\"og:description\" content=\"Discover the multifunctional backpack from the Katr\u00e9 brand, designed for the modern person who values \u200b\u200bstyle, practicality and environmental friendliness. This backpack is ideal for everyday use - for work, school or urban adventures. Seljakott on valmistatud kvaliteetsetest ja vastupidavatest kangastest, mis on p\u00e4rit m\u00f6\u00f6blit\u00f6\u00f6stuse \u00fclej\u00e4\u00e4kidest, aidates v\u00e4hendada tekstiilij\u00e4\u00e4tmeid ja toetada ringmajandust. Mustust h\u00fclgav pealispind tagab lihtsa hoolduse ja pika kasutusea. A zippered compartment and multiple pockets help keep things organized and easy to find. Local design: made in Estonia with carefully considered details. Maintenance instructions:    clean the textile with a damp cloth or soft brush  use upholstery cleaner  avoid machine washing to preserve the properties of the material\" \/>\n<meta property=\"og:url\" content=\"https:\/\/katrearula.com\/en\/toode\/beige-3in1-bag-karmen\/\" \/>\n<meta property=\"og:site_name\" content=\"Katr\u00e9\" \/>\n<meta property=\"article:publisher\" content=\"https:\/\/www.facebook.com\/KatreArulaMeistrikoda\" \/>\n<meta property=\"article:modified_time\" content=\"2025-11-10T14:47:08+00:00\" \/>\n<meta property=\"og:image\" content=\"https:\/\/katrearula.com\/wp-content\/uploads\/2022\/10\/KARMEN-hele-3in1-kott-seljakott-olakott-kaekott-1-scaled-e1762096243268.jpg\" \/>\n\t<meta property=\"og:image:width\" content=\"1708\" \/>\n\t<meta property=\"og:image:height\" content=\"2560\" \/>\n\t<meta property=\"og:image:type\" content=\"image\/jpeg\" \/>\n<meta name=\"twitter:card\" content=\"summary_large_image\" \/>\n<meta name=\"twitter:label1\" content=\"Est. reading time\" \/>\n\t<meta name=\"twitter:data1\" content=\"1 minute\" \/>\n<script type=\"application\/ld+json\" class=\"yoast-schema-graph\">{\"@context\":\"https:\/\/schema.org\",\"@graph\":[{\"@type\":\"WebPage\",\"@id\":\"https:\/\/katrearula.com\/en\/toode\/beige-3in1-bag-karmen\/\",\"url\":\"https:\/\/katrearula.com\/en\/toode\/beige-3in1-bag-karmen\/\",\"name\":\"Beige 3in1 bag KARMEN - Katr\u00e9\",\"isPartOf\":{\"@id\":\"https:\/\/katrearula.com\/#website\"},\"primaryImageOfPage\":{\"@id\":\"https:\/\/katrearula.com\/en\/toode\/beige-3in1-bag-karmen\/#primaryimage\"},\"image\":{\"@id\":\"https:\/\/katrearula.com\/en\/toode\/beige-3in1-bag-karmen\/#primaryimage\"},\"thumbnailUrl\":\"https:\/\/katrearula.com\/wp-content\/uploads\/2022\/10\/KARMEN-hele-3in1-kott-seljakott-olakott-kaekott-1-scaled-e1762096243268.jpg\",\"datePublished\":\"2025-02-16T09:42:37+00:00\",\"dateModified\":\"2025-11-10T14:47:08+00:00\",\"breadcrumb\":{\"@id\":\"https:\/\/katrearula.com\/en\/toode\/beige-3in1-bag-karmen\/#breadcrumb\"},\"inLanguage\":\"en-US\",\"potentialAction\":[{\"@type\":\"ReadAction\",\"target\":[\"https:\/\/katrearula.com\/en\/toode\/beige-3in1-bag-karmen\/\"]}]},{\"@type\":\"ImageObject\",\"inLanguage\":\"en-US\",\"@id\":\"https:\/\/katrearula.com\/en\/toode\/beige-3in1-bag-karmen\/#primaryimage\",\"url\":\"https:\/\/katrearula.com\/wp-content\/uploads\/2022\/10\/KARMEN-hele-3in1-kott-seljakott-olakott-kaekott-1-scaled-e1762096243268.jpg\",\"contentUrl\":\"https:\/\/katrearula.com\/wp-content\/uploads\/2022\/10\/KARMEN-hele-3in1-kott-seljakott-olakott-kaekott-1-scaled-e1762096243268.jpg\",\"width\":1708,\"height\":2560},{\"@type\":\"BreadcrumbList\",\"@id\":\"https:\/\/katrearula.com\/en\/toode\/beige-3in1-bag-karmen\/#breadcrumb\",\"itemListElement\":[{\"@type\":\"ListItem\",\"position\":1,\"name\":\"Home\",\"item\":\"https:\/\/katrearula.com\/\"},{\"@type\":\"ListItem\",\"position\":2,\"name\":\"Shop\",\"item\":\"https:\/\/katrearula.com\/en\/shop\/\"},{\"@type\":\"ListItem\",\"position\":3,\"name\":\"Beige 3in1 bag KARMEN\"}]},{\"@type\":\"WebSite\",\"@id\":\"https:\/\/katrearula.com\/#website\",\"url\":\"https:\/\/katrearula.com\/\",\"name\":\"Katr\u00e9\",\"description\":\"Eesti disain\",\"publisher\":{\"@id\":\"https:\/\/katrearula.com\/#organization\"},\"potentialAction\":[{\"@type\":\"SearchAction\",\"target\":{\"@type\":\"EntryPoint\",\"urlTemplate\":\"https:\/\/katrearula.com\/?s={search_term_string}\"},\"query-input\":{\"@type\":\"PropertyValueSpecification\",\"valueRequired\":true,\"valueName\":\"search_term_string\"}}],\"inLanguage\":\"en-US\"},{\"@type\":\"Organization\",\"@id\":\"https:\/\/katrearula.com\/#organization\",\"name\":\"Katre Meistrikoda O\u00dc\",\"url\":\"https:\/\/katrearula.com\/\",\"logo\":{\"@type\":\"ImageObject\",\"inLanguage\":\"en-US\",\"@id\":\"https:\/\/katrearula.com\/#\/schema\/logo\/image\/\",\"url\":\"https:\/\/katrearula.com\/wp-content\/uploads\/2021\/11\/www.katrearula.com_.jpg\",\"contentUrl\":\"https:\/\/katrearula.com\/wp-content\/uploads\/2021\/11\/www.katrearula.com_.jpg\",\"width\":380,\"height\":254,\"caption\":\"Katre Meistrikoda O\u00dc\"},\"image\":{\"@id\":\"https:\/\/katrearula.com\/#\/schema\/logo\/image\/\"},\"sameAs\":[\"https:\/\/www.facebook.com\/KatreArulaMeistrikoda\",\"https:\/\/www.instagram.com\/katre_arula_meistrikoda\/\"]}]}<\/script>\n<!-- \/ Yoast SEO plugin. -->","yoast_head_json":{"title":"Beige 3in1 bag KARMEN - Katr\u00e9","robots":{"index":"index","follow":"follow","max-snippet":"max-snippet:-1","max-image-preview":"max-image-preview:large","max-video-preview":"max-video-preview:-1"},"canonical":"https:\/\/katrearula.com\/en\/toode\/beige-3in1-bag-karmen\/","og_locale":"en_US","og_type":"article","og_title":"Beige 3in1 bag KARMEN - Katr\u00e9","og_description":"Discover the multifunctional backpack from the Katr\u00e9 brand, designed for the modern person who values \u200b\u200bstyle, practicality and environmental friendliness. This backpack is ideal for everyday use - for work, school or urban adventures. Seljakott on valmistatud kvaliteetsetest ja vastupidavatest kangastest, mis on p\u00e4rit m\u00f6\u00f6blit\u00f6\u00f6stuse \u00fclej\u00e4\u00e4kidest, aidates v\u00e4hendada tekstiilij\u00e4\u00e4tmeid ja toetada ringmajandust. Mustust h\u00fclgav pealispind tagab lihtsa hoolduse ja pika kasutusea. A zippered compartment and multiple pockets help keep things organized and easy to find. Local design: made in Estonia with carefully considered details. Maintenance instructions:    clean the textile with a damp cloth or soft brush  use upholstery cleaner  avoid machine washing to preserve the properties of the material","og_url":"https:\/\/katrearula.com\/en\/toode\/beige-3in1-bag-karmen\/","og_site_name":"Katr\u00e9","article_publisher":"https:\/\/www.facebook.com\/KatreArulaMeistrikoda","article_modified_time":"2025-11-10T14:47:08+00:00","og_image":[{"width":1708,"height":2560,"url":"https:\/\/katrearula.com\/wp-content\/uploads\/2022\/10\/KARMEN-hele-3in1-kott-seljakott-olakott-kaekott-1-scaled-e1762096243268.jpg","type":"image\/jpeg"}],"twitter_card":"summary_large_image","twitter_misc":{"Est. reading time":"1 minute"},"schema":{"@context":"https:\/\/schema.org","@graph":[{"@type":"WebPage","@id":"https:\/\/katrearula.com\/en\/toode\/beige-3in1-bag-karmen\/","url":"https:\/\/katrearula.com\/en\/toode\/beige-3in1-bag-karmen\/","name":"Beige 3in1 bag KARMEN - Katr\u00e9","isPartOf":{"@id":"https:\/\/katrearula.com\/#website"},"primaryImageOfPage":{"@id":"https:\/\/katrearula.com\/en\/toode\/beige-3in1-bag-karmen\/#primaryimage"},"image":{"@id":"https:\/\/katrearula.com\/en\/toode\/beige-3in1-bag-karmen\/#primaryimage"},"thumbnailUrl":"https:\/\/katrearula.com\/wp-content\/uploads\/2022\/10\/KARMEN-hele-3in1-kott-seljakott-olakott-kaekott-1-scaled-e1762096243268.jpg","datePublished":"2025-02-16T09:42:37+00:00","dateModified":"2025-11-10T14:47:08+00:00","breadcrumb":{"@id":"https:\/\/katrearula.com\/en\/toode\/beige-3in1-bag-karmen\/#breadcrumb"},"inLanguage":"en-US","potentialAction":[{"@type":"ReadAction","target":["https:\/\/katrearula.com\/en\/toode\/beige-3in1-bag-karmen\/"]}]},{"@type":"ImageObject","inLanguage":"en-US","@id":"https:\/\/katrearula.com\/en\/toode\/beige-3in1-bag-karmen\/#primaryimage","url":"https:\/\/katrearula.com\/wp-content\/uploads\/2022\/10\/KARMEN-hele-3in1-kott-seljakott-olakott-kaekott-1-scaled-e1762096243268.jpg","contentUrl":"https:\/\/katrearula.com\/wp-content\/uploads\/2022\/10\/KARMEN-hele-3in1-kott-seljakott-olakott-kaekott-1-scaled-e1762096243268.jpg","width":1708,"height":2560},{"@type":"BreadcrumbList","@id":"https:\/\/katrearula.com\/en\/toode\/beige-3in1-bag-karmen\/#breadcrumb","itemListElement":[{"@type":"ListItem","position":1,"name":"Home","item":"https:\/\/katrearula.com\/"},{"@type":"ListItem","position":2,"name":"Shop","item":"https:\/\/katrearula.com\/en\/shop\/"},{"@type":"ListItem","position":3,"name":"Beige 3in1 bag KARMEN"}]},{"@type":"WebSite","@id":"https:\/\/katrearula.com\/#website","url":"https:\/\/katrearula.com\/","name":"Katr\u00e9","description":"Eesti disain","publisher":{"@id":"https:\/\/katrearula.com\/#organization"},"potentialAction":[{"@type":"SearchAction","target":{"@type":"EntryPoint","urlTemplate":"https:\/\/katrearula.com\/?s={search_term_string}"},"query-input":{"@type":"PropertyValueSpecification","valueRequired":true,"valueName":"search_term_string"}}],"inLanguage":"en-US"},{"@type":"Organization","@id":"https:\/\/katrearula.com\/#organization","name":"Katre Meistrikoda O\u00dc","url":"https:\/\/katrearula.com\/","logo":{"@type":"ImageObject","inLanguage":"en-US","@id":"https:\/\/katrearula.com\/#\/schema\/logo\/image\/","url":"https:\/\/katrearula.com\/wp-content\/uploads\/2021\/11\/www.katrearula.com_.jpg","contentUrl":"https:\/\/katrearula.com\/wp-content\/uploads\/2021\/11\/www.katrearula.com_.jpg","width":380,"height":254,"caption":"Katre Meistrikoda O\u00dc"},"image":{"@id":"https:\/\/katrearula.com\/#\/schema\/logo\/image\/"},"sameAs":["https:\/\/www.facebook.com\/KatreArulaMeistrikoda","https:\/\/www.instagram.com\/katre_arula_meistrikoda\/"]}]}},"jetpack_sharing_enabled":true,"_links":{"self":[{"href":"https:\/\/katrearula.com\/en\/wp-json\/wp\/v2\/product\/14588","targetHints":{"allow":["GET"]}}],"collection":[{"href":"https:\/\/katrearula.com\/en\/wp-json\/wp\/v2\/product"}],"about":[{"href":"https:\/\/katrearula.com\/en\/wp-json\/wp\/v2\/types\/product"}],"replies":[{"embeddable":true,"href":"https:\/\/katrearula.com\/en\/wp-json\/wp\/v2\/comments?post=14588"}],"wp:featuredmedia":[{"embeddable":true,"href":"https:\/\/katrearula.com\/en\/wp-json\/wp\/v2\/media\/5197"}],"wp:attachment":[{"href":"https:\/\/katrearula.com\/en\/wp-json\/wp\/v2\/media?parent=14588"}],"wp:term":[{"taxonomy":"product_brand","embeddable":true,"href":"https:\/\/katrearula.com\/en\/wp-json\/wp\/v2\/product_brand?post=14588"},{"taxonomy":"product_cat","embeddable":true,"href":"https:\/\/katrearula.com\/en\/wp-json\/wp\/v2\/product_cat?post=14588"},{"taxonomy":"product_tag","embeddable":true,"href":"https:\/\/katrearula.com\/en\/wp-json\/wp\/v2\/product_tag?post=14588"}],"curies":[{"name":"wp","href":"https:\/\/api.w.org\/{rel}","templated":true}]}}