{"id":15509,"date":"2025-11-02T17:20:08","date_gmt":"2025-11-02T17:20:08","guid":{"rendered":"https:\/\/katrearula.com\/?post_type=product&#038;p=15509"},"modified":"2025-11-04T16:08:03","modified_gmt":"2025-11-04T16:08:03","slug":"grey-3in1-bag-hella","status":"publish","type":"product","link":"https:\/\/katrearula.com\/en\/toode\/grey-3in1-bag-hella\/","title":{"rendered":"Grey 3in1 bag HELLA"},"content":{"rendered":"","protected":false},"excerpt":{"rendered":"<p data-start=\"169\" data-end=\"412\">Katr\u00e9 3in1 kott HELLA on loodud neile, kes hindavad praktilisust ja paindlikkust. See k\u00e4sit\u00f6\u00f6na valmistatud kott on t\u00f5eline mitmeotstarbeline kaaslane \u2013 saad seda kanda <strong data-start=\"340\" data-end=\"380\">seljakotina, \u00f5lakotina v\u00f5i k\u00e4ekotina<\/strong>, vastavalt oma p\u00e4eva r\u00fctmile.<\/p>\n<p data-start=\"414\" data-end=\"635\">The bag is made from recycled fabrics and combines different textures and tones to create a unique look. Perfect for work, hiking, or city sightseeing &#8211; durable, comfortable, and timeless.<\/p>\n","protected":false},"featured_media":15511,"comment_status":"closed","ping_status":"closed","template":"","meta":{"pgc_sgb_lightbox_settings":""},"product_brand":[],"product_cat":[150,134],"product_tag":[],"class_list":{"0":"post-15509","1":"product","2":"type-product","3":"status-publish","4":"has-post-thumbnail","6":"product_cat-bags","7":"product_cat-3in1bag","9":"first","10":"instock","11":"taxable","12":"shipping-taxable","13":"purchasable","14":"product-type-simple"},"yoast_head":"<!-- This site is optimized with the Yoast SEO plugin v26.6 - https:\/\/yoast.com\/wordpress\/plugins\/seo\/ -->\n<title>Grey 3in1 bag HELLA - Katr\u00e9<\/title>\n<meta name=\"robots\" content=\"index, follow, max-snippet:-1, max-image-preview:large, max-video-preview:-1\" \/>\n<link rel=\"canonical\" href=\"https:\/\/katrearula.com\/en\/toode\/grey-3in1-bag-hella\/\" \/>\n<meta property=\"og:locale\" content=\"en_US\" \/>\n<meta property=\"og:type\" content=\"article\" \/>\n<meta property=\"og:title\" content=\"Grey 3in1 bag HELLA - Katr\u00e9\" \/>\n<meta property=\"og:description\" content=\"Katr\u00e9 3in1 kott HELLA on loodud neile, kes hindavad praktilisust ja paindlikkust. See k\u00e4sit\u00f6\u00f6na valmistatud kott on t\u00f5eline mitmeotstarbeline kaaslane \u2013 saad seda kanda seljakotina, \u00f5lakotina v\u00f5i k\u00e4ekotina, vastavalt oma p\u00e4eva r\u00fctmile. The bag is made from recycled fabrics and combines different textures and tones to create a unique look. Perfect for work, hiking, or city sightseeing - durable, comfortable, and timeless.\" \/>\n<meta property=\"og:url\" content=\"https:\/\/katrearula.com\/en\/toode\/grey-3in1-bag-hella\/\" \/>\n<meta property=\"og:site_name\" content=\"Katr\u00e9\" \/>\n<meta property=\"article:publisher\" content=\"https:\/\/www.facebook.com\/KatreArulaMeistrikoda\" \/>\n<meta property=\"article:modified_time\" content=\"2025-11-04T16:08:03+00:00\" \/>\n<meta property=\"og:image\" content=\"https:\/\/katrearula.com\/wp-content\/uploads\/2025\/11\/Hall-3in1-kott-HELLA_katre-arula_1-scaled-e1762104368358.jpg\" \/>\n\t<meta property=\"og:image:width\" content=\"1920\" \/>\n\t<meta property=\"og:image:height\" content=\"2560\" \/>\n\t<meta property=\"og:image:type\" content=\"image\/jpeg\" \/>\n<meta name=\"twitter:card\" content=\"summary_large_image\" \/>\n<meta name=\"twitter:label1\" content=\"Est. reading time\" \/>\n\t<meta name=\"twitter:data1\" content=\"1 minute\" \/>\n<script type=\"application\/ld+json\" class=\"yoast-schema-graph\">{\"@context\":\"https:\/\/schema.org\",\"@graph\":[{\"@type\":\"WebPage\",\"@id\":\"https:\/\/katrearula.com\/en\/toode\/grey-3in1-bag-hella\/\",\"url\":\"https:\/\/katrearula.com\/en\/toode\/grey-3in1-bag-hella\/\",\"name\":\"Grey 3in1 bag HELLA - Katr\u00e9\",\"isPartOf\":{\"@id\":\"https:\/\/katrearula.com\/#website\"},\"primaryImageOfPage\":{\"@id\":\"https:\/\/katrearula.com\/en\/toode\/grey-3in1-bag-hella\/#primaryimage\"},\"image\":{\"@id\":\"https:\/\/katrearula.com\/en\/toode\/grey-3in1-bag-hella\/#primaryimage\"},\"thumbnailUrl\":\"https:\/\/katrearula.com\/wp-content\/uploads\/2025\/11\/Hall-3in1-kott-HELLA_katre-arula_1-scaled-e1762104368358.jpg\",\"datePublished\":\"2025-11-02T17:20:08+00:00\",\"dateModified\":\"2025-11-04T16:08:03+00:00\",\"breadcrumb\":{\"@id\":\"https:\/\/katrearula.com\/en\/toode\/grey-3in1-bag-hella\/#breadcrumb\"},\"inLanguage\":\"en-US\",\"potentialAction\":[{\"@type\":\"ReadAction\",\"target\":[\"https:\/\/katrearula.com\/en\/toode\/grey-3in1-bag-hella\/\"]}]},{\"@type\":\"ImageObject\",\"inLanguage\":\"en-US\",\"@id\":\"https:\/\/katrearula.com\/en\/toode\/grey-3in1-bag-hella\/#primaryimage\",\"url\":\"https:\/\/katrearula.com\/wp-content\/uploads\/2025\/11\/Hall-3in1-kott-HELLA_katre-arula_1-scaled-e1762104368358.jpg\",\"contentUrl\":\"https:\/\/katrearula.com\/wp-content\/uploads\/2025\/11\/Hall-3in1-kott-HELLA_katre-arula_1-scaled-e1762104368358.jpg\",\"width\":1920,\"height\":2560},{\"@type\":\"BreadcrumbList\",\"@id\":\"https:\/\/katrearula.com\/en\/toode\/grey-3in1-bag-hella\/#breadcrumb\",\"itemListElement\":[{\"@type\":\"ListItem\",\"position\":1,\"name\":\"Home\",\"item\":\"https:\/\/katrearula.com\/\"},{\"@type\":\"ListItem\",\"position\":2,\"name\":\"Shop\",\"item\":\"https:\/\/katrearula.com\/en\/shop\/\"},{\"@type\":\"ListItem\",\"position\":3,\"name\":\"Grey 3in1 bag HELLA\"}]},{\"@type\":\"WebSite\",\"@id\":\"https:\/\/katrearula.com\/#website\",\"url\":\"https:\/\/katrearula.com\/\",\"name\":\"Katr\u00e9\",\"description\":\"Eesti disain\",\"publisher\":{\"@id\":\"https:\/\/katrearula.com\/#organization\"},\"potentialAction\":[{\"@type\":\"SearchAction\",\"target\":{\"@type\":\"EntryPoint\",\"urlTemplate\":\"https:\/\/katrearula.com\/?s={search_term_string}\"},\"query-input\":{\"@type\":\"PropertyValueSpecification\",\"valueRequired\":true,\"valueName\":\"search_term_string\"}}],\"inLanguage\":\"en-US\"},{\"@type\":\"Organization\",\"@id\":\"https:\/\/katrearula.com\/#organization\",\"name\":\"Katre Meistrikoda O\u00dc\",\"url\":\"https:\/\/katrearula.com\/\",\"logo\":{\"@type\":\"ImageObject\",\"inLanguage\":\"en-US\",\"@id\":\"https:\/\/katrearula.com\/#\/schema\/logo\/image\/\",\"url\":\"https:\/\/katrearula.com\/wp-content\/uploads\/2021\/11\/www.katrearula.com_.jpg\",\"contentUrl\":\"https:\/\/katrearula.com\/wp-content\/uploads\/2021\/11\/www.katrearula.com_.jpg\",\"width\":380,\"height\":254,\"caption\":\"Katre Meistrikoda O\u00dc\"},\"image\":{\"@id\":\"https:\/\/katrearula.com\/#\/schema\/logo\/image\/\"},\"sameAs\":[\"https:\/\/www.facebook.com\/KatreArulaMeistrikoda\",\"https:\/\/www.instagram.com\/katre_arula_meistrikoda\/\"]}]}<\/script>\n<!-- \/ Yoast SEO plugin. -->","yoast_head_json":{"title":"Grey 3in1 bag HELLA - Katr\u00e9","robots":{"index":"index","follow":"follow","max-snippet":"max-snippet:-1","max-image-preview":"max-image-preview:large","max-video-preview":"max-video-preview:-1"},"canonical":"https:\/\/katrearula.com\/en\/toode\/grey-3in1-bag-hella\/","og_locale":"en_US","og_type":"article","og_title":"Grey 3in1 bag HELLA - Katr\u00e9","og_description":"Katr\u00e9 3in1 kott HELLA on loodud neile, kes hindavad praktilisust ja paindlikkust. See k\u00e4sit\u00f6\u00f6na valmistatud kott on t\u00f5eline mitmeotstarbeline kaaslane \u2013 saad seda kanda seljakotina, \u00f5lakotina v\u00f5i k\u00e4ekotina, vastavalt oma p\u00e4eva r\u00fctmile. The bag is made from recycled fabrics and combines different textures and tones to create a unique look. Perfect for work, hiking, or city sightseeing - durable, comfortable, and timeless.","og_url":"https:\/\/katrearula.com\/en\/toode\/grey-3in1-bag-hella\/","og_site_name":"Katr\u00e9","article_publisher":"https:\/\/www.facebook.com\/KatreArulaMeistrikoda","article_modified_time":"2025-11-04T16:08:03+00:00","og_image":[{"width":1920,"height":2560,"url":"https:\/\/katrearula.com\/wp-content\/uploads\/2025\/11\/Hall-3in1-kott-HELLA_katre-arula_1-scaled-e1762104368358.jpg","type":"image\/jpeg"}],"twitter_card":"summary_large_image","twitter_misc":{"Est. reading time":"1 minute"},"schema":{"@context":"https:\/\/schema.org","@graph":[{"@type":"WebPage","@id":"https:\/\/katrearula.com\/en\/toode\/grey-3in1-bag-hella\/","url":"https:\/\/katrearula.com\/en\/toode\/grey-3in1-bag-hella\/","name":"Grey 3in1 bag HELLA - Katr\u00e9","isPartOf":{"@id":"https:\/\/katrearula.com\/#website"},"primaryImageOfPage":{"@id":"https:\/\/katrearula.com\/en\/toode\/grey-3in1-bag-hella\/#primaryimage"},"image":{"@id":"https:\/\/katrearula.com\/en\/toode\/grey-3in1-bag-hella\/#primaryimage"},"thumbnailUrl":"https:\/\/katrearula.com\/wp-content\/uploads\/2025\/11\/Hall-3in1-kott-HELLA_katre-arula_1-scaled-e1762104368358.jpg","datePublished":"2025-11-02T17:20:08+00:00","dateModified":"2025-11-04T16:08:03+00:00","breadcrumb":{"@id":"https:\/\/katrearula.com\/en\/toode\/grey-3in1-bag-hella\/#breadcrumb"},"inLanguage":"en-US","potentialAction":[{"@type":"ReadAction","target":["https:\/\/katrearula.com\/en\/toode\/grey-3in1-bag-hella\/"]}]},{"@type":"ImageObject","inLanguage":"en-US","@id":"https:\/\/katrearula.com\/en\/toode\/grey-3in1-bag-hella\/#primaryimage","url":"https:\/\/katrearula.com\/wp-content\/uploads\/2025\/11\/Hall-3in1-kott-HELLA_katre-arula_1-scaled-e1762104368358.jpg","contentUrl":"https:\/\/katrearula.com\/wp-content\/uploads\/2025\/11\/Hall-3in1-kott-HELLA_katre-arula_1-scaled-e1762104368358.jpg","width":1920,"height":2560},{"@type":"BreadcrumbList","@id":"https:\/\/katrearula.com\/en\/toode\/grey-3in1-bag-hella\/#breadcrumb","itemListElement":[{"@type":"ListItem","position":1,"name":"Home","item":"https:\/\/katrearula.com\/"},{"@type":"ListItem","position":2,"name":"Shop","item":"https:\/\/katrearula.com\/en\/shop\/"},{"@type":"ListItem","position":3,"name":"Grey 3in1 bag HELLA"}]},{"@type":"WebSite","@id":"https:\/\/katrearula.com\/#website","url":"https:\/\/katrearula.com\/","name":"Katr\u00e9","description":"Eesti disain","publisher":{"@id":"https:\/\/katrearula.com\/#organization"},"potentialAction":[{"@type":"SearchAction","target":{"@type":"EntryPoint","urlTemplate":"https:\/\/katrearula.com\/?s={search_term_string}"},"query-input":{"@type":"PropertyValueSpecification","valueRequired":true,"valueName":"search_term_string"}}],"inLanguage":"en-US"},{"@type":"Organization","@id":"https:\/\/katrearula.com\/#organization","name":"Katre Meistrikoda O\u00dc","url":"https:\/\/katrearula.com\/","logo":{"@type":"ImageObject","inLanguage":"en-US","@id":"https:\/\/katrearula.com\/#\/schema\/logo\/image\/","url":"https:\/\/katrearula.com\/wp-content\/uploads\/2021\/11\/www.katrearula.com_.jpg","contentUrl":"https:\/\/katrearula.com\/wp-content\/uploads\/2021\/11\/www.katrearula.com_.jpg","width":380,"height":254,"caption":"Katre Meistrikoda O\u00dc"},"image":{"@id":"https:\/\/katrearula.com\/#\/schema\/logo\/image\/"},"sameAs":["https:\/\/www.facebook.com\/KatreArulaMeistrikoda","https:\/\/www.instagram.com\/katre_arula_meistrikoda\/"]}]}},"jetpack_sharing_enabled":true,"_links":{"self":[{"href":"https:\/\/katrearula.com\/en\/wp-json\/wp\/v2\/product\/15509","targetHints":{"allow":["GET"]}}],"collection":[{"href":"https:\/\/katrearula.com\/en\/wp-json\/wp\/v2\/product"}],"about":[{"href":"https:\/\/katrearula.com\/en\/wp-json\/wp\/v2\/types\/product"}],"replies":[{"embeddable":true,"href":"https:\/\/katrearula.com\/en\/wp-json\/wp\/v2\/comments?post=15509"}],"wp:featuredmedia":[{"embeddable":true,"href":"https:\/\/katrearula.com\/en\/wp-json\/wp\/v2\/media\/15511"}],"wp:attachment":[{"href":"https:\/\/katrearula.com\/en\/wp-json\/wp\/v2\/media?parent=15509"}],"wp:term":[{"taxonomy":"product_brand","embeddable":true,"href":"https:\/\/katrearula.com\/en\/wp-json\/wp\/v2\/product_brand?post=15509"},{"taxonomy":"product_cat","embeddable":true,"href":"https:\/\/katrearula.com\/en\/wp-json\/wp\/v2\/product_cat?post=15509"},{"taxonomy":"product_tag","embeddable":true,"href":"https:\/\/katrearula.com\/en\/wp-json\/wp\/v2\/product_tag?post=15509"}],"curies":[{"name":"wp","href":"https:\/\/api.w.org\/{rel}","templated":true}]}}