{"id":15666,"date":"2023-09-29T13:54:47","date_gmt":"2023-09-29T13:54:47","guid":{"rendered":"https:\/\/katrearula.com\/toode\/headpiece-with-felt-roses-triinu\/"},"modified":"2023-09-29T13:54:47","modified_gmt":"2023-09-29T13:54:47","slug":"headpiece-with-felt-roses-triinu","status":"publish","type":"product","link":"https:\/\/katrearula.com\/en\/toode\/headpiece-with-felt-roses-triinu\/","title":{"rendered":"Headpiece with felt roses TRIINU"},"content":{"rendered":"","protected":false},"excerpt":{"rendered":"<p>Wreaths were already part of the attire of Estonian girls. 18th and in the 19th century. An oub, or German hat, is a small, urban-style hat made of lace, silk ribbons, and artificial flowers. Oubid hakkasid talunaiste seas levima 1870. years and they were also worn at the beginning of the 20th century.<\/p>\n<p>The Katr\u00e9 head piece was inspired by these two headpieces and was made using the master&#8217;s original technique, using wool felt scraps from the furniture industry. Products made using the felt-rose technique also bear the RECOGNIZED ESTONIAN HANDICRAFT label. First, the headpieces were prepared to decorate the \u201cSilver Wool\u201d collection. Since headpieces attracted a lot of attention at fashion shows, they became a product that you could purchase for your jewelry collection this fall. The Katr\u00e9 head piece can be worn both as a wreath and as a headband. It&#8217;s a stylish accessory for any special day, even weekdays are special!<\/p>\n<p>*The felt is sewn.<\/p>\n","protected":false},"featured_media":12449,"comment_status":"closed","ping_status":"closed","template":"","meta":{"pgc_sgb_lightbox_settings":""},"product_brand":[],"product_cat":[145],"product_tag":[],"class_list":{"0":"post-15666","1":"product","2":"type-product","3":"status-publish","4":"has-post-thumbnail","6":"product_cat-accessories","8":"first","9":"instock","10":"taxable","11":"shipping-taxable","12":"purchasable","13":"product-type-variable"},"yoast_head":"<!-- This site is optimized with the Yoast SEO plugin v26.6 - https:\/\/yoast.com\/wordpress\/plugins\/seo\/ -->\n<title>Headpiece with felt roses TRIINU - Katr\u00e9<\/title>\n<meta name=\"description\" content=\"Katr\u00e9 p\u00e4rg ongi inspiratsiooni saanud just neist kahest peakattest ning valminud meistri autoritehnikas, materjaliks m\u00f6\u00f6blit\u00f6\u00f6stuse villased vildij\u00e4\u00e4gid.\" \/>\n<meta name=\"robots\" content=\"index, follow, max-snippet:-1, max-image-preview:large, max-video-preview:-1\" \/>\n<link rel=\"canonical\" href=\"https:\/\/katrearula.com\/en\/toode\/headpiece-with-felt-roses-triinu\/\" \/>\n<meta property=\"og:locale\" content=\"en_US\" \/>\n<meta property=\"og:type\" content=\"article\" \/>\n<meta property=\"og:title\" content=\"Headpiece with felt roses TRIINU - Katr\u00e9\" \/>\n<meta property=\"og:description\" content=\"Katr\u00e9 p\u00e4rg ongi inspiratsiooni saanud just neist kahest peakattest ning valminud meistri autoritehnikas, materjaliks m\u00f6\u00f6blit\u00f6\u00f6stuse villased vildij\u00e4\u00e4gid.\" \/>\n<meta property=\"og:url\" content=\"https:\/\/katrearula.com\/en\/toode\/headpiece-with-felt-roses-triinu\/\" \/>\n<meta property=\"og:site_name\" content=\"Katr\u00e9\" \/>\n<meta property=\"article:publisher\" content=\"https:\/\/www.facebook.com\/KatreArulaMeistrikoda\" \/>\n<meta property=\"og:image\" content=\"https:\/\/katrearula.com\/wp-content\/uploads\/2023\/07\/DSC_7475-min-scaled-e1692716733653.jpg\" \/>\n\t<meta property=\"og:image:width\" content=\"1709\" \/>\n\t<meta property=\"og:image:height\" content=\"2560\" \/>\n\t<meta property=\"og:image:type\" content=\"image\/jpeg\" \/>\n<meta name=\"twitter:card\" content=\"summary_large_image\" \/>\n<script type=\"application\/ld+json\" class=\"yoast-schema-graph\">{\"@context\":\"https:\/\/schema.org\",\"@graph\":[{\"@type\":\"WebPage\",\"@id\":\"https:\/\/katrearula.com\/en\/toode\/headpiece-with-felt-roses-triinu\/\",\"url\":\"https:\/\/katrearula.com\/en\/toode\/headpiece-with-felt-roses-triinu\/\",\"name\":\"Headpiece with felt roses TRIINU - Katr\u00e9\",\"isPartOf\":{\"@id\":\"https:\/\/katrearula.com\/#website\"},\"primaryImageOfPage\":{\"@id\":\"https:\/\/katrearula.com\/en\/toode\/headpiece-with-felt-roses-triinu\/#primaryimage\"},\"image\":{\"@id\":\"https:\/\/katrearula.com\/en\/toode\/headpiece-with-felt-roses-triinu\/#primaryimage\"},\"thumbnailUrl\":\"https:\/\/katrearula.com\/wp-content\/uploads\/2023\/07\/DSC_7475-min-scaled-e1692716733653.jpg\",\"datePublished\":\"2023-09-29T13:54:47+00:00\",\"description\":\"Katr\u00e9 p\u00e4rg ongi inspiratsiooni saanud just neist kahest peakattest ning valminud meistri autoritehnikas, materjaliks m\u00f6\u00f6blit\u00f6\u00f6stuse villased vildij\u00e4\u00e4gid.\",\"breadcrumb\":{\"@id\":\"https:\/\/katrearula.com\/en\/toode\/headpiece-with-felt-roses-triinu\/#breadcrumb\"},\"inLanguage\":\"en-US\",\"potentialAction\":[{\"@type\":\"ReadAction\",\"target\":[\"https:\/\/katrearula.com\/en\/toode\/headpiece-with-felt-roses-triinu\/\"]}]},{\"@type\":\"ImageObject\",\"inLanguage\":\"en-US\",\"@id\":\"https:\/\/katrearula.com\/en\/toode\/headpiece-with-felt-roses-triinu\/#primaryimage\",\"url\":\"https:\/\/katrearula.com\/wp-content\/uploads\/2023\/07\/DSC_7475-min-scaled-e1692716733653.jpg\",\"contentUrl\":\"https:\/\/katrearula.com\/wp-content\/uploads\/2023\/07\/DSC_7475-min-scaled-e1692716733653.jpg\",\"width\":1709,\"height\":2560},{\"@type\":\"BreadcrumbList\",\"@id\":\"https:\/\/katrearula.com\/en\/toode\/headpiece-with-felt-roses-triinu\/#breadcrumb\",\"itemListElement\":[{\"@type\":\"ListItem\",\"position\":1,\"name\":\"Home\",\"item\":\"https:\/\/katrearula.com\/\"},{\"@type\":\"ListItem\",\"position\":2,\"name\":\"Shop\",\"item\":\"https:\/\/katrearula.com\/en\/shop\/\"},{\"@type\":\"ListItem\",\"position\":3,\"name\":\"Headpiece with felt roses TRIINU\"}]},{\"@type\":\"WebSite\",\"@id\":\"https:\/\/katrearula.com\/#website\",\"url\":\"https:\/\/katrearula.com\/\",\"name\":\"Katr\u00e9\",\"description\":\"Eesti disain\",\"publisher\":{\"@id\":\"https:\/\/katrearula.com\/#organization\"},\"potentialAction\":[{\"@type\":\"SearchAction\",\"target\":{\"@type\":\"EntryPoint\",\"urlTemplate\":\"https:\/\/katrearula.com\/?s={search_term_string}\"},\"query-input\":{\"@type\":\"PropertyValueSpecification\",\"valueRequired\":true,\"valueName\":\"search_term_string\"}}],\"inLanguage\":\"en-US\"},{\"@type\":\"Organization\",\"@id\":\"https:\/\/katrearula.com\/#organization\",\"name\":\"Katre Meistrikoda O\u00dc\",\"url\":\"https:\/\/katrearula.com\/\",\"logo\":{\"@type\":\"ImageObject\",\"inLanguage\":\"en-US\",\"@id\":\"https:\/\/katrearula.com\/#\/schema\/logo\/image\/\",\"url\":\"https:\/\/katrearula.com\/wp-content\/uploads\/2021\/11\/www.katrearula.com_.jpg\",\"contentUrl\":\"https:\/\/katrearula.com\/wp-content\/uploads\/2021\/11\/www.katrearula.com_.jpg\",\"width\":380,\"height\":254,\"caption\":\"Katre Meistrikoda O\u00dc\"},\"image\":{\"@id\":\"https:\/\/katrearula.com\/#\/schema\/logo\/image\/\"},\"sameAs\":[\"https:\/\/www.facebook.com\/KatreArulaMeistrikoda\",\"https:\/\/www.instagram.com\/katre_arula_meistrikoda\/\"]}]}<\/script>\n<!-- \/ Yoast SEO plugin. -->","yoast_head_json":{"title":"Headpiece with felt roses TRIINU - Katr\u00e9","description":"Katr\u00e9 p\u00e4rg ongi inspiratsiooni saanud just neist kahest peakattest ning valminud meistri autoritehnikas, materjaliks m\u00f6\u00f6blit\u00f6\u00f6stuse villased vildij\u00e4\u00e4gid.","robots":{"index":"index","follow":"follow","max-snippet":"max-snippet:-1","max-image-preview":"max-image-preview:large","max-video-preview":"max-video-preview:-1"},"canonical":"https:\/\/katrearula.com\/en\/toode\/headpiece-with-felt-roses-triinu\/","og_locale":"en_US","og_type":"article","og_title":"Headpiece with felt roses TRIINU - Katr\u00e9","og_description":"Katr\u00e9 p\u00e4rg ongi inspiratsiooni saanud just neist kahest peakattest ning valminud meistri autoritehnikas, materjaliks m\u00f6\u00f6blit\u00f6\u00f6stuse villased vildij\u00e4\u00e4gid.","og_url":"https:\/\/katrearula.com\/en\/toode\/headpiece-with-felt-roses-triinu\/","og_site_name":"Katr\u00e9","article_publisher":"https:\/\/www.facebook.com\/KatreArulaMeistrikoda","og_image":[{"width":1709,"height":2560,"url":"https:\/\/katrearula.com\/wp-content\/uploads\/2023\/07\/DSC_7475-min-scaled-e1692716733653.jpg","type":"image\/jpeg"}],"twitter_card":"summary_large_image","schema":{"@context":"https:\/\/schema.org","@graph":[{"@type":"WebPage","@id":"https:\/\/katrearula.com\/en\/toode\/headpiece-with-felt-roses-triinu\/","url":"https:\/\/katrearula.com\/en\/toode\/headpiece-with-felt-roses-triinu\/","name":"Headpiece with felt roses TRIINU - Katr\u00e9","isPartOf":{"@id":"https:\/\/katrearula.com\/#website"},"primaryImageOfPage":{"@id":"https:\/\/katrearula.com\/en\/toode\/headpiece-with-felt-roses-triinu\/#primaryimage"},"image":{"@id":"https:\/\/katrearula.com\/en\/toode\/headpiece-with-felt-roses-triinu\/#primaryimage"},"thumbnailUrl":"https:\/\/katrearula.com\/wp-content\/uploads\/2023\/07\/DSC_7475-min-scaled-e1692716733653.jpg","datePublished":"2023-09-29T13:54:47+00:00","description":"Katr\u00e9 p\u00e4rg ongi inspiratsiooni saanud just neist kahest peakattest ning valminud meistri autoritehnikas, materjaliks m\u00f6\u00f6blit\u00f6\u00f6stuse villased vildij\u00e4\u00e4gid.","breadcrumb":{"@id":"https:\/\/katrearula.com\/en\/toode\/headpiece-with-felt-roses-triinu\/#breadcrumb"},"inLanguage":"en-US","potentialAction":[{"@type":"ReadAction","target":["https:\/\/katrearula.com\/en\/toode\/headpiece-with-felt-roses-triinu\/"]}]},{"@type":"ImageObject","inLanguage":"en-US","@id":"https:\/\/katrearula.com\/en\/toode\/headpiece-with-felt-roses-triinu\/#primaryimage","url":"https:\/\/katrearula.com\/wp-content\/uploads\/2023\/07\/DSC_7475-min-scaled-e1692716733653.jpg","contentUrl":"https:\/\/katrearula.com\/wp-content\/uploads\/2023\/07\/DSC_7475-min-scaled-e1692716733653.jpg","width":1709,"height":2560},{"@type":"BreadcrumbList","@id":"https:\/\/katrearula.com\/en\/toode\/headpiece-with-felt-roses-triinu\/#breadcrumb","itemListElement":[{"@type":"ListItem","position":1,"name":"Home","item":"https:\/\/katrearula.com\/"},{"@type":"ListItem","position":2,"name":"Shop","item":"https:\/\/katrearula.com\/en\/shop\/"},{"@type":"ListItem","position":3,"name":"Headpiece with felt roses TRIINU"}]},{"@type":"WebSite","@id":"https:\/\/katrearula.com\/#website","url":"https:\/\/katrearula.com\/","name":"Katr\u00e9","description":"Eesti disain","publisher":{"@id":"https:\/\/katrearula.com\/#organization"},"potentialAction":[{"@type":"SearchAction","target":{"@type":"EntryPoint","urlTemplate":"https:\/\/katrearula.com\/?s={search_term_string}"},"query-input":{"@type":"PropertyValueSpecification","valueRequired":true,"valueName":"search_term_string"}}],"inLanguage":"en-US"},{"@type":"Organization","@id":"https:\/\/katrearula.com\/#organization","name":"Katre Meistrikoda O\u00dc","url":"https:\/\/katrearula.com\/","logo":{"@type":"ImageObject","inLanguage":"en-US","@id":"https:\/\/katrearula.com\/#\/schema\/logo\/image\/","url":"https:\/\/katrearula.com\/wp-content\/uploads\/2021\/11\/www.katrearula.com_.jpg","contentUrl":"https:\/\/katrearula.com\/wp-content\/uploads\/2021\/11\/www.katrearula.com_.jpg","width":380,"height":254,"caption":"Katre Meistrikoda O\u00dc"},"image":{"@id":"https:\/\/katrearula.com\/#\/schema\/logo\/image\/"},"sameAs":["https:\/\/www.facebook.com\/KatreArulaMeistrikoda","https:\/\/www.instagram.com\/katre_arula_meistrikoda\/"]}]}},"jetpack_sharing_enabled":true,"_links":{"self":[{"href":"https:\/\/katrearula.com\/en\/wp-json\/wp\/v2\/product\/15666","targetHints":{"allow":["GET"]}}],"collection":[{"href":"https:\/\/katrearula.com\/en\/wp-json\/wp\/v2\/product"}],"about":[{"href":"https:\/\/katrearula.com\/en\/wp-json\/wp\/v2\/types\/product"}],"replies":[{"embeddable":true,"href":"https:\/\/katrearula.com\/en\/wp-json\/wp\/v2\/comments?post=15666"}],"wp:featuredmedia":[{"embeddable":true,"href":"https:\/\/katrearula.com\/en\/wp-json\/wp\/v2\/media\/12449"}],"wp:attachment":[{"href":"https:\/\/katrearula.com\/en\/wp-json\/wp\/v2\/media?parent=15666"}],"wp:term":[{"taxonomy":"product_brand","embeddable":true,"href":"https:\/\/katrearula.com\/en\/wp-json\/wp\/v2\/product_brand?post=15666"},{"taxonomy":"product_cat","embeddable":true,"href":"https:\/\/katrearula.com\/en\/wp-json\/wp\/v2\/product_cat?post=15666"},{"taxonomy":"product_tag","embeddable":true,"href":"https:\/\/katrearula.com\/en\/wp-json\/wp\/v2\/product_tag?post=15666"}],"curies":[{"name":"wp","href":"https:\/\/api.w.org\/{rel}","templated":true}]}}