{"id":15880,"date":"2025-12-06T14:27:25","date_gmt":"2025-12-06T14:27:25","guid":{"rendered":"https:\/\/katrearula.com\/?post_type=product&#038;p=15880"},"modified":"2025-12-06T14:37:49","modified_gmt":"2025-12-06T14:37:49","slug":"black-little-bag-tahti","status":"publish","type":"product","link":"https:\/\/katrearula.com\/en\/toode\/black-little-bag-tahti\/","title":{"rendered":"Black Little Bag T\u00c4HTI"},"content":{"rendered":"","protected":false},"excerpt":{"rendered":"<p>Katr\u00e9 small shoulder bag is designed for people who appreciate both practicality and meaningful Estonian design. The bag is made from furniture industry leftovers, making it a durable and sustainable choice. The bag has a soft yet strong shape that keeps everyday essentials within easy reach.<\/p>\n<p>At the heart of the design is Katre Arula\u2019s signature technique \u2013 pixel technique, which combines the traditional world of patterns with modern graphic aesthetics. This adds character to the bag and makes it an eye-catching companion both on weekdays and at cultural events.<\/p>\n<p>The bag closes with a secure zipper and has a moisture-proof lining inside. The adjustable shoulder strap allows the bag to be worn over the shoulder or across the body.<\/p>\n","protected":false},"featured_media":15889,"comment_status":"closed","ping_status":"closed","template":"","meta":{"pgc_sgb_lightbox_settings":""},"product_brand":[],"product_cat":[150,199],"product_tag":[153],"class_list":{"0":"post-15880","1":"product","2":"type-product","3":"status-publish","4":"has-post-thumbnail","6":"product_cat-bags","7":"product_cat-small-bags","8":"product_tag-women","10":"first","11":"instock","12":"taxable","13":"shipping-taxable","14":"purchasable","15":"product-type-simple"},"yoast_head":"<!-- This site is optimized with the Yoast SEO plugin v26.6 - https:\/\/yoast.com\/wordpress\/plugins\/seo\/ -->\n<title>Black Little Bag T\u00c4HTI - Katr\u00e9<\/title>\n<meta name=\"robots\" content=\"index, follow, max-snippet:-1, max-image-preview:large, max-video-preview:-1\" \/>\n<link rel=\"canonical\" href=\"https:\/\/katrearula.com\/en\/toode\/black-little-bag-tahti\/\" \/>\n<meta property=\"og:locale\" content=\"en_US\" \/>\n<meta property=\"og:type\" content=\"article\" \/>\n<meta property=\"og:title\" content=\"Black Little Bag T\u00c4HTI - Katr\u00e9\" \/>\n<meta property=\"og:description\" content=\"Katr\u00e9 small shoulder bag is designed for people who appreciate both practicality and meaningful Estonian design. The bag is made from furniture industry leftovers, making it a durable and sustainable choice. The bag has a soft yet strong shape that keeps everyday essentials within easy reach.  At the heart of the design is Katre Arula\u2019s signature technique \u2013 pixel technique, which combines the traditional world of patterns with modern graphic aesthetics. This adds character to the bag and makes it an eye-catching companion both on weekdays and at cultural events.  The bag closes with a secure zipper and has a moisture-proof lining inside. The adjustable shoulder strap allows the bag to be worn over the shoulder or across the body.\" \/>\n<meta property=\"og:url\" content=\"https:\/\/katrearula.com\/en\/toode\/black-little-bag-tahti\/\" \/>\n<meta property=\"og:site_name\" content=\"Katr\u00e9\" \/>\n<meta property=\"article:publisher\" content=\"https:\/\/www.facebook.com\/KatreArulaMeistrikoda\" \/>\n<meta property=\"article:modified_time\" content=\"2025-12-06T14:37:49+00:00\" \/>\n<meta property=\"og:image\" content=\"https:\/\/katrearula.com\/wp-content\/uploads\/2025\/12\/Must-vaike-kott_katre-arula_4-scaled.jpg\" \/>\n\t<meta property=\"og:image:width\" content=\"1440\" \/>\n\t<meta property=\"og:image:height\" content=\"2560\" \/>\n\t<meta property=\"og:image:type\" content=\"image\/jpeg\" \/>\n<meta name=\"twitter:card\" content=\"summary_large_image\" \/>\n<meta name=\"twitter:label1\" content=\"Est. reading time\" \/>\n\t<meta name=\"twitter:data1\" content=\"1 minute\" \/>\n<script type=\"application\/ld+json\" class=\"yoast-schema-graph\">{\"@context\":\"https:\/\/schema.org\",\"@graph\":[{\"@type\":\"WebPage\",\"@id\":\"https:\/\/katrearula.com\/en\/toode\/black-little-bag-tahti\/\",\"url\":\"https:\/\/katrearula.com\/en\/toode\/black-little-bag-tahti\/\",\"name\":\"Black Little Bag T\u00c4HTI - Katr\u00e9\",\"isPartOf\":{\"@id\":\"https:\/\/katrearula.com\/#website\"},\"primaryImageOfPage\":{\"@id\":\"https:\/\/katrearula.com\/en\/toode\/black-little-bag-tahti\/#primaryimage\"},\"image\":{\"@id\":\"https:\/\/katrearula.com\/en\/toode\/black-little-bag-tahti\/#primaryimage\"},\"thumbnailUrl\":\"https:\/\/katrearula.com\/wp-content\/uploads\/2025\/12\/Must-vaike-kott_katre-arula_4-scaled.jpg\",\"datePublished\":\"2025-12-06T14:27:25+00:00\",\"dateModified\":\"2025-12-06T14:37:49+00:00\",\"breadcrumb\":{\"@id\":\"https:\/\/katrearula.com\/en\/toode\/black-little-bag-tahti\/#breadcrumb\"},\"inLanguage\":\"en-US\",\"potentialAction\":[{\"@type\":\"ReadAction\",\"target\":[\"https:\/\/katrearula.com\/en\/toode\/black-little-bag-tahti\/\"]}]},{\"@type\":\"ImageObject\",\"inLanguage\":\"en-US\",\"@id\":\"https:\/\/katrearula.com\/en\/toode\/black-little-bag-tahti\/#primaryimage\",\"url\":\"https:\/\/katrearula.com\/wp-content\/uploads\/2025\/12\/Must-vaike-kott_katre-arula_4-scaled.jpg\",\"contentUrl\":\"https:\/\/katrearula.com\/wp-content\/uploads\/2025\/12\/Must-vaike-kott_katre-arula_4-scaled.jpg\",\"width\":1440,\"height\":2560},{\"@type\":\"BreadcrumbList\",\"@id\":\"https:\/\/katrearula.com\/en\/toode\/black-little-bag-tahti\/#breadcrumb\",\"itemListElement\":[{\"@type\":\"ListItem\",\"position\":1,\"name\":\"Home\",\"item\":\"https:\/\/katrearula.com\/\"},{\"@type\":\"ListItem\",\"position\":2,\"name\":\"Shop\",\"item\":\"https:\/\/katrearula.com\/en\/shop\/\"},{\"@type\":\"ListItem\",\"position\":3,\"name\":\"Black Little Bag T\u00c4HTI\"}]},{\"@type\":\"WebSite\",\"@id\":\"https:\/\/katrearula.com\/#website\",\"url\":\"https:\/\/katrearula.com\/\",\"name\":\"Katr\u00e9\",\"description\":\"Eesti disain\",\"publisher\":{\"@id\":\"https:\/\/katrearula.com\/#organization\"},\"potentialAction\":[{\"@type\":\"SearchAction\",\"target\":{\"@type\":\"EntryPoint\",\"urlTemplate\":\"https:\/\/katrearula.com\/?s={search_term_string}\"},\"query-input\":{\"@type\":\"PropertyValueSpecification\",\"valueRequired\":true,\"valueName\":\"search_term_string\"}}],\"inLanguage\":\"en-US\"},{\"@type\":\"Organization\",\"@id\":\"https:\/\/katrearula.com\/#organization\",\"name\":\"Katre Meistrikoda O\u00dc\",\"url\":\"https:\/\/katrearula.com\/\",\"logo\":{\"@type\":\"ImageObject\",\"inLanguage\":\"en-US\",\"@id\":\"https:\/\/katrearula.com\/#\/schema\/logo\/image\/\",\"url\":\"https:\/\/katrearula.com\/wp-content\/uploads\/2021\/11\/www.katrearula.com_.jpg\",\"contentUrl\":\"https:\/\/katrearula.com\/wp-content\/uploads\/2021\/11\/www.katrearula.com_.jpg\",\"width\":380,\"height\":254,\"caption\":\"Katre Meistrikoda O\u00dc\"},\"image\":{\"@id\":\"https:\/\/katrearula.com\/#\/schema\/logo\/image\/\"},\"sameAs\":[\"https:\/\/www.facebook.com\/KatreArulaMeistrikoda\",\"https:\/\/www.instagram.com\/katre_arula_meistrikoda\/\"]}]}<\/script>\n<!-- \/ Yoast SEO plugin. -->","yoast_head_json":{"title":"Black Little Bag T\u00c4HTI - Katr\u00e9","robots":{"index":"index","follow":"follow","max-snippet":"max-snippet:-1","max-image-preview":"max-image-preview:large","max-video-preview":"max-video-preview:-1"},"canonical":"https:\/\/katrearula.com\/en\/toode\/black-little-bag-tahti\/","og_locale":"en_US","og_type":"article","og_title":"Black Little Bag T\u00c4HTI - Katr\u00e9","og_description":"Katr\u00e9 small shoulder bag is designed for people who appreciate both practicality and meaningful Estonian design. The bag is made from furniture industry leftovers, making it a durable and sustainable choice. The bag has a soft yet strong shape that keeps everyday essentials within easy reach.  At the heart of the design is Katre Arula\u2019s signature technique \u2013 pixel technique, which combines the traditional world of patterns with modern graphic aesthetics. This adds character to the bag and makes it an eye-catching companion both on weekdays and at cultural events.  The bag closes with a secure zipper and has a moisture-proof lining inside. The adjustable shoulder strap allows the bag to be worn over the shoulder or across the body.","og_url":"https:\/\/katrearula.com\/en\/toode\/black-little-bag-tahti\/","og_site_name":"Katr\u00e9","article_publisher":"https:\/\/www.facebook.com\/KatreArulaMeistrikoda","article_modified_time":"2025-12-06T14:37:49+00:00","og_image":[{"width":1440,"height":2560,"url":"https:\/\/katrearula.com\/wp-content\/uploads\/2025\/12\/Must-vaike-kott_katre-arula_4-scaled.jpg","type":"image\/jpeg"}],"twitter_card":"summary_large_image","twitter_misc":{"Est. reading time":"1 minute"},"schema":{"@context":"https:\/\/schema.org","@graph":[{"@type":"WebPage","@id":"https:\/\/katrearula.com\/en\/toode\/black-little-bag-tahti\/","url":"https:\/\/katrearula.com\/en\/toode\/black-little-bag-tahti\/","name":"Black Little Bag T\u00c4HTI - Katr\u00e9","isPartOf":{"@id":"https:\/\/katrearula.com\/#website"},"primaryImageOfPage":{"@id":"https:\/\/katrearula.com\/en\/toode\/black-little-bag-tahti\/#primaryimage"},"image":{"@id":"https:\/\/katrearula.com\/en\/toode\/black-little-bag-tahti\/#primaryimage"},"thumbnailUrl":"https:\/\/katrearula.com\/wp-content\/uploads\/2025\/12\/Must-vaike-kott_katre-arula_4-scaled.jpg","datePublished":"2025-12-06T14:27:25+00:00","dateModified":"2025-12-06T14:37:49+00:00","breadcrumb":{"@id":"https:\/\/katrearula.com\/en\/toode\/black-little-bag-tahti\/#breadcrumb"},"inLanguage":"en-US","potentialAction":[{"@type":"ReadAction","target":["https:\/\/katrearula.com\/en\/toode\/black-little-bag-tahti\/"]}]},{"@type":"ImageObject","inLanguage":"en-US","@id":"https:\/\/katrearula.com\/en\/toode\/black-little-bag-tahti\/#primaryimage","url":"https:\/\/katrearula.com\/wp-content\/uploads\/2025\/12\/Must-vaike-kott_katre-arula_4-scaled.jpg","contentUrl":"https:\/\/katrearula.com\/wp-content\/uploads\/2025\/12\/Must-vaike-kott_katre-arula_4-scaled.jpg","width":1440,"height":2560},{"@type":"BreadcrumbList","@id":"https:\/\/katrearula.com\/en\/toode\/black-little-bag-tahti\/#breadcrumb","itemListElement":[{"@type":"ListItem","position":1,"name":"Home","item":"https:\/\/katrearula.com\/"},{"@type":"ListItem","position":2,"name":"Shop","item":"https:\/\/katrearula.com\/en\/shop\/"},{"@type":"ListItem","position":3,"name":"Black Little Bag T\u00c4HTI"}]},{"@type":"WebSite","@id":"https:\/\/katrearula.com\/#website","url":"https:\/\/katrearula.com\/","name":"Katr\u00e9","description":"Eesti disain","publisher":{"@id":"https:\/\/katrearula.com\/#organization"},"potentialAction":[{"@type":"SearchAction","target":{"@type":"EntryPoint","urlTemplate":"https:\/\/katrearula.com\/?s={search_term_string}"},"query-input":{"@type":"PropertyValueSpecification","valueRequired":true,"valueName":"search_term_string"}}],"inLanguage":"en-US"},{"@type":"Organization","@id":"https:\/\/katrearula.com\/#organization","name":"Katre Meistrikoda O\u00dc","url":"https:\/\/katrearula.com\/","logo":{"@type":"ImageObject","inLanguage":"en-US","@id":"https:\/\/katrearula.com\/#\/schema\/logo\/image\/","url":"https:\/\/katrearula.com\/wp-content\/uploads\/2021\/11\/www.katrearula.com_.jpg","contentUrl":"https:\/\/katrearula.com\/wp-content\/uploads\/2021\/11\/www.katrearula.com_.jpg","width":380,"height":254,"caption":"Katre Meistrikoda O\u00dc"},"image":{"@id":"https:\/\/katrearula.com\/#\/schema\/logo\/image\/"},"sameAs":["https:\/\/www.facebook.com\/KatreArulaMeistrikoda","https:\/\/www.instagram.com\/katre_arula_meistrikoda\/"]}]}},"jetpack_sharing_enabled":true,"_links":{"self":[{"href":"https:\/\/katrearula.com\/en\/wp-json\/wp\/v2\/product\/15880","targetHints":{"allow":["GET"]}}],"collection":[{"href":"https:\/\/katrearula.com\/en\/wp-json\/wp\/v2\/product"}],"about":[{"href":"https:\/\/katrearula.com\/en\/wp-json\/wp\/v2\/types\/product"}],"replies":[{"embeddable":true,"href":"https:\/\/katrearula.com\/en\/wp-json\/wp\/v2\/comments?post=15880"}],"wp:featuredmedia":[{"embeddable":true,"href":"https:\/\/katrearula.com\/en\/wp-json\/wp\/v2\/media\/15889"}],"wp:attachment":[{"href":"https:\/\/katrearula.com\/en\/wp-json\/wp\/v2\/media?parent=15880"}],"wp:term":[{"taxonomy":"product_brand","embeddable":true,"href":"https:\/\/katrearula.com\/en\/wp-json\/wp\/v2\/product_brand?post=15880"},{"taxonomy":"product_cat","embeddable":true,"href":"https:\/\/katrearula.com\/en\/wp-json\/wp\/v2\/product_cat?post=15880"},{"taxonomy":"product_tag","embeddable":true,"href":"https:\/\/katrearula.com\/en\/wp-json\/wp\/v2\/product_tag?post=15880"}],"curies":[{"name":"wp","href":"https:\/\/api.w.org\/{rel}","templated":true}]}}