{"id":15957,"date":"2025-12-06T12:09:43","date_gmt":"2025-12-06T12:09:43","guid":{"rendered":"https:\/\/katrearula.com\/toode\/big-felt-rose-brooch-dark-blue\/"},"modified":"2025-12-06T12:09:43","modified_gmt":"2025-12-06T12:09:43","slug":"big-felt-rose-brooch-dark-blue","status":"publish","type":"product","link":"https:\/\/katrearula.com\/en\/toode\/big-felt-rose-brooch-dark-blue\/","title":{"rendered":"Big Felt Rose Brooch &#8211; Dark Blue"},"content":{"rendered":"","protected":false},"excerpt":{"rendered":"<p data-start=\"327\" data-end=\"589\">The Katr\u00e9 felt rose brooch is a handmade accessory that combines Estonian design, sustainability, and modern national aesthetics. Each brooch is made using Katr\u00e9 Arula&#8217;s signature technique \u2013 felting, which results in a lush and durable flower shape.<\/p>\n<p data-start=\"591\" data-end=\"900\">The rose is made of furniture felt, which holds its shape well and makes the brooch both effective and durable. Thanks to the classic brooch pin, it can be worn on a jacket, coat, dress, hat or bag &#8211; making it a versatile accessory for both everyday wear and festive moments.<\/p>\n<p data-start=\"902\" data-end=\"1161\">Umbes 14 cm diameetri ja 8 cm k\u00f5rgusega vildist roosipross on silmapaistev detail, mis toob r\u00f5ivakomplekti juurde ainulaadset karakterit. Because each brooch is handmade in P\u00f5ltsamaa, each rose is a little different \u2013 \u200b\u200bexactly as genuine craftsmanship should be.<\/p>\n<p data-start=\"902\" data-end=\"1161\">\n<p>The last picture in the gallery from the magazine <a href=\"https:\/\/annestiil.delfi.ee\/artikkel\/120409820\/barett-voi-bibo-lakilaki-voi-nokats-mutsid-mis-lasevad-sul-muretult-purjetada-labi-koikide-talveetappide?fbclid=IwY2xjawOhJehleHRuA2FlbQIxMABicmlkETE1blRFemFXUDFOVW4zZzRIc3J0YwZhcHBfaWQQMjIyMDM5MTc4ODIwMDg5MgABHgV8jhKIwBSsqzLzqcpkouHGgoAQyVdPnnwsvYUl16mv9dZu9_Dtd9NyiohW_aem_tSbW5YRIw5EncQIRKBB-9g\">Anne &amp; Stiil<\/a><br \/>\nPhoto: Kalle Veesaar I Style: Karolin Kuusik I MUA: Gerda Miller I Model: \u00c4li Enrietta (E.M.A.)<\/p>\n","protected":false},"featured_media":15760,"comment_status":"closed","ping_status":"closed","template":"","meta":{"pgc_sgb_lightbox_settings":""},"product_brand":[],"product_cat":[145,186],"product_tag":[],"class_list":{"0":"post-15957","1":"product","2":"type-product","3":"status-publish","4":"has-post-thumbnail","6":"product_cat-accessories","7":"product_cat-roses","9":"first","10":"instock","11":"taxable","12":"shipping-taxable","13":"purchasable","14":"product-type-simple"},"yoast_head":"<!-- This site is optimized with the Yoast SEO plugin v26.6 - https:\/\/yoast.com\/wordpress\/plugins\/seo\/ -->\n<title>Big Felt Rose Brooch - Dark Blue - Katr\u00e9<\/title>\n<meta name=\"robots\" content=\"index, follow, max-snippet:-1, max-image-preview:large, max-video-preview:-1\" \/>\n<link rel=\"canonical\" href=\"https:\/\/katrearula.com\/en\/toode\/big-felt-rose-brooch-dark-blue\/\" \/>\n<meta property=\"og:locale\" content=\"en_US\" \/>\n<meta property=\"og:type\" content=\"article\" \/>\n<meta property=\"og:title\" content=\"Big Felt Rose Brooch - Dark Blue - Katr\u00e9\" \/>\n<meta property=\"og:description\" content=\"The Katr\u00e9 felt rose brooch is a handmade accessory that combines Estonian design, sustainability, and modern national aesthetics. Each brooch is made using Katr\u00e9 Arula&#039;s signature technique \u2013 felting, which results in a lush and durable flower shape. The rose is made of furniture felt, which holds its shape well and makes the brooch both effective and durable. Thanks to the classic brooch pin, it can be worn on a jacket, coat, dress, hat or bag - making it a versatile accessory for both everyday wear and festive moments. Umbes 14 cm diameetri ja 8 cm k\u00f5rgusega vildist roosipross on silmapaistev detail, mis toob r\u00f5ivakomplekti juurde ainulaadset karakterit. Because each brooch is handmade in P\u00f5ltsamaa, each rose is a little different \u2013 \u200b\u200bexactly as genuine craftsmanship should be. The last picture in the gallery from the magazine Anne &amp; Stiil Photo: Kalle Veesaar I Style: Karolin Kuusik I MUA: Gerda Miller I Model: \u00c4li Enrietta (E.M.A.)\" \/>\n<meta property=\"og:url\" content=\"https:\/\/katrearula.com\/en\/toode\/big-felt-rose-brooch-dark-blue\/\" \/>\n<meta property=\"og:site_name\" content=\"Katr\u00e9\" \/>\n<meta property=\"article:publisher\" content=\"https:\/\/www.facebook.com\/KatreArulaMeistrikoda\" \/>\n<meta property=\"og:image\" content=\"https:\/\/katrearula.com\/wp-content\/uploads\/2025\/12\/Suur-vildist-roosiprosstumesinine_katre-arula_2-scaled.jpg\" \/>\n\t<meta property=\"og:image:width\" content=\"1440\" \/>\n\t<meta property=\"og:image:height\" content=\"2560\" \/>\n\t<meta property=\"og:image:type\" content=\"image\/jpeg\" \/>\n<meta name=\"twitter:card\" content=\"summary_large_image\" \/>\n<script type=\"application\/ld+json\" class=\"yoast-schema-graph\">{\"@context\":\"https:\/\/schema.org\",\"@graph\":[{\"@type\":\"WebPage\",\"@id\":\"https:\/\/katrearula.com\/en\/toode\/big-felt-rose-brooch-dark-blue\/\",\"url\":\"https:\/\/katrearula.com\/en\/toode\/big-felt-rose-brooch-dark-blue\/\",\"name\":\"Big Felt Rose Brooch - Dark Blue - Katr\u00e9\",\"isPartOf\":{\"@id\":\"https:\/\/katrearula.com\/#website\"},\"primaryImageOfPage\":{\"@id\":\"https:\/\/katrearula.com\/en\/toode\/big-felt-rose-brooch-dark-blue\/#primaryimage\"},\"image\":{\"@id\":\"https:\/\/katrearula.com\/en\/toode\/big-felt-rose-brooch-dark-blue\/#primaryimage\"},\"thumbnailUrl\":\"https:\/\/katrearula.com\/wp-content\/uploads\/2025\/12\/Suur-vildist-roosiprosstumesinine_katre-arula_2-scaled.jpg\",\"datePublished\":\"2025-12-06T12:09:43+00:00\",\"breadcrumb\":{\"@id\":\"https:\/\/katrearula.com\/en\/toode\/big-felt-rose-brooch-dark-blue\/#breadcrumb\"},\"inLanguage\":\"en-US\",\"potentialAction\":[{\"@type\":\"ReadAction\",\"target\":[\"https:\/\/katrearula.com\/en\/toode\/big-felt-rose-brooch-dark-blue\/\"]}]},{\"@type\":\"ImageObject\",\"inLanguage\":\"en-US\",\"@id\":\"https:\/\/katrearula.com\/en\/toode\/big-felt-rose-brooch-dark-blue\/#primaryimage\",\"url\":\"https:\/\/katrearula.com\/wp-content\/uploads\/2025\/12\/Suur-vildist-roosiprosstumesinine_katre-arula_2-scaled.jpg\",\"contentUrl\":\"https:\/\/katrearula.com\/wp-content\/uploads\/2025\/12\/Suur-vildist-roosiprosstumesinine_katre-arula_2-scaled.jpg\",\"width\":1440,\"height\":2560},{\"@type\":\"BreadcrumbList\",\"@id\":\"https:\/\/katrearula.com\/en\/toode\/big-felt-rose-brooch-dark-blue\/#breadcrumb\",\"itemListElement\":[{\"@type\":\"ListItem\",\"position\":1,\"name\":\"Home\",\"item\":\"https:\/\/katrearula.com\/\"},{\"@type\":\"ListItem\",\"position\":2,\"name\":\"Shop\",\"item\":\"https:\/\/katrearula.com\/en\/shop\/\"},{\"@type\":\"ListItem\",\"position\":3,\"name\":\"Big Felt Rose Brooch &#8211; Dark Blue\"}]},{\"@type\":\"WebSite\",\"@id\":\"https:\/\/katrearula.com\/#website\",\"url\":\"https:\/\/katrearula.com\/\",\"name\":\"Katr\u00e9\",\"description\":\"Eesti disain\",\"publisher\":{\"@id\":\"https:\/\/katrearula.com\/#organization\"},\"potentialAction\":[{\"@type\":\"SearchAction\",\"target\":{\"@type\":\"EntryPoint\",\"urlTemplate\":\"https:\/\/katrearula.com\/?s={search_term_string}\"},\"query-input\":{\"@type\":\"PropertyValueSpecification\",\"valueRequired\":true,\"valueName\":\"search_term_string\"}}],\"inLanguage\":\"en-US\"},{\"@type\":\"Organization\",\"@id\":\"https:\/\/katrearula.com\/#organization\",\"name\":\"Katre Meistrikoda O\u00dc\",\"url\":\"https:\/\/katrearula.com\/\",\"logo\":{\"@type\":\"ImageObject\",\"inLanguage\":\"en-US\",\"@id\":\"https:\/\/katrearula.com\/#\/schema\/logo\/image\/\",\"url\":\"https:\/\/katrearula.com\/wp-content\/uploads\/2021\/11\/www.katrearula.com_.jpg\",\"contentUrl\":\"https:\/\/katrearula.com\/wp-content\/uploads\/2021\/11\/www.katrearula.com_.jpg\",\"width\":380,\"height\":254,\"caption\":\"Katre Meistrikoda O\u00dc\"},\"image\":{\"@id\":\"https:\/\/katrearula.com\/#\/schema\/logo\/image\/\"},\"sameAs\":[\"https:\/\/www.facebook.com\/KatreArulaMeistrikoda\",\"https:\/\/www.instagram.com\/katre_arula_meistrikoda\/\"]}]}<\/script>\n<!-- \/ Yoast SEO plugin. -->","yoast_head_json":{"title":"Big Felt Rose Brooch - Dark Blue - Katr\u00e9","robots":{"index":"index","follow":"follow","max-snippet":"max-snippet:-1","max-image-preview":"max-image-preview:large","max-video-preview":"max-video-preview:-1"},"canonical":"https:\/\/katrearula.com\/en\/toode\/big-felt-rose-brooch-dark-blue\/","og_locale":"en_US","og_type":"article","og_title":"Big Felt Rose Brooch - Dark Blue - Katr\u00e9","og_description":"The Katr\u00e9 felt rose brooch is a handmade accessory that combines Estonian design, sustainability, and modern national aesthetics. Each brooch is made using Katr\u00e9 Arula's signature technique \u2013 felting, which results in a lush and durable flower shape. The rose is made of furniture felt, which holds its shape well and makes the brooch both effective and durable. Thanks to the classic brooch pin, it can be worn on a jacket, coat, dress, hat or bag - making it a versatile accessory for both everyday wear and festive moments. Umbes 14 cm diameetri ja 8 cm k\u00f5rgusega vildist roosipross on silmapaistev detail, mis toob r\u00f5ivakomplekti juurde ainulaadset karakterit. Because each brooch is handmade in P\u00f5ltsamaa, each rose is a little different \u2013 \u200b\u200bexactly as genuine craftsmanship should be. The last picture in the gallery from the magazine Anne &amp; Stiil Photo: Kalle Veesaar I Style: Karolin Kuusik I MUA: Gerda Miller I Model: \u00c4li Enrietta (E.M.A.)","og_url":"https:\/\/katrearula.com\/en\/toode\/big-felt-rose-brooch-dark-blue\/","og_site_name":"Katr\u00e9","article_publisher":"https:\/\/www.facebook.com\/KatreArulaMeistrikoda","og_image":[{"width":1440,"height":2560,"url":"https:\/\/katrearula.com\/wp-content\/uploads\/2025\/12\/Suur-vildist-roosiprosstumesinine_katre-arula_2-scaled.jpg","type":"image\/jpeg"}],"twitter_card":"summary_large_image","schema":{"@context":"https:\/\/schema.org","@graph":[{"@type":"WebPage","@id":"https:\/\/katrearula.com\/en\/toode\/big-felt-rose-brooch-dark-blue\/","url":"https:\/\/katrearula.com\/en\/toode\/big-felt-rose-brooch-dark-blue\/","name":"Big Felt Rose Brooch - Dark Blue - Katr\u00e9","isPartOf":{"@id":"https:\/\/katrearula.com\/#website"},"primaryImageOfPage":{"@id":"https:\/\/katrearula.com\/en\/toode\/big-felt-rose-brooch-dark-blue\/#primaryimage"},"image":{"@id":"https:\/\/katrearula.com\/en\/toode\/big-felt-rose-brooch-dark-blue\/#primaryimage"},"thumbnailUrl":"https:\/\/katrearula.com\/wp-content\/uploads\/2025\/12\/Suur-vildist-roosiprosstumesinine_katre-arula_2-scaled.jpg","datePublished":"2025-12-06T12:09:43+00:00","breadcrumb":{"@id":"https:\/\/katrearula.com\/en\/toode\/big-felt-rose-brooch-dark-blue\/#breadcrumb"},"inLanguage":"en-US","potentialAction":[{"@type":"ReadAction","target":["https:\/\/katrearula.com\/en\/toode\/big-felt-rose-brooch-dark-blue\/"]}]},{"@type":"ImageObject","inLanguage":"en-US","@id":"https:\/\/katrearula.com\/en\/toode\/big-felt-rose-brooch-dark-blue\/#primaryimage","url":"https:\/\/katrearula.com\/wp-content\/uploads\/2025\/12\/Suur-vildist-roosiprosstumesinine_katre-arula_2-scaled.jpg","contentUrl":"https:\/\/katrearula.com\/wp-content\/uploads\/2025\/12\/Suur-vildist-roosiprosstumesinine_katre-arula_2-scaled.jpg","width":1440,"height":2560},{"@type":"BreadcrumbList","@id":"https:\/\/katrearula.com\/en\/toode\/big-felt-rose-brooch-dark-blue\/#breadcrumb","itemListElement":[{"@type":"ListItem","position":1,"name":"Home","item":"https:\/\/katrearula.com\/"},{"@type":"ListItem","position":2,"name":"Shop","item":"https:\/\/katrearula.com\/en\/shop\/"},{"@type":"ListItem","position":3,"name":"Big Felt Rose Brooch &#8211; Dark Blue"}]},{"@type":"WebSite","@id":"https:\/\/katrearula.com\/#website","url":"https:\/\/katrearula.com\/","name":"Katr\u00e9","description":"Eesti disain","publisher":{"@id":"https:\/\/katrearula.com\/#organization"},"potentialAction":[{"@type":"SearchAction","target":{"@type":"EntryPoint","urlTemplate":"https:\/\/katrearula.com\/?s={search_term_string}"},"query-input":{"@type":"PropertyValueSpecification","valueRequired":true,"valueName":"search_term_string"}}],"inLanguage":"en-US"},{"@type":"Organization","@id":"https:\/\/katrearula.com\/#organization","name":"Katre Meistrikoda O\u00dc","url":"https:\/\/katrearula.com\/","logo":{"@type":"ImageObject","inLanguage":"en-US","@id":"https:\/\/katrearula.com\/#\/schema\/logo\/image\/","url":"https:\/\/katrearula.com\/wp-content\/uploads\/2021\/11\/www.katrearula.com_.jpg","contentUrl":"https:\/\/katrearula.com\/wp-content\/uploads\/2021\/11\/www.katrearula.com_.jpg","width":380,"height":254,"caption":"Katre Meistrikoda O\u00dc"},"image":{"@id":"https:\/\/katrearula.com\/#\/schema\/logo\/image\/"},"sameAs":["https:\/\/www.facebook.com\/KatreArulaMeistrikoda","https:\/\/www.instagram.com\/katre_arula_meistrikoda\/"]}]}},"jetpack_sharing_enabled":true,"_links":{"self":[{"href":"https:\/\/katrearula.com\/en\/wp-json\/wp\/v2\/product\/15957","targetHints":{"allow":["GET"]}}],"collection":[{"href":"https:\/\/katrearula.com\/en\/wp-json\/wp\/v2\/product"}],"about":[{"href":"https:\/\/katrearula.com\/en\/wp-json\/wp\/v2\/types\/product"}],"replies":[{"embeddable":true,"href":"https:\/\/katrearula.com\/en\/wp-json\/wp\/v2\/comments?post=15957"}],"wp:featuredmedia":[{"embeddable":true,"href":"https:\/\/katrearula.com\/en\/wp-json\/wp\/v2\/media\/15760"}],"wp:attachment":[{"href":"https:\/\/katrearula.com\/en\/wp-json\/wp\/v2\/media?parent=15957"}],"wp:term":[{"taxonomy":"product_brand","embeddable":true,"href":"https:\/\/katrearula.com\/en\/wp-json\/wp\/v2\/product_brand?post=15957"},{"taxonomy":"product_cat","embeddable":true,"href":"https:\/\/katrearula.com\/en\/wp-json\/wp\/v2\/product_cat?post=15957"},{"taxonomy":"product_tag","embeddable":true,"href":"https:\/\/katrearula.com\/en\/wp-json\/wp\/v2\/product_tag?post=15957"}],"curies":[{"name":"wp","href":"https:\/\/api.w.org\/{rel}","templated":true}]}}