{"id":14698,"date":"2022-08-29T09:46:40","date_gmt":"2022-08-29T09:46:40","guid":{"rendered":"https:\/\/katrearula.com\/myyntiehdot\/"},"modified":"2025-05-19T17:21:42","modified_gmt":"2025-05-19T17:21:42","slug":"myyntiehdot","status":"publish","type":"page","link":"https:\/\/katrearula.com\/fi\/myyntiehdot\/","title":{"rendered":"Myyntiehdot"},"content":{"rendered":"\t\t<div data-elementor-type=\"wp-page\" data-elementor-id=\"14698\" class=\"elementor elementor-14698 elementor-3\">\n\t\t\t\t<div class=\"elementor-element elementor-element-4ea5358 e-flex e-con-boxed kitify-col-width-auto-no ignore-docs-style-no kitify-disable-relative-no e-root-container elementor-top-section e-con e-parent\" data-id=\"4ea5358\" data-element_type=\"container\">\n\t\t\t\t\t<div class=\"e-con-inner\">\n\t\t\t\t<div class=\"elementor-element elementor-element-fc87b2a elementor-widget kitify elementor-kitify-post-title\" data-id=\"fc87b2a\" data-element_type=\"widget\" data-widget_type=\"kitify-post-title.default\">\n\t\t\t\t<div class=\"elementor-widget-container\">\n\t\t\t\t\t<h2 class=\"kitify-post-title \">Myyntiehdot<\/h2>\t\t\t\t<\/div>\n\t\t\t\t<\/div>\n\t\t\t\t<div class=\"elementor-element elementor-element-fefe0c3 elementor-widget elementor-widget-spacer\" data-id=\"fefe0c3\" data-element_type=\"widget\" data-widget_type=\"spacer.default\">\n\t\t\t\t<div class=\"elementor-widget-container\">\n\t\t\t\t\t\t\t<div class=\"elementor-spacer\">\n\t\t\t<div class=\"elementor-spacer-inner\"><\/div>\n\t\t<\/div>\n\t\t\t\t\t\t<\/div>\n\t\t\t\t<\/div>\n\t\t\t\t\t<\/div>\n\t\t\t\t<\/div>\n\t\t<div class=\"elementor-element elementor-element-e8f918d e-flex e-con-boxed kitify-col-width-auto-no ignore-docs-style-no kitify-disable-relative-no e-root-container elementor-top-section e-con e-parent\" data-id=\"e8f918d\" data-element_type=\"container\">\n\t\t\t\t\t<div class=\"e-con-inner\">\n\t\t<div class=\"elementor-element elementor-element-5a598bf e-con-full e-flex kitify-col-width-auto-no ignore-docs-style-no kitify-disable-relative-no e-con e-child\" data-id=\"5a598bf\" data-element_type=\"container\">\n\t\t\t\t<div class=\"elementor-element elementor-element-5a27383 elementor-widget elementor-widget-text-editor\" data-id=\"5a27383\" data-element_type=\"widget\" data-widget_type=\"text-editor.default\">\n\t\t\t\t<div class=\"elementor-widget-container\">\n\t\t\t\t\t\t\t\t\t<p>Verkkokaupan www.katrearula.com (j\u00e4ljemp\u00e4n\u00e4 verkkokauppa) omistaja on Katre Meistrikoda O\u00dc (12921739), Lossi 1a, P\u00f5ltsamaa, Viro.<\/p><p><strong>Myyntisopimuksen voimassaolo, kaupalliset tiedot ja hintatiedot<\/strong><\/p><p>Myyntiehdot koskevat tavaroiden ostamista verkkokaupasta.<\/p><p>Verkkokaupassa myyt\u00e4vien tuotteiden hinnat on ilmoitettu tuotteiden yhteydess\u00e4. Hintaan lis\u00e4t\u00e4\u00e4n toimitusmaksu. <\/p><p>Toimitusmaksu riippuu ostajan sijainnista ja toimitustavasta. Toimitusmaksu n\u00e4ytet\u00e4\u00e4n ostajalle tilausta tehdess\u00e4. <\/p><p>Tietoa tavaroista on verkkokaupassa suoraan tavaran vieress\u00e4.<\/p><p><strong>Tilauksen tekeminen<\/strong><\/p><p>Tilausta varten sinun on lis\u00e4tt\u00e4v\u00e4 haluamasi tuotteet ostoskoriin. Tilauksen tekemist\u00e4 varten sinun on t\u00e4ytett\u00e4v\u00e4 vaaditut kent\u00e4t ja valittava sopiva toimitustapa. T\u00e4m\u00e4n j\u00e4lkeen n\u00e4yt\u00f6ll\u00e4 n\u00e4kyy maksun m\u00e4\u00e4r\u00e4, joka voidaan maksaa pankkisiirrolla tai muulla maksutavalla.  <\/p><p>Sopimus tulee voimaan p\u00e4iv\u00e4n\u00e4, jona verkkokaupan k\u00e4ytt\u00f6tilille maksettava summa on vastaanotettu.<\/p><p>Jos tilattuja tavaroita ei voida toimittaa tavaran vanhentumisen tai muun syyn vuoksi, ostajalle ilmoitetaan asiasta mahdollisimman pian ja maksetut rahat (toimituskulut mukaan lukien) palautetaan yleens\u00e4 1-2 ty\u00f6p\u00e4iv\u00e4n kuluessa. Maksutavan mukaan maksun vastaanottaminen voi kest\u00e4\u00e4 jopa 7 ty\u00f6p\u00e4iv\u00e4\u00e4. <\/p><p><strong>Toimitus osoitteeseen<\/strong><\/p><p>Tavarat toimitetaan Australiaan, Belgiaan, Bulgariaan, Kanadaan, Kiinaan, Kroatiaan, T\u0161ekkiin, Tanskaan, Suomeen, Ranskaan, Saksaan, Kreikkaan, Unkariin, Islantiin, Irlantiin, Italiaan, Japaniin, Latviaan, Liettuaan, Luxemburgiin, Maltaan, Moldovaan, Alankomaihin, Norjaan, Puolaan, Portugaliin, Romaniaan, Slovakiaan, Espanjaan, Ruotsiin, Sveitsiin, Thaimaahan, Yhdistyneeseen Kuningaskuntaan, Yhdysvaltoihin, Ukrainaan, Valko-Ven\u00e4j\u00e4lle, Suomeen, Ruotsiin.<\/p><p>Ostaja vastaa toimituskuluista, ja vastaavat hintatiedot n\u00e4kyv\u00e4t toimitustavan yhteydess\u00e4.<\/p><p>Viron sis\u00e4iset l\u00e4hetykset saapuvat ostajan ilmoittamaan m\u00e4\u00e4r\u00e4np\u00e4\u00e4h\u00e4n yleens\u00e4 3-7 ty\u00f6p\u00e4iv\u00e4n kuluessa kauppasopimuksen voimaantulosta. Viron ulkopuolelle toimitus kest\u00e4\u00e4 7-29 kalenterip\u00e4iv\u00e4\u00e4. <\/p><p>Poikkeustapauksissa sinulla on oikeus saada tavarat toimitettua 30 kalenterip\u00e4iv\u00e4n kuluessa.<\/p><p>Jos verkkokauppa on ilmoittanut ostajalle verkkosivustolla tai tilausvahvistuksessa toimitusongelmista ja yli 30 kalenterip\u00e4iv\u00e4n m\u00e4\u00e4r\u00e4ajasta, sovelletaan verkkokaupan julkaisemaa m\u00e4\u00e4r\u00e4aikaa.<\/p><p><strong>Peruuttamisoikeus<\/strong><\/p><p>Tilauksen vastaanottamisen j\u00e4lkeen ostajalla on oikeus peruuttaa s\u00e4hk\u00f6inen sopimus 14 p\u00e4iv\u00e4n kuluessa.<\/p><p>Peruuttamisoikeutta ei sovelleta, jos ostaja on oikeushenkil\u00f6.<\/p><p>14 p\u00e4iv\u00e4n peruuttamisoikeuden k\u00e4ytt\u00e4miseksi tilattuja tavaroita ei saa k\u00e4ytt\u00e4\u00e4 muulla tavoin kuin on tarpeen tavaroiden luonteen, ominaisuuksien ja toiminnan selvitt\u00e4miseksi samalla tavalla kuin on sallittua tavaroiden testaamiseksi fyysisess\u00e4 myym\u00e4l\u00e4ss\u00e4.<\/p><p>Jos tavaroita on k\u00e4ytetty muuhun kuin tavaran luonteen, ominaisuuksien ja toiminnan selvitt\u00e4miseen tarvittavaan tarkoitukseen tai jos tavaroissa on k\u00e4yt\u00f6n tai kulumisen merkkej\u00e4, verkkokaupalla on oikeus alentaa palautettavaa maksua tavaran arvon alenemisen mukaisesti.<\/p><p>Palauttaaksesi tavarat sinun on l\u00e4hetett\u00e4v\u00e4 peruutuslomake ja l\u00e4hetett\u00e4v\u00e4 se s\u00e4hk\u00f6postiosoitteeseemme viimeist\u00e4\u00e4n 14 p\u00e4iv\u00e4n kuluessa tavaroiden vastaanottamisesta.<\/p>\t\t\t\t\t\t\t\t<\/div>\n\t\t\t\t<\/div>\n\t\t\t\t<\/div>\n\t\t<div class=\"elementor-element elementor-element-b61dce0 e-con-full e-flex kitify-col-width-auto-no ignore-docs-style-no kitify-disable-relative-no e-con e-child\" data-id=\"b61dce0\" data-element_type=\"container\">\n\t\t\t\t<div class=\"elementor-element elementor-element-1ce2855 elementor-widget elementor-widget-text-editor\" data-id=\"1ce2855\" data-element_type=\"widget\" data-widget_type=\"text-editor.default\">\n\t\t\t\t<div class=\"elementor-widget-container\">\n\t\t\t\t\t\t\t\t\t<p><strong>Ostaja vastaa tavaran palauttamisesta aiheutuvista kustannuksista, paitsi jos palautuksen syyn\u00e4 on se, ett\u00e4 tavara ei vastaa tilattua (esim. se on v\u00e4\u00e4r\u00e4 tai viallinen).<\/strong><\/p><p>Ostajan on palautettava tavarat 14 p\u00e4iv\u00e4n kuluessa hakemuksen p\u00e4iv\u00e4yksest\u00e4 tai esitett\u00e4v\u00e4 todiste siit\u00e4, ett\u00e4 h\u00e4n on luovuttanut ne rahdinkuljettajalle kyseisen ajan kuluessa.<\/p><p>Verkkokauppa palauttaa palautetun tavaran saatuaan ostajalle v\u00e4litt\u00f6m\u00e4sti, mutta viimeist\u00e4\u00e4n 14 p\u00e4iv\u00e4n kuluessa peruuttamisen vastaanottamisesta, kaikki ostajalta sopimuksen mukaisesti saadut maksut.<\/p><p>Verkkokauppa voi kielt\u00e4yty\u00e4 palautuksesta ennen kuin se on vastaanottanut sopimuksen kohteena olevat tavarat tai ennen kuin ostaja on todistanut palauttaneensa tavarat, riippuen siit\u00e4, kumpi ajankohta on aikaisempi.<\/p><p>Jos ostaja on nimenomaisesti valinnut muun toimitustavan kuin verkkokaupan tarjoaman halvimman toimitustavan, verkkokauppa ei ole velvollinen korvaamaan kuluttajalle kustannuksia, jotka ylitt\u00e4v\u00e4t tavanomaisen toimitustavan kustannukset.<\/p><p>Verkkokaupalla on oikeus peruuttaa kauppa ja vaatia ostajalta tavaran palauttamista, jos tavaran hinta verkkokaupassa on virheest\u00e4 johtuen ilmoitettu huomattavasti alle tavaran markkinahinnan.<\/p><p><strong>Oikeus tehd\u00e4 valitus<\/strong><\/p><p>Verkkokauppa on vastuussa ostajalle myydyn tavaran virheest\u00e4 tai puutteesta, joka oli olemassa jo toimitushetkell\u00e4 ja joka ilmenee enint\u00e4\u00e4n kahden vuoden kuluessa siit\u00e4, kun tavara on toimitettu ostajalle. T\u00e4m\u00e4n ensimm\u00e4isen vuoden aikana siit\u00e4, kun tavara on toimitettu ostajalle, oletetaan, ett\u00e4 virhe oli olemassa jo toimitushetkell\u00e4. Verkkokaupan vastuulla on kumota t\u00e4m\u00e4 olettamus.  <\/p><p>Jos virhe ilmenee, ostajalla on oikeus ottaa yhteytt\u00e4 verkkokauppaan viimeist\u00e4\u00e4n kahden kuukauden kuluessa l\u00e4hett\u00e4m\u00e4ll\u00e4 s\u00e4hk\u00f6postia osoitteeseen info@katrearula.com tai soittamalla numeroon +3725513147.<\/p><p>Verkkokauppa ei vastaa tavaran toimituksen j\u00e4lkeen ilmenneist\u00e4 vioista, jotka johtuvat kuluttajan toiminnasta tai toimimattomuudesta (virheellinen k\u00e4ytt\u00f6, onnettomuus jne.) tai tavanomaisesta kulumisesta, joka johtuu tavaran tavanomaisesta k\u00e4yt\u00f6st\u00e4.<\/p><p>Jos Verkkokaupasta ostetuissa tavaroissa on virheit\u00e4, joista Verkkokauppa on vastuussa, Verkkokauppa korjaa tai vaihtaa vialliset tavarat. Jos tavaran korjaaminen tai korvaaminen ei ole mahdollista, Verkkokauppa palauttaa ostajalle kaikki kauppasopimukseen liittyv\u00e4t maksut. <\/p><p>Verkkokaupan on vastattava kuluttajan valitukseen kirjallisesti tai kirjallisesti toistettavassa muodossa 15 p\u00e4iv\u00e4n kuluessa.<\/p><p><strong>Riitojen ratkaiseminen<\/strong><\/p><p>Jos ostajalla on verkkokauppaa koskevia valituksia, ne on l\u00e4hetett\u00e4v\u00e4 s\u00e4hk\u00f6postitse osoitteeseen info@katrearula.com tai puhelimitse numeroon +3725513147.<\/p><p>Jos ostaja ja verkkokauppa eiv\u00e4t pysty ratkaisemaan riitaa sopimuksella, ostaja voi k\u00e4\u00e4nty\u00e4 kuluttajariitalautakunnan puoleen. Kuluttajariitalautakunta on toimivaltainen ratkaisemaan ostajan ja verkkokaupan v\u00e4lisest\u00e4 sopimuksesta johtuvat riidat. Ostajan valituksen tutkiminen komissiossa on maksutonta.  <\/p><p>Ostaja voi k\u00e4\u00e4nty\u00e4 Euroopan unionin kuluttajariitojen ratkaisufoorumin puoleen.<\/p>\t\t\t\t\t\t\t\t<\/div>\n\t\t\t\t<\/div>\n\t\t\t\t<\/div>\n\t\t\t\t\t<\/div>\n\t\t\t\t<\/div>\n\t\t\t\t<\/div>\n\t\t","protected":false},"excerpt":{"rendered":"<p>Default Kit Verkkokaupan www.katrearula.com (j\u00e4ljemp\u00e4n\u00e4 verkkokauppa) omistaja on Katre Meistrikoda O\u00dc (12921739), Lossi 1a, P\u00f5ltsamaa, Viro. Myyntisopimuksen voimassaolo, kaupalliset tiedot ja hintatiedot Myyntiehdot koskevat tavaroiden ostamista verkkokaupasta. Verkkokaupassa myyt\u00e4vien tuotteiden hinnat on ilmoitettu tuotteiden yhteydess\u00e4. Hintaan lis\u00e4t\u00e4\u00e4n toimitusmaksu. Toimitusmaksu riippuu ostajan sijainnista ja toimitustavasta. Toimitusmaksu n\u00e4ytet\u00e4\u00e4n ostajalle tilausta tehdess\u00e4. Tietoa tavaroista on verkkokaupassa suoraan tavaran vieress\u00e4. Tilauksen tekeminen Tilausta varten\u2026<\/p>\n","protected":false},"author":1,"featured_media":11678,"parent":0,"menu_order":0,"comment_status":"closed","ping_status":"open","template":"","meta":{"pgc_sgb_lightbox_settings":"","footnotes":""},"class_list":["post-14698","page","type-page","status-publish","has-post-thumbnail","hentry"],"yoast_head":"<!-- This site is optimized with the Yoast SEO plugin v26.6 - https:\/\/yoast.com\/wordpress\/plugins\/seo\/ -->\n<title>Myyntiehdot - Katr\u00e9<\/title>\n<meta name=\"description\" content=\"Katso ehdot ja edellytykset. Saat yleiskatsauksen tuotteidemme ostamista ja myymist\u00e4 ohjaaviin ehtoihimme. Lue lis\u00e4\u00e4 toimitusajoista, palautusehdoista, takuusta ja muista t\u00e4rkeist\u00e4 seikoista. Tutustu l\u00e4pin\u00e4kyviin myyntiehtoihimme ja tee tietoon perustuvia ostop\u00e4\u00e4t\u00f6ksi\u00e4 virolaisen k\u00e4sintehdyn muotisuunnittelun alalla.\" \/>\n<meta name=\"robots\" content=\"index, follow, max-snippet:-1, max-image-preview:large, max-video-preview:-1\" \/>\n<link rel=\"canonical\" href=\"https:\/\/katrearula.com\/fi\/myyntiehdot\/\" \/>\n<meta property=\"og:locale\" content=\"fi_FI\" \/>\n<meta property=\"og:type\" content=\"article\" \/>\n<meta property=\"og:title\" content=\"Myyntiehdot - Katr\u00e9\" \/>\n<meta property=\"og:description\" content=\"Katso ehdot ja edellytykset. Saat yleiskatsauksen tuotteidemme ostamista ja myymist\u00e4 ohjaaviin ehtoihimme. Lue lis\u00e4\u00e4 toimitusajoista, palautusehdoista, takuusta ja muista t\u00e4rkeist\u00e4 seikoista. Tutustu l\u00e4pin\u00e4kyviin myyntiehtoihimme ja tee tietoon perustuvia ostop\u00e4\u00e4t\u00f6ksi\u00e4 virolaisen k\u00e4sintehdyn muotisuunnittelun alalla.\" \/>\n<meta property=\"og:url\" content=\"https:\/\/katrearula.com\/fi\/myyntiehdot\/\" \/>\n<meta property=\"og:site_name\" content=\"Katr\u00e9\" \/>\n<meta property=\"article:publisher\" content=\"https:\/\/www.facebook.com\/KatreArulaMeistrikoda\" \/>\n<meta property=\"article:modified_time\" content=\"2025-05-19T17:21:42+00:00\" \/>\n<meta property=\"og:image\" content=\"https:\/\/katrearula.com\/wp-content\/uploads\/2021\/11\/www.katrearula.com_.jpg\" \/>\n\t<meta property=\"og:image:width\" content=\"380\" \/>\n\t<meta property=\"og:image:height\" content=\"254\" \/>\n\t<meta property=\"og:image:type\" content=\"image\/jpeg\" \/>\n<meta name=\"twitter:card\" content=\"summary_large_image\" \/>\n<meta name=\"twitter:label1\" content=\"Arvioitu lukuaika\" \/>\n\t<meta name=\"twitter:data1\" content=\"4 minuuttia\" \/>\n<script type=\"application\/ld+json\" class=\"yoast-schema-graph\">{\"@context\":\"https:\/\/schema.org\",\"@graph\":[{\"@type\":\"WebPage\",\"@id\":\"https:\/\/katrearula.com\/fi\/myyntiehdot\/\",\"url\":\"https:\/\/katrearula.com\/fi\/myyntiehdot\/\",\"name\":\"Myyntiehdot - Katr\u00e9\",\"isPartOf\":{\"@id\":\"https:\/\/katrearula.com\/#website\"},\"primaryImageOfPage\":{\"@id\":\"https:\/\/katrearula.com\/fi\/myyntiehdot\/#primaryimage\"},\"image\":{\"@id\":\"https:\/\/katrearula.com\/fi\/myyntiehdot\/#primaryimage\"},\"thumbnailUrl\":\"https:\/\/katrearula.com\/wp-content\/uploads\/2021\/11\/www.katrearula.com_.jpg\",\"datePublished\":\"2022-08-29T09:46:40+00:00\",\"dateModified\":\"2025-05-19T17:21:42+00:00\",\"description\":\"Katso ehdot ja edellytykset. Saat yleiskatsauksen tuotteidemme ostamista ja myymist\u00e4 ohjaaviin ehtoihimme. Lue lis\u00e4\u00e4 toimitusajoista, palautusehdoista, takuusta ja muista t\u00e4rkeist\u00e4 seikoista. Tutustu l\u00e4pin\u00e4kyviin myyntiehtoihimme ja tee tietoon perustuvia ostop\u00e4\u00e4t\u00f6ksi\u00e4 virolaisen k\u00e4sintehdyn muotisuunnittelun alalla.\",\"breadcrumb\":{\"@id\":\"https:\/\/katrearula.com\/fi\/myyntiehdot\/#breadcrumb\"},\"inLanguage\":\"fi\",\"potentialAction\":[{\"@type\":\"ReadAction\",\"target\":[\"https:\/\/katrearula.com\/fi\/myyntiehdot\/\"]}]},{\"@type\":\"ImageObject\",\"inLanguage\":\"fi\",\"@id\":\"https:\/\/katrearula.com\/fi\/myyntiehdot\/#primaryimage\",\"url\":\"https:\/\/katrearula.com\/wp-content\/uploads\/2021\/11\/www.katrearula.com_.jpg\",\"contentUrl\":\"https:\/\/katrearula.com\/wp-content\/uploads\/2021\/11\/www.katrearula.com_.jpg\",\"width\":380,\"height\":254},{\"@type\":\"BreadcrumbList\",\"@id\":\"https:\/\/katrearula.com\/fi\/myyntiehdot\/#breadcrumb\",\"itemListElement\":[{\"@type\":\"ListItem\",\"position\":1,\"name\":\"Kotiin\",\"item\":\"https:\/\/katrearula.com\/fi\/kotiin\/\"},{\"@type\":\"ListItem\",\"position\":2,\"name\":\"Myyntiehdot\"}]},{\"@type\":\"WebSite\",\"@id\":\"https:\/\/katrearula.com\/#website\",\"url\":\"https:\/\/katrearula.com\/\",\"name\":\"Katr\u00e9\",\"description\":\"Eesti disain\",\"publisher\":{\"@id\":\"https:\/\/katrearula.com\/#organization\"},\"potentialAction\":[{\"@type\":\"SearchAction\",\"target\":{\"@type\":\"EntryPoint\",\"urlTemplate\":\"https:\/\/katrearula.com\/?s={search_term_string}\"},\"query-input\":{\"@type\":\"PropertyValueSpecification\",\"valueRequired\":true,\"valueName\":\"search_term_string\"}}],\"inLanguage\":\"fi\"},{\"@type\":\"Organization\",\"@id\":\"https:\/\/katrearula.com\/#organization\",\"name\":\"Katre Meistrikoda O\u00dc\",\"url\":\"https:\/\/katrearula.com\/\",\"logo\":{\"@type\":\"ImageObject\",\"inLanguage\":\"fi\",\"@id\":\"https:\/\/katrearula.com\/#\/schema\/logo\/image\/\",\"url\":\"https:\/\/katrearula.com\/wp-content\/uploads\/2021\/11\/www.katrearula.com_.jpg\",\"contentUrl\":\"https:\/\/katrearula.com\/wp-content\/uploads\/2021\/11\/www.katrearula.com_.jpg\",\"width\":380,\"height\":254,\"caption\":\"Katre Meistrikoda O\u00dc\"},\"image\":{\"@id\":\"https:\/\/katrearula.com\/#\/schema\/logo\/image\/\"},\"sameAs\":[\"https:\/\/www.facebook.com\/KatreArulaMeistrikoda\",\"https:\/\/www.instagram.com\/katre_arula_meistrikoda\/\"]}]}<\/script>\n<!-- \/ Yoast SEO plugin. -->","yoast_head_json":{"title":"Myyntiehdot - Katr\u00e9","description":"Katso ehdot ja edellytykset. Saat yleiskatsauksen tuotteidemme ostamista ja myymist\u00e4 ohjaaviin ehtoihimme. Lue lis\u00e4\u00e4 toimitusajoista, palautusehdoista, takuusta ja muista t\u00e4rkeist\u00e4 seikoista. Tutustu l\u00e4pin\u00e4kyviin myyntiehtoihimme ja tee tietoon perustuvia ostop\u00e4\u00e4t\u00f6ksi\u00e4 virolaisen k\u00e4sintehdyn muotisuunnittelun alalla.","robots":{"index":"index","follow":"follow","max-snippet":"max-snippet:-1","max-image-preview":"max-image-preview:large","max-video-preview":"max-video-preview:-1"},"canonical":"https:\/\/katrearula.com\/fi\/myyntiehdot\/","og_locale":"fi_FI","og_type":"article","og_title":"Myyntiehdot - Katr\u00e9","og_description":"Katso ehdot ja edellytykset. Saat yleiskatsauksen tuotteidemme ostamista ja myymist\u00e4 ohjaaviin ehtoihimme. Lue lis\u00e4\u00e4 toimitusajoista, palautusehdoista, takuusta ja muista t\u00e4rkeist\u00e4 seikoista. Tutustu l\u00e4pin\u00e4kyviin myyntiehtoihimme ja tee tietoon perustuvia ostop\u00e4\u00e4t\u00f6ksi\u00e4 virolaisen k\u00e4sintehdyn muotisuunnittelun alalla.","og_url":"https:\/\/katrearula.com\/fi\/myyntiehdot\/","og_site_name":"Katr\u00e9","article_publisher":"https:\/\/www.facebook.com\/KatreArulaMeistrikoda","article_modified_time":"2025-05-19T17:21:42+00:00","og_image":[{"width":380,"height":254,"url":"https:\/\/katrearula.com\/wp-content\/uploads\/2021\/11\/www.katrearula.com_.jpg","type":"image\/jpeg"}],"twitter_card":"summary_large_image","twitter_misc":{"Arvioitu lukuaika":"4 minuuttia"},"schema":{"@context":"https:\/\/schema.org","@graph":[{"@type":"WebPage","@id":"https:\/\/katrearula.com\/fi\/myyntiehdot\/","url":"https:\/\/katrearula.com\/fi\/myyntiehdot\/","name":"Myyntiehdot - Katr\u00e9","isPartOf":{"@id":"https:\/\/katrearula.com\/#website"},"primaryImageOfPage":{"@id":"https:\/\/katrearula.com\/fi\/myyntiehdot\/#primaryimage"},"image":{"@id":"https:\/\/katrearula.com\/fi\/myyntiehdot\/#primaryimage"},"thumbnailUrl":"https:\/\/katrearula.com\/wp-content\/uploads\/2021\/11\/www.katrearula.com_.jpg","datePublished":"2022-08-29T09:46:40+00:00","dateModified":"2025-05-19T17:21:42+00:00","description":"Katso ehdot ja edellytykset. Saat yleiskatsauksen tuotteidemme ostamista ja myymist\u00e4 ohjaaviin ehtoihimme. Lue lis\u00e4\u00e4 toimitusajoista, palautusehdoista, takuusta ja muista t\u00e4rkeist\u00e4 seikoista. Tutustu l\u00e4pin\u00e4kyviin myyntiehtoihimme ja tee tietoon perustuvia ostop\u00e4\u00e4t\u00f6ksi\u00e4 virolaisen k\u00e4sintehdyn muotisuunnittelun alalla.","breadcrumb":{"@id":"https:\/\/katrearula.com\/fi\/myyntiehdot\/#breadcrumb"},"inLanguage":"fi","potentialAction":[{"@type":"ReadAction","target":["https:\/\/katrearula.com\/fi\/myyntiehdot\/"]}]},{"@type":"ImageObject","inLanguage":"fi","@id":"https:\/\/katrearula.com\/fi\/myyntiehdot\/#primaryimage","url":"https:\/\/katrearula.com\/wp-content\/uploads\/2021\/11\/www.katrearula.com_.jpg","contentUrl":"https:\/\/katrearula.com\/wp-content\/uploads\/2021\/11\/www.katrearula.com_.jpg","width":380,"height":254},{"@type":"BreadcrumbList","@id":"https:\/\/katrearula.com\/fi\/myyntiehdot\/#breadcrumb","itemListElement":[{"@type":"ListItem","position":1,"name":"Kotiin","item":"https:\/\/katrearula.com\/fi\/kotiin\/"},{"@type":"ListItem","position":2,"name":"Myyntiehdot"}]},{"@type":"WebSite","@id":"https:\/\/katrearula.com\/#website","url":"https:\/\/katrearula.com\/","name":"Katr\u00e9","description":"Eesti disain","publisher":{"@id":"https:\/\/katrearula.com\/#organization"},"potentialAction":[{"@type":"SearchAction","target":{"@type":"EntryPoint","urlTemplate":"https:\/\/katrearula.com\/?s={search_term_string}"},"query-input":{"@type":"PropertyValueSpecification","valueRequired":true,"valueName":"search_term_string"}}],"inLanguage":"fi"},{"@type":"Organization","@id":"https:\/\/katrearula.com\/#organization","name":"Katre Meistrikoda O\u00dc","url":"https:\/\/katrearula.com\/","logo":{"@type":"ImageObject","inLanguage":"fi","@id":"https:\/\/katrearula.com\/#\/schema\/logo\/image\/","url":"https:\/\/katrearula.com\/wp-content\/uploads\/2021\/11\/www.katrearula.com_.jpg","contentUrl":"https:\/\/katrearula.com\/wp-content\/uploads\/2021\/11\/www.katrearula.com_.jpg","width":380,"height":254,"caption":"Katre Meistrikoda O\u00dc"},"image":{"@id":"https:\/\/katrearula.com\/#\/schema\/logo\/image\/"},"sameAs":["https:\/\/www.facebook.com\/KatreArulaMeistrikoda","https:\/\/www.instagram.com\/katre_arula_meistrikoda\/"]}]}},"jetpack_sharing_enabled":true,"_links":{"self":[{"href":"https:\/\/katrearula.com\/fi\/wp-json\/wp\/v2\/pages\/14698","targetHints":{"allow":["GET"]}}],"collection":[{"href":"https:\/\/katrearula.com\/fi\/wp-json\/wp\/v2\/pages"}],"about":[{"href":"https:\/\/katrearula.com\/fi\/wp-json\/wp\/v2\/types\/page"}],"author":[{"embeddable":true,"href":"https:\/\/katrearula.com\/fi\/wp-json\/wp\/v2\/users\/1"}],"replies":[{"embeddable":true,"href":"https:\/\/katrearula.com\/fi\/wp-json\/wp\/v2\/comments?post=14698"}],"version-history":[{"count":1,"href":"https:\/\/katrearula.com\/fi\/wp-json\/wp\/v2\/pages\/14698\/revisions"}],"predecessor-version":[{"id":14699,"href":"https:\/\/katrearula.com\/fi\/wp-json\/wp\/v2\/pages\/14698\/revisions\/14699"}],"wp:featuredmedia":[{"embeddable":true,"href":"https:\/\/katrearula.com\/fi\/wp-json\/wp\/v2\/media\/11678"}],"wp:attachment":[{"href":"https:\/\/katrearula.com\/fi\/wp-json\/wp\/v2\/media?parent=14698"}],"curies":[{"name":"wp","href":"https:\/\/api.w.org\/{rel}","templated":true}]}}