{"id":15626,"date":"2025-11-04T13:56:03","date_gmt":"2025-11-04T13:56:03","guid":{"rendered":"https:\/\/katrearula.com\/toode\/keltainen-3in1-pussi-kadriann\/"},"modified":"2025-11-04T13:56:03","modified_gmt":"2025-11-04T13:56:03","slug":"keltainen-3in1-pussi-kadriann","status":"publish","type":"product","link":"https:\/\/katrearula.com\/fi\/toode\/keltainen-3in1-pussi-kadriann\/","title":{"rendered":"Keltainen 3in1-pussi KADRIANN"},"content":{"rendered":"","protected":false},"excerpt":{"rendered":"<p data-start=\"421\" data-end=\"633\">Kevyt, mutta kest\u00e4v\u00e4. Minimalistinen, mutta persoonallinen.<br \/>\nKADRIANN on Katr\u00e9n 3in1-reppu, jota voit kantaa sel\u00e4ss\u00e4si, olallasi tai k\u00e4dess\u00e4si \u2013 juuri niin kuin p\u00e4iv\u00e4 vaatii.<br data-start=\"475\" data-end=\"478\">Laukku on valmistettu kierr\u00e4tetyst\u00e4 huonekalukankaasta, joka on kosteutta hylkiv\u00e4\u00e4, likaa hylkiv\u00e4\u00e4 ja muotonsa s\u00e4ilytt\u00e4v\u00e4\u00e4 \u2013 todellinen arkiseuralainen.<\/p>\n<p data-start=\"421\" data-end=\"633\">Rajoitettu er\u00e4, k\u00e4sintehty P\u00f5ltsamaalla.<\/p>\n","protected":false},"featured_media":15571,"comment_status":"closed","ping_status":"closed","template":"","meta":{"pgc_sgb_lightbox_settings":""},"product_brand":[],"product_cat":[230,231],"product_tag":[],"class_list":{"0":"post-15626","1":"product","2":"type-product","3":"status-publish","4":"has-post-thumbnail","6":"product_cat-3in1-laukut","7":"product_cat-laukut","9":"first","10":"instock","11":"taxable","12":"shipping-taxable","13":"purchasable","14":"product-type-simple"},"yoast_head":"<!-- This site is optimized with the Yoast SEO plugin v26.6 - https:\/\/yoast.com\/wordpress\/plugins\/seo\/ -->\n<title>Keltainen 3in1-pussi KADRIANN - Katr\u00e9<\/title>\n<meta name=\"robots\" content=\"index, follow, max-snippet:-1, max-image-preview:large, max-video-preview:-1\" \/>\n<link rel=\"canonical\" href=\"https:\/\/katrearula.com\/fi\/toode\/keltainen-3in1-pussi-kadriann\/\" \/>\n<meta property=\"og:locale\" content=\"fi_FI\" \/>\n<meta property=\"og:type\" content=\"article\" \/>\n<meta property=\"og:title\" content=\"Keltainen 3in1-pussi KADRIANN - Katr\u00e9\" \/>\n<meta property=\"og:description\" content=\"Kevyt, mutta kest\u00e4v\u00e4. Minimalistinen, mutta persoonallinen. KADRIANN on Katr\u00e9n 3in1-reppu, jota voit kantaa sel\u00e4ss\u00e4si, olallasi tai k\u00e4dess\u00e4si \u2013 juuri niin kuin p\u00e4iv\u00e4 vaatii.Laukku on valmistettu kierr\u00e4tetyst\u00e4 huonekalukankaasta, joka on kosteutta hylkiv\u00e4\u00e4, likaa hylkiv\u00e4\u00e4 ja muotonsa s\u00e4ilytt\u00e4v\u00e4\u00e4 \u2013 todellinen arkiseuralainen. Rajoitettu er\u00e4, k\u00e4sintehty P\u00f5ltsamaalla.\" \/>\n<meta property=\"og:url\" content=\"https:\/\/katrearula.com\/fi\/toode\/keltainen-3in1-pussi-kadriann\/\" \/>\n<meta property=\"og:site_name\" content=\"Katr\u00e9\" \/>\n<meta property=\"article:publisher\" content=\"https:\/\/www.facebook.com\/KatreArulaMeistrikoda\" \/>\n<meta property=\"og:image\" content=\"https:\/\/katrearula.com\/wp-content\/uploads\/2025\/11\/Kollane-3in1-kott-KADRIANN_katre-arula_1-scaled.jpg\" \/>\n\t<meta property=\"og:image:width\" content=\"1920\" \/>\n\t<meta property=\"og:image:height\" content=\"2560\" \/>\n\t<meta property=\"og:image:type\" content=\"image\/jpeg\" \/>\n<meta name=\"twitter:card\" content=\"summary_large_image\" \/>\n<script type=\"application\/ld+json\" class=\"yoast-schema-graph\">{\"@context\":\"https:\/\/schema.org\",\"@graph\":[{\"@type\":\"WebPage\",\"@id\":\"https:\/\/katrearula.com\/fi\/toode\/keltainen-3in1-pussi-kadriann\/\",\"url\":\"https:\/\/katrearula.com\/fi\/toode\/keltainen-3in1-pussi-kadriann\/\",\"name\":\"Keltainen 3in1-pussi KADRIANN - Katr\u00e9\",\"isPartOf\":{\"@id\":\"https:\/\/katrearula.com\/#website\"},\"primaryImageOfPage\":{\"@id\":\"https:\/\/katrearula.com\/fi\/toode\/keltainen-3in1-pussi-kadriann\/#primaryimage\"},\"image\":{\"@id\":\"https:\/\/katrearula.com\/fi\/toode\/keltainen-3in1-pussi-kadriann\/#primaryimage\"},\"thumbnailUrl\":\"https:\/\/katrearula.com\/wp-content\/uploads\/2025\/11\/Kollane-3in1-kott-KADRIANN_katre-arula_1-scaled.jpg\",\"datePublished\":\"2025-11-04T13:56:03+00:00\",\"breadcrumb\":{\"@id\":\"https:\/\/katrearula.com\/fi\/toode\/keltainen-3in1-pussi-kadriann\/#breadcrumb\"},\"inLanguage\":\"fi\",\"potentialAction\":[{\"@type\":\"ReadAction\",\"target\":[\"https:\/\/katrearula.com\/fi\/toode\/keltainen-3in1-pussi-kadriann\/\"]}]},{\"@type\":\"ImageObject\",\"inLanguage\":\"fi\",\"@id\":\"https:\/\/katrearula.com\/fi\/toode\/keltainen-3in1-pussi-kadriann\/#primaryimage\",\"url\":\"https:\/\/katrearula.com\/wp-content\/uploads\/2025\/11\/Kollane-3in1-kott-KADRIANN_katre-arula_1-scaled.jpg\",\"contentUrl\":\"https:\/\/katrearula.com\/wp-content\/uploads\/2025\/11\/Kollane-3in1-kott-KADRIANN_katre-arula_1-scaled.jpg\",\"width\":1920,\"height\":2560},{\"@type\":\"BreadcrumbList\",\"@id\":\"https:\/\/katrearula.com\/fi\/toode\/keltainen-3in1-pussi-kadriann\/#breadcrumb\",\"itemListElement\":[{\"@type\":\"ListItem\",\"position\":1,\"name\":\"Kotiin\",\"item\":\"https:\/\/katrearula.com\/fi\/kotiin\/\"},{\"@type\":\"ListItem\",\"position\":2,\"name\":\"Pood\",\"item\":\"https:\/\/katrearula.com\/pood\/\"},{\"@type\":\"ListItem\",\"position\":3,\"name\":\"Keltainen 3in1-pussi KADRIANN\"}]},{\"@type\":\"WebSite\",\"@id\":\"https:\/\/katrearula.com\/#website\",\"url\":\"https:\/\/katrearula.com\/\",\"name\":\"Katr\u00e9\",\"description\":\"Eesti disain\",\"publisher\":{\"@id\":\"https:\/\/katrearula.com\/#organization\"},\"potentialAction\":[{\"@type\":\"SearchAction\",\"target\":{\"@type\":\"EntryPoint\",\"urlTemplate\":\"https:\/\/katrearula.com\/?s={search_term_string}\"},\"query-input\":{\"@type\":\"PropertyValueSpecification\",\"valueRequired\":true,\"valueName\":\"search_term_string\"}}],\"inLanguage\":\"fi\"},{\"@type\":\"Organization\",\"@id\":\"https:\/\/katrearula.com\/#organization\",\"name\":\"Katre Meistrikoda O\u00dc\",\"url\":\"https:\/\/katrearula.com\/\",\"logo\":{\"@type\":\"ImageObject\",\"inLanguage\":\"fi\",\"@id\":\"https:\/\/katrearula.com\/#\/schema\/logo\/image\/\",\"url\":\"https:\/\/katrearula.com\/wp-content\/uploads\/2021\/11\/www.katrearula.com_.jpg\",\"contentUrl\":\"https:\/\/katrearula.com\/wp-content\/uploads\/2021\/11\/www.katrearula.com_.jpg\",\"width\":380,\"height\":254,\"caption\":\"Katre Meistrikoda O\u00dc\"},\"image\":{\"@id\":\"https:\/\/katrearula.com\/#\/schema\/logo\/image\/\"},\"sameAs\":[\"https:\/\/www.facebook.com\/KatreArulaMeistrikoda\",\"https:\/\/www.instagram.com\/katre_arula_meistrikoda\/\"]}]}<\/script>\n<!-- \/ Yoast SEO plugin. -->","yoast_head_json":{"title":"Keltainen 3in1-pussi KADRIANN - Katr\u00e9","robots":{"index":"index","follow":"follow","max-snippet":"max-snippet:-1","max-image-preview":"max-image-preview:large","max-video-preview":"max-video-preview:-1"},"canonical":"https:\/\/katrearula.com\/fi\/toode\/keltainen-3in1-pussi-kadriann\/","og_locale":"fi_FI","og_type":"article","og_title":"Keltainen 3in1-pussi KADRIANN - Katr\u00e9","og_description":"Kevyt, mutta kest\u00e4v\u00e4. Minimalistinen, mutta persoonallinen. KADRIANN on Katr\u00e9n 3in1-reppu, jota voit kantaa sel\u00e4ss\u00e4si, olallasi tai k\u00e4dess\u00e4si \u2013 juuri niin kuin p\u00e4iv\u00e4 vaatii.Laukku on valmistettu kierr\u00e4tetyst\u00e4 huonekalukankaasta, joka on kosteutta hylkiv\u00e4\u00e4, likaa hylkiv\u00e4\u00e4 ja muotonsa s\u00e4ilytt\u00e4v\u00e4\u00e4 \u2013 todellinen arkiseuralainen. Rajoitettu er\u00e4, k\u00e4sintehty P\u00f5ltsamaalla.","og_url":"https:\/\/katrearula.com\/fi\/toode\/keltainen-3in1-pussi-kadriann\/","og_site_name":"Katr\u00e9","article_publisher":"https:\/\/www.facebook.com\/KatreArulaMeistrikoda","og_image":[{"width":1920,"height":2560,"url":"https:\/\/katrearula.com\/wp-content\/uploads\/2025\/11\/Kollane-3in1-kott-KADRIANN_katre-arula_1-scaled.jpg","type":"image\/jpeg"}],"twitter_card":"summary_large_image","schema":{"@context":"https:\/\/schema.org","@graph":[{"@type":"WebPage","@id":"https:\/\/katrearula.com\/fi\/toode\/keltainen-3in1-pussi-kadriann\/","url":"https:\/\/katrearula.com\/fi\/toode\/keltainen-3in1-pussi-kadriann\/","name":"Keltainen 3in1-pussi KADRIANN - Katr\u00e9","isPartOf":{"@id":"https:\/\/katrearula.com\/#website"},"primaryImageOfPage":{"@id":"https:\/\/katrearula.com\/fi\/toode\/keltainen-3in1-pussi-kadriann\/#primaryimage"},"image":{"@id":"https:\/\/katrearula.com\/fi\/toode\/keltainen-3in1-pussi-kadriann\/#primaryimage"},"thumbnailUrl":"https:\/\/katrearula.com\/wp-content\/uploads\/2025\/11\/Kollane-3in1-kott-KADRIANN_katre-arula_1-scaled.jpg","datePublished":"2025-11-04T13:56:03+00:00","breadcrumb":{"@id":"https:\/\/katrearula.com\/fi\/toode\/keltainen-3in1-pussi-kadriann\/#breadcrumb"},"inLanguage":"fi","potentialAction":[{"@type":"ReadAction","target":["https:\/\/katrearula.com\/fi\/toode\/keltainen-3in1-pussi-kadriann\/"]}]},{"@type":"ImageObject","inLanguage":"fi","@id":"https:\/\/katrearula.com\/fi\/toode\/keltainen-3in1-pussi-kadriann\/#primaryimage","url":"https:\/\/katrearula.com\/wp-content\/uploads\/2025\/11\/Kollane-3in1-kott-KADRIANN_katre-arula_1-scaled.jpg","contentUrl":"https:\/\/katrearula.com\/wp-content\/uploads\/2025\/11\/Kollane-3in1-kott-KADRIANN_katre-arula_1-scaled.jpg","width":1920,"height":2560},{"@type":"BreadcrumbList","@id":"https:\/\/katrearula.com\/fi\/toode\/keltainen-3in1-pussi-kadriann\/#breadcrumb","itemListElement":[{"@type":"ListItem","position":1,"name":"Kotiin","item":"https:\/\/katrearula.com\/fi\/kotiin\/"},{"@type":"ListItem","position":2,"name":"Pood","item":"https:\/\/katrearula.com\/pood\/"},{"@type":"ListItem","position":3,"name":"Keltainen 3in1-pussi KADRIANN"}]},{"@type":"WebSite","@id":"https:\/\/katrearula.com\/#website","url":"https:\/\/katrearula.com\/","name":"Katr\u00e9","description":"Eesti disain","publisher":{"@id":"https:\/\/katrearula.com\/#organization"},"potentialAction":[{"@type":"SearchAction","target":{"@type":"EntryPoint","urlTemplate":"https:\/\/katrearula.com\/?s={search_term_string}"},"query-input":{"@type":"PropertyValueSpecification","valueRequired":true,"valueName":"search_term_string"}}],"inLanguage":"fi"},{"@type":"Organization","@id":"https:\/\/katrearula.com\/#organization","name":"Katre Meistrikoda O\u00dc","url":"https:\/\/katrearula.com\/","logo":{"@type":"ImageObject","inLanguage":"fi","@id":"https:\/\/katrearula.com\/#\/schema\/logo\/image\/","url":"https:\/\/katrearula.com\/wp-content\/uploads\/2021\/11\/www.katrearula.com_.jpg","contentUrl":"https:\/\/katrearula.com\/wp-content\/uploads\/2021\/11\/www.katrearula.com_.jpg","width":380,"height":254,"caption":"Katre Meistrikoda O\u00dc"},"image":{"@id":"https:\/\/katrearula.com\/#\/schema\/logo\/image\/"},"sameAs":["https:\/\/www.facebook.com\/KatreArulaMeistrikoda","https:\/\/www.instagram.com\/katre_arula_meistrikoda\/"]}]}},"jetpack_sharing_enabled":true,"_links":{"self":[{"href":"https:\/\/katrearula.com\/fi\/wp-json\/wp\/v2\/product\/15626","targetHints":{"allow":["GET"]}}],"collection":[{"href":"https:\/\/katrearula.com\/fi\/wp-json\/wp\/v2\/product"}],"about":[{"href":"https:\/\/katrearula.com\/fi\/wp-json\/wp\/v2\/types\/product"}],"replies":[{"embeddable":true,"href":"https:\/\/katrearula.com\/fi\/wp-json\/wp\/v2\/comments?post=15626"}],"wp:featuredmedia":[{"embeddable":true,"href":"https:\/\/katrearula.com\/fi\/wp-json\/wp\/v2\/media\/15571"}],"wp:attachment":[{"href":"https:\/\/katrearula.com\/fi\/wp-json\/wp\/v2\/media?parent=15626"}],"wp:term":[{"taxonomy":"product_brand","embeddable":true,"href":"https:\/\/katrearula.com\/fi\/wp-json\/wp\/v2\/product_brand?post=15626"},{"taxonomy":"product_cat","embeddable":true,"href":"https:\/\/katrearula.com\/fi\/wp-json\/wp\/v2\/product_cat?post=15626"},{"taxonomy":"product_tag","embeddable":true,"href":"https:\/\/katrearula.com\/fi\/wp-json\/wp\/v2\/product_tag?post=15626"}],"curies":[{"name":"wp","href":"https:\/\/api.w.org\/{rel}","templated":true}]}}