{"id":15627,"date":"2025-11-04T13:45:25","date_gmt":"2025-11-04T13:45:25","guid":{"rendered":"https:\/\/katrearula.com\/toode\/sininen-3in1-laukku-sofia\/"},"modified":"2025-11-04T13:45:25","modified_gmt":"2025-11-04T13:45:25","slug":"sininen-3in1-laukku-sofia","status":"publish","type":"product","link":"https:\/\/katrearula.com\/fi\/toode\/sininen-3in1-laukku-sofia\/","title":{"rendered":"Sininen 3in1-laukku SOFIA"},"content":{"rendered":"","protected":false},"excerpt":{"rendered":"<p>SOFIA on Katre Arulan luoma 3in1-laukku, jota voi k\u00e4ytt\u00e4\u00e4 reppuna, olkalaukkuna tai k\u00e4silaukkuna.<br data-start=\"262\" data-end=\"265\">Laukku on valmistettu huonekaluteollisuuden kangasj\u00e4tteist\u00e4 yhdist\u00e4en kierr\u00e4tyst\u00e4, hidasta muotia ja virolaista k\u00e4sity\u00f6taitoa.<br data-start=\"399\" data-end=\"402\">Klassinen tummansininen s\u00e4vy ja geometrinen tekstuuri luovat pohjoismaisen minimalistisen ilmeen, jota t\u00e4ydent\u00e4\u00e4 kirjailijan pikselinen ruusuaihe \u2013 pieni mutta persoonallinen yksityiskohta.<\/p>\n","protected":false},"featured_media":15551,"comment_status":"closed","ping_status":"closed","template":"","meta":{"pgc_sgb_lightbox_settings":""},"product_brand":[],"product_cat":[230,231],"product_tag":[],"class_list":{"0":"post-15627","1":"product","2":"type-product","3":"status-publish","4":"has-post-thumbnail","6":"product_cat-3in1-laukut","7":"product_cat-laukut","9":"first","10":"instock","11":"taxable","12":"shipping-taxable","13":"purchasable","14":"product-type-simple"},"yoast_head":"<!-- This site is optimized with the Yoast SEO plugin v26.6 - https:\/\/yoast.com\/wordpress\/plugins\/seo\/ -->\n<title>Sininen 3in1-laukku SOFIA - Katr\u00e9<\/title>\n<meta name=\"robots\" content=\"index, follow, max-snippet:-1, max-image-preview:large, max-video-preview:-1\" \/>\n<link rel=\"canonical\" href=\"https:\/\/katrearula.com\/fi\/toode\/sininen-3in1-laukku-sofia\/\" \/>\n<meta property=\"og:locale\" content=\"fi_FI\" \/>\n<meta property=\"og:type\" content=\"article\" \/>\n<meta property=\"og:title\" content=\"Sininen 3in1-laukku SOFIA - Katr\u00e9\" \/>\n<meta property=\"og:description\" content=\"SOFIA on Katre Arulan luoma 3in1-laukku, jota voi k\u00e4ytt\u00e4\u00e4 reppuna, olkalaukkuna tai k\u00e4silaukkuna.Laukku on valmistettu huonekaluteollisuuden kangasj\u00e4tteist\u00e4 yhdist\u00e4en kierr\u00e4tyst\u00e4, hidasta muotia ja virolaista k\u00e4sity\u00f6taitoa.Klassinen tummansininen s\u00e4vy ja geometrinen tekstuuri luovat pohjoismaisen minimalistisen ilmeen, jota t\u00e4ydent\u00e4\u00e4 kirjailijan pikselinen ruusuaihe \u2013 pieni mutta persoonallinen yksityiskohta.\" \/>\n<meta property=\"og:url\" content=\"https:\/\/katrearula.com\/fi\/toode\/sininen-3in1-laukku-sofia\/\" \/>\n<meta property=\"og:site_name\" content=\"Katr\u00e9\" \/>\n<meta property=\"article:publisher\" content=\"https:\/\/www.facebook.com\/KatreArulaMeistrikoda\" \/>\n<meta property=\"og:image\" content=\"https:\/\/katrearula.com\/wp-content\/uploads\/2025\/11\/Sinine-3in1-kott-SOFIA_katre-arula_1-scaled.jpg\" \/>\n\t<meta property=\"og:image:width\" content=\"1920\" \/>\n\t<meta property=\"og:image:height\" content=\"2560\" \/>\n\t<meta property=\"og:image:type\" content=\"image\/jpeg\" \/>\n<meta name=\"twitter:card\" content=\"summary_large_image\" \/>\n<script type=\"application\/ld+json\" class=\"yoast-schema-graph\">{\"@context\":\"https:\/\/schema.org\",\"@graph\":[{\"@type\":\"WebPage\",\"@id\":\"https:\/\/katrearula.com\/fi\/toode\/sininen-3in1-laukku-sofia\/\",\"url\":\"https:\/\/katrearula.com\/fi\/toode\/sininen-3in1-laukku-sofia\/\",\"name\":\"Sininen 3in1-laukku SOFIA - Katr\u00e9\",\"isPartOf\":{\"@id\":\"https:\/\/katrearula.com\/#website\"},\"primaryImageOfPage\":{\"@id\":\"https:\/\/katrearula.com\/fi\/toode\/sininen-3in1-laukku-sofia\/#primaryimage\"},\"image\":{\"@id\":\"https:\/\/katrearula.com\/fi\/toode\/sininen-3in1-laukku-sofia\/#primaryimage\"},\"thumbnailUrl\":\"https:\/\/katrearula.com\/wp-content\/uploads\/2025\/11\/Sinine-3in1-kott-SOFIA_katre-arula_1-scaled.jpg\",\"datePublished\":\"2025-11-04T13:45:25+00:00\",\"breadcrumb\":{\"@id\":\"https:\/\/katrearula.com\/fi\/toode\/sininen-3in1-laukku-sofia\/#breadcrumb\"},\"inLanguage\":\"fi\",\"potentialAction\":[{\"@type\":\"ReadAction\",\"target\":[\"https:\/\/katrearula.com\/fi\/toode\/sininen-3in1-laukku-sofia\/\"]}]},{\"@type\":\"ImageObject\",\"inLanguage\":\"fi\",\"@id\":\"https:\/\/katrearula.com\/fi\/toode\/sininen-3in1-laukku-sofia\/#primaryimage\",\"url\":\"https:\/\/katrearula.com\/wp-content\/uploads\/2025\/11\/Sinine-3in1-kott-SOFIA_katre-arula_1-scaled.jpg\",\"contentUrl\":\"https:\/\/katrearula.com\/wp-content\/uploads\/2025\/11\/Sinine-3in1-kott-SOFIA_katre-arula_1-scaled.jpg\",\"width\":1920,\"height\":2560},{\"@type\":\"BreadcrumbList\",\"@id\":\"https:\/\/katrearula.com\/fi\/toode\/sininen-3in1-laukku-sofia\/#breadcrumb\",\"itemListElement\":[{\"@type\":\"ListItem\",\"position\":1,\"name\":\"Kotiin\",\"item\":\"https:\/\/katrearula.com\/fi\/kotiin\/\"},{\"@type\":\"ListItem\",\"position\":2,\"name\":\"Pood\",\"item\":\"https:\/\/katrearula.com\/pood\/\"},{\"@type\":\"ListItem\",\"position\":3,\"name\":\"Sininen 3in1-laukku SOFIA\"}]},{\"@type\":\"WebSite\",\"@id\":\"https:\/\/katrearula.com\/#website\",\"url\":\"https:\/\/katrearula.com\/\",\"name\":\"Katr\u00e9\",\"description\":\"Eesti disain\",\"publisher\":{\"@id\":\"https:\/\/katrearula.com\/#organization\"},\"potentialAction\":[{\"@type\":\"SearchAction\",\"target\":{\"@type\":\"EntryPoint\",\"urlTemplate\":\"https:\/\/katrearula.com\/?s={search_term_string}\"},\"query-input\":{\"@type\":\"PropertyValueSpecification\",\"valueRequired\":true,\"valueName\":\"search_term_string\"}}],\"inLanguage\":\"fi\"},{\"@type\":\"Organization\",\"@id\":\"https:\/\/katrearula.com\/#organization\",\"name\":\"Katre Meistrikoda O\u00dc\",\"url\":\"https:\/\/katrearula.com\/\",\"logo\":{\"@type\":\"ImageObject\",\"inLanguage\":\"fi\",\"@id\":\"https:\/\/katrearula.com\/#\/schema\/logo\/image\/\",\"url\":\"https:\/\/katrearula.com\/wp-content\/uploads\/2021\/11\/www.katrearula.com_.jpg\",\"contentUrl\":\"https:\/\/katrearula.com\/wp-content\/uploads\/2021\/11\/www.katrearula.com_.jpg\",\"width\":380,\"height\":254,\"caption\":\"Katre Meistrikoda O\u00dc\"},\"image\":{\"@id\":\"https:\/\/katrearula.com\/#\/schema\/logo\/image\/\"},\"sameAs\":[\"https:\/\/www.facebook.com\/KatreArulaMeistrikoda\",\"https:\/\/www.instagram.com\/katre_arula_meistrikoda\/\"]}]}<\/script>\n<!-- \/ Yoast SEO plugin. -->","yoast_head_json":{"title":"Sininen 3in1-laukku SOFIA - Katr\u00e9","robots":{"index":"index","follow":"follow","max-snippet":"max-snippet:-1","max-image-preview":"max-image-preview:large","max-video-preview":"max-video-preview:-1"},"canonical":"https:\/\/katrearula.com\/fi\/toode\/sininen-3in1-laukku-sofia\/","og_locale":"fi_FI","og_type":"article","og_title":"Sininen 3in1-laukku SOFIA - Katr\u00e9","og_description":"SOFIA on Katre Arulan luoma 3in1-laukku, jota voi k\u00e4ytt\u00e4\u00e4 reppuna, olkalaukkuna tai k\u00e4silaukkuna.Laukku on valmistettu huonekaluteollisuuden kangasj\u00e4tteist\u00e4 yhdist\u00e4en kierr\u00e4tyst\u00e4, hidasta muotia ja virolaista k\u00e4sity\u00f6taitoa.Klassinen tummansininen s\u00e4vy ja geometrinen tekstuuri luovat pohjoismaisen minimalistisen ilmeen, jota t\u00e4ydent\u00e4\u00e4 kirjailijan pikselinen ruusuaihe \u2013 pieni mutta persoonallinen yksityiskohta.","og_url":"https:\/\/katrearula.com\/fi\/toode\/sininen-3in1-laukku-sofia\/","og_site_name":"Katr\u00e9","article_publisher":"https:\/\/www.facebook.com\/KatreArulaMeistrikoda","og_image":[{"width":1920,"height":2560,"url":"https:\/\/katrearula.com\/wp-content\/uploads\/2025\/11\/Sinine-3in1-kott-SOFIA_katre-arula_1-scaled.jpg","type":"image\/jpeg"}],"twitter_card":"summary_large_image","schema":{"@context":"https:\/\/schema.org","@graph":[{"@type":"WebPage","@id":"https:\/\/katrearula.com\/fi\/toode\/sininen-3in1-laukku-sofia\/","url":"https:\/\/katrearula.com\/fi\/toode\/sininen-3in1-laukku-sofia\/","name":"Sininen 3in1-laukku SOFIA - Katr\u00e9","isPartOf":{"@id":"https:\/\/katrearula.com\/#website"},"primaryImageOfPage":{"@id":"https:\/\/katrearula.com\/fi\/toode\/sininen-3in1-laukku-sofia\/#primaryimage"},"image":{"@id":"https:\/\/katrearula.com\/fi\/toode\/sininen-3in1-laukku-sofia\/#primaryimage"},"thumbnailUrl":"https:\/\/katrearula.com\/wp-content\/uploads\/2025\/11\/Sinine-3in1-kott-SOFIA_katre-arula_1-scaled.jpg","datePublished":"2025-11-04T13:45:25+00:00","breadcrumb":{"@id":"https:\/\/katrearula.com\/fi\/toode\/sininen-3in1-laukku-sofia\/#breadcrumb"},"inLanguage":"fi","potentialAction":[{"@type":"ReadAction","target":["https:\/\/katrearula.com\/fi\/toode\/sininen-3in1-laukku-sofia\/"]}]},{"@type":"ImageObject","inLanguage":"fi","@id":"https:\/\/katrearula.com\/fi\/toode\/sininen-3in1-laukku-sofia\/#primaryimage","url":"https:\/\/katrearula.com\/wp-content\/uploads\/2025\/11\/Sinine-3in1-kott-SOFIA_katre-arula_1-scaled.jpg","contentUrl":"https:\/\/katrearula.com\/wp-content\/uploads\/2025\/11\/Sinine-3in1-kott-SOFIA_katre-arula_1-scaled.jpg","width":1920,"height":2560},{"@type":"BreadcrumbList","@id":"https:\/\/katrearula.com\/fi\/toode\/sininen-3in1-laukku-sofia\/#breadcrumb","itemListElement":[{"@type":"ListItem","position":1,"name":"Kotiin","item":"https:\/\/katrearula.com\/fi\/kotiin\/"},{"@type":"ListItem","position":2,"name":"Pood","item":"https:\/\/katrearula.com\/pood\/"},{"@type":"ListItem","position":3,"name":"Sininen 3in1-laukku SOFIA"}]},{"@type":"WebSite","@id":"https:\/\/katrearula.com\/#website","url":"https:\/\/katrearula.com\/","name":"Katr\u00e9","description":"Eesti disain","publisher":{"@id":"https:\/\/katrearula.com\/#organization"},"potentialAction":[{"@type":"SearchAction","target":{"@type":"EntryPoint","urlTemplate":"https:\/\/katrearula.com\/?s={search_term_string}"},"query-input":{"@type":"PropertyValueSpecification","valueRequired":true,"valueName":"search_term_string"}}],"inLanguage":"fi"},{"@type":"Organization","@id":"https:\/\/katrearula.com\/#organization","name":"Katre Meistrikoda O\u00dc","url":"https:\/\/katrearula.com\/","logo":{"@type":"ImageObject","inLanguage":"fi","@id":"https:\/\/katrearula.com\/#\/schema\/logo\/image\/","url":"https:\/\/katrearula.com\/wp-content\/uploads\/2021\/11\/www.katrearula.com_.jpg","contentUrl":"https:\/\/katrearula.com\/wp-content\/uploads\/2021\/11\/www.katrearula.com_.jpg","width":380,"height":254,"caption":"Katre Meistrikoda O\u00dc"},"image":{"@id":"https:\/\/katrearula.com\/#\/schema\/logo\/image\/"},"sameAs":["https:\/\/www.facebook.com\/KatreArulaMeistrikoda","https:\/\/www.instagram.com\/katre_arula_meistrikoda\/"]}]}},"jetpack_sharing_enabled":true,"_links":{"self":[{"href":"https:\/\/katrearula.com\/fi\/wp-json\/wp\/v2\/product\/15627","targetHints":{"allow":["GET"]}}],"collection":[{"href":"https:\/\/katrearula.com\/fi\/wp-json\/wp\/v2\/product"}],"about":[{"href":"https:\/\/katrearula.com\/fi\/wp-json\/wp\/v2\/types\/product"}],"replies":[{"embeddable":true,"href":"https:\/\/katrearula.com\/fi\/wp-json\/wp\/v2\/comments?post=15627"}],"wp:featuredmedia":[{"embeddable":true,"href":"https:\/\/katrearula.com\/fi\/wp-json\/wp\/v2\/media\/15551"}],"wp:attachment":[{"href":"https:\/\/katrearula.com\/fi\/wp-json\/wp\/v2\/media?parent=15627"}],"wp:term":[{"taxonomy":"product_brand","embeddable":true,"href":"https:\/\/katrearula.com\/fi\/wp-json\/wp\/v2\/product_brand?post=15627"},{"taxonomy":"product_cat","embeddable":true,"href":"https:\/\/katrearula.com\/fi\/wp-json\/wp\/v2\/product_cat?post=15627"},{"taxonomy":"product_tag","embeddable":true,"href":"https:\/\/katrearula.com\/fi\/wp-json\/wp\/v2\/product_tag?post=15627"}],"curies":[{"name":"wp","href":"https:\/\/api.w.org\/{rel}","templated":true}]}}