{"id":15629,"date":"2025-11-02T17:20:08","date_gmt":"2025-11-02T17:20:08","guid":{"rendered":"https:\/\/katrearula.com\/toode\/harmaa-3in1-laukku-hella\/"},"modified":"2025-11-02T17:20:08","modified_gmt":"2025-11-02T17:20:08","slug":"harmaa-3in1-laukku-hella","status":"publish","type":"product","link":"https:\/\/katrearula.com\/fi\/toode\/harmaa-3in1-laukku-hella\/","title":{"rendered":"Harmaa 3in1-laukku HELLA"},"content":{"rendered":"","protected":false},"excerpt":{"rendered":"<p data-start=\"169\" data-end=\"412\">Katr\u00e9 3in1 -laukku HELLA on suunniteltu niille, jotka arvostavat k\u00e4yt\u00e4nn\u00f6llisyytt\u00e4 ja joustavuutta. T\u00e4m\u00e4 k\u00e4sintehty laukku on todellinen monik\u00e4ytt\u00f6inen seuralainen \u2013 voit k\u00e4ytt\u00e4\u00e4 sit\u00e4 reppuna, olkalaukkuna tai k\u00e4silaukkuna p\u00e4iv\u00e4rytmist\u00e4si riippuen. <\/p>\n<p data-start=\"414\" data-end=\"635\">Kott on valminud taaskasutatud kangastest ning \u00fchendab omavahel erinevaid tekstuure ja toone, mis loovad kordumatu v\u00e4limuse. Sobib ideaalselt nii t\u00f6\u00f6p\u00e4evaks, matkaks kui ka linnaringk\u00e4iguks \u2013 vastupidav, mugav ja ajatu. <\/p>\n","protected":false},"featured_media":15512,"comment_status":"closed","ping_status":"closed","template":"","meta":{"pgc_sgb_lightbox_settings":""},"product_brand":[],"product_cat":[230,231],"product_tag":[],"class_list":{"0":"post-15629","1":"product","2":"type-product","3":"status-publish","4":"has-post-thumbnail","6":"product_cat-3in1-laukut","7":"product_cat-laukut","9":"first","10":"instock","11":"taxable","12":"shipping-taxable","13":"purchasable","14":"product-type-simple"},"yoast_head":"<!-- This site is optimized with the Yoast SEO plugin v26.6 - https:\/\/yoast.com\/wordpress\/plugins\/seo\/ -->\n<title>Harmaa 3in1-laukku HELLA - Katr\u00e9<\/title>\n<meta name=\"robots\" content=\"index, follow, max-snippet:-1, max-image-preview:large, max-video-preview:-1\" \/>\n<link rel=\"canonical\" href=\"https:\/\/katrearula.com\/fi\/toode\/harmaa-3in1-laukku-hella\/\" \/>\n<meta property=\"og:locale\" content=\"fi_FI\" \/>\n<meta property=\"og:type\" content=\"article\" \/>\n<meta property=\"og:title\" content=\"Harmaa 3in1-laukku HELLA - Katr\u00e9\" \/>\n<meta property=\"og:description\" content=\"Katr\u00e9 3in1 -laukku HELLA on suunniteltu niille, jotka arvostavat k\u00e4yt\u00e4nn\u00f6llisyytt\u00e4 ja joustavuutta. T\u00e4m\u00e4 k\u00e4sintehty laukku on todellinen monik\u00e4ytt\u00f6inen seuralainen \u2013 voit k\u00e4ytt\u00e4\u00e4 sit\u00e4 reppuna, olkalaukkuna tai k\u00e4silaukkuna p\u00e4iv\u00e4rytmist\u00e4si riippuen. Kott on valminud taaskasutatud kangastest ning \u00fchendab omavahel erinevaid tekstuure ja toone, mis loovad kordumatu v\u00e4limuse. Sobib ideaalselt nii t\u00f6\u00f6p\u00e4evaks, matkaks kui ka linnaringk\u00e4iguks \u2013 vastupidav, mugav ja ajatu.\" \/>\n<meta property=\"og:url\" content=\"https:\/\/katrearula.com\/fi\/toode\/harmaa-3in1-laukku-hella\/\" \/>\n<meta property=\"og:site_name\" content=\"Katr\u00e9\" \/>\n<meta property=\"article:publisher\" content=\"https:\/\/www.facebook.com\/KatreArulaMeistrikoda\" \/>\n<meta property=\"og:image\" content=\"https:\/\/katrearula.com\/wp-content\/uploads\/2025\/11\/Hall-3in1-kott-HELLA_katre-arula_1-scaled-e1762104368358.jpg\" \/>\n\t<meta property=\"og:image:width\" content=\"1920\" \/>\n\t<meta property=\"og:image:height\" content=\"2560\" \/>\n\t<meta property=\"og:image:type\" content=\"image\/jpeg\" \/>\n<meta name=\"twitter:card\" content=\"summary_large_image\" \/>\n<script type=\"application\/ld+json\" class=\"yoast-schema-graph\">{\"@context\":\"https:\/\/schema.org\",\"@graph\":[{\"@type\":\"WebPage\",\"@id\":\"https:\/\/katrearula.com\/fi\/toode\/harmaa-3in1-laukku-hella\/\",\"url\":\"https:\/\/katrearula.com\/fi\/toode\/harmaa-3in1-laukku-hella\/\",\"name\":\"Harmaa 3in1-laukku HELLA - Katr\u00e9\",\"isPartOf\":{\"@id\":\"https:\/\/katrearula.com\/#website\"},\"primaryImageOfPage\":{\"@id\":\"https:\/\/katrearula.com\/fi\/toode\/harmaa-3in1-laukku-hella\/#primaryimage\"},\"image\":{\"@id\":\"https:\/\/katrearula.com\/fi\/toode\/harmaa-3in1-laukku-hella\/#primaryimage\"},\"thumbnailUrl\":\"https:\/\/katrearula.com\/wp-content\/uploads\/2025\/11\/Hall-3in1-kott-HELLA_katre-arula_1-scaled-e1762104368358.jpg\",\"datePublished\":\"2025-11-02T17:20:08+00:00\",\"breadcrumb\":{\"@id\":\"https:\/\/katrearula.com\/fi\/toode\/harmaa-3in1-laukku-hella\/#breadcrumb\"},\"inLanguage\":\"fi\",\"potentialAction\":[{\"@type\":\"ReadAction\",\"target\":[\"https:\/\/katrearula.com\/fi\/toode\/harmaa-3in1-laukku-hella\/\"]}]},{\"@type\":\"ImageObject\",\"inLanguage\":\"fi\",\"@id\":\"https:\/\/katrearula.com\/fi\/toode\/harmaa-3in1-laukku-hella\/#primaryimage\",\"url\":\"https:\/\/katrearula.com\/wp-content\/uploads\/2025\/11\/Hall-3in1-kott-HELLA_katre-arula_1-scaled-e1762104368358.jpg\",\"contentUrl\":\"https:\/\/katrearula.com\/wp-content\/uploads\/2025\/11\/Hall-3in1-kott-HELLA_katre-arula_1-scaled-e1762104368358.jpg\",\"width\":1920,\"height\":2560},{\"@type\":\"BreadcrumbList\",\"@id\":\"https:\/\/katrearula.com\/fi\/toode\/harmaa-3in1-laukku-hella\/#breadcrumb\",\"itemListElement\":[{\"@type\":\"ListItem\",\"position\":1,\"name\":\"Kotiin\",\"item\":\"https:\/\/katrearula.com\/fi\/kotiin\/\"},{\"@type\":\"ListItem\",\"position\":2,\"name\":\"Pood\",\"item\":\"https:\/\/katrearula.com\/pood\/\"},{\"@type\":\"ListItem\",\"position\":3,\"name\":\"Harmaa 3in1-laukku HELLA\"}]},{\"@type\":\"WebSite\",\"@id\":\"https:\/\/katrearula.com\/#website\",\"url\":\"https:\/\/katrearula.com\/\",\"name\":\"Katr\u00e9\",\"description\":\"Eesti disain\",\"publisher\":{\"@id\":\"https:\/\/katrearula.com\/#organization\"},\"potentialAction\":[{\"@type\":\"SearchAction\",\"target\":{\"@type\":\"EntryPoint\",\"urlTemplate\":\"https:\/\/katrearula.com\/?s={search_term_string}\"},\"query-input\":{\"@type\":\"PropertyValueSpecification\",\"valueRequired\":true,\"valueName\":\"search_term_string\"}}],\"inLanguage\":\"fi\"},{\"@type\":\"Organization\",\"@id\":\"https:\/\/katrearula.com\/#organization\",\"name\":\"Katre Meistrikoda O\u00dc\",\"url\":\"https:\/\/katrearula.com\/\",\"logo\":{\"@type\":\"ImageObject\",\"inLanguage\":\"fi\",\"@id\":\"https:\/\/katrearula.com\/#\/schema\/logo\/image\/\",\"url\":\"https:\/\/katrearula.com\/wp-content\/uploads\/2021\/11\/www.katrearula.com_.jpg\",\"contentUrl\":\"https:\/\/katrearula.com\/wp-content\/uploads\/2021\/11\/www.katrearula.com_.jpg\",\"width\":380,\"height\":254,\"caption\":\"Katre Meistrikoda O\u00dc\"},\"image\":{\"@id\":\"https:\/\/katrearula.com\/#\/schema\/logo\/image\/\"},\"sameAs\":[\"https:\/\/www.facebook.com\/KatreArulaMeistrikoda\",\"https:\/\/www.instagram.com\/katre_arula_meistrikoda\/\"]}]}<\/script>\n<!-- \/ Yoast SEO plugin. -->","yoast_head_json":{"title":"Harmaa 3in1-laukku HELLA - Katr\u00e9","robots":{"index":"index","follow":"follow","max-snippet":"max-snippet:-1","max-image-preview":"max-image-preview:large","max-video-preview":"max-video-preview:-1"},"canonical":"https:\/\/katrearula.com\/fi\/toode\/harmaa-3in1-laukku-hella\/","og_locale":"fi_FI","og_type":"article","og_title":"Harmaa 3in1-laukku HELLA - Katr\u00e9","og_description":"Katr\u00e9 3in1 -laukku HELLA on suunniteltu niille, jotka arvostavat k\u00e4yt\u00e4nn\u00f6llisyytt\u00e4 ja joustavuutta. T\u00e4m\u00e4 k\u00e4sintehty laukku on todellinen monik\u00e4ytt\u00f6inen seuralainen \u2013 voit k\u00e4ytt\u00e4\u00e4 sit\u00e4 reppuna, olkalaukkuna tai k\u00e4silaukkuna p\u00e4iv\u00e4rytmist\u00e4si riippuen. Kott on valminud taaskasutatud kangastest ning \u00fchendab omavahel erinevaid tekstuure ja toone, mis loovad kordumatu v\u00e4limuse. Sobib ideaalselt nii t\u00f6\u00f6p\u00e4evaks, matkaks kui ka linnaringk\u00e4iguks \u2013 vastupidav, mugav ja ajatu.","og_url":"https:\/\/katrearula.com\/fi\/toode\/harmaa-3in1-laukku-hella\/","og_site_name":"Katr\u00e9","article_publisher":"https:\/\/www.facebook.com\/KatreArulaMeistrikoda","og_image":[{"width":1920,"height":2560,"url":"https:\/\/katrearula.com\/wp-content\/uploads\/2025\/11\/Hall-3in1-kott-HELLA_katre-arula_1-scaled-e1762104368358.jpg","type":"image\/jpeg"}],"twitter_card":"summary_large_image","schema":{"@context":"https:\/\/schema.org","@graph":[{"@type":"WebPage","@id":"https:\/\/katrearula.com\/fi\/toode\/harmaa-3in1-laukku-hella\/","url":"https:\/\/katrearula.com\/fi\/toode\/harmaa-3in1-laukku-hella\/","name":"Harmaa 3in1-laukku HELLA - Katr\u00e9","isPartOf":{"@id":"https:\/\/katrearula.com\/#website"},"primaryImageOfPage":{"@id":"https:\/\/katrearula.com\/fi\/toode\/harmaa-3in1-laukku-hella\/#primaryimage"},"image":{"@id":"https:\/\/katrearula.com\/fi\/toode\/harmaa-3in1-laukku-hella\/#primaryimage"},"thumbnailUrl":"https:\/\/katrearula.com\/wp-content\/uploads\/2025\/11\/Hall-3in1-kott-HELLA_katre-arula_1-scaled-e1762104368358.jpg","datePublished":"2025-11-02T17:20:08+00:00","breadcrumb":{"@id":"https:\/\/katrearula.com\/fi\/toode\/harmaa-3in1-laukku-hella\/#breadcrumb"},"inLanguage":"fi","potentialAction":[{"@type":"ReadAction","target":["https:\/\/katrearula.com\/fi\/toode\/harmaa-3in1-laukku-hella\/"]}]},{"@type":"ImageObject","inLanguage":"fi","@id":"https:\/\/katrearula.com\/fi\/toode\/harmaa-3in1-laukku-hella\/#primaryimage","url":"https:\/\/katrearula.com\/wp-content\/uploads\/2025\/11\/Hall-3in1-kott-HELLA_katre-arula_1-scaled-e1762104368358.jpg","contentUrl":"https:\/\/katrearula.com\/wp-content\/uploads\/2025\/11\/Hall-3in1-kott-HELLA_katre-arula_1-scaled-e1762104368358.jpg","width":1920,"height":2560},{"@type":"BreadcrumbList","@id":"https:\/\/katrearula.com\/fi\/toode\/harmaa-3in1-laukku-hella\/#breadcrumb","itemListElement":[{"@type":"ListItem","position":1,"name":"Kotiin","item":"https:\/\/katrearula.com\/fi\/kotiin\/"},{"@type":"ListItem","position":2,"name":"Pood","item":"https:\/\/katrearula.com\/pood\/"},{"@type":"ListItem","position":3,"name":"Harmaa 3in1-laukku HELLA"}]},{"@type":"WebSite","@id":"https:\/\/katrearula.com\/#website","url":"https:\/\/katrearula.com\/","name":"Katr\u00e9","description":"Eesti disain","publisher":{"@id":"https:\/\/katrearula.com\/#organization"},"potentialAction":[{"@type":"SearchAction","target":{"@type":"EntryPoint","urlTemplate":"https:\/\/katrearula.com\/?s={search_term_string}"},"query-input":{"@type":"PropertyValueSpecification","valueRequired":true,"valueName":"search_term_string"}}],"inLanguage":"fi"},{"@type":"Organization","@id":"https:\/\/katrearula.com\/#organization","name":"Katre Meistrikoda O\u00dc","url":"https:\/\/katrearula.com\/","logo":{"@type":"ImageObject","inLanguage":"fi","@id":"https:\/\/katrearula.com\/#\/schema\/logo\/image\/","url":"https:\/\/katrearula.com\/wp-content\/uploads\/2021\/11\/www.katrearula.com_.jpg","contentUrl":"https:\/\/katrearula.com\/wp-content\/uploads\/2021\/11\/www.katrearula.com_.jpg","width":380,"height":254,"caption":"Katre Meistrikoda O\u00dc"},"image":{"@id":"https:\/\/katrearula.com\/#\/schema\/logo\/image\/"},"sameAs":["https:\/\/www.facebook.com\/KatreArulaMeistrikoda","https:\/\/www.instagram.com\/katre_arula_meistrikoda\/"]}]}},"jetpack_sharing_enabled":true,"_links":{"self":[{"href":"https:\/\/katrearula.com\/fi\/wp-json\/wp\/v2\/product\/15629","targetHints":{"allow":["GET"]}}],"collection":[{"href":"https:\/\/katrearula.com\/fi\/wp-json\/wp\/v2\/product"}],"about":[{"href":"https:\/\/katrearula.com\/fi\/wp-json\/wp\/v2\/types\/product"}],"replies":[{"embeddable":true,"href":"https:\/\/katrearula.com\/fi\/wp-json\/wp\/v2\/comments?post=15629"}],"wp:featuredmedia":[{"embeddable":true,"href":"https:\/\/katrearula.com\/fi\/wp-json\/wp\/v2\/media\/15512"}],"wp:attachment":[{"href":"https:\/\/katrearula.com\/fi\/wp-json\/wp\/v2\/media?parent=15629"}],"wp:term":[{"taxonomy":"product_brand","embeddable":true,"href":"https:\/\/katrearula.com\/fi\/wp-json\/wp\/v2\/product_brand?post=15629"},{"taxonomy":"product_cat","embeddable":true,"href":"https:\/\/katrearula.com\/fi\/wp-json\/wp\/v2\/product_cat?post=15629"},{"taxonomy":"product_tag","embeddable":true,"href":"https:\/\/katrearula.com\/fi\/wp-json\/wp\/v2\/product_tag?post=15629"}],"curies":[{"name":"wp","href":"https:\/\/api.w.org\/{rel}","templated":true}]}}