{"id":15631,"date":"2025-11-02T17:01:49","date_gmt":"2025-11-02T17:01:49","guid":{"rendered":"https:\/\/katrearula.com\/toode\/musta-olkalaukku-adeliina\/"},"modified":"2025-11-02T17:01:49","modified_gmt":"2025-11-02T17:01:49","slug":"musta-olkalaukku-adeliina","status":"publish","type":"product","link":"https:\/\/katrearula.com\/fi\/toode\/musta-olkalaukku-adeliina\/","title":{"rendered":"Musta olkalaukku ADELIINA"},"content":{"rendered":"","protected":false},"excerpt":{"rendered":"<p data-start=\"248\" data-end=\"478\">ADELIINA on ajaton ja elegantti musta olkalaukku, jossa yhdistyv\u00e4t Katr\u00e9n k\u00e4sity\u00f6taito, kierr\u00e4tysmateriaalit ja klassinen muoto. Laukun etupuolen piksel\u00f6ity etninen kuvio lis\u00e4\u00e4 laukun luonnetta, mutta pysyy samalla hillityn tyylikk\u00e4\u00e4n\u00e4. <\/p>\n<p data-start=\"480\" data-end=\"667\">Kott on kerge, kuid mahukas \u2013 sobib h\u00e4sti nii t\u00f6\u00f6le, teatrisse kui ka igap\u00e4evaseks kandmiseks. Pikad sangad teevad selle mugavaks kaaslaseks, olgu see siis k\u00e4ekotina v\u00f5i \u00fcle \u00f5la kandes. <\/p>\n","protected":false},"featured_media":15484,"comment_status":"closed","ping_status":"closed","template":"","meta":{"pgc_sgb_lightbox_settings":""},"product_brand":[],"product_cat":[237,231],"product_tag":[],"class_list":{"0":"post-15631","1":"product","2":"type-product","3":"status-publish","4":"has-post-thumbnail","6":"product_cat-kaekotid-fi","7":"product_cat-laukut","9":"first","10":"outofstock","11":"taxable","12":"shipping-taxable","13":"purchasable","14":"product-type-simple"},"yoast_head":"<!-- This site is optimized with the Yoast SEO plugin v26.6 - https:\/\/yoast.com\/wordpress\/plugins\/seo\/ -->\n<title>Musta olkalaukku ADELIINA - Katr\u00e9<\/title>\n<meta name=\"robots\" content=\"index, follow, max-snippet:-1, max-image-preview:large, max-video-preview:-1\" \/>\n<link rel=\"canonical\" href=\"https:\/\/katrearula.com\/fi\/toode\/musta-olkalaukku-adeliina\/\" \/>\n<meta property=\"og:locale\" content=\"fi_FI\" \/>\n<meta property=\"og:type\" content=\"article\" \/>\n<meta property=\"og:title\" content=\"Musta olkalaukku ADELIINA - Katr\u00e9\" \/>\n<meta property=\"og:description\" content=\"ADELIINA on ajaton ja elegantti musta olkalaukku, jossa yhdistyv\u00e4t Katr\u00e9n k\u00e4sity\u00f6taito, kierr\u00e4tysmateriaalit ja klassinen muoto. Laukun etupuolen piksel\u00f6ity etninen kuvio lis\u00e4\u00e4 laukun luonnetta, mutta pysyy samalla hillityn tyylikk\u00e4\u00e4n\u00e4. Kott on kerge, kuid mahukas \u2013 sobib h\u00e4sti nii t\u00f6\u00f6le, teatrisse kui ka igap\u00e4evaseks kandmiseks. Pikad sangad teevad selle mugavaks kaaslaseks, olgu see siis k\u00e4ekotina v\u00f5i \u00fcle \u00f5la kandes.\" \/>\n<meta property=\"og:url\" content=\"https:\/\/katrearula.com\/fi\/toode\/musta-olkalaukku-adeliina\/\" \/>\n<meta property=\"og:site_name\" content=\"Katr\u00e9\" \/>\n<meta property=\"article:publisher\" content=\"https:\/\/www.facebook.com\/KatreArulaMeistrikoda\" \/>\n<meta property=\"og:image\" content=\"https:\/\/katrearula.com\/wp-content\/uploads\/2025\/11\/Must-olakott-ADELIINA_katre-arula_1-scaled.jpg\" \/>\n\t<meta property=\"og:image:width\" content=\"1920\" \/>\n\t<meta property=\"og:image:height\" content=\"2560\" \/>\n\t<meta property=\"og:image:type\" content=\"image\/jpeg\" \/>\n<meta name=\"twitter:card\" content=\"summary_large_image\" \/>\n<script type=\"application\/ld+json\" class=\"yoast-schema-graph\">{\"@context\":\"https:\/\/schema.org\",\"@graph\":[{\"@type\":\"WebPage\",\"@id\":\"https:\/\/katrearula.com\/fi\/toode\/musta-olkalaukku-adeliina\/\",\"url\":\"https:\/\/katrearula.com\/fi\/toode\/musta-olkalaukku-adeliina\/\",\"name\":\"Musta olkalaukku ADELIINA - Katr\u00e9\",\"isPartOf\":{\"@id\":\"https:\/\/katrearula.com\/#website\"},\"primaryImageOfPage\":{\"@id\":\"https:\/\/katrearula.com\/fi\/toode\/musta-olkalaukku-adeliina\/#primaryimage\"},\"image\":{\"@id\":\"https:\/\/katrearula.com\/fi\/toode\/musta-olkalaukku-adeliina\/#primaryimage\"},\"thumbnailUrl\":\"https:\/\/katrearula.com\/wp-content\/uploads\/2025\/11\/Must-olakott-ADELIINA_katre-arula_1-scaled.jpg\",\"datePublished\":\"2025-11-02T17:01:49+00:00\",\"breadcrumb\":{\"@id\":\"https:\/\/katrearula.com\/fi\/toode\/musta-olkalaukku-adeliina\/#breadcrumb\"},\"inLanguage\":\"fi\",\"potentialAction\":[{\"@type\":\"ReadAction\",\"target\":[\"https:\/\/katrearula.com\/fi\/toode\/musta-olkalaukku-adeliina\/\"]}]},{\"@type\":\"ImageObject\",\"inLanguage\":\"fi\",\"@id\":\"https:\/\/katrearula.com\/fi\/toode\/musta-olkalaukku-adeliina\/#primaryimage\",\"url\":\"https:\/\/katrearula.com\/wp-content\/uploads\/2025\/11\/Must-olakott-ADELIINA_katre-arula_1-scaled.jpg\",\"contentUrl\":\"https:\/\/katrearula.com\/wp-content\/uploads\/2025\/11\/Must-olakott-ADELIINA_katre-arula_1-scaled.jpg\",\"width\":1920,\"height\":2560},{\"@type\":\"BreadcrumbList\",\"@id\":\"https:\/\/katrearula.com\/fi\/toode\/musta-olkalaukku-adeliina\/#breadcrumb\",\"itemListElement\":[{\"@type\":\"ListItem\",\"position\":1,\"name\":\"Kotiin\",\"item\":\"https:\/\/katrearula.com\/fi\/kotiin\/\"},{\"@type\":\"ListItem\",\"position\":2,\"name\":\"Pood\",\"item\":\"https:\/\/katrearula.com\/pood\/\"},{\"@type\":\"ListItem\",\"position\":3,\"name\":\"Musta olkalaukku ADELIINA\"}]},{\"@type\":\"WebSite\",\"@id\":\"https:\/\/katrearula.com\/#website\",\"url\":\"https:\/\/katrearula.com\/\",\"name\":\"Katr\u00e9\",\"description\":\"Eesti disain\",\"publisher\":{\"@id\":\"https:\/\/katrearula.com\/#organization\"},\"potentialAction\":[{\"@type\":\"SearchAction\",\"target\":{\"@type\":\"EntryPoint\",\"urlTemplate\":\"https:\/\/katrearula.com\/?s={search_term_string}\"},\"query-input\":{\"@type\":\"PropertyValueSpecification\",\"valueRequired\":true,\"valueName\":\"search_term_string\"}}],\"inLanguage\":\"fi\"},{\"@type\":\"Organization\",\"@id\":\"https:\/\/katrearula.com\/#organization\",\"name\":\"Katre Meistrikoda O\u00dc\",\"url\":\"https:\/\/katrearula.com\/\",\"logo\":{\"@type\":\"ImageObject\",\"inLanguage\":\"fi\",\"@id\":\"https:\/\/katrearula.com\/#\/schema\/logo\/image\/\",\"url\":\"https:\/\/katrearula.com\/wp-content\/uploads\/2021\/11\/www.katrearula.com_.jpg\",\"contentUrl\":\"https:\/\/katrearula.com\/wp-content\/uploads\/2021\/11\/www.katrearula.com_.jpg\",\"width\":380,\"height\":254,\"caption\":\"Katre Meistrikoda O\u00dc\"},\"image\":{\"@id\":\"https:\/\/katrearula.com\/#\/schema\/logo\/image\/\"},\"sameAs\":[\"https:\/\/www.facebook.com\/KatreArulaMeistrikoda\",\"https:\/\/www.instagram.com\/katre_arula_meistrikoda\/\"]}]}<\/script>\n<!-- \/ Yoast SEO plugin. -->","yoast_head_json":{"title":"Musta olkalaukku ADELIINA - Katr\u00e9","robots":{"index":"index","follow":"follow","max-snippet":"max-snippet:-1","max-image-preview":"max-image-preview:large","max-video-preview":"max-video-preview:-1"},"canonical":"https:\/\/katrearula.com\/fi\/toode\/musta-olkalaukku-adeliina\/","og_locale":"fi_FI","og_type":"article","og_title":"Musta olkalaukku ADELIINA - Katr\u00e9","og_description":"ADELIINA on ajaton ja elegantti musta olkalaukku, jossa yhdistyv\u00e4t Katr\u00e9n k\u00e4sity\u00f6taito, kierr\u00e4tysmateriaalit ja klassinen muoto. Laukun etupuolen piksel\u00f6ity etninen kuvio lis\u00e4\u00e4 laukun luonnetta, mutta pysyy samalla hillityn tyylikk\u00e4\u00e4n\u00e4. Kott on kerge, kuid mahukas \u2013 sobib h\u00e4sti nii t\u00f6\u00f6le, teatrisse kui ka igap\u00e4evaseks kandmiseks. Pikad sangad teevad selle mugavaks kaaslaseks, olgu see siis k\u00e4ekotina v\u00f5i \u00fcle \u00f5la kandes.","og_url":"https:\/\/katrearula.com\/fi\/toode\/musta-olkalaukku-adeliina\/","og_site_name":"Katr\u00e9","article_publisher":"https:\/\/www.facebook.com\/KatreArulaMeistrikoda","og_image":[{"width":1920,"height":2560,"url":"https:\/\/katrearula.com\/wp-content\/uploads\/2025\/11\/Must-olakott-ADELIINA_katre-arula_1-scaled.jpg","type":"image\/jpeg"}],"twitter_card":"summary_large_image","schema":{"@context":"https:\/\/schema.org","@graph":[{"@type":"WebPage","@id":"https:\/\/katrearula.com\/fi\/toode\/musta-olkalaukku-adeliina\/","url":"https:\/\/katrearula.com\/fi\/toode\/musta-olkalaukku-adeliina\/","name":"Musta olkalaukku ADELIINA - Katr\u00e9","isPartOf":{"@id":"https:\/\/katrearula.com\/#website"},"primaryImageOfPage":{"@id":"https:\/\/katrearula.com\/fi\/toode\/musta-olkalaukku-adeliina\/#primaryimage"},"image":{"@id":"https:\/\/katrearula.com\/fi\/toode\/musta-olkalaukku-adeliina\/#primaryimage"},"thumbnailUrl":"https:\/\/katrearula.com\/wp-content\/uploads\/2025\/11\/Must-olakott-ADELIINA_katre-arula_1-scaled.jpg","datePublished":"2025-11-02T17:01:49+00:00","breadcrumb":{"@id":"https:\/\/katrearula.com\/fi\/toode\/musta-olkalaukku-adeliina\/#breadcrumb"},"inLanguage":"fi","potentialAction":[{"@type":"ReadAction","target":["https:\/\/katrearula.com\/fi\/toode\/musta-olkalaukku-adeliina\/"]}]},{"@type":"ImageObject","inLanguage":"fi","@id":"https:\/\/katrearula.com\/fi\/toode\/musta-olkalaukku-adeliina\/#primaryimage","url":"https:\/\/katrearula.com\/wp-content\/uploads\/2025\/11\/Must-olakott-ADELIINA_katre-arula_1-scaled.jpg","contentUrl":"https:\/\/katrearula.com\/wp-content\/uploads\/2025\/11\/Must-olakott-ADELIINA_katre-arula_1-scaled.jpg","width":1920,"height":2560},{"@type":"BreadcrumbList","@id":"https:\/\/katrearula.com\/fi\/toode\/musta-olkalaukku-adeliina\/#breadcrumb","itemListElement":[{"@type":"ListItem","position":1,"name":"Kotiin","item":"https:\/\/katrearula.com\/fi\/kotiin\/"},{"@type":"ListItem","position":2,"name":"Pood","item":"https:\/\/katrearula.com\/pood\/"},{"@type":"ListItem","position":3,"name":"Musta olkalaukku ADELIINA"}]},{"@type":"WebSite","@id":"https:\/\/katrearula.com\/#website","url":"https:\/\/katrearula.com\/","name":"Katr\u00e9","description":"Eesti disain","publisher":{"@id":"https:\/\/katrearula.com\/#organization"},"potentialAction":[{"@type":"SearchAction","target":{"@type":"EntryPoint","urlTemplate":"https:\/\/katrearula.com\/?s={search_term_string}"},"query-input":{"@type":"PropertyValueSpecification","valueRequired":true,"valueName":"search_term_string"}}],"inLanguage":"fi"},{"@type":"Organization","@id":"https:\/\/katrearula.com\/#organization","name":"Katre Meistrikoda O\u00dc","url":"https:\/\/katrearula.com\/","logo":{"@type":"ImageObject","inLanguage":"fi","@id":"https:\/\/katrearula.com\/#\/schema\/logo\/image\/","url":"https:\/\/katrearula.com\/wp-content\/uploads\/2021\/11\/www.katrearula.com_.jpg","contentUrl":"https:\/\/katrearula.com\/wp-content\/uploads\/2021\/11\/www.katrearula.com_.jpg","width":380,"height":254,"caption":"Katre Meistrikoda O\u00dc"},"image":{"@id":"https:\/\/katrearula.com\/#\/schema\/logo\/image\/"},"sameAs":["https:\/\/www.facebook.com\/KatreArulaMeistrikoda","https:\/\/www.instagram.com\/katre_arula_meistrikoda\/"]}]}},"jetpack_sharing_enabled":true,"_links":{"self":[{"href":"https:\/\/katrearula.com\/fi\/wp-json\/wp\/v2\/product\/15631","targetHints":{"allow":["GET"]}}],"collection":[{"href":"https:\/\/katrearula.com\/fi\/wp-json\/wp\/v2\/product"}],"about":[{"href":"https:\/\/katrearula.com\/fi\/wp-json\/wp\/v2\/types\/product"}],"replies":[{"embeddable":true,"href":"https:\/\/katrearula.com\/fi\/wp-json\/wp\/v2\/comments?post=15631"}],"wp:featuredmedia":[{"embeddable":true,"href":"https:\/\/katrearula.com\/fi\/wp-json\/wp\/v2\/media\/15484"}],"wp:attachment":[{"href":"https:\/\/katrearula.com\/fi\/wp-json\/wp\/v2\/media?parent=15631"}],"wp:term":[{"taxonomy":"product_brand","embeddable":true,"href":"https:\/\/katrearula.com\/fi\/wp-json\/wp\/v2\/product_brand?post=15631"},{"taxonomy":"product_cat","embeddable":true,"href":"https:\/\/katrearula.com\/fi\/wp-json\/wp\/v2\/product_cat?post=15631"},{"taxonomy":"product_tag","embeddable":true,"href":"https:\/\/katrearula.com\/fi\/wp-json\/wp\/v2\/product_tag?post=15631"}],"curies":[{"name":"wp","href":"https:\/\/api.w.org\/{rel}","templated":true}]}}