{"id":15632,"date":"2025-11-02T16:43:41","date_gmt":"2025-11-02T16:43:41","guid":{"rendered":"https:\/\/katrearula.com\/toode\/musta-olkalaukku-rumba\/"},"modified":"2025-12-03T09:24:18","modified_gmt":"2025-12-03T09:24:18","slug":"musta-olkalaukku-rumba","status":"publish","type":"product","link":"https:\/\/katrearula.com\/fi\/toode\/musta-olkalaukku-rumba\/","title":{"rendered":"Musta olkalaukku RUMBA"},"content":{"rendered":"","protected":false},"excerpt":{"rendered":"<p>RUMBA on ainoa malli, jossa on heijastin. Laukun heijastavat yksityiskohdat lis\u00e4\u00e4v\u00e4t my\u00f6s turvallisuutta s\u00e4ilytt\u00e4en samalla laukun minimalistisen ja elegantin ulkon\u00e4\u00f6n.<\/p>\n<p>Laukku on kevyt mutta tilava \u2013 siihen mahtuvat mukavasti ty\u00f6v\u00e4lineet, kannettava tietokone tai arkip\u00e4iv\u00e4iset tarvikkeet. Pitk\u00e4t kahvat ja kest\u00e4v\u00e4 kangas tekev\u00e4t siit\u00e4 luotettavan kumppanin vuosiksi eteenp\u00e4in.<\/p>\n","protected":false},"featured_media":15470,"comment_status":"closed","ping_status":"closed","template":"","meta":{"pgc_sgb_lightbox_settings":""},"product_brand":[],"product_cat":[237,231],"product_tag":[],"class_list":{"0":"post-15632","1":"product","2":"type-product","3":"status-publish","4":"has-post-thumbnail","6":"product_cat-kaekotid-fi","7":"product_cat-laukut","9":"first","10":"instock","11":"taxable","12":"shipping-taxable","13":"purchasable","14":"product-type-simple"},"yoast_head":"<!-- This site is optimized with the Yoast SEO plugin v26.6 - https:\/\/yoast.com\/wordpress\/plugins\/seo\/ -->\n<title>Musta olkalaukku RUMBA - Katr\u00e9<\/title>\n<meta name=\"robots\" content=\"index, follow, max-snippet:-1, max-image-preview:large, max-video-preview:-1\" \/>\n<link rel=\"canonical\" href=\"https:\/\/katrearula.com\/fi\/toode\/musta-olkalaukku-rumba\/\" \/>\n<meta property=\"og:locale\" content=\"fi_FI\" \/>\n<meta property=\"og:type\" content=\"article\" \/>\n<meta property=\"og:title\" content=\"Musta olkalaukku RUMBA - Katr\u00e9\" \/>\n<meta property=\"og:description\" content=\"RUMBA on ainoa malli, jossa on heijastin. Laukun heijastavat yksityiskohdat lis\u00e4\u00e4v\u00e4t my\u00f6s turvallisuutta s\u00e4ilytt\u00e4en samalla laukun minimalistisen ja elegantin ulkon\u00e4\u00f6n. Laukku on kevyt mutta tilava \u2013 siihen mahtuvat mukavasti ty\u00f6v\u00e4lineet, kannettava tietokone tai arkip\u00e4iv\u00e4iset tarvikkeet. Pitk\u00e4t kahvat ja kest\u00e4v\u00e4 kangas tekev\u00e4t siit\u00e4 luotettavan kumppanin vuosiksi eteenp\u00e4in.\" \/>\n<meta property=\"og:url\" content=\"https:\/\/katrearula.com\/fi\/toode\/musta-olkalaukku-rumba\/\" \/>\n<meta property=\"og:site_name\" content=\"Katr\u00e9\" \/>\n<meta property=\"article:publisher\" content=\"https:\/\/www.facebook.com\/KatreArulaMeistrikoda\" \/>\n<meta property=\"article:modified_time\" content=\"2025-12-03T09:24:18+00:00\" \/>\n<meta property=\"og:image\" content=\"https:\/\/katrearula.com\/wp-content\/uploads\/2025\/11\/Must-olakott-RUMBA_katre-arula_4-1-scaled.jpg\" \/>\n\t<meta property=\"og:image:width\" content=\"1920\" \/>\n\t<meta property=\"og:image:height\" content=\"2560\" \/>\n\t<meta property=\"og:image:type\" content=\"image\/jpeg\" \/>\n<meta name=\"twitter:card\" content=\"summary_large_image\" \/>\n<script type=\"application\/ld+json\" class=\"yoast-schema-graph\">{\"@context\":\"https:\/\/schema.org\",\"@graph\":[{\"@type\":\"WebPage\",\"@id\":\"https:\/\/katrearula.com\/fi\/toode\/musta-olkalaukku-rumba\/\",\"url\":\"https:\/\/katrearula.com\/fi\/toode\/musta-olkalaukku-rumba\/\",\"name\":\"Musta olkalaukku RUMBA - Katr\u00e9\",\"isPartOf\":{\"@id\":\"https:\/\/katrearula.com\/#website\"},\"primaryImageOfPage\":{\"@id\":\"https:\/\/katrearula.com\/fi\/toode\/musta-olkalaukku-rumba\/#primaryimage\"},\"image\":{\"@id\":\"https:\/\/katrearula.com\/fi\/toode\/musta-olkalaukku-rumba\/#primaryimage\"},\"thumbnailUrl\":\"https:\/\/katrearula.com\/wp-content\/uploads\/2025\/11\/Must-olakott-RUMBA_katre-arula_4-1-scaled.jpg\",\"datePublished\":\"2025-11-02T16:43:41+00:00\",\"dateModified\":\"2025-12-03T09:24:18+00:00\",\"breadcrumb\":{\"@id\":\"https:\/\/katrearula.com\/fi\/toode\/musta-olkalaukku-rumba\/#breadcrumb\"},\"inLanguage\":\"fi\",\"potentialAction\":[{\"@type\":\"ReadAction\",\"target\":[\"https:\/\/katrearula.com\/fi\/toode\/musta-olkalaukku-rumba\/\"]}]},{\"@type\":\"ImageObject\",\"inLanguage\":\"fi\",\"@id\":\"https:\/\/katrearula.com\/fi\/toode\/musta-olkalaukku-rumba\/#primaryimage\",\"url\":\"https:\/\/katrearula.com\/wp-content\/uploads\/2025\/11\/Must-olakott-RUMBA_katre-arula_4-1-scaled.jpg\",\"contentUrl\":\"https:\/\/katrearula.com\/wp-content\/uploads\/2025\/11\/Must-olakott-RUMBA_katre-arula_4-1-scaled.jpg\",\"width\":1920,\"height\":2560},{\"@type\":\"BreadcrumbList\",\"@id\":\"https:\/\/katrearula.com\/fi\/toode\/musta-olkalaukku-rumba\/#breadcrumb\",\"itemListElement\":[{\"@type\":\"ListItem\",\"position\":1,\"name\":\"Kotiin\",\"item\":\"https:\/\/katrearula.com\/fi\/kotiin\/\"},{\"@type\":\"ListItem\",\"position\":2,\"name\":\"Pood\",\"item\":\"https:\/\/katrearula.com\/pood\/\"},{\"@type\":\"ListItem\",\"position\":3,\"name\":\"Musta olkalaukku RUMBA\"}]},{\"@type\":\"WebSite\",\"@id\":\"https:\/\/katrearula.com\/#website\",\"url\":\"https:\/\/katrearula.com\/\",\"name\":\"Katr\u00e9\",\"description\":\"Eesti disain\",\"publisher\":{\"@id\":\"https:\/\/katrearula.com\/#organization\"},\"potentialAction\":[{\"@type\":\"SearchAction\",\"target\":{\"@type\":\"EntryPoint\",\"urlTemplate\":\"https:\/\/katrearula.com\/?s={search_term_string}\"},\"query-input\":{\"@type\":\"PropertyValueSpecification\",\"valueRequired\":true,\"valueName\":\"search_term_string\"}}],\"inLanguage\":\"fi\"},{\"@type\":\"Organization\",\"@id\":\"https:\/\/katrearula.com\/#organization\",\"name\":\"Katre Meistrikoda O\u00dc\",\"url\":\"https:\/\/katrearula.com\/\",\"logo\":{\"@type\":\"ImageObject\",\"inLanguage\":\"fi\",\"@id\":\"https:\/\/katrearula.com\/#\/schema\/logo\/image\/\",\"url\":\"https:\/\/katrearula.com\/wp-content\/uploads\/2021\/11\/www.katrearula.com_.jpg\",\"contentUrl\":\"https:\/\/katrearula.com\/wp-content\/uploads\/2021\/11\/www.katrearula.com_.jpg\",\"width\":380,\"height\":254,\"caption\":\"Katre Meistrikoda O\u00dc\"},\"image\":{\"@id\":\"https:\/\/katrearula.com\/#\/schema\/logo\/image\/\"},\"sameAs\":[\"https:\/\/www.facebook.com\/KatreArulaMeistrikoda\",\"https:\/\/www.instagram.com\/katre_arula_meistrikoda\/\"]}]}<\/script>\n<!-- \/ Yoast SEO plugin. -->","yoast_head_json":{"title":"Musta olkalaukku RUMBA - Katr\u00e9","robots":{"index":"index","follow":"follow","max-snippet":"max-snippet:-1","max-image-preview":"max-image-preview:large","max-video-preview":"max-video-preview:-1"},"canonical":"https:\/\/katrearula.com\/fi\/toode\/musta-olkalaukku-rumba\/","og_locale":"fi_FI","og_type":"article","og_title":"Musta olkalaukku RUMBA - Katr\u00e9","og_description":"RUMBA on ainoa malli, jossa on heijastin. Laukun heijastavat yksityiskohdat lis\u00e4\u00e4v\u00e4t my\u00f6s turvallisuutta s\u00e4ilytt\u00e4en samalla laukun minimalistisen ja elegantin ulkon\u00e4\u00f6n. Laukku on kevyt mutta tilava \u2013 siihen mahtuvat mukavasti ty\u00f6v\u00e4lineet, kannettava tietokone tai arkip\u00e4iv\u00e4iset tarvikkeet. Pitk\u00e4t kahvat ja kest\u00e4v\u00e4 kangas tekev\u00e4t siit\u00e4 luotettavan kumppanin vuosiksi eteenp\u00e4in.","og_url":"https:\/\/katrearula.com\/fi\/toode\/musta-olkalaukku-rumba\/","og_site_name":"Katr\u00e9","article_publisher":"https:\/\/www.facebook.com\/KatreArulaMeistrikoda","article_modified_time":"2025-12-03T09:24:18+00:00","og_image":[{"width":1920,"height":2560,"url":"https:\/\/katrearula.com\/wp-content\/uploads\/2025\/11\/Must-olakott-RUMBA_katre-arula_4-1-scaled.jpg","type":"image\/jpeg"}],"twitter_card":"summary_large_image","schema":{"@context":"https:\/\/schema.org","@graph":[{"@type":"WebPage","@id":"https:\/\/katrearula.com\/fi\/toode\/musta-olkalaukku-rumba\/","url":"https:\/\/katrearula.com\/fi\/toode\/musta-olkalaukku-rumba\/","name":"Musta olkalaukku RUMBA - Katr\u00e9","isPartOf":{"@id":"https:\/\/katrearula.com\/#website"},"primaryImageOfPage":{"@id":"https:\/\/katrearula.com\/fi\/toode\/musta-olkalaukku-rumba\/#primaryimage"},"image":{"@id":"https:\/\/katrearula.com\/fi\/toode\/musta-olkalaukku-rumba\/#primaryimage"},"thumbnailUrl":"https:\/\/katrearula.com\/wp-content\/uploads\/2025\/11\/Must-olakott-RUMBA_katre-arula_4-1-scaled.jpg","datePublished":"2025-11-02T16:43:41+00:00","dateModified":"2025-12-03T09:24:18+00:00","breadcrumb":{"@id":"https:\/\/katrearula.com\/fi\/toode\/musta-olkalaukku-rumba\/#breadcrumb"},"inLanguage":"fi","potentialAction":[{"@type":"ReadAction","target":["https:\/\/katrearula.com\/fi\/toode\/musta-olkalaukku-rumba\/"]}]},{"@type":"ImageObject","inLanguage":"fi","@id":"https:\/\/katrearula.com\/fi\/toode\/musta-olkalaukku-rumba\/#primaryimage","url":"https:\/\/katrearula.com\/wp-content\/uploads\/2025\/11\/Must-olakott-RUMBA_katre-arula_4-1-scaled.jpg","contentUrl":"https:\/\/katrearula.com\/wp-content\/uploads\/2025\/11\/Must-olakott-RUMBA_katre-arula_4-1-scaled.jpg","width":1920,"height":2560},{"@type":"BreadcrumbList","@id":"https:\/\/katrearula.com\/fi\/toode\/musta-olkalaukku-rumba\/#breadcrumb","itemListElement":[{"@type":"ListItem","position":1,"name":"Kotiin","item":"https:\/\/katrearula.com\/fi\/kotiin\/"},{"@type":"ListItem","position":2,"name":"Pood","item":"https:\/\/katrearula.com\/pood\/"},{"@type":"ListItem","position":3,"name":"Musta olkalaukku RUMBA"}]},{"@type":"WebSite","@id":"https:\/\/katrearula.com\/#website","url":"https:\/\/katrearula.com\/","name":"Katr\u00e9","description":"Eesti disain","publisher":{"@id":"https:\/\/katrearula.com\/#organization"},"potentialAction":[{"@type":"SearchAction","target":{"@type":"EntryPoint","urlTemplate":"https:\/\/katrearula.com\/?s={search_term_string}"},"query-input":{"@type":"PropertyValueSpecification","valueRequired":true,"valueName":"search_term_string"}}],"inLanguage":"fi"},{"@type":"Organization","@id":"https:\/\/katrearula.com\/#organization","name":"Katre Meistrikoda O\u00dc","url":"https:\/\/katrearula.com\/","logo":{"@type":"ImageObject","inLanguage":"fi","@id":"https:\/\/katrearula.com\/#\/schema\/logo\/image\/","url":"https:\/\/katrearula.com\/wp-content\/uploads\/2021\/11\/www.katrearula.com_.jpg","contentUrl":"https:\/\/katrearula.com\/wp-content\/uploads\/2021\/11\/www.katrearula.com_.jpg","width":380,"height":254,"caption":"Katre Meistrikoda O\u00dc"},"image":{"@id":"https:\/\/katrearula.com\/#\/schema\/logo\/image\/"},"sameAs":["https:\/\/www.facebook.com\/KatreArulaMeistrikoda","https:\/\/www.instagram.com\/katre_arula_meistrikoda\/"]}]}},"jetpack_sharing_enabled":true,"_links":{"self":[{"href":"https:\/\/katrearula.com\/fi\/wp-json\/wp\/v2\/product\/15632","targetHints":{"allow":["GET"]}}],"collection":[{"href":"https:\/\/katrearula.com\/fi\/wp-json\/wp\/v2\/product"}],"about":[{"href":"https:\/\/katrearula.com\/fi\/wp-json\/wp\/v2\/types\/product"}],"replies":[{"embeddable":true,"href":"https:\/\/katrearula.com\/fi\/wp-json\/wp\/v2\/comments?post=15632"}],"wp:featuredmedia":[{"embeddable":true,"href":"https:\/\/katrearula.com\/fi\/wp-json\/wp\/v2\/media\/15470"}],"wp:attachment":[{"href":"https:\/\/katrearula.com\/fi\/wp-json\/wp\/v2\/media?parent=15632"}],"wp:term":[{"taxonomy":"product_brand","embeddable":true,"href":"https:\/\/katrearula.com\/fi\/wp-json\/wp\/v2\/product_brand?post=15632"},{"taxonomy":"product_cat","embeddable":true,"href":"https:\/\/katrearula.com\/fi\/wp-json\/wp\/v2\/product_cat?post=15632"},{"taxonomy":"product_tag","embeddable":true,"href":"https:\/\/katrearula.com\/fi\/wp-json\/wp\/v2\/product_tag?post=15632"}],"curies":[{"name":"wp","href":"https:\/\/api.w.org\/{rel}","templated":true}]}}