{"id":15634,"date":"2025-11-02T14:36:13","date_gmt":"2025-11-02T14:36:13","guid":{"rendered":"https:\/\/katrearula.com\/toode\/keltainen-pieni-laukku-roosi\/"},"modified":"2025-11-02T14:36:13","modified_gmt":"2025-11-02T14:36:13","slug":"keltainen-pieni-laukku-roosi","status":"publish","type":"product","link":"https:\/\/katrearula.com\/fi\/toode\/keltainen-pieni-laukku-roosi\/","title":{"rendered":"Keltainen pieni laukku ROOSI"},"content":{"rendered":"","protected":false},"excerpt":{"rendered":"<p>Laukku on juuri sopivan kokoinen kaiken tarvitsemasi kuljettamiseen, mutta ei kuitenkaan liikaa.<br \/>Katr\u00e9n suunnittelemat ja k\u00e4sin valmistamat pienet laukut tunnetaan monipuolisuudestaan \u200b\u200b\u2013 ne sopivat yht\u00e4 hyvin matkakumppaniksi kuin iltalaukuksi teatteriin tai konserttiin.<\/p>\n","protected":false},"featured_media":15322,"comment_status":"closed","ping_status":"closed","template":"","meta":{"pgc_sgb_lightbox_settings":""},"product_brand":[],"product_cat":[231,241],"product_tag":[240],"class_list":{"0":"post-15634","1":"product","2":"type-product","3":"status-publish","4":"has-post-thumbnail","6":"product_cat-laukut","7":"product_cat-pienet-laukut","8":"product_tag-naisille","10":"first","11":"instock","12":"taxable","13":"shipping-taxable","14":"purchasable","15":"product-type-simple"},"yoast_head":"<!-- This site is optimized with the Yoast SEO plugin v26.6 - https:\/\/yoast.com\/wordpress\/plugins\/seo\/ -->\n<title>Keltainen pieni laukku ROOSI - Katr\u00e9<\/title>\n<meta name=\"robots\" content=\"index, follow, max-snippet:-1, max-image-preview:large, max-video-preview:-1\" \/>\n<link rel=\"canonical\" href=\"https:\/\/katrearula.com\/fi\/toode\/keltainen-pieni-laukku-roosi\/\" \/>\n<meta property=\"og:locale\" content=\"fi_FI\" \/>\n<meta property=\"og:type\" content=\"article\" \/>\n<meta property=\"og:title\" content=\"Keltainen pieni laukku ROOSI - Katr\u00e9\" \/>\n<meta property=\"og:description\" content=\"Laukku on juuri sopivan kokoinen kaiken tarvitsemasi kuljettamiseen, mutta ei kuitenkaan liikaa.Katr\u00e9n suunnittelemat ja k\u00e4sin valmistamat pienet laukut tunnetaan monipuolisuudestaan \u200b\u200b\u2013 ne sopivat yht\u00e4 hyvin matkakumppaniksi kuin iltalaukuksi teatteriin tai konserttiin.\" \/>\n<meta property=\"og:url\" content=\"https:\/\/katrearula.com\/fi\/toode\/keltainen-pieni-laukku-roosi\/\" \/>\n<meta property=\"og:site_name\" content=\"Katr\u00e9\" \/>\n<meta property=\"article:publisher\" content=\"https:\/\/www.facebook.com\/KatreArulaMeistrikoda\" \/>\n<meta property=\"og:image\" content=\"https:\/\/katrearula.com\/wp-content\/uploads\/2025\/11\/kollane-vaike-kott_katre-arula_5-scaled.jpg\" \/>\n\t<meta property=\"og:image:width\" content=\"1920\" \/>\n\t<meta property=\"og:image:height\" content=\"2560\" \/>\n\t<meta property=\"og:image:type\" content=\"image\/jpeg\" \/>\n<meta name=\"twitter:card\" content=\"summary_large_image\" \/>\n<script type=\"application\/ld+json\" class=\"yoast-schema-graph\">{\"@context\":\"https:\/\/schema.org\",\"@graph\":[{\"@type\":\"WebPage\",\"@id\":\"https:\/\/katrearula.com\/fi\/toode\/keltainen-pieni-laukku-roosi\/\",\"url\":\"https:\/\/katrearula.com\/fi\/toode\/keltainen-pieni-laukku-roosi\/\",\"name\":\"Keltainen pieni laukku ROOSI - Katr\u00e9\",\"isPartOf\":{\"@id\":\"https:\/\/katrearula.com\/#website\"},\"primaryImageOfPage\":{\"@id\":\"https:\/\/katrearula.com\/fi\/toode\/keltainen-pieni-laukku-roosi\/#primaryimage\"},\"image\":{\"@id\":\"https:\/\/katrearula.com\/fi\/toode\/keltainen-pieni-laukku-roosi\/#primaryimage\"},\"thumbnailUrl\":\"https:\/\/katrearula.com\/wp-content\/uploads\/2025\/11\/kollane-vaike-kott_katre-arula_5-scaled.jpg\",\"datePublished\":\"2025-11-02T14:36:13+00:00\",\"breadcrumb\":{\"@id\":\"https:\/\/katrearula.com\/fi\/toode\/keltainen-pieni-laukku-roosi\/#breadcrumb\"},\"inLanguage\":\"fi\",\"potentialAction\":[{\"@type\":\"ReadAction\",\"target\":[\"https:\/\/katrearula.com\/fi\/toode\/keltainen-pieni-laukku-roosi\/\"]}]},{\"@type\":\"ImageObject\",\"inLanguage\":\"fi\",\"@id\":\"https:\/\/katrearula.com\/fi\/toode\/keltainen-pieni-laukku-roosi\/#primaryimage\",\"url\":\"https:\/\/katrearula.com\/wp-content\/uploads\/2025\/11\/kollane-vaike-kott_katre-arula_5-scaled.jpg\",\"contentUrl\":\"https:\/\/katrearula.com\/wp-content\/uploads\/2025\/11\/kollane-vaike-kott_katre-arula_5-scaled.jpg\",\"width\":1920,\"height\":2560},{\"@type\":\"BreadcrumbList\",\"@id\":\"https:\/\/katrearula.com\/fi\/toode\/keltainen-pieni-laukku-roosi\/#breadcrumb\",\"itemListElement\":[{\"@type\":\"ListItem\",\"position\":1,\"name\":\"Kotiin\",\"item\":\"https:\/\/katrearula.com\/fi\/kotiin\/\"},{\"@type\":\"ListItem\",\"position\":2,\"name\":\"Pood\",\"item\":\"https:\/\/katrearula.com\/pood\/\"},{\"@type\":\"ListItem\",\"position\":3,\"name\":\"Keltainen pieni laukku ROOSI\"}]},{\"@type\":\"WebSite\",\"@id\":\"https:\/\/katrearula.com\/#website\",\"url\":\"https:\/\/katrearula.com\/\",\"name\":\"Katr\u00e9\",\"description\":\"Eesti disain\",\"publisher\":{\"@id\":\"https:\/\/katrearula.com\/#organization\"},\"potentialAction\":[{\"@type\":\"SearchAction\",\"target\":{\"@type\":\"EntryPoint\",\"urlTemplate\":\"https:\/\/katrearula.com\/?s={search_term_string}\"},\"query-input\":{\"@type\":\"PropertyValueSpecification\",\"valueRequired\":true,\"valueName\":\"search_term_string\"}}],\"inLanguage\":\"fi\"},{\"@type\":\"Organization\",\"@id\":\"https:\/\/katrearula.com\/#organization\",\"name\":\"Katre Meistrikoda O\u00dc\",\"url\":\"https:\/\/katrearula.com\/\",\"logo\":{\"@type\":\"ImageObject\",\"inLanguage\":\"fi\",\"@id\":\"https:\/\/katrearula.com\/#\/schema\/logo\/image\/\",\"url\":\"https:\/\/katrearula.com\/wp-content\/uploads\/2021\/11\/www.katrearula.com_.jpg\",\"contentUrl\":\"https:\/\/katrearula.com\/wp-content\/uploads\/2021\/11\/www.katrearula.com_.jpg\",\"width\":380,\"height\":254,\"caption\":\"Katre Meistrikoda O\u00dc\"},\"image\":{\"@id\":\"https:\/\/katrearula.com\/#\/schema\/logo\/image\/\"},\"sameAs\":[\"https:\/\/www.facebook.com\/KatreArulaMeistrikoda\",\"https:\/\/www.instagram.com\/katre_arula_meistrikoda\/\"]}]}<\/script>\n<!-- \/ Yoast SEO plugin. -->","yoast_head_json":{"title":"Keltainen pieni laukku ROOSI - Katr\u00e9","robots":{"index":"index","follow":"follow","max-snippet":"max-snippet:-1","max-image-preview":"max-image-preview:large","max-video-preview":"max-video-preview:-1"},"canonical":"https:\/\/katrearula.com\/fi\/toode\/keltainen-pieni-laukku-roosi\/","og_locale":"fi_FI","og_type":"article","og_title":"Keltainen pieni laukku ROOSI - Katr\u00e9","og_description":"Laukku on juuri sopivan kokoinen kaiken tarvitsemasi kuljettamiseen, mutta ei kuitenkaan liikaa.Katr\u00e9n suunnittelemat ja k\u00e4sin valmistamat pienet laukut tunnetaan monipuolisuudestaan \u200b\u200b\u2013 ne sopivat yht\u00e4 hyvin matkakumppaniksi kuin iltalaukuksi teatteriin tai konserttiin.","og_url":"https:\/\/katrearula.com\/fi\/toode\/keltainen-pieni-laukku-roosi\/","og_site_name":"Katr\u00e9","article_publisher":"https:\/\/www.facebook.com\/KatreArulaMeistrikoda","og_image":[{"width":1920,"height":2560,"url":"https:\/\/katrearula.com\/wp-content\/uploads\/2025\/11\/kollane-vaike-kott_katre-arula_5-scaled.jpg","type":"image\/jpeg"}],"twitter_card":"summary_large_image","schema":{"@context":"https:\/\/schema.org","@graph":[{"@type":"WebPage","@id":"https:\/\/katrearula.com\/fi\/toode\/keltainen-pieni-laukku-roosi\/","url":"https:\/\/katrearula.com\/fi\/toode\/keltainen-pieni-laukku-roosi\/","name":"Keltainen pieni laukku ROOSI - Katr\u00e9","isPartOf":{"@id":"https:\/\/katrearula.com\/#website"},"primaryImageOfPage":{"@id":"https:\/\/katrearula.com\/fi\/toode\/keltainen-pieni-laukku-roosi\/#primaryimage"},"image":{"@id":"https:\/\/katrearula.com\/fi\/toode\/keltainen-pieni-laukku-roosi\/#primaryimage"},"thumbnailUrl":"https:\/\/katrearula.com\/wp-content\/uploads\/2025\/11\/kollane-vaike-kott_katre-arula_5-scaled.jpg","datePublished":"2025-11-02T14:36:13+00:00","breadcrumb":{"@id":"https:\/\/katrearula.com\/fi\/toode\/keltainen-pieni-laukku-roosi\/#breadcrumb"},"inLanguage":"fi","potentialAction":[{"@type":"ReadAction","target":["https:\/\/katrearula.com\/fi\/toode\/keltainen-pieni-laukku-roosi\/"]}]},{"@type":"ImageObject","inLanguage":"fi","@id":"https:\/\/katrearula.com\/fi\/toode\/keltainen-pieni-laukku-roosi\/#primaryimage","url":"https:\/\/katrearula.com\/wp-content\/uploads\/2025\/11\/kollane-vaike-kott_katre-arula_5-scaled.jpg","contentUrl":"https:\/\/katrearula.com\/wp-content\/uploads\/2025\/11\/kollane-vaike-kott_katre-arula_5-scaled.jpg","width":1920,"height":2560},{"@type":"BreadcrumbList","@id":"https:\/\/katrearula.com\/fi\/toode\/keltainen-pieni-laukku-roosi\/#breadcrumb","itemListElement":[{"@type":"ListItem","position":1,"name":"Kotiin","item":"https:\/\/katrearula.com\/fi\/kotiin\/"},{"@type":"ListItem","position":2,"name":"Pood","item":"https:\/\/katrearula.com\/pood\/"},{"@type":"ListItem","position":3,"name":"Keltainen pieni laukku ROOSI"}]},{"@type":"WebSite","@id":"https:\/\/katrearula.com\/#website","url":"https:\/\/katrearula.com\/","name":"Katr\u00e9","description":"Eesti disain","publisher":{"@id":"https:\/\/katrearula.com\/#organization"},"potentialAction":[{"@type":"SearchAction","target":{"@type":"EntryPoint","urlTemplate":"https:\/\/katrearula.com\/?s={search_term_string}"},"query-input":{"@type":"PropertyValueSpecification","valueRequired":true,"valueName":"search_term_string"}}],"inLanguage":"fi"},{"@type":"Organization","@id":"https:\/\/katrearula.com\/#organization","name":"Katre Meistrikoda O\u00dc","url":"https:\/\/katrearula.com\/","logo":{"@type":"ImageObject","inLanguage":"fi","@id":"https:\/\/katrearula.com\/#\/schema\/logo\/image\/","url":"https:\/\/katrearula.com\/wp-content\/uploads\/2021\/11\/www.katrearula.com_.jpg","contentUrl":"https:\/\/katrearula.com\/wp-content\/uploads\/2021\/11\/www.katrearula.com_.jpg","width":380,"height":254,"caption":"Katre Meistrikoda O\u00dc"},"image":{"@id":"https:\/\/katrearula.com\/#\/schema\/logo\/image\/"},"sameAs":["https:\/\/www.facebook.com\/KatreArulaMeistrikoda","https:\/\/www.instagram.com\/katre_arula_meistrikoda\/"]}]}},"jetpack_sharing_enabled":true,"_links":{"self":[{"href":"https:\/\/katrearula.com\/fi\/wp-json\/wp\/v2\/product\/15634","targetHints":{"allow":["GET"]}}],"collection":[{"href":"https:\/\/katrearula.com\/fi\/wp-json\/wp\/v2\/product"}],"about":[{"href":"https:\/\/katrearula.com\/fi\/wp-json\/wp\/v2\/types\/product"}],"replies":[{"embeddable":true,"href":"https:\/\/katrearula.com\/fi\/wp-json\/wp\/v2\/comments?post=15634"}],"wp:featuredmedia":[{"embeddable":true,"href":"https:\/\/katrearula.com\/fi\/wp-json\/wp\/v2\/media\/15322"}],"wp:attachment":[{"href":"https:\/\/katrearula.com\/fi\/wp-json\/wp\/v2\/media?parent=15634"}],"wp:term":[{"taxonomy":"product_brand","embeddable":true,"href":"https:\/\/katrearula.com\/fi\/wp-json\/wp\/v2\/product_brand?post=15634"},{"taxonomy":"product_cat","embeddable":true,"href":"https:\/\/katrearula.com\/fi\/wp-json\/wp\/v2\/product_cat?post=15634"},{"taxonomy":"product_tag","embeddable":true,"href":"https:\/\/katrearula.com\/fi\/wp-json\/wp\/v2\/product_tag?post=15634"}],"curies":[{"name":"wp","href":"https:\/\/api.w.org\/{rel}","templated":true}]}}