{"id":15635,"date":"2025-11-02T15:01:46","date_gmt":"2025-11-02T15:01:46","guid":{"rendered":"https:\/\/katrearula.com\/toode\/punainen-pieni-laukku-roos\/"},"modified":"2025-11-02T15:01:46","modified_gmt":"2025-11-02T15:01:46","slug":"punainen-pieni-laukku-roos","status":"publish","type":"product","link":"https:\/\/katrearula.com\/fi\/toode\/punainen-pieni-laukku-roos\/","title":{"rendered":"Punainen pieni laukku ROOS"},"content":{"rendered":"","protected":false},"excerpt":{"rendered":"<p>Pieni punainen olkalaukku \u201dRoos\u201d on k\u00e4yt\u00e4nn\u00f6llinen ja katseenvangitseva valinta arkik\u00e4ytt\u00f6\u00f6n. Laukku on k\u00e4sintehty Virossa kierr\u00e4tyskankaista ja siin\u00e4 yhdistyv\u00e4t samettinen ruusukuvio tukevaan verhoilukankaan pohjaan. <\/p>\n<p>T\u00e4m\u00e4 pieni laukku on t\u00e4ydellinen niille, jotka arvostavat minimalistista mutta huomiota her\u00e4tt\u00e4v\u00e4\u00e4 asustetta. Laukkua voi kantaa olalla tai vartalon poikki \u2013 t\u00e4ydellinen t\u00f6ihin, matkoille, konserttiin tai kaupunkilomalle. <\/p>\n<p><strong>Miksi valita Katr\u00e9-laukku?<\/strong><br data-start=\"872\" data-end=\"875\">Katr\u00e9-laukut on suunniteltu kest\u00e4m\u00e4\u00e4n ja n\u00e4ytt\u00e4m\u00e4\u00e4n hyv\u00e4lt\u00e4 vuosien ajan. Jokainen laukku on ainutlaatuinen, valmistettu pieniss\u00e4 eriss\u00e4, ja se on loistava lahja jollekulle, joka arvostaa virolaista muotoilua, kest\u00e4v\u00e4\u00e4 kehityst\u00e4 ja laadukasta k\u00e4sity\u00f6taitoa. <\/p>\n","protected":false},"featured_media":15339,"comment_status":"closed","ping_status":"closed","template":"","meta":{"pgc_sgb_lightbox_settings":""},"product_brand":[],"product_cat":[231,241],"product_tag":[240],"class_list":{"0":"post-15635","1":"product","2":"type-product","3":"status-publish","4":"has-post-thumbnail","6":"product_cat-laukut","7":"product_cat-pienet-laukut","8":"product_tag-naisille","10":"first","11":"outofstock","12":"taxable","13":"shipping-taxable","14":"purchasable","15":"product-type-simple"},"yoast_head":"<!-- This site is optimized with the Yoast SEO plugin v26.6 - https:\/\/yoast.com\/wordpress\/plugins\/seo\/ -->\n<title>Punainen pieni laukku ROOS - Katr\u00e9<\/title>\n<meta name=\"robots\" content=\"index, follow, max-snippet:-1, max-image-preview:large, max-video-preview:-1\" \/>\n<link rel=\"canonical\" href=\"https:\/\/katrearula.com\/fi\/toode\/punainen-pieni-laukku-roos\/\" \/>\n<meta property=\"og:locale\" content=\"fi_FI\" \/>\n<meta property=\"og:type\" content=\"article\" \/>\n<meta property=\"og:title\" content=\"Punainen pieni laukku ROOS - Katr\u00e9\" \/>\n<meta property=\"og:description\" content=\"Pieni punainen olkalaukku \u201dRoos\u201d on k\u00e4yt\u00e4nn\u00f6llinen ja katseenvangitseva valinta arkik\u00e4ytt\u00f6\u00f6n. Laukku on k\u00e4sintehty Virossa kierr\u00e4tyskankaista ja siin\u00e4 yhdistyv\u00e4t samettinen ruusukuvio tukevaan verhoilukankaan pohjaan.  T\u00e4m\u00e4 pieni laukku on t\u00e4ydellinen niille, jotka arvostavat minimalistista mutta huomiota her\u00e4tt\u00e4v\u00e4\u00e4 asustetta. Laukkua voi kantaa olalla tai vartalon poikki \u2013 t\u00e4ydellinen t\u00f6ihin, matkoille, konserttiin tai kaupunkilomalle.  Miksi valita Katr\u00e9-laukku?Katr\u00e9-laukut on suunniteltu kest\u00e4m\u00e4\u00e4n ja n\u00e4ytt\u00e4m\u00e4\u00e4n hyv\u00e4lt\u00e4 vuosien ajan. Jokainen laukku on ainutlaatuinen, valmistettu pieniss\u00e4 eriss\u00e4, ja se on loistava lahja jollekulle, joka arvostaa virolaista muotoilua, kest\u00e4v\u00e4\u00e4 kehityst\u00e4 ja laadukasta k\u00e4sity\u00f6taitoa.\" \/>\n<meta property=\"og:url\" content=\"https:\/\/katrearula.com\/fi\/toode\/punainen-pieni-laukku-roos\/\" \/>\n<meta property=\"og:site_name\" content=\"Katr\u00e9\" \/>\n<meta property=\"article:publisher\" content=\"https:\/\/www.facebook.com\/KatreArulaMeistrikoda\" \/>\n<meta property=\"og:image\" content=\"https:\/\/katrearula.com\/wp-content\/uploads\/2025\/11\/Punane-vaike-kott-ROOS_katre-arula-scaled.jpg\" \/>\n\t<meta property=\"og:image:width\" content=\"1920\" \/>\n\t<meta property=\"og:image:height\" content=\"2560\" \/>\n\t<meta property=\"og:image:type\" content=\"image\/jpeg\" \/>\n<meta name=\"twitter:card\" content=\"summary_large_image\" \/>\n<script type=\"application\/ld+json\" class=\"yoast-schema-graph\">{\"@context\":\"https:\/\/schema.org\",\"@graph\":[{\"@type\":\"WebPage\",\"@id\":\"https:\/\/katrearula.com\/fi\/toode\/punainen-pieni-laukku-roos\/\",\"url\":\"https:\/\/katrearula.com\/fi\/toode\/punainen-pieni-laukku-roos\/\",\"name\":\"Punainen pieni laukku ROOS - Katr\u00e9\",\"isPartOf\":{\"@id\":\"https:\/\/katrearula.com\/#website\"},\"primaryImageOfPage\":{\"@id\":\"https:\/\/katrearula.com\/fi\/toode\/punainen-pieni-laukku-roos\/#primaryimage\"},\"image\":{\"@id\":\"https:\/\/katrearula.com\/fi\/toode\/punainen-pieni-laukku-roos\/#primaryimage\"},\"thumbnailUrl\":\"https:\/\/katrearula.com\/wp-content\/uploads\/2025\/11\/Punane-vaike-kott-ROOS_katre-arula-scaled.jpg\",\"datePublished\":\"2025-11-02T15:01:46+00:00\",\"breadcrumb\":{\"@id\":\"https:\/\/katrearula.com\/fi\/toode\/punainen-pieni-laukku-roos\/#breadcrumb\"},\"inLanguage\":\"fi\",\"potentialAction\":[{\"@type\":\"ReadAction\",\"target\":[\"https:\/\/katrearula.com\/fi\/toode\/punainen-pieni-laukku-roos\/\"]}]},{\"@type\":\"ImageObject\",\"inLanguage\":\"fi\",\"@id\":\"https:\/\/katrearula.com\/fi\/toode\/punainen-pieni-laukku-roos\/#primaryimage\",\"url\":\"https:\/\/katrearula.com\/wp-content\/uploads\/2025\/11\/Punane-vaike-kott-ROOS_katre-arula-scaled.jpg\",\"contentUrl\":\"https:\/\/katrearula.com\/wp-content\/uploads\/2025\/11\/Punane-vaike-kott-ROOS_katre-arula-scaled.jpg\",\"width\":1920,\"height\":2560},{\"@type\":\"BreadcrumbList\",\"@id\":\"https:\/\/katrearula.com\/fi\/toode\/punainen-pieni-laukku-roos\/#breadcrumb\",\"itemListElement\":[{\"@type\":\"ListItem\",\"position\":1,\"name\":\"Kotiin\",\"item\":\"https:\/\/katrearula.com\/fi\/kotiin\/\"},{\"@type\":\"ListItem\",\"position\":2,\"name\":\"Pood\",\"item\":\"https:\/\/katrearula.com\/pood\/\"},{\"@type\":\"ListItem\",\"position\":3,\"name\":\"Punainen pieni laukku ROOS\"}]},{\"@type\":\"WebSite\",\"@id\":\"https:\/\/katrearula.com\/#website\",\"url\":\"https:\/\/katrearula.com\/\",\"name\":\"Katr\u00e9\",\"description\":\"Eesti disain\",\"publisher\":{\"@id\":\"https:\/\/katrearula.com\/#organization\"},\"potentialAction\":[{\"@type\":\"SearchAction\",\"target\":{\"@type\":\"EntryPoint\",\"urlTemplate\":\"https:\/\/katrearula.com\/?s={search_term_string}\"},\"query-input\":{\"@type\":\"PropertyValueSpecification\",\"valueRequired\":true,\"valueName\":\"search_term_string\"}}],\"inLanguage\":\"fi\"},{\"@type\":\"Organization\",\"@id\":\"https:\/\/katrearula.com\/#organization\",\"name\":\"Katre Meistrikoda O\u00dc\",\"url\":\"https:\/\/katrearula.com\/\",\"logo\":{\"@type\":\"ImageObject\",\"inLanguage\":\"fi\",\"@id\":\"https:\/\/katrearula.com\/#\/schema\/logo\/image\/\",\"url\":\"https:\/\/katrearula.com\/wp-content\/uploads\/2021\/11\/www.katrearula.com_.jpg\",\"contentUrl\":\"https:\/\/katrearula.com\/wp-content\/uploads\/2021\/11\/www.katrearula.com_.jpg\",\"width\":380,\"height\":254,\"caption\":\"Katre Meistrikoda O\u00dc\"},\"image\":{\"@id\":\"https:\/\/katrearula.com\/#\/schema\/logo\/image\/\"},\"sameAs\":[\"https:\/\/www.facebook.com\/KatreArulaMeistrikoda\",\"https:\/\/www.instagram.com\/katre_arula_meistrikoda\/\"]}]}<\/script>\n<!-- \/ Yoast SEO plugin. -->","yoast_head_json":{"title":"Punainen pieni laukku ROOS - Katr\u00e9","robots":{"index":"index","follow":"follow","max-snippet":"max-snippet:-1","max-image-preview":"max-image-preview:large","max-video-preview":"max-video-preview:-1"},"canonical":"https:\/\/katrearula.com\/fi\/toode\/punainen-pieni-laukku-roos\/","og_locale":"fi_FI","og_type":"article","og_title":"Punainen pieni laukku ROOS - Katr\u00e9","og_description":"Pieni punainen olkalaukku \u201dRoos\u201d on k\u00e4yt\u00e4nn\u00f6llinen ja katseenvangitseva valinta arkik\u00e4ytt\u00f6\u00f6n. Laukku on k\u00e4sintehty Virossa kierr\u00e4tyskankaista ja siin\u00e4 yhdistyv\u00e4t samettinen ruusukuvio tukevaan verhoilukankaan pohjaan.  T\u00e4m\u00e4 pieni laukku on t\u00e4ydellinen niille, jotka arvostavat minimalistista mutta huomiota her\u00e4tt\u00e4v\u00e4\u00e4 asustetta. Laukkua voi kantaa olalla tai vartalon poikki \u2013 t\u00e4ydellinen t\u00f6ihin, matkoille, konserttiin tai kaupunkilomalle.  Miksi valita Katr\u00e9-laukku?Katr\u00e9-laukut on suunniteltu kest\u00e4m\u00e4\u00e4n ja n\u00e4ytt\u00e4m\u00e4\u00e4n hyv\u00e4lt\u00e4 vuosien ajan. Jokainen laukku on ainutlaatuinen, valmistettu pieniss\u00e4 eriss\u00e4, ja se on loistava lahja jollekulle, joka arvostaa virolaista muotoilua, kest\u00e4v\u00e4\u00e4 kehityst\u00e4 ja laadukasta k\u00e4sity\u00f6taitoa.","og_url":"https:\/\/katrearula.com\/fi\/toode\/punainen-pieni-laukku-roos\/","og_site_name":"Katr\u00e9","article_publisher":"https:\/\/www.facebook.com\/KatreArulaMeistrikoda","og_image":[{"width":1920,"height":2560,"url":"https:\/\/katrearula.com\/wp-content\/uploads\/2025\/11\/Punane-vaike-kott-ROOS_katre-arula-scaled.jpg","type":"image\/jpeg"}],"twitter_card":"summary_large_image","schema":{"@context":"https:\/\/schema.org","@graph":[{"@type":"WebPage","@id":"https:\/\/katrearula.com\/fi\/toode\/punainen-pieni-laukku-roos\/","url":"https:\/\/katrearula.com\/fi\/toode\/punainen-pieni-laukku-roos\/","name":"Punainen pieni laukku ROOS - Katr\u00e9","isPartOf":{"@id":"https:\/\/katrearula.com\/#website"},"primaryImageOfPage":{"@id":"https:\/\/katrearula.com\/fi\/toode\/punainen-pieni-laukku-roos\/#primaryimage"},"image":{"@id":"https:\/\/katrearula.com\/fi\/toode\/punainen-pieni-laukku-roos\/#primaryimage"},"thumbnailUrl":"https:\/\/katrearula.com\/wp-content\/uploads\/2025\/11\/Punane-vaike-kott-ROOS_katre-arula-scaled.jpg","datePublished":"2025-11-02T15:01:46+00:00","breadcrumb":{"@id":"https:\/\/katrearula.com\/fi\/toode\/punainen-pieni-laukku-roos\/#breadcrumb"},"inLanguage":"fi","potentialAction":[{"@type":"ReadAction","target":["https:\/\/katrearula.com\/fi\/toode\/punainen-pieni-laukku-roos\/"]}]},{"@type":"ImageObject","inLanguage":"fi","@id":"https:\/\/katrearula.com\/fi\/toode\/punainen-pieni-laukku-roos\/#primaryimage","url":"https:\/\/katrearula.com\/wp-content\/uploads\/2025\/11\/Punane-vaike-kott-ROOS_katre-arula-scaled.jpg","contentUrl":"https:\/\/katrearula.com\/wp-content\/uploads\/2025\/11\/Punane-vaike-kott-ROOS_katre-arula-scaled.jpg","width":1920,"height":2560},{"@type":"BreadcrumbList","@id":"https:\/\/katrearula.com\/fi\/toode\/punainen-pieni-laukku-roos\/#breadcrumb","itemListElement":[{"@type":"ListItem","position":1,"name":"Kotiin","item":"https:\/\/katrearula.com\/fi\/kotiin\/"},{"@type":"ListItem","position":2,"name":"Pood","item":"https:\/\/katrearula.com\/pood\/"},{"@type":"ListItem","position":3,"name":"Punainen pieni laukku ROOS"}]},{"@type":"WebSite","@id":"https:\/\/katrearula.com\/#website","url":"https:\/\/katrearula.com\/","name":"Katr\u00e9","description":"Eesti disain","publisher":{"@id":"https:\/\/katrearula.com\/#organization"},"potentialAction":[{"@type":"SearchAction","target":{"@type":"EntryPoint","urlTemplate":"https:\/\/katrearula.com\/?s={search_term_string}"},"query-input":{"@type":"PropertyValueSpecification","valueRequired":true,"valueName":"search_term_string"}}],"inLanguage":"fi"},{"@type":"Organization","@id":"https:\/\/katrearula.com\/#organization","name":"Katre Meistrikoda O\u00dc","url":"https:\/\/katrearula.com\/","logo":{"@type":"ImageObject","inLanguage":"fi","@id":"https:\/\/katrearula.com\/#\/schema\/logo\/image\/","url":"https:\/\/katrearula.com\/wp-content\/uploads\/2021\/11\/www.katrearula.com_.jpg","contentUrl":"https:\/\/katrearula.com\/wp-content\/uploads\/2021\/11\/www.katrearula.com_.jpg","width":380,"height":254,"caption":"Katre Meistrikoda O\u00dc"},"image":{"@id":"https:\/\/katrearula.com\/#\/schema\/logo\/image\/"},"sameAs":["https:\/\/www.facebook.com\/KatreArulaMeistrikoda","https:\/\/www.instagram.com\/katre_arula_meistrikoda\/"]}]}},"jetpack_sharing_enabled":true,"_links":{"self":[{"href":"https:\/\/katrearula.com\/fi\/wp-json\/wp\/v2\/product\/15635","targetHints":{"allow":["GET"]}}],"collection":[{"href":"https:\/\/katrearula.com\/fi\/wp-json\/wp\/v2\/product"}],"about":[{"href":"https:\/\/katrearula.com\/fi\/wp-json\/wp\/v2\/types\/product"}],"replies":[{"embeddable":true,"href":"https:\/\/katrearula.com\/fi\/wp-json\/wp\/v2\/comments?post=15635"}],"wp:featuredmedia":[{"embeddable":true,"href":"https:\/\/katrearula.com\/fi\/wp-json\/wp\/v2\/media\/15339"}],"wp:attachment":[{"href":"https:\/\/katrearula.com\/fi\/wp-json\/wp\/v2\/media?parent=15635"}],"wp:term":[{"taxonomy":"product_brand","embeddable":true,"href":"https:\/\/katrearula.com\/fi\/wp-json\/wp\/v2\/product_brand?post=15635"},{"taxonomy":"product_cat","embeddable":true,"href":"https:\/\/katrearula.com\/fi\/wp-json\/wp\/v2\/product_cat?post=15635"},{"taxonomy":"product_tag","embeddable":true,"href":"https:\/\/katrearula.com\/fi\/wp-json\/wp\/v2\/product_tag?post=15635"}],"curies":[{"name":"wp","href":"https:\/\/api.w.org\/{rel}","templated":true}]}}