{"id":15637,"date":"2025-11-02T15:54:21","date_gmt":"2025-11-02T15:54:21","guid":{"rendered":"https:\/\/katrearula.com\/toode\/tummanharmaa-2in1-laukku-tarni\/"},"modified":"2025-11-02T15:54:21","modified_gmt":"2025-11-02T15:54:21","slug":"tummanharmaa-2in1-laukku-tarni","status":"publish","type":"product","link":"https:\/\/katrearula.com\/fi\/toode\/tummanharmaa-2in1-laukku-tarni\/","title":{"rendered":"Tummanharmaa 2in1-laukku T\u00c4RNI"},"content":{"rendered":"","protected":false},"excerpt":{"rendered":"<p data-start=\"151\" data-end=\"391\">Katr\u00e9 2in1 bag \u201cT\u00c4RNI\u201d is designed for the modern woman who appreciates both functionality and timeless design. The bag is handcrafted from recycled fabrics, combining durability, comfort and a minimalist ethnic pattern. <\/p>\n<p data-start=\"393\" data-end=\"544\">Kahden pienen kahvan ja s\u00e4\u00e4dett\u00e4v\u00e4n olkahihnan ansiosta laukkua voi kantaa kahdella eri tavalla \u2013 k\u00e4silaukkuna tai olkalaukkuna, p\u00e4iv\u00e4st\u00e4 ja tarpeesta riippuen.<\/p>\n<p data-start=\"546\" data-end=\"684\">Laukku on tilava jokap\u00e4iv\u00e4isille tavaroille, t\u00e4ydellinen t\u00f6ihin, matkoille tai illanviettoon kaupungilla.<\/p>\n","protected":false},"featured_media":15371,"comment_status":"closed","ping_status":"closed","template":"","meta":{"pgc_sgb_lightbox_settings":""},"product_brand":[],"product_cat":[239,231],"product_tag":[240],"class_list":{"0":"post-15637","1":"product","2":"type-product","3":"status-publish","4":"has-post-thumbnail","6":"product_cat-2in1-pussit","7":"product_cat-laukut","8":"product_tag-naisille","10":"first","11":"instock","12":"taxable","13":"shipping-taxable","14":"purchasable","15":"product-type-simple"},"yoast_head":"<!-- This site is optimized with the Yoast SEO plugin v26.6 - https:\/\/yoast.com\/wordpress\/plugins\/seo\/ -->\n<title>Tummanharmaa 2in1-laukku T\u00c4RNI - Katr\u00e9<\/title>\n<meta name=\"robots\" content=\"index, follow, max-snippet:-1, max-image-preview:large, max-video-preview:-1\" \/>\n<link rel=\"canonical\" href=\"https:\/\/katrearula.com\/fi\/toode\/tummanharmaa-2in1-laukku-tarni\/\" \/>\n<meta property=\"og:locale\" content=\"fi_FI\" \/>\n<meta property=\"og:type\" content=\"article\" \/>\n<meta property=\"og:title\" content=\"Tummanharmaa 2in1-laukku T\u00c4RNI - Katr\u00e9\" \/>\n<meta property=\"og:description\" content=\"Katr\u00e9 2in1 bag \u201cT\u00c4RNI\u201d is designed for the modern woman who appreciates both functionality and timeless design. The bag is handcrafted from recycled fabrics, combining durability, comfort and a minimalist ethnic pattern. Kahden pienen kahvan ja s\u00e4\u00e4dett\u00e4v\u00e4n olkahihnan ansiosta laukkua voi kantaa kahdella eri tavalla \u2013 k\u00e4silaukkuna tai olkalaukkuna, p\u00e4iv\u00e4st\u00e4 ja tarpeesta riippuen. Laukku on tilava jokap\u00e4iv\u00e4isille tavaroille, t\u00e4ydellinen t\u00f6ihin, matkoille tai illanviettoon kaupungilla.\" \/>\n<meta property=\"og:url\" content=\"https:\/\/katrearula.com\/fi\/toode\/tummanharmaa-2in1-laukku-tarni\/\" \/>\n<meta property=\"og:site_name\" content=\"Katr\u00e9\" \/>\n<meta property=\"article:publisher\" content=\"https:\/\/www.facebook.com\/KatreArulaMeistrikoda\" \/>\n<meta property=\"og:image\" content=\"https:\/\/katrearula.com\/wp-content\/uploads\/2025\/11\/Tumehall-2in1-kott-TARNI_katre-arula_1-scaled.jpg\" \/>\n\t<meta property=\"og:image:width\" content=\"1920\" \/>\n\t<meta property=\"og:image:height\" content=\"2560\" \/>\n\t<meta property=\"og:image:type\" content=\"image\/jpeg\" \/>\n<meta name=\"twitter:card\" content=\"summary_large_image\" \/>\n<script type=\"application\/ld+json\" class=\"yoast-schema-graph\">{\"@context\":\"https:\/\/schema.org\",\"@graph\":[{\"@type\":\"WebPage\",\"@id\":\"https:\/\/katrearula.com\/fi\/toode\/tummanharmaa-2in1-laukku-tarni\/\",\"url\":\"https:\/\/katrearula.com\/fi\/toode\/tummanharmaa-2in1-laukku-tarni\/\",\"name\":\"Tummanharmaa 2in1-laukku T\u00c4RNI - Katr\u00e9\",\"isPartOf\":{\"@id\":\"https:\/\/katrearula.com\/#website\"},\"primaryImageOfPage\":{\"@id\":\"https:\/\/katrearula.com\/fi\/toode\/tummanharmaa-2in1-laukku-tarni\/#primaryimage\"},\"image\":{\"@id\":\"https:\/\/katrearula.com\/fi\/toode\/tummanharmaa-2in1-laukku-tarni\/#primaryimage\"},\"thumbnailUrl\":\"https:\/\/katrearula.com\/wp-content\/uploads\/2025\/11\/Tumehall-2in1-kott-TARNI_katre-arula_1-scaled.jpg\",\"datePublished\":\"2025-11-02T15:54:21+00:00\",\"breadcrumb\":{\"@id\":\"https:\/\/katrearula.com\/fi\/toode\/tummanharmaa-2in1-laukku-tarni\/#breadcrumb\"},\"inLanguage\":\"fi\",\"potentialAction\":[{\"@type\":\"ReadAction\",\"target\":[\"https:\/\/katrearula.com\/fi\/toode\/tummanharmaa-2in1-laukku-tarni\/\"]}]},{\"@type\":\"ImageObject\",\"inLanguage\":\"fi\",\"@id\":\"https:\/\/katrearula.com\/fi\/toode\/tummanharmaa-2in1-laukku-tarni\/#primaryimage\",\"url\":\"https:\/\/katrearula.com\/wp-content\/uploads\/2025\/11\/Tumehall-2in1-kott-TARNI_katre-arula_1-scaled.jpg\",\"contentUrl\":\"https:\/\/katrearula.com\/wp-content\/uploads\/2025\/11\/Tumehall-2in1-kott-TARNI_katre-arula_1-scaled.jpg\",\"width\":1920,\"height\":2560},{\"@type\":\"BreadcrumbList\",\"@id\":\"https:\/\/katrearula.com\/fi\/toode\/tummanharmaa-2in1-laukku-tarni\/#breadcrumb\",\"itemListElement\":[{\"@type\":\"ListItem\",\"position\":1,\"name\":\"Kotiin\",\"item\":\"https:\/\/katrearula.com\/fi\/kotiin\/\"},{\"@type\":\"ListItem\",\"position\":2,\"name\":\"Pood\",\"item\":\"https:\/\/katrearula.com\/pood\/\"},{\"@type\":\"ListItem\",\"position\":3,\"name\":\"Tummanharmaa 2in1-laukku T\u00c4RNI\"}]},{\"@type\":\"WebSite\",\"@id\":\"https:\/\/katrearula.com\/#website\",\"url\":\"https:\/\/katrearula.com\/\",\"name\":\"Katr\u00e9\",\"description\":\"Eesti disain\",\"publisher\":{\"@id\":\"https:\/\/katrearula.com\/#organization\"},\"potentialAction\":[{\"@type\":\"SearchAction\",\"target\":{\"@type\":\"EntryPoint\",\"urlTemplate\":\"https:\/\/katrearula.com\/?s={search_term_string}\"},\"query-input\":{\"@type\":\"PropertyValueSpecification\",\"valueRequired\":true,\"valueName\":\"search_term_string\"}}],\"inLanguage\":\"fi\"},{\"@type\":\"Organization\",\"@id\":\"https:\/\/katrearula.com\/#organization\",\"name\":\"Katre Meistrikoda O\u00dc\",\"url\":\"https:\/\/katrearula.com\/\",\"logo\":{\"@type\":\"ImageObject\",\"inLanguage\":\"fi\",\"@id\":\"https:\/\/katrearula.com\/#\/schema\/logo\/image\/\",\"url\":\"https:\/\/katrearula.com\/wp-content\/uploads\/2021\/11\/www.katrearula.com_.jpg\",\"contentUrl\":\"https:\/\/katrearula.com\/wp-content\/uploads\/2021\/11\/www.katrearula.com_.jpg\",\"width\":380,\"height\":254,\"caption\":\"Katre Meistrikoda O\u00dc\"},\"image\":{\"@id\":\"https:\/\/katrearula.com\/#\/schema\/logo\/image\/\"},\"sameAs\":[\"https:\/\/www.facebook.com\/KatreArulaMeistrikoda\",\"https:\/\/www.instagram.com\/katre_arula_meistrikoda\/\"]}]}<\/script>\n<!-- \/ Yoast SEO plugin. -->","yoast_head_json":{"title":"Tummanharmaa 2in1-laukku T\u00c4RNI - Katr\u00e9","robots":{"index":"index","follow":"follow","max-snippet":"max-snippet:-1","max-image-preview":"max-image-preview:large","max-video-preview":"max-video-preview:-1"},"canonical":"https:\/\/katrearula.com\/fi\/toode\/tummanharmaa-2in1-laukku-tarni\/","og_locale":"fi_FI","og_type":"article","og_title":"Tummanharmaa 2in1-laukku T\u00c4RNI - Katr\u00e9","og_description":"Katr\u00e9 2in1 bag \u201cT\u00c4RNI\u201d is designed for the modern woman who appreciates both functionality and timeless design. The bag is handcrafted from recycled fabrics, combining durability, comfort and a minimalist ethnic pattern. Kahden pienen kahvan ja s\u00e4\u00e4dett\u00e4v\u00e4n olkahihnan ansiosta laukkua voi kantaa kahdella eri tavalla \u2013 k\u00e4silaukkuna tai olkalaukkuna, p\u00e4iv\u00e4st\u00e4 ja tarpeesta riippuen. Laukku on tilava jokap\u00e4iv\u00e4isille tavaroille, t\u00e4ydellinen t\u00f6ihin, matkoille tai illanviettoon kaupungilla.","og_url":"https:\/\/katrearula.com\/fi\/toode\/tummanharmaa-2in1-laukku-tarni\/","og_site_name":"Katr\u00e9","article_publisher":"https:\/\/www.facebook.com\/KatreArulaMeistrikoda","og_image":[{"width":1920,"height":2560,"url":"https:\/\/katrearula.com\/wp-content\/uploads\/2025\/11\/Tumehall-2in1-kott-TARNI_katre-arula_1-scaled.jpg","type":"image\/jpeg"}],"twitter_card":"summary_large_image","schema":{"@context":"https:\/\/schema.org","@graph":[{"@type":"WebPage","@id":"https:\/\/katrearula.com\/fi\/toode\/tummanharmaa-2in1-laukku-tarni\/","url":"https:\/\/katrearula.com\/fi\/toode\/tummanharmaa-2in1-laukku-tarni\/","name":"Tummanharmaa 2in1-laukku T\u00c4RNI - Katr\u00e9","isPartOf":{"@id":"https:\/\/katrearula.com\/#website"},"primaryImageOfPage":{"@id":"https:\/\/katrearula.com\/fi\/toode\/tummanharmaa-2in1-laukku-tarni\/#primaryimage"},"image":{"@id":"https:\/\/katrearula.com\/fi\/toode\/tummanharmaa-2in1-laukku-tarni\/#primaryimage"},"thumbnailUrl":"https:\/\/katrearula.com\/wp-content\/uploads\/2025\/11\/Tumehall-2in1-kott-TARNI_katre-arula_1-scaled.jpg","datePublished":"2025-11-02T15:54:21+00:00","breadcrumb":{"@id":"https:\/\/katrearula.com\/fi\/toode\/tummanharmaa-2in1-laukku-tarni\/#breadcrumb"},"inLanguage":"fi","potentialAction":[{"@type":"ReadAction","target":["https:\/\/katrearula.com\/fi\/toode\/tummanharmaa-2in1-laukku-tarni\/"]}]},{"@type":"ImageObject","inLanguage":"fi","@id":"https:\/\/katrearula.com\/fi\/toode\/tummanharmaa-2in1-laukku-tarni\/#primaryimage","url":"https:\/\/katrearula.com\/wp-content\/uploads\/2025\/11\/Tumehall-2in1-kott-TARNI_katre-arula_1-scaled.jpg","contentUrl":"https:\/\/katrearula.com\/wp-content\/uploads\/2025\/11\/Tumehall-2in1-kott-TARNI_katre-arula_1-scaled.jpg","width":1920,"height":2560},{"@type":"BreadcrumbList","@id":"https:\/\/katrearula.com\/fi\/toode\/tummanharmaa-2in1-laukku-tarni\/#breadcrumb","itemListElement":[{"@type":"ListItem","position":1,"name":"Kotiin","item":"https:\/\/katrearula.com\/fi\/kotiin\/"},{"@type":"ListItem","position":2,"name":"Pood","item":"https:\/\/katrearula.com\/pood\/"},{"@type":"ListItem","position":3,"name":"Tummanharmaa 2in1-laukku T\u00c4RNI"}]},{"@type":"WebSite","@id":"https:\/\/katrearula.com\/#website","url":"https:\/\/katrearula.com\/","name":"Katr\u00e9","description":"Eesti disain","publisher":{"@id":"https:\/\/katrearula.com\/#organization"},"potentialAction":[{"@type":"SearchAction","target":{"@type":"EntryPoint","urlTemplate":"https:\/\/katrearula.com\/?s={search_term_string}"},"query-input":{"@type":"PropertyValueSpecification","valueRequired":true,"valueName":"search_term_string"}}],"inLanguage":"fi"},{"@type":"Organization","@id":"https:\/\/katrearula.com\/#organization","name":"Katre Meistrikoda O\u00dc","url":"https:\/\/katrearula.com\/","logo":{"@type":"ImageObject","inLanguage":"fi","@id":"https:\/\/katrearula.com\/#\/schema\/logo\/image\/","url":"https:\/\/katrearula.com\/wp-content\/uploads\/2021\/11\/www.katrearula.com_.jpg","contentUrl":"https:\/\/katrearula.com\/wp-content\/uploads\/2021\/11\/www.katrearula.com_.jpg","width":380,"height":254,"caption":"Katre Meistrikoda O\u00dc"},"image":{"@id":"https:\/\/katrearula.com\/#\/schema\/logo\/image\/"},"sameAs":["https:\/\/www.facebook.com\/KatreArulaMeistrikoda","https:\/\/www.instagram.com\/katre_arula_meistrikoda\/"]}]}},"jetpack_sharing_enabled":true,"_links":{"self":[{"href":"https:\/\/katrearula.com\/fi\/wp-json\/wp\/v2\/product\/15637","targetHints":{"allow":["GET"]}}],"collection":[{"href":"https:\/\/katrearula.com\/fi\/wp-json\/wp\/v2\/product"}],"about":[{"href":"https:\/\/katrearula.com\/fi\/wp-json\/wp\/v2\/types\/product"}],"replies":[{"embeddable":true,"href":"https:\/\/katrearula.com\/fi\/wp-json\/wp\/v2\/comments?post=15637"}],"wp:featuredmedia":[{"embeddable":true,"href":"https:\/\/katrearula.com\/fi\/wp-json\/wp\/v2\/media\/15371"}],"wp:attachment":[{"href":"https:\/\/katrearula.com\/fi\/wp-json\/wp\/v2\/media?parent=15637"}],"wp:term":[{"taxonomy":"product_brand","embeddable":true,"href":"https:\/\/katrearula.com\/fi\/wp-json\/wp\/v2\/product_brand?post=15637"},{"taxonomy":"product_cat","embeddable":true,"href":"https:\/\/katrearula.com\/fi\/wp-json\/wp\/v2\/product_cat?post=15637"},{"taxonomy":"product_tag","embeddable":true,"href":"https:\/\/katrearula.com\/fi\/wp-json\/wp\/v2\/product_tag?post=15637"}],"curies":[{"name":"wp","href":"https:\/\/api.w.org\/{rel}","templated":true}]}}