{"id":15911,"date":"2025-12-06T14:52:02","date_gmt":"2025-12-06T14:52:02","guid":{"rendered":"https:\/\/katrearula.com\/?post_type=product&#038;p=15911"},"modified":"2025-12-13T11:29:53","modified_gmt":"2025-12-13T11:29:53","slug":"pieni-musta-laukku-roosi","status":"publish","type":"product","link":"https:\/\/katrearula.com\/fi\/toode\/pieni-musta-laukku-roosi\/","title":{"rendered":"Pieni musta laukku ROOSI"},"content":{"rendered":"","protected":false},"excerpt":{"rendered":"<p>T\u00e4m\u00e4 &#8221;Tummanharmaa ROOSI-pikkulaukku (negatiivinen)&#8221; on tyylik\u00e4s vaihtoehto klassiselle ROOSI-laukulle. Muotoilussa yhdistyv\u00e4t rauhalliset s\u00e4vyt ja selke\u00e4 muoto. S\u00e4\u00e4dett\u00e4v\u00e4n olkahihnan ansiosta laukkua voi kantaa mukavasti sek\u00e4 olalla ett\u00e4 vartalon yli.<\/p>\n<p>T\u00e4m\u00e4 pieni laukku sopii t\u00e4ydellisesti t\u00f6ihin, k\u00e4velylle kaupungilla tai kulttuuri-iltaan. Ajaton v\u00e4rimaailma ja k\u00e4yt\u00e4nn\u00f6llinen koko tekev\u00e4t t\u00e4st\u00e4 laukusta luotettavan kumppanin vuosiksi eteenp\u00e4in.<\/p>\n","protected":false},"featured_media":15920,"comment_status":"closed","ping_status":"closed","template":"","meta":{"pgc_sgb_lightbox_settings":""},"product_brand":[],"product_cat":[231,241],"product_tag":[240],"class_list":{"0":"post-15911","1":"product","2":"type-product","3":"status-publish","4":"has-post-thumbnail","6":"product_cat-laukut","7":"product_cat-pienet-laukut","8":"product_tag-naisille","10":"first","11":"instock","12":"taxable","13":"shipping-taxable","14":"purchasable","15":"product-type-simple"},"yoast_head":"<!-- This site is optimized with the Yoast SEO plugin v26.6 - https:\/\/yoast.com\/wordpress\/plugins\/seo\/ -->\n<title>Pieni musta laukku ROOSI - Katr\u00e9<\/title>\n<meta name=\"robots\" content=\"index, follow, max-snippet:-1, max-image-preview:large, max-video-preview:-1\" \/>\n<link rel=\"canonical\" href=\"https:\/\/katrearula.com\/fi\/toode\/pieni-musta-laukku-roosi\/\" \/>\n<meta property=\"og:locale\" content=\"fi_FI\" \/>\n<meta property=\"og:type\" content=\"article\" \/>\n<meta property=\"og:title\" content=\"Pieni musta laukku ROOSI - Katr\u00e9\" \/>\n<meta property=\"og:description\" content=\"T\u00e4m\u00e4 &quot;Tummanharmaa ROOSI-pikkulaukku (negatiivinen)&quot; on tyylik\u00e4s vaihtoehto klassiselle ROOSI-laukulle. Muotoilussa yhdistyv\u00e4t rauhalliset s\u00e4vyt ja selke\u00e4 muoto. S\u00e4\u00e4dett\u00e4v\u00e4n olkahihnan ansiosta laukkua voi kantaa mukavasti sek\u00e4 olalla ett\u00e4 vartalon yli.  T\u00e4m\u00e4 pieni laukku sopii t\u00e4ydellisesti t\u00f6ihin, k\u00e4velylle kaupungilla tai kulttuuri-iltaan. Ajaton v\u00e4rimaailma ja k\u00e4yt\u00e4nn\u00f6llinen koko tekev\u00e4t t\u00e4st\u00e4 laukusta luotettavan kumppanin vuosiksi eteenp\u00e4in.\" \/>\n<meta property=\"og:url\" content=\"https:\/\/katrearula.com\/fi\/toode\/pieni-musta-laukku-roosi\/\" \/>\n<meta property=\"og:site_name\" content=\"Katr\u00e9\" \/>\n<meta property=\"article:publisher\" content=\"https:\/\/www.facebook.com\/KatreArulaMeistrikoda\" \/>\n<meta property=\"article:modified_time\" content=\"2025-12-13T11:29:53+00:00\" \/>\n<meta property=\"og:image\" content=\"https:\/\/katrearula.com\/wp-content\/uploads\/2025\/12\/Must-vaike-kott-ROOSI_katre-arula_4-scaled.jpg\" \/>\n\t<meta property=\"og:image:width\" content=\"1440\" \/>\n\t<meta property=\"og:image:height\" content=\"2560\" \/>\n\t<meta property=\"og:image:type\" content=\"image\/jpeg\" \/>\n<meta name=\"twitter:card\" content=\"summary_large_image\" \/>\n<meta name=\"twitter:label1\" content=\"Arvioitu lukuaika\" \/>\n\t<meta name=\"twitter:data1\" content=\"1 minuutti\" \/>\n<script type=\"application\/ld+json\" class=\"yoast-schema-graph\">{\"@context\":\"https:\/\/schema.org\",\"@graph\":[{\"@type\":\"WebPage\",\"@id\":\"https:\/\/katrearula.com\/fi\/toode\/pieni-musta-laukku-roosi\/\",\"url\":\"https:\/\/katrearula.com\/fi\/toode\/pieni-musta-laukku-roosi\/\",\"name\":\"Pieni musta laukku ROOSI - Katr\u00e9\",\"isPartOf\":{\"@id\":\"https:\/\/katrearula.com\/#website\"},\"primaryImageOfPage\":{\"@id\":\"https:\/\/katrearula.com\/fi\/toode\/pieni-musta-laukku-roosi\/#primaryimage\"},\"image\":{\"@id\":\"https:\/\/katrearula.com\/fi\/toode\/pieni-musta-laukku-roosi\/#primaryimage\"},\"thumbnailUrl\":\"https:\/\/katrearula.com\/wp-content\/uploads\/2025\/12\/Must-vaike-kott-ROOSI_katre-arula_4-scaled.jpg\",\"datePublished\":\"2025-12-06T14:52:02+00:00\",\"dateModified\":\"2025-12-13T11:29:53+00:00\",\"breadcrumb\":{\"@id\":\"https:\/\/katrearula.com\/fi\/toode\/pieni-musta-laukku-roosi\/#breadcrumb\"},\"inLanguage\":\"fi\",\"potentialAction\":[{\"@type\":\"ReadAction\",\"target\":[\"https:\/\/katrearula.com\/fi\/toode\/pieni-musta-laukku-roosi\/\"]}]},{\"@type\":\"ImageObject\",\"inLanguage\":\"fi\",\"@id\":\"https:\/\/katrearula.com\/fi\/toode\/pieni-musta-laukku-roosi\/#primaryimage\",\"url\":\"https:\/\/katrearula.com\/wp-content\/uploads\/2025\/12\/Must-vaike-kott-ROOSI_katre-arula_4-scaled.jpg\",\"contentUrl\":\"https:\/\/katrearula.com\/wp-content\/uploads\/2025\/12\/Must-vaike-kott-ROOSI_katre-arula_4-scaled.jpg\",\"width\":1440,\"height\":2560},{\"@type\":\"BreadcrumbList\",\"@id\":\"https:\/\/katrearula.com\/fi\/toode\/pieni-musta-laukku-roosi\/#breadcrumb\",\"itemListElement\":[{\"@type\":\"ListItem\",\"position\":1,\"name\":\"Kotiin\",\"item\":\"https:\/\/katrearula.com\/fi\/kotiin\/\"},{\"@type\":\"ListItem\",\"position\":2,\"name\":\"Pood\",\"item\":\"https:\/\/katrearula.com\/pood\/\"},{\"@type\":\"ListItem\",\"position\":3,\"name\":\"Pieni musta laukku ROOSI\"}]},{\"@type\":\"WebSite\",\"@id\":\"https:\/\/katrearula.com\/#website\",\"url\":\"https:\/\/katrearula.com\/\",\"name\":\"Katr\u00e9\",\"description\":\"Eesti disain\",\"publisher\":{\"@id\":\"https:\/\/katrearula.com\/#organization\"},\"potentialAction\":[{\"@type\":\"SearchAction\",\"target\":{\"@type\":\"EntryPoint\",\"urlTemplate\":\"https:\/\/katrearula.com\/?s={search_term_string}\"},\"query-input\":{\"@type\":\"PropertyValueSpecification\",\"valueRequired\":true,\"valueName\":\"search_term_string\"}}],\"inLanguage\":\"fi\"},{\"@type\":\"Organization\",\"@id\":\"https:\/\/katrearula.com\/#organization\",\"name\":\"Katre Meistrikoda O\u00dc\",\"url\":\"https:\/\/katrearula.com\/\",\"logo\":{\"@type\":\"ImageObject\",\"inLanguage\":\"fi\",\"@id\":\"https:\/\/katrearula.com\/#\/schema\/logo\/image\/\",\"url\":\"https:\/\/katrearula.com\/wp-content\/uploads\/2021\/11\/www.katrearula.com_.jpg\",\"contentUrl\":\"https:\/\/katrearula.com\/wp-content\/uploads\/2021\/11\/www.katrearula.com_.jpg\",\"width\":380,\"height\":254,\"caption\":\"Katre Meistrikoda O\u00dc\"},\"image\":{\"@id\":\"https:\/\/katrearula.com\/#\/schema\/logo\/image\/\"},\"sameAs\":[\"https:\/\/www.facebook.com\/KatreArulaMeistrikoda\",\"https:\/\/www.instagram.com\/katre_arula_meistrikoda\/\"]}]}<\/script>\n<!-- \/ Yoast SEO plugin. -->","yoast_head_json":{"title":"Pieni musta laukku ROOSI - Katr\u00e9","robots":{"index":"index","follow":"follow","max-snippet":"max-snippet:-1","max-image-preview":"max-image-preview:large","max-video-preview":"max-video-preview:-1"},"canonical":"https:\/\/katrearula.com\/fi\/toode\/pieni-musta-laukku-roosi\/","og_locale":"fi_FI","og_type":"article","og_title":"Pieni musta laukku ROOSI - Katr\u00e9","og_description":"T\u00e4m\u00e4 \"Tummanharmaa ROOSI-pikkulaukku (negatiivinen)\" on tyylik\u00e4s vaihtoehto klassiselle ROOSI-laukulle. Muotoilussa yhdistyv\u00e4t rauhalliset s\u00e4vyt ja selke\u00e4 muoto. S\u00e4\u00e4dett\u00e4v\u00e4n olkahihnan ansiosta laukkua voi kantaa mukavasti sek\u00e4 olalla ett\u00e4 vartalon yli.  T\u00e4m\u00e4 pieni laukku sopii t\u00e4ydellisesti t\u00f6ihin, k\u00e4velylle kaupungilla tai kulttuuri-iltaan. Ajaton v\u00e4rimaailma ja k\u00e4yt\u00e4nn\u00f6llinen koko tekev\u00e4t t\u00e4st\u00e4 laukusta luotettavan kumppanin vuosiksi eteenp\u00e4in.","og_url":"https:\/\/katrearula.com\/fi\/toode\/pieni-musta-laukku-roosi\/","og_site_name":"Katr\u00e9","article_publisher":"https:\/\/www.facebook.com\/KatreArulaMeistrikoda","article_modified_time":"2025-12-13T11:29:53+00:00","og_image":[{"width":1440,"height":2560,"url":"https:\/\/katrearula.com\/wp-content\/uploads\/2025\/12\/Must-vaike-kott-ROOSI_katre-arula_4-scaled.jpg","type":"image\/jpeg"}],"twitter_card":"summary_large_image","twitter_misc":{"Arvioitu lukuaika":"1 minuutti"},"schema":{"@context":"https:\/\/schema.org","@graph":[{"@type":"WebPage","@id":"https:\/\/katrearula.com\/fi\/toode\/pieni-musta-laukku-roosi\/","url":"https:\/\/katrearula.com\/fi\/toode\/pieni-musta-laukku-roosi\/","name":"Pieni musta laukku ROOSI - Katr\u00e9","isPartOf":{"@id":"https:\/\/katrearula.com\/#website"},"primaryImageOfPage":{"@id":"https:\/\/katrearula.com\/fi\/toode\/pieni-musta-laukku-roosi\/#primaryimage"},"image":{"@id":"https:\/\/katrearula.com\/fi\/toode\/pieni-musta-laukku-roosi\/#primaryimage"},"thumbnailUrl":"https:\/\/katrearula.com\/wp-content\/uploads\/2025\/12\/Must-vaike-kott-ROOSI_katre-arula_4-scaled.jpg","datePublished":"2025-12-06T14:52:02+00:00","dateModified":"2025-12-13T11:29:53+00:00","breadcrumb":{"@id":"https:\/\/katrearula.com\/fi\/toode\/pieni-musta-laukku-roosi\/#breadcrumb"},"inLanguage":"fi","potentialAction":[{"@type":"ReadAction","target":["https:\/\/katrearula.com\/fi\/toode\/pieni-musta-laukku-roosi\/"]}]},{"@type":"ImageObject","inLanguage":"fi","@id":"https:\/\/katrearula.com\/fi\/toode\/pieni-musta-laukku-roosi\/#primaryimage","url":"https:\/\/katrearula.com\/wp-content\/uploads\/2025\/12\/Must-vaike-kott-ROOSI_katre-arula_4-scaled.jpg","contentUrl":"https:\/\/katrearula.com\/wp-content\/uploads\/2025\/12\/Must-vaike-kott-ROOSI_katre-arula_4-scaled.jpg","width":1440,"height":2560},{"@type":"BreadcrumbList","@id":"https:\/\/katrearula.com\/fi\/toode\/pieni-musta-laukku-roosi\/#breadcrumb","itemListElement":[{"@type":"ListItem","position":1,"name":"Kotiin","item":"https:\/\/katrearula.com\/fi\/kotiin\/"},{"@type":"ListItem","position":2,"name":"Pood","item":"https:\/\/katrearula.com\/pood\/"},{"@type":"ListItem","position":3,"name":"Pieni musta laukku ROOSI"}]},{"@type":"WebSite","@id":"https:\/\/katrearula.com\/#website","url":"https:\/\/katrearula.com\/","name":"Katr\u00e9","description":"Eesti disain","publisher":{"@id":"https:\/\/katrearula.com\/#organization"},"potentialAction":[{"@type":"SearchAction","target":{"@type":"EntryPoint","urlTemplate":"https:\/\/katrearula.com\/?s={search_term_string}"},"query-input":{"@type":"PropertyValueSpecification","valueRequired":true,"valueName":"search_term_string"}}],"inLanguage":"fi"},{"@type":"Organization","@id":"https:\/\/katrearula.com\/#organization","name":"Katre Meistrikoda O\u00dc","url":"https:\/\/katrearula.com\/","logo":{"@type":"ImageObject","inLanguage":"fi","@id":"https:\/\/katrearula.com\/#\/schema\/logo\/image\/","url":"https:\/\/katrearula.com\/wp-content\/uploads\/2021\/11\/www.katrearula.com_.jpg","contentUrl":"https:\/\/katrearula.com\/wp-content\/uploads\/2021\/11\/www.katrearula.com_.jpg","width":380,"height":254,"caption":"Katre Meistrikoda O\u00dc"},"image":{"@id":"https:\/\/katrearula.com\/#\/schema\/logo\/image\/"},"sameAs":["https:\/\/www.facebook.com\/KatreArulaMeistrikoda","https:\/\/www.instagram.com\/katre_arula_meistrikoda\/"]}]}},"jetpack_sharing_enabled":true,"_links":{"self":[{"href":"https:\/\/katrearula.com\/fi\/wp-json\/wp\/v2\/product\/15911","targetHints":{"allow":["GET"]}}],"collection":[{"href":"https:\/\/katrearula.com\/fi\/wp-json\/wp\/v2\/product"}],"about":[{"href":"https:\/\/katrearula.com\/fi\/wp-json\/wp\/v2\/types\/product"}],"replies":[{"embeddable":true,"href":"https:\/\/katrearula.com\/fi\/wp-json\/wp\/v2\/comments?post=15911"}],"wp:featuredmedia":[{"embeddable":true,"href":"https:\/\/katrearula.com\/fi\/wp-json\/wp\/v2\/media\/15920"}],"wp:attachment":[{"href":"https:\/\/katrearula.com\/fi\/wp-json\/wp\/v2\/media?parent=15911"}],"wp:term":[{"taxonomy":"product_brand","embeddable":true,"href":"https:\/\/katrearula.com\/fi\/wp-json\/wp\/v2\/product_brand?post=15911"},{"taxonomy":"product_cat","embeddable":true,"href":"https:\/\/katrearula.com\/fi\/wp-json\/wp\/v2\/product_cat?post=15911"},{"taxonomy":"product_tag","embeddable":true,"href":"https:\/\/katrearula.com\/fi\/wp-json\/wp\/v2\/product_tag?post=15911"}],"curies":[{"name":"wp","href":"https:\/\/api.w.org\/{rel}","templated":true}]}}