{"id":15953,"date":"2025-12-06T13:06:10","date_gmt":"2025-12-06T13:06:10","guid":{"rendered":"https:\/\/katrearula.com\/toode\/suuri-huopainen-ruusurintaneula-punainen\/"},"modified":"2025-12-06T13:06:10","modified_gmt":"2025-12-06T13:06:10","slug":"suuri-huopainen-ruusurintaneula-punainen","status":"publish","type":"product","link":"https:\/\/katrearula.com\/fi\/toode\/suuri-huopainen-ruusurintaneula-punainen\/","title":{"rendered":"Suuri huopainen ruusurintaneula &#8211; punainen"},"content":{"rendered":"","protected":false},"excerpt":{"rendered":"<p data-start=\"327\" data-end=\"589\">Katr\u00e9n huovasta tehty ruusurintaneula on k\u00e4sintehty asuste, joka yhdist\u00e4\u00e4 virolaisen muotoilun, kest\u00e4v\u00e4n kehityksen ja modernin kansallisen estetiikan. Jokainen rintaneula on valmistettu Katr\u00e9 Arulan tunnusomaisella tekniikalla \u2013 huovasta tehdyll\u00e4 ruusunvalmistustekniikalla, jonka tuloksena syntyy rehev\u00e4 ja kest\u00e4v\u00e4 kukkamuoto. <\/p>\n<p data-start=\"591\" data-end=\"900\">Ruusu on valmistettu huonekaluhuovasta, joka pit\u00e4\u00e4 muotonsa hyvin ja tekee rintaneulasta sek\u00e4 tehokkaan ett\u00e4 kest\u00e4v\u00e4n. Klassisen rintaneulan ansiosta sit\u00e4 voi k\u00e4ytt\u00e4\u00e4 takissa, p\u00e4\u00e4llystakissa, mekossa, hatussa tai laukussa \u2013 mik\u00e4 tekee siit\u00e4 monipuolisen asusteen niin arkeen kuin juhlaankin. <\/p>\n<p data-start=\"902\" data-end=\"1161\">Noin 14 cm halkaisijaltaan ja 8 cm korkeudeltaan oleva huovasta tehty ruusurintaneula on n\u00e4ytt\u00e4v\u00e4 yksityiskohta, joka tuo asuun ainutlaatuisen ilmeen. Koska jokainen rintaneula on k\u00e4sintehty P\u00f5ltsamaalla, jokainen ruusu on hieman erilainen \u2013 juuri niin kuin aidon k\u00e4sity\u00f6n kuuluukin olla. <\/p>\n<p data-start=\"902\" data-end=\"1161\">\n<p data-start=\"902\" data-end=\"1161\">Lehden gallerian viimeinen kuva <a href=\"https:\/\/annestiil.delfi.ee\/artikkel\/120409820\/barett-voi-bibo-lakilaki-voi-nokats-mutsid-mis-lasevad-sul-muretult-purjetada-labi-koikide-talveetappide?fbclid=IwY2xjawOhJehleHRuA2FlbQIxMABicmlkETE1blRFemFXUDFOVW4zZzRIc3J0YwZhcHBfaWQQMjIyMDM5MTc4ODIwMDg5MgABHgV8jhKIwBSsqzLzqcpkouHGgoAQyVdPnnwsvYUl16mv9dZu9_Dtd9NyiohW_aem_tSbW5YRIw5EncQIRKBB-9g\">Anne &amp; Stiil<\/a><br \/>\nKuva: Kalle Veesaar I Tyyli: Karolin Kuusik I Meikki ja kampaus: Gerda Miller I Malli: \u00c4li Enrietta (E.M.A.)<\/p>\n","protected":false},"featured_media":15806,"comment_status":"closed","ping_status":"closed","template":"","meta":{"pgc_sgb_lightbox_settings":""},"product_brand":[],"product_cat":[260,263],"product_tag":[],"class_list":{"0":"post-15953","1":"product","2":"type-product","3":"status-publish","4":"has-post-thumbnail","6":"product_cat-asusteet","7":"product_cat-ruusut","9":"first","10":"instock","11":"taxable","12":"shipping-taxable","13":"purchasable","14":"product-type-simple"},"yoast_head":"<!-- This site is optimized with the Yoast SEO plugin v26.6 - https:\/\/yoast.com\/wordpress\/plugins\/seo\/ -->\n<title>Suuri huopainen ruusurintaneula - punainen - Katr\u00e9<\/title>\n<meta name=\"robots\" content=\"index, follow, max-snippet:-1, max-image-preview:large, max-video-preview:-1\" \/>\n<link rel=\"canonical\" href=\"https:\/\/katrearula.com\/fi\/toode\/suuri-huopainen-ruusurintaneula-punainen\/\" \/>\n<meta property=\"og:locale\" content=\"fi_FI\" \/>\n<meta property=\"og:type\" content=\"article\" \/>\n<meta property=\"og:title\" content=\"Suuri huopainen ruusurintaneula - punainen - Katr\u00e9\" \/>\n<meta property=\"og:description\" content=\"Katr\u00e9n huovasta tehty ruusurintaneula on k\u00e4sintehty asuste, joka yhdist\u00e4\u00e4 virolaisen muotoilun, kest\u00e4v\u00e4n kehityksen ja modernin kansallisen estetiikan. Jokainen rintaneula on valmistettu Katr\u00e9 Arulan tunnusomaisella tekniikalla \u2013 huovasta tehdyll\u00e4 ruusunvalmistustekniikalla, jonka tuloksena syntyy rehev\u00e4 ja kest\u00e4v\u00e4 kukkamuoto. Ruusu on valmistettu huonekaluhuovasta, joka pit\u00e4\u00e4 muotonsa hyvin ja tekee rintaneulasta sek\u00e4 tehokkaan ett\u00e4 kest\u00e4v\u00e4n. Klassisen rintaneulan ansiosta sit\u00e4 voi k\u00e4ytt\u00e4\u00e4 takissa, p\u00e4\u00e4llystakissa, mekossa, hatussa tai laukussa \u2013 mik\u00e4 tekee siit\u00e4 monipuolisen asusteen niin arkeen kuin juhlaankin. Noin 14 cm halkaisijaltaan ja 8 cm korkeudeltaan oleva huovasta tehty ruusurintaneula on n\u00e4ytt\u00e4v\u00e4 yksityiskohta, joka tuo asuun ainutlaatuisen ilmeen. Koska jokainen rintaneula on k\u00e4sintehty P\u00f5ltsamaalla, jokainen ruusu on hieman erilainen \u2013 juuri niin kuin aidon k\u00e4sity\u00f6n kuuluukin olla.  Lehden gallerian viimeinen kuva Anne &amp; Stiil Kuva: Kalle Veesaar I Tyyli: Karolin Kuusik I Meikki ja kampaus: Gerda Miller I Malli: \u00c4li Enrietta (E.M.A.)\" \/>\n<meta property=\"og:url\" content=\"https:\/\/katrearula.com\/fi\/toode\/suuri-huopainen-ruusurintaneula-punainen\/\" \/>\n<meta property=\"og:site_name\" content=\"Katr\u00e9\" \/>\n<meta property=\"article:publisher\" content=\"https:\/\/www.facebook.com\/KatreArulaMeistrikoda\" \/>\n<meta property=\"og:image\" content=\"https:\/\/katrearula.com\/wp-content\/uploads\/2025\/12\/suur-vildist-roosipross_punane_katre-arula_2-scaled.jpg\" \/>\n\t<meta property=\"og:image:width\" content=\"1440\" \/>\n\t<meta property=\"og:image:height\" content=\"2560\" \/>\n\t<meta property=\"og:image:type\" content=\"image\/jpeg\" \/>\n<meta name=\"twitter:card\" content=\"summary_large_image\" \/>\n<script type=\"application\/ld+json\" class=\"yoast-schema-graph\">{\"@context\":\"https:\/\/schema.org\",\"@graph\":[{\"@type\":\"WebPage\",\"@id\":\"https:\/\/katrearula.com\/fi\/toode\/suuri-huopainen-ruusurintaneula-punainen\/\",\"url\":\"https:\/\/katrearula.com\/fi\/toode\/suuri-huopainen-ruusurintaneula-punainen\/\",\"name\":\"Suuri huopainen ruusurintaneula - punainen - Katr\u00e9\",\"isPartOf\":{\"@id\":\"https:\/\/katrearula.com\/#website\"},\"primaryImageOfPage\":{\"@id\":\"https:\/\/katrearula.com\/fi\/toode\/suuri-huopainen-ruusurintaneula-punainen\/#primaryimage\"},\"image\":{\"@id\":\"https:\/\/katrearula.com\/fi\/toode\/suuri-huopainen-ruusurintaneula-punainen\/#primaryimage\"},\"thumbnailUrl\":\"https:\/\/katrearula.com\/wp-content\/uploads\/2025\/12\/suur-vildist-roosipross_punane_katre-arula_2-scaled.jpg\",\"datePublished\":\"2025-12-06T13:06:10+00:00\",\"breadcrumb\":{\"@id\":\"https:\/\/katrearula.com\/fi\/toode\/suuri-huopainen-ruusurintaneula-punainen\/#breadcrumb\"},\"inLanguage\":\"fi\",\"potentialAction\":[{\"@type\":\"ReadAction\",\"target\":[\"https:\/\/katrearula.com\/fi\/toode\/suuri-huopainen-ruusurintaneula-punainen\/\"]}]},{\"@type\":\"ImageObject\",\"inLanguage\":\"fi\",\"@id\":\"https:\/\/katrearula.com\/fi\/toode\/suuri-huopainen-ruusurintaneula-punainen\/#primaryimage\",\"url\":\"https:\/\/katrearula.com\/wp-content\/uploads\/2025\/12\/suur-vildist-roosipross_punane_katre-arula_2-scaled.jpg\",\"contentUrl\":\"https:\/\/katrearula.com\/wp-content\/uploads\/2025\/12\/suur-vildist-roosipross_punane_katre-arula_2-scaled.jpg\",\"width\":1440,\"height\":2560},{\"@type\":\"BreadcrumbList\",\"@id\":\"https:\/\/katrearula.com\/fi\/toode\/suuri-huopainen-ruusurintaneula-punainen\/#breadcrumb\",\"itemListElement\":[{\"@type\":\"ListItem\",\"position\":1,\"name\":\"Kotiin\",\"item\":\"https:\/\/katrearula.com\/fi\/kotiin\/\"},{\"@type\":\"ListItem\",\"position\":2,\"name\":\"Pood\",\"item\":\"https:\/\/katrearula.com\/pood\/\"},{\"@type\":\"ListItem\",\"position\":3,\"name\":\"Suuri huopainen ruusurintaneula &#8211; punainen\"}]},{\"@type\":\"WebSite\",\"@id\":\"https:\/\/katrearula.com\/#website\",\"url\":\"https:\/\/katrearula.com\/\",\"name\":\"Katr\u00e9\",\"description\":\"Eesti disain\",\"publisher\":{\"@id\":\"https:\/\/katrearula.com\/#organization\"},\"potentialAction\":[{\"@type\":\"SearchAction\",\"target\":{\"@type\":\"EntryPoint\",\"urlTemplate\":\"https:\/\/katrearula.com\/?s={search_term_string}\"},\"query-input\":{\"@type\":\"PropertyValueSpecification\",\"valueRequired\":true,\"valueName\":\"search_term_string\"}}],\"inLanguage\":\"fi\"},{\"@type\":\"Organization\",\"@id\":\"https:\/\/katrearula.com\/#organization\",\"name\":\"Katre Meistrikoda O\u00dc\",\"url\":\"https:\/\/katrearula.com\/\",\"logo\":{\"@type\":\"ImageObject\",\"inLanguage\":\"fi\",\"@id\":\"https:\/\/katrearula.com\/#\/schema\/logo\/image\/\",\"url\":\"https:\/\/katrearula.com\/wp-content\/uploads\/2021\/11\/www.katrearula.com_.jpg\",\"contentUrl\":\"https:\/\/katrearula.com\/wp-content\/uploads\/2021\/11\/www.katrearula.com_.jpg\",\"width\":380,\"height\":254,\"caption\":\"Katre Meistrikoda O\u00dc\"},\"image\":{\"@id\":\"https:\/\/katrearula.com\/#\/schema\/logo\/image\/\"},\"sameAs\":[\"https:\/\/www.facebook.com\/KatreArulaMeistrikoda\",\"https:\/\/www.instagram.com\/katre_arula_meistrikoda\/\"]}]}<\/script>\n<!-- \/ Yoast SEO plugin. -->","yoast_head_json":{"title":"Suuri huopainen ruusurintaneula - punainen - Katr\u00e9","robots":{"index":"index","follow":"follow","max-snippet":"max-snippet:-1","max-image-preview":"max-image-preview:large","max-video-preview":"max-video-preview:-1"},"canonical":"https:\/\/katrearula.com\/fi\/toode\/suuri-huopainen-ruusurintaneula-punainen\/","og_locale":"fi_FI","og_type":"article","og_title":"Suuri huopainen ruusurintaneula - punainen - Katr\u00e9","og_description":"Katr\u00e9n huovasta tehty ruusurintaneula on k\u00e4sintehty asuste, joka yhdist\u00e4\u00e4 virolaisen muotoilun, kest\u00e4v\u00e4n kehityksen ja modernin kansallisen estetiikan. Jokainen rintaneula on valmistettu Katr\u00e9 Arulan tunnusomaisella tekniikalla \u2013 huovasta tehdyll\u00e4 ruusunvalmistustekniikalla, jonka tuloksena syntyy rehev\u00e4 ja kest\u00e4v\u00e4 kukkamuoto. Ruusu on valmistettu huonekaluhuovasta, joka pit\u00e4\u00e4 muotonsa hyvin ja tekee rintaneulasta sek\u00e4 tehokkaan ett\u00e4 kest\u00e4v\u00e4n. Klassisen rintaneulan ansiosta sit\u00e4 voi k\u00e4ytt\u00e4\u00e4 takissa, p\u00e4\u00e4llystakissa, mekossa, hatussa tai laukussa \u2013 mik\u00e4 tekee siit\u00e4 monipuolisen asusteen niin arkeen kuin juhlaankin. Noin 14 cm halkaisijaltaan ja 8 cm korkeudeltaan oleva huovasta tehty ruusurintaneula on n\u00e4ytt\u00e4v\u00e4 yksityiskohta, joka tuo asuun ainutlaatuisen ilmeen. Koska jokainen rintaneula on k\u00e4sintehty P\u00f5ltsamaalla, jokainen ruusu on hieman erilainen \u2013 juuri niin kuin aidon k\u00e4sity\u00f6n kuuluukin olla.  Lehden gallerian viimeinen kuva Anne &amp; Stiil Kuva: Kalle Veesaar I Tyyli: Karolin Kuusik I Meikki ja kampaus: Gerda Miller I Malli: \u00c4li Enrietta (E.M.A.)","og_url":"https:\/\/katrearula.com\/fi\/toode\/suuri-huopainen-ruusurintaneula-punainen\/","og_site_name":"Katr\u00e9","article_publisher":"https:\/\/www.facebook.com\/KatreArulaMeistrikoda","og_image":[{"width":1440,"height":2560,"url":"https:\/\/katrearula.com\/wp-content\/uploads\/2025\/12\/suur-vildist-roosipross_punane_katre-arula_2-scaled.jpg","type":"image\/jpeg"}],"twitter_card":"summary_large_image","schema":{"@context":"https:\/\/schema.org","@graph":[{"@type":"WebPage","@id":"https:\/\/katrearula.com\/fi\/toode\/suuri-huopainen-ruusurintaneula-punainen\/","url":"https:\/\/katrearula.com\/fi\/toode\/suuri-huopainen-ruusurintaneula-punainen\/","name":"Suuri huopainen ruusurintaneula - punainen - Katr\u00e9","isPartOf":{"@id":"https:\/\/katrearula.com\/#website"},"primaryImageOfPage":{"@id":"https:\/\/katrearula.com\/fi\/toode\/suuri-huopainen-ruusurintaneula-punainen\/#primaryimage"},"image":{"@id":"https:\/\/katrearula.com\/fi\/toode\/suuri-huopainen-ruusurintaneula-punainen\/#primaryimage"},"thumbnailUrl":"https:\/\/katrearula.com\/wp-content\/uploads\/2025\/12\/suur-vildist-roosipross_punane_katre-arula_2-scaled.jpg","datePublished":"2025-12-06T13:06:10+00:00","breadcrumb":{"@id":"https:\/\/katrearula.com\/fi\/toode\/suuri-huopainen-ruusurintaneula-punainen\/#breadcrumb"},"inLanguage":"fi","potentialAction":[{"@type":"ReadAction","target":["https:\/\/katrearula.com\/fi\/toode\/suuri-huopainen-ruusurintaneula-punainen\/"]}]},{"@type":"ImageObject","inLanguage":"fi","@id":"https:\/\/katrearula.com\/fi\/toode\/suuri-huopainen-ruusurintaneula-punainen\/#primaryimage","url":"https:\/\/katrearula.com\/wp-content\/uploads\/2025\/12\/suur-vildist-roosipross_punane_katre-arula_2-scaled.jpg","contentUrl":"https:\/\/katrearula.com\/wp-content\/uploads\/2025\/12\/suur-vildist-roosipross_punane_katre-arula_2-scaled.jpg","width":1440,"height":2560},{"@type":"BreadcrumbList","@id":"https:\/\/katrearula.com\/fi\/toode\/suuri-huopainen-ruusurintaneula-punainen\/#breadcrumb","itemListElement":[{"@type":"ListItem","position":1,"name":"Kotiin","item":"https:\/\/katrearula.com\/fi\/kotiin\/"},{"@type":"ListItem","position":2,"name":"Pood","item":"https:\/\/katrearula.com\/pood\/"},{"@type":"ListItem","position":3,"name":"Suuri huopainen ruusurintaneula &#8211; punainen"}]},{"@type":"WebSite","@id":"https:\/\/katrearula.com\/#website","url":"https:\/\/katrearula.com\/","name":"Katr\u00e9","description":"Eesti disain","publisher":{"@id":"https:\/\/katrearula.com\/#organization"},"potentialAction":[{"@type":"SearchAction","target":{"@type":"EntryPoint","urlTemplate":"https:\/\/katrearula.com\/?s={search_term_string}"},"query-input":{"@type":"PropertyValueSpecification","valueRequired":true,"valueName":"search_term_string"}}],"inLanguage":"fi"},{"@type":"Organization","@id":"https:\/\/katrearula.com\/#organization","name":"Katre Meistrikoda O\u00dc","url":"https:\/\/katrearula.com\/","logo":{"@type":"ImageObject","inLanguage":"fi","@id":"https:\/\/katrearula.com\/#\/schema\/logo\/image\/","url":"https:\/\/katrearula.com\/wp-content\/uploads\/2021\/11\/www.katrearula.com_.jpg","contentUrl":"https:\/\/katrearula.com\/wp-content\/uploads\/2021\/11\/www.katrearula.com_.jpg","width":380,"height":254,"caption":"Katre Meistrikoda O\u00dc"},"image":{"@id":"https:\/\/katrearula.com\/#\/schema\/logo\/image\/"},"sameAs":["https:\/\/www.facebook.com\/KatreArulaMeistrikoda","https:\/\/www.instagram.com\/katre_arula_meistrikoda\/"]}]}},"jetpack_sharing_enabled":true,"_links":{"self":[{"href":"https:\/\/katrearula.com\/fi\/wp-json\/wp\/v2\/product\/15953","targetHints":{"allow":["GET"]}}],"collection":[{"href":"https:\/\/katrearula.com\/fi\/wp-json\/wp\/v2\/product"}],"about":[{"href":"https:\/\/katrearula.com\/fi\/wp-json\/wp\/v2\/types\/product"}],"replies":[{"embeddable":true,"href":"https:\/\/katrearula.com\/fi\/wp-json\/wp\/v2\/comments?post=15953"}],"wp:featuredmedia":[{"embeddable":true,"href":"https:\/\/katrearula.com\/fi\/wp-json\/wp\/v2\/media\/15806"}],"wp:attachment":[{"href":"https:\/\/katrearula.com\/fi\/wp-json\/wp\/v2\/media?parent=15953"}],"wp:term":[{"taxonomy":"product_brand","embeddable":true,"href":"https:\/\/katrearula.com\/fi\/wp-json\/wp\/v2\/product_brand?post=15953"},{"taxonomy":"product_cat","embeddable":true,"href":"https:\/\/katrearula.com\/fi\/wp-json\/wp\/v2\/product_cat?post=15953"},{"taxonomy":"product_tag","embeddable":true,"href":"https:\/\/katrearula.com\/fi\/wp-json\/wp\/v2\/product_tag?post=15953"}],"curies":[{"name":"wp","href":"https:\/\/api.w.org\/{rel}","templated":true}]}}