{"id":15963,"date":"2025-02-16T09:42:37","date_gmt":"2025-02-16T09:42:37","guid":{"rendered":"https:\/\/katrearula.com\/toode\/kirkas-3in1-laukku-karmen\/"},"modified":"2025-02-16T09:42:37","modified_gmt":"2025-02-16T09:42:37","slug":"kirkas-3in1-laukku-karmen","status":"publish","type":"product","link":"https:\/\/katrearula.com\/fi\/toode\/kirkas-3in1-laukku-karmen\/","title":{"rendered":"Kirkas 3in1 laukku KARMEN"},"content":{"rendered":"","protected":false},"excerpt":{"rendered":"<p data-pm-slice=\"1 1 []\">Tutustu Katr\u00e9-merkin monitoimireppuun, joka on suunniteltu modernille ihmiselle, joka arvostaa tyyli\u00e4, k\u00e4yt\u00e4nn\u00f6llisyytt\u00e4 ja ymp\u00e4rist\u00f6yst\u00e4v\u00e4llisyytt\u00e4. T\u00e4m\u00e4 reppu sopii erinomaisesti jokap\u00e4iv\u00e4iseen k\u00e4ytt\u00f6\u00f6n &#8211; t\u00f6ihin, kouluun tai kaupunkiseikkailuihin. <\/p>\n<p data-pm-slice=\"1 1 []\">Reppu on valmistettu korkealaatuisista ja kest\u00e4vist\u00e4 kankaista huonekaluteollisuuden ylij\u00e4\u00e4m\u00e4materiaaleista, mik\u00e4 auttaa v\u00e4hent\u00e4m\u00e4\u00e4n tekstiilij\u00e4tett\u00e4 ja tukee kiertotaloutta. Likaa hylkiv\u00e4 pinta takaa helpon hoidon ja pitk\u00e4n k\u00e4ytt\u00f6i\u00e4n. <\/p>\n<p data-pm-slice=\"1 1 [\"list\",{\"spread\":true,\"start\":348,\"end\":1051},\"regular_list_item\",{\"start\":816,\"end\":935}]\">Vetoketjullinen lokero ja useat taskut auttavat pit\u00e4m\u00e4\u00e4n tavarat j\u00e4rjestyksess\u00e4 ja helposti l\u00f6ydett\u00e4viss\u00e4.<\/p>\n<p data-pm-slice=\"1 1 [\"list\",{\"spread\":false,\"start\":1087,\"end\":1382},\"regular_list_item\",{\"start\":1307,\"end\":1382}]\">Paikallista suunnittelua: valmistettu Virossa huolellisesti harkituilla yksityiskohdilla.<\/p>\n<p data-pm-slice=\"1 3 []\"><strong>Huolto-ohjeet:<\/strong><\/p>\n<ul data-spread=\"false\">\n<li>puhdista tekstiili kostealla liinalla tai pehme\u00e4ll\u00e4 harjalla<\/li>\n<li>k\u00e4yt\u00e4 verhoilunpuhdistusainetta<\/li>\n<li>V\u00e4lt\u00e4 konepesua materiaalin ominaisuuksien s\u00e4ilytt\u00e4miseksi<\/li>\n<\/ul>\n","protected":false},"featured_media":10186,"comment_status":"closed","ping_status":"closed","template":"","meta":{"pgc_sgb_lightbox_settings":""},"product_brand":[],"product_cat":[230,231],"product_tag":[],"class_list":{"0":"post-15963","1":"product","2":"type-product","3":"status-publish","4":"has-post-thumbnail","6":"product_cat-3in1-laukut","7":"product_cat-laukut","9":"first","10":"instock","11":"taxable","12":"shipping-taxable","13":"purchasable","14":"product-type-simple"},"yoast_head":"<!-- This site is optimized with the Yoast SEO plugin v26.6 - https:\/\/yoast.com\/wordpress\/plugins\/seo\/ -->\n<title>Kirkas 3in1 laukku KARMEN - Katr\u00e9<\/title>\n<meta name=\"robots\" content=\"index, follow, max-snippet:-1, max-image-preview:large, max-video-preview:-1\" \/>\n<link rel=\"canonical\" href=\"https:\/\/katrearula.com\/fi\/toode\/kirkas-3in1-laukku-karmen\/\" \/>\n<meta property=\"og:locale\" content=\"fi_FI\" \/>\n<meta property=\"og:type\" content=\"article\" \/>\n<meta property=\"og:title\" content=\"Kirkas 3in1 laukku KARMEN - Katr\u00e9\" \/>\n<meta property=\"og:description\" content=\"Tutustu Katr\u00e9-merkin monitoimireppuun, joka on suunniteltu modernille ihmiselle, joka arvostaa tyyli\u00e4, k\u00e4yt\u00e4nn\u00f6llisyytt\u00e4 ja ymp\u00e4rist\u00f6yst\u00e4v\u00e4llisyytt\u00e4. T\u00e4m\u00e4 reppu sopii erinomaisesti jokap\u00e4iv\u00e4iseen k\u00e4ytt\u00f6\u00f6n - t\u00f6ihin, kouluun tai kaupunkiseikkailuihin. Reppu on valmistettu korkealaatuisista ja kest\u00e4vist\u00e4 kankaista huonekaluteollisuuden ylij\u00e4\u00e4m\u00e4materiaaleista, mik\u00e4 auttaa v\u00e4hent\u00e4m\u00e4\u00e4n tekstiilij\u00e4tett\u00e4 ja tukee kiertotaloutta. Likaa hylkiv\u00e4 pinta takaa helpon hoidon ja pitk\u00e4n k\u00e4ytt\u00f6i\u00e4n. Vetoketjullinen lokero ja useat taskut auttavat pit\u00e4m\u00e4\u00e4n tavarat j\u00e4rjestyksess\u00e4 ja helposti l\u00f6ydett\u00e4viss\u00e4. Paikallista suunnittelua: valmistettu Virossa huolellisesti harkituilla yksityiskohdilla. Huolto-ohjeet:   puhdista tekstiili kostealla liinalla tai pehme\u00e4ll\u00e4 harjalla  k\u00e4yt\u00e4 verhoilunpuhdistusainetta  V\u00e4lt\u00e4 konepesua materiaalin ominaisuuksien s\u00e4ilytt\u00e4miseksi\" \/>\n<meta property=\"og:url\" content=\"https:\/\/katrearula.com\/fi\/toode\/kirkas-3in1-laukku-karmen\/\" \/>\n<meta property=\"og:site_name\" content=\"Katr\u00e9\" \/>\n<meta property=\"article:publisher\" content=\"https:\/\/www.facebook.com\/KatreArulaMeistrikoda\" \/>\n<meta property=\"og:image\" content=\"https:\/\/katrearula.com\/wp-content\/uploads\/2022\/10\/KARMEN-hele-3in1-kott-seljakott-olakott-kaekott-1-scaled-e1762096243268.jpg\" \/>\n\t<meta property=\"og:image:width\" content=\"1708\" \/>\n\t<meta property=\"og:image:height\" content=\"2560\" \/>\n\t<meta property=\"og:image:type\" content=\"image\/jpeg\" \/>\n<meta name=\"twitter:card\" content=\"summary_large_image\" \/>\n<script type=\"application\/ld+json\" class=\"yoast-schema-graph\">{\"@context\":\"https:\/\/schema.org\",\"@graph\":[{\"@type\":\"WebPage\",\"@id\":\"https:\/\/katrearula.com\/fi\/toode\/kirkas-3in1-laukku-karmen\/\",\"url\":\"https:\/\/katrearula.com\/fi\/toode\/kirkas-3in1-laukku-karmen\/\",\"name\":\"Kirkas 3in1 laukku KARMEN - Katr\u00e9\",\"isPartOf\":{\"@id\":\"https:\/\/katrearula.com\/#website\"},\"primaryImageOfPage\":{\"@id\":\"https:\/\/katrearula.com\/fi\/toode\/kirkas-3in1-laukku-karmen\/#primaryimage\"},\"image\":{\"@id\":\"https:\/\/katrearula.com\/fi\/toode\/kirkas-3in1-laukku-karmen\/#primaryimage\"},\"thumbnailUrl\":\"https:\/\/katrearula.com\/wp-content\/uploads\/2022\/10\/KARMEN-hele-3in1-kott-seljakott-olakott-kaekott-1-scaled-e1762096243268.jpg\",\"datePublished\":\"2025-02-16T09:42:37+00:00\",\"breadcrumb\":{\"@id\":\"https:\/\/katrearula.com\/fi\/toode\/kirkas-3in1-laukku-karmen\/#breadcrumb\"},\"inLanguage\":\"fi\",\"potentialAction\":[{\"@type\":\"ReadAction\",\"target\":[\"https:\/\/katrearula.com\/fi\/toode\/kirkas-3in1-laukku-karmen\/\"]}]},{\"@type\":\"ImageObject\",\"inLanguage\":\"fi\",\"@id\":\"https:\/\/katrearula.com\/fi\/toode\/kirkas-3in1-laukku-karmen\/#primaryimage\",\"url\":\"https:\/\/katrearula.com\/wp-content\/uploads\/2022\/10\/KARMEN-hele-3in1-kott-seljakott-olakott-kaekott-1-scaled-e1762096243268.jpg\",\"contentUrl\":\"https:\/\/katrearula.com\/wp-content\/uploads\/2022\/10\/KARMEN-hele-3in1-kott-seljakott-olakott-kaekott-1-scaled-e1762096243268.jpg\",\"width\":1708,\"height\":2560},{\"@type\":\"BreadcrumbList\",\"@id\":\"https:\/\/katrearula.com\/fi\/toode\/kirkas-3in1-laukku-karmen\/#breadcrumb\",\"itemListElement\":[{\"@type\":\"ListItem\",\"position\":1,\"name\":\"Kotiin\",\"item\":\"https:\/\/katrearula.com\/fi\/kotiin\/\"},{\"@type\":\"ListItem\",\"position\":2,\"name\":\"Pood\",\"item\":\"https:\/\/katrearula.com\/pood\/\"},{\"@type\":\"ListItem\",\"position\":3,\"name\":\"Kirkas 3in1 laukku KARMEN\"}]},{\"@type\":\"WebSite\",\"@id\":\"https:\/\/katrearula.com\/#website\",\"url\":\"https:\/\/katrearula.com\/\",\"name\":\"Katr\u00e9\",\"description\":\"Eesti disain\",\"publisher\":{\"@id\":\"https:\/\/katrearula.com\/#organization\"},\"potentialAction\":[{\"@type\":\"SearchAction\",\"target\":{\"@type\":\"EntryPoint\",\"urlTemplate\":\"https:\/\/katrearula.com\/?s={search_term_string}\"},\"query-input\":{\"@type\":\"PropertyValueSpecification\",\"valueRequired\":true,\"valueName\":\"search_term_string\"}}],\"inLanguage\":\"fi\"},{\"@type\":\"Organization\",\"@id\":\"https:\/\/katrearula.com\/#organization\",\"name\":\"Katre Meistrikoda O\u00dc\",\"url\":\"https:\/\/katrearula.com\/\",\"logo\":{\"@type\":\"ImageObject\",\"inLanguage\":\"fi\",\"@id\":\"https:\/\/katrearula.com\/#\/schema\/logo\/image\/\",\"url\":\"https:\/\/katrearula.com\/wp-content\/uploads\/2021\/11\/www.katrearula.com_.jpg\",\"contentUrl\":\"https:\/\/katrearula.com\/wp-content\/uploads\/2021\/11\/www.katrearula.com_.jpg\",\"width\":380,\"height\":254,\"caption\":\"Katre Meistrikoda O\u00dc\"},\"image\":{\"@id\":\"https:\/\/katrearula.com\/#\/schema\/logo\/image\/\"},\"sameAs\":[\"https:\/\/www.facebook.com\/KatreArulaMeistrikoda\",\"https:\/\/www.instagram.com\/katre_arula_meistrikoda\/\"]}]}<\/script>\n<!-- \/ Yoast SEO plugin. -->","yoast_head_json":{"title":"Kirkas 3in1 laukku KARMEN - Katr\u00e9","robots":{"index":"index","follow":"follow","max-snippet":"max-snippet:-1","max-image-preview":"max-image-preview:large","max-video-preview":"max-video-preview:-1"},"canonical":"https:\/\/katrearula.com\/fi\/toode\/kirkas-3in1-laukku-karmen\/","og_locale":"fi_FI","og_type":"article","og_title":"Kirkas 3in1 laukku KARMEN - Katr\u00e9","og_description":"Tutustu Katr\u00e9-merkin monitoimireppuun, joka on suunniteltu modernille ihmiselle, joka arvostaa tyyli\u00e4, k\u00e4yt\u00e4nn\u00f6llisyytt\u00e4 ja ymp\u00e4rist\u00f6yst\u00e4v\u00e4llisyytt\u00e4. T\u00e4m\u00e4 reppu sopii erinomaisesti jokap\u00e4iv\u00e4iseen k\u00e4ytt\u00f6\u00f6n - t\u00f6ihin, kouluun tai kaupunkiseikkailuihin. Reppu on valmistettu korkealaatuisista ja kest\u00e4vist\u00e4 kankaista huonekaluteollisuuden ylij\u00e4\u00e4m\u00e4materiaaleista, mik\u00e4 auttaa v\u00e4hent\u00e4m\u00e4\u00e4n tekstiilij\u00e4tett\u00e4 ja tukee kiertotaloutta. Likaa hylkiv\u00e4 pinta takaa helpon hoidon ja pitk\u00e4n k\u00e4ytt\u00f6i\u00e4n. Vetoketjullinen lokero ja useat taskut auttavat pit\u00e4m\u00e4\u00e4n tavarat j\u00e4rjestyksess\u00e4 ja helposti l\u00f6ydett\u00e4viss\u00e4. Paikallista suunnittelua: valmistettu Virossa huolellisesti harkituilla yksityiskohdilla. Huolto-ohjeet:   puhdista tekstiili kostealla liinalla tai pehme\u00e4ll\u00e4 harjalla  k\u00e4yt\u00e4 verhoilunpuhdistusainetta  V\u00e4lt\u00e4 konepesua materiaalin ominaisuuksien s\u00e4ilytt\u00e4miseksi","og_url":"https:\/\/katrearula.com\/fi\/toode\/kirkas-3in1-laukku-karmen\/","og_site_name":"Katr\u00e9","article_publisher":"https:\/\/www.facebook.com\/KatreArulaMeistrikoda","og_image":[{"width":1708,"height":2560,"url":"https:\/\/katrearula.com\/wp-content\/uploads\/2022\/10\/KARMEN-hele-3in1-kott-seljakott-olakott-kaekott-1-scaled-e1762096243268.jpg","type":"image\/jpeg"}],"twitter_card":"summary_large_image","schema":{"@context":"https:\/\/schema.org","@graph":[{"@type":"WebPage","@id":"https:\/\/katrearula.com\/fi\/toode\/kirkas-3in1-laukku-karmen\/","url":"https:\/\/katrearula.com\/fi\/toode\/kirkas-3in1-laukku-karmen\/","name":"Kirkas 3in1 laukku KARMEN - Katr\u00e9","isPartOf":{"@id":"https:\/\/katrearula.com\/#website"},"primaryImageOfPage":{"@id":"https:\/\/katrearula.com\/fi\/toode\/kirkas-3in1-laukku-karmen\/#primaryimage"},"image":{"@id":"https:\/\/katrearula.com\/fi\/toode\/kirkas-3in1-laukku-karmen\/#primaryimage"},"thumbnailUrl":"https:\/\/katrearula.com\/wp-content\/uploads\/2022\/10\/KARMEN-hele-3in1-kott-seljakott-olakott-kaekott-1-scaled-e1762096243268.jpg","datePublished":"2025-02-16T09:42:37+00:00","breadcrumb":{"@id":"https:\/\/katrearula.com\/fi\/toode\/kirkas-3in1-laukku-karmen\/#breadcrumb"},"inLanguage":"fi","potentialAction":[{"@type":"ReadAction","target":["https:\/\/katrearula.com\/fi\/toode\/kirkas-3in1-laukku-karmen\/"]}]},{"@type":"ImageObject","inLanguage":"fi","@id":"https:\/\/katrearula.com\/fi\/toode\/kirkas-3in1-laukku-karmen\/#primaryimage","url":"https:\/\/katrearula.com\/wp-content\/uploads\/2022\/10\/KARMEN-hele-3in1-kott-seljakott-olakott-kaekott-1-scaled-e1762096243268.jpg","contentUrl":"https:\/\/katrearula.com\/wp-content\/uploads\/2022\/10\/KARMEN-hele-3in1-kott-seljakott-olakott-kaekott-1-scaled-e1762096243268.jpg","width":1708,"height":2560},{"@type":"BreadcrumbList","@id":"https:\/\/katrearula.com\/fi\/toode\/kirkas-3in1-laukku-karmen\/#breadcrumb","itemListElement":[{"@type":"ListItem","position":1,"name":"Kotiin","item":"https:\/\/katrearula.com\/fi\/kotiin\/"},{"@type":"ListItem","position":2,"name":"Pood","item":"https:\/\/katrearula.com\/pood\/"},{"@type":"ListItem","position":3,"name":"Kirkas 3in1 laukku KARMEN"}]},{"@type":"WebSite","@id":"https:\/\/katrearula.com\/#website","url":"https:\/\/katrearula.com\/","name":"Katr\u00e9","description":"Eesti disain","publisher":{"@id":"https:\/\/katrearula.com\/#organization"},"potentialAction":[{"@type":"SearchAction","target":{"@type":"EntryPoint","urlTemplate":"https:\/\/katrearula.com\/?s={search_term_string}"},"query-input":{"@type":"PropertyValueSpecification","valueRequired":true,"valueName":"search_term_string"}}],"inLanguage":"fi"},{"@type":"Organization","@id":"https:\/\/katrearula.com\/#organization","name":"Katre Meistrikoda O\u00dc","url":"https:\/\/katrearula.com\/","logo":{"@type":"ImageObject","inLanguage":"fi","@id":"https:\/\/katrearula.com\/#\/schema\/logo\/image\/","url":"https:\/\/katrearula.com\/wp-content\/uploads\/2021\/11\/www.katrearula.com_.jpg","contentUrl":"https:\/\/katrearula.com\/wp-content\/uploads\/2021\/11\/www.katrearula.com_.jpg","width":380,"height":254,"caption":"Katre Meistrikoda O\u00dc"},"image":{"@id":"https:\/\/katrearula.com\/#\/schema\/logo\/image\/"},"sameAs":["https:\/\/www.facebook.com\/KatreArulaMeistrikoda","https:\/\/www.instagram.com\/katre_arula_meistrikoda\/"]}]}},"jetpack_sharing_enabled":true,"_links":{"self":[{"href":"https:\/\/katrearula.com\/fi\/wp-json\/wp\/v2\/product\/15963","targetHints":{"allow":["GET"]}}],"collection":[{"href":"https:\/\/katrearula.com\/fi\/wp-json\/wp\/v2\/product"}],"about":[{"href":"https:\/\/katrearula.com\/fi\/wp-json\/wp\/v2\/types\/product"}],"replies":[{"embeddable":true,"href":"https:\/\/katrearula.com\/fi\/wp-json\/wp\/v2\/comments?post=15963"}],"wp:featuredmedia":[{"embeddable":true,"href":"https:\/\/katrearula.com\/fi\/wp-json\/wp\/v2\/media\/10186"}],"wp:attachment":[{"href":"https:\/\/katrearula.com\/fi\/wp-json\/wp\/v2\/media?parent=15963"}],"wp:term":[{"taxonomy":"product_brand","embeddable":true,"href":"https:\/\/katrearula.com\/fi\/wp-json\/wp\/v2\/product_brand?post=15963"},{"taxonomy":"product_cat","embeddable":true,"href":"https:\/\/katrearula.com\/fi\/wp-json\/wp\/v2\/product_cat?post=15963"},{"taxonomy":"product_tag","embeddable":true,"href":"https:\/\/katrearula.com\/fi\/wp-json\/wp\/v2\/product_tag?post=15963"}],"curies":[{"name":"wp","href":"https:\/\/api.w.org\/{rel}","templated":true}]}}