{"id":15967,"date":"2024-11-06T20:02:33","date_gmt":"2024-11-06T20:02:33","guid":{"rendered":"https:\/\/katrearula.com\/toode\/harmaa-olkalaukku-raali\/"},"modified":"2024-11-06T20:02:33","modified_gmt":"2024-11-06T20:02:33","slug":"harmaa-olkalaukku-raali","status":"publish","type":"product","link":"https:\/\/katrearula.com\/fi\/toode\/harmaa-olkalaukku-raali\/","title":{"rendered":"Harmaa olkalaukku RAALI"},"content":{"rendered":"","protected":false},"excerpt":{"rendered":"<p><span style=\"font-weight: 400;\">Katr\u00e9n t\u00f6ille on ominaista kirjailijan tekniikalla tehdyt kuvioaiheet, jotka ammentavat inspiraationsa kansantaiteesta. N\u00e4m\u00e4 kuviot antavat tekstiileille syvyytt\u00e4 ja kertovat j\u00e4nnitt\u00e4vi\u00e4 tarinoita. Koska luomus perustuu l\u00e4hes kaikkeen kierr\u00e4tykseen, esity\u00f6 ja esineiden valmistus ovat sit\u00e4kin monimutkaisempia.  <\/span><\/p>\n<p><span style=\"font-weight: 400;\">Laukun muotoilu on klassisen minimalistinen, mutta hienovaraiset, tunnusomaiset yksityiskohdat ja tilkkuty\u00f6tekniikat tekev\u00e4t siit\u00e4 huomattavan ja omaleimaisen, antaen laukulle ainutlaatuisen luonteen.<\/span><\/p>\n<p><span style=\"font-weight: 400;\">T\u00e4m\u00e4 on loistava valinta niille, jotka haluavat pit\u00e4\u00e4 tavaransa j\u00e4rjestyksess\u00e4 ja helposti saatavilla. Laukussa on kaksi sis\u00e4taskua, vetoketjullinen tasku ja erillinen paikka matkapuhelimelle. <\/span><\/p>\n<p><span style=\"font-weight: 400;\">Laukku on valmistettu kest\u00e4vist\u00e4 huonekaluteollisuuden ylij\u00e4\u00e4m\u00e4materiaaleista ja kierr\u00e4tysmateriaaleista, tarjoten vastauksen aikamme suurimpaan haasteeseen: tasapainon l\u00f6yt\u00e4miseen mukavuuden ja tietoisen kuluttamisen v\u00e4lill\u00e4. <\/span><\/p>\n","protected":false},"featured_media":14333,"comment_status":"closed","ping_status":"closed","template":"","meta":{"pgc_sgb_lightbox_settings":""},"product_brand":[],"product_cat":[231],"product_tag":[240],"class_list":{"0":"post-15967","1":"product","2":"type-product","3":"status-publish","4":"has-post-thumbnail","6":"product_cat-laukut","7":"product_tag-naisille","9":"first","10":"instock","11":"taxable","12":"shipping-taxable","13":"purchasable","14":"product-type-simple"},"yoast_head":"<!-- This site is optimized with the Yoast SEO plugin v26.6 - https:\/\/yoast.com\/wordpress\/plugins\/seo\/ -->\n<title>Harmaa olkalaukku RAALI - Katr\u00e9<\/title>\n<meta name=\"robots\" content=\"index, follow, max-snippet:-1, max-image-preview:large, max-video-preview:-1\" \/>\n<link rel=\"canonical\" href=\"https:\/\/katrearula.com\/fi\/toode\/harmaa-olkalaukku-raali\/\" \/>\n<meta property=\"og:locale\" content=\"fi_FI\" \/>\n<meta property=\"og:type\" content=\"article\" \/>\n<meta property=\"og:title\" content=\"Harmaa olkalaukku RAALI - Katr\u00e9\" \/>\n<meta property=\"og:description\" content=\"Katr\u00e9n t\u00f6ille on ominaista kirjailijan tekniikalla tehdyt kuvioaiheet, jotka ammentavat inspiraationsa kansantaiteesta. N\u00e4m\u00e4 kuviot antavat tekstiileille syvyytt\u00e4 ja kertovat j\u00e4nnitt\u00e4vi\u00e4 tarinoita. Koska luomus perustuu l\u00e4hes kaikkeen kierr\u00e4tykseen, esity\u00f6 ja esineiden valmistus ovat sit\u00e4kin monimutkaisempia.  Laukun muotoilu on klassisen minimalistinen, mutta hienovaraiset, tunnusomaiset yksityiskohdat ja tilkkuty\u00f6tekniikat tekev\u00e4t siit\u00e4 huomattavan ja omaleimaisen, antaen laukulle ainutlaatuisen luonteen. T\u00e4m\u00e4 on loistava valinta niille, jotka haluavat pit\u00e4\u00e4 tavaransa j\u00e4rjestyksess\u00e4 ja helposti saatavilla. Laukussa on kaksi sis\u00e4taskua, vetoketjullinen tasku ja erillinen paikka matkapuhelimelle.  Laukku on valmistettu kest\u00e4vist\u00e4 huonekaluteollisuuden ylij\u00e4\u00e4m\u00e4materiaaleista ja kierr\u00e4tysmateriaaleista, tarjoten vastauksen aikamme suurimpaan haasteeseen: tasapainon l\u00f6yt\u00e4miseen mukavuuden ja tietoisen kuluttamisen v\u00e4lill\u00e4.\" \/>\n<meta property=\"og:url\" content=\"https:\/\/katrearula.com\/fi\/toode\/harmaa-olkalaukku-raali\/\" \/>\n<meta property=\"og:site_name\" content=\"Katr\u00e9\" \/>\n<meta property=\"article:publisher\" content=\"https:\/\/www.facebook.com\/KatreArulaMeistrikoda\" \/>\n<meta property=\"og:image\" content=\"https:\/\/katrearula.com\/wp-content\/uploads\/2024\/11\/katre_arula_hall_olakott_RAALI_4-min-scaled.jpg\" \/>\n\t<meta property=\"og:image:width\" content=\"1707\" \/>\n\t<meta property=\"og:image:height\" content=\"2560\" \/>\n\t<meta property=\"og:image:type\" content=\"image\/jpeg\" \/>\n<meta name=\"twitter:card\" content=\"summary_large_image\" \/>\n<script type=\"application\/ld+json\" class=\"yoast-schema-graph\">{\"@context\":\"https:\/\/schema.org\",\"@graph\":[{\"@type\":\"WebPage\",\"@id\":\"https:\/\/katrearula.com\/fi\/toode\/harmaa-olkalaukku-raali\/\",\"url\":\"https:\/\/katrearula.com\/fi\/toode\/harmaa-olkalaukku-raali\/\",\"name\":\"Harmaa olkalaukku RAALI - Katr\u00e9\",\"isPartOf\":{\"@id\":\"https:\/\/katrearula.com\/#website\"},\"primaryImageOfPage\":{\"@id\":\"https:\/\/katrearula.com\/fi\/toode\/harmaa-olkalaukku-raali\/#primaryimage\"},\"image\":{\"@id\":\"https:\/\/katrearula.com\/fi\/toode\/harmaa-olkalaukku-raali\/#primaryimage\"},\"thumbnailUrl\":\"https:\/\/katrearula.com\/wp-content\/uploads\/2024\/11\/katre_arula_hall_olakott_RAALI_4-min-scaled.jpg\",\"datePublished\":\"2024-11-06T20:02:33+00:00\",\"breadcrumb\":{\"@id\":\"https:\/\/katrearula.com\/fi\/toode\/harmaa-olkalaukku-raali\/#breadcrumb\"},\"inLanguage\":\"fi\",\"potentialAction\":[{\"@type\":\"ReadAction\",\"target\":[\"https:\/\/katrearula.com\/fi\/toode\/harmaa-olkalaukku-raali\/\"]}]},{\"@type\":\"ImageObject\",\"inLanguage\":\"fi\",\"@id\":\"https:\/\/katrearula.com\/fi\/toode\/harmaa-olkalaukku-raali\/#primaryimage\",\"url\":\"https:\/\/katrearula.com\/wp-content\/uploads\/2024\/11\/katre_arula_hall_olakott_RAALI_4-min-scaled.jpg\",\"contentUrl\":\"https:\/\/katrearula.com\/wp-content\/uploads\/2024\/11\/katre_arula_hall_olakott_RAALI_4-min-scaled.jpg\",\"width\":1707,\"height\":2560},{\"@type\":\"BreadcrumbList\",\"@id\":\"https:\/\/katrearula.com\/fi\/toode\/harmaa-olkalaukku-raali\/#breadcrumb\",\"itemListElement\":[{\"@type\":\"ListItem\",\"position\":1,\"name\":\"Kotiin\",\"item\":\"https:\/\/katrearula.com\/fi\/kotiin\/\"},{\"@type\":\"ListItem\",\"position\":2,\"name\":\"Pood\",\"item\":\"https:\/\/katrearula.com\/pood\/\"},{\"@type\":\"ListItem\",\"position\":3,\"name\":\"Harmaa olkalaukku RAALI\"}]},{\"@type\":\"WebSite\",\"@id\":\"https:\/\/katrearula.com\/#website\",\"url\":\"https:\/\/katrearula.com\/\",\"name\":\"Katr\u00e9\",\"description\":\"Eesti disain\",\"publisher\":{\"@id\":\"https:\/\/katrearula.com\/#organization\"},\"potentialAction\":[{\"@type\":\"SearchAction\",\"target\":{\"@type\":\"EntryPoint\",\"urlTemplate\":\"https:\/\/katrearula.com\/?s={search_term_string}\"},\"query-input\":{\"@type\":\"PropertyValueSpecification\",\"valueRequired\":true,\"valueName\":\"search_term_string\"}}],\"inLanguage\":\"fi\"},{\"@type\":\"Organization\",\"@id\":\"https:\/\/katrearula.com\/#organization\",\"name\":\"Katre Meistrikoda O\u00dc\",\"url\":\"https:\/\/katrearula.com\/\",\"logo\":{\"@type\":\"ImageObject\",\"inLanguage\":\"fi\",\"@id\":\"https:\/\/katrearula.com\/#\/schema\/logo\/image\/\",\"url\":\"https:\/\/katrearula.com\/wp-content\/uploads\/2021\/11\/www.katrearula.com_.jpg\",\"contentUrl\":\"https:\/\/katrearula.com\/wp-content\/uploads\/2021\/11\/www.katrearula.com_.jpg\",\"width\":380,\"height\":254,\"caption\":\"Katre Meistrikoda O\u00dc\"},\"image\":{\"@id\":\"https:\/\/katrearula.com\/#\/schema\/logo\/image\/\"},\"sameAs\":[\"https:\/\/www.facebook.com\/KatreArulaMeistrikoda\",\"https:\/\/www.instagram.com\/katre_arula_meistrikoda\/\"]}]}<\/script>\n<!-- \/ Yoast SEO plugin. -->","yoast_head_json":{"title":"Harmaa olkalaukku RAALI - Katr\u00e9","robots":{"index":"index","follow":"follow","max-snippet":"max-snippet:-1","max-image-preview":"max-image-preview:large","max-video-preview":"max-video-preview:-1"},"canonical":"https:\/\/katrearula.com\/fi\/toode\/harmaa-olkalaukku-raali\/","og_locale":"fi_FI","og_type":"article","og_title":"Harmaa olkalaukku RAALI - Katr\u00e9","og_description":"Katr\u00e9n t\u00f6ille on ominaista kirjailijan tekniikalla tehdyt kuvioaiheet, jotka ammentavat inspiraationsa kansantaiteesta. N\u00e4m\u00e4 kuviot antavat tekstiileille syvyytt\u00e4 ja kertovat j\u00e4nnitt\u00e4vi\u00e4 tarinoita. Koska luomus perustuu l\u00e4hes kaikkeen kierr\u00e4tykseen, esity\u00f6 ja esineiden valmistus ovat sit\u00e4kin monimutkaisempia.  Laukun muotoilu on klassisen minimalistinen, mutta hienovaraiset, tunnusomaiset yksityiskohdat ja tilkkuty\u00f6tekniikat tekev\u00e4t siit\u00e4 huomattavan ja omaleimaisen, antaen laukulle ainutlaatuisen luonteen. T\u00e4m\u00e4 on loistava valinta niille, jotka haluavat pit\u00e4\u00e4 tavaransa j\u00e4rjestyksess\u00e4 ja helposti saatavilla. Laukussa on kaksi sis\u00e4taskua, vetoketjullinen tasku ja erillinen paikka matkapuhelimelle.  Laukku on valmistettu kest\u00e4vist\u00e4 huonekaluteollisuuden ylij\u00e4\u00e4m\u00e4materiaaleista ja kierr\u00e4tysmateriaaleista, tarjoten vastauksen aikamme suurimpaan haasteeseen: tasapainon l\u00f6yt\u00e4miseen mukavuuden ja tietoisen kuluttamisen v\u00e4lill\u00e4.","og_url":"https:\/\/katrearula.com\/fi\/toode\/harmaa-olkalaukku-raali\/","og_site_name":"Katr\u00e9","article_publisher":"https:\/\/www.facebook.com\/KatreArulaMeistrikoda","og_image":[{"width":1707,"height":2560,"url":"https:\/\/katrearula.com\/wp-content\/uploads\/2024\/11\/katre_arula_hall_olakott_RAALI_4-min-scaled.jpg","type":"image\/jpeg"}],"twitter_card":"summary_large_image","schema":{"@context":"https:\/\/schema.org","@graph":[{"@type":"WebPage","@id":"https:\/\/katrearula.com\/fi\/toode\/harmaa-olkalaukku-raali\/","url":"https:\/\/katrearula.com\/fi\/toode\/harmaa-olkalaukku-raali\/","name":"Harmaa olkalaukku RAALI - Katr\u00e9","isPartOf":{"@id":"https:\/\/katrearula.com\/#website"},"primaryImageOfPage":{"@id":"https:\/\/katrearula.com\/fi\/toode\/harmaa-olkalaukku-raali\/#primaryimage"},"image":{"@id":"https:\/\/katrearula.com\/fi\/toode\/harmaa-olkalaukku-raali\/#primaryimage"},"thumbnailUrl":"https:\/\/katrearula.com\/wp-content\/uploads\/2024\/11\/katre_arula_hall_olakott_RAALI_4-min-scaled.jpg","datePublished":"2024-11-06T20:02:33+00:00","breadcrumb":{"@id":"https:\/\/katrearula.com\/fi\/toode\/harmaa-olkalaukku-raali\/#breadcrumb"},"inLanguage":"fi","potentialAction":[{"@type":"ReadAction","target":["https:\/\/katrearula.com\/fi\/toode\/harmaa-olkalaukku-raali\/"]}]},{"@type":"ImageObject","inLanguage":"fi","@id":"https:\/\/katrearula.com\/fi\/toode\/harmaa-olkalaukku-raali\/#primaryimage","url":"https:\/\/katrearula.com\/wp-content\/uploads\/2024\/11\/katre_arula_hall_olakott_RAALI_4-min-scaled.jpg","contentUrl":"https:\/\/katrearula.com\/wp-content\/uploads\/2024\/11\/katre_arula_hall_olakott_RAALI_4-min-scaled.jpg","width":1707,"height":2560},{"@type":"BreadcrumbList","@id":"https:\/\/katrearula.com\/fi\/toode\/harmaa-olkalaukku-raali\/#breadcrumb","itemListElement":[{"@type":"ListItem","position":1,"name":"Kotiin","item":"https:\/\/katrearula.com\/fi\/kotiin\/"},{"@type":"ListItem","position":2,"name":"Pood","item":"https:\/\/katrearula.com\/pood\/"},{"@type":"ListItem","position":3,"name":"Harmaa olkalaukku RAALI"}]},{"@type":"WebSite","@id":"https:\/\/katrearula.com\/#website","url":"https:\/\/katrearula.com\/","name":"Katr\u00e9","description":"Eesti disain","publisher":{"@id":"https:\/\/katrearula.com\/#organization"},"potentialAction":[{"@type":"SearchAction","target":{"@type":"EntryPoint","urlTemplate":"https:\/\/katrearula.com\/?s={search_term_string}"},"query-input":{"@type":"PropertyValueSpecification","valueRequired":true,"valueName":"search_term_string"}}],"inLanguage":"fi"},{"@type":"Organization","@id":"https:\/\/katrearula.com\/#organization","name":"Katre Meistrikoda O\u00dc","url":"https:\/\/katrearula.com\/","logo":{"@type":"ImageObject","inLanguage":"fi","@id":"https:\/\/katrearula.com\/#\/schema\/logo\/image\/","url":"https:\/\/katrearula.com\/wp-content\/uploads\/2021\/11\/www.katrearula.com_.jpg","contentUrl":"https:\/\/katrearula.com\/wp-content\/uploads\/2021\/11\/www.katrearula.com_.jpg","width":380,"height":254,"caption":"Katre Meistrikoda O\u00dc"},"image":{"@id":"https:\/\/katrearula.com\/#\/schema\/logo\/image\/"},"sameAs":["https:\/\/www.facebook.com\/KatreArulaMeistrikoda","https:\/\/www.instagram.com\/katre_arula_meistrikoda\/"]}]}},"jetpack_sharing_enabled":true,"_links":{"self":[{"href":"https:\/\/katrearula.com\/fi\/wp-json\/wp\/v2\/product\/15967","targetHints":{"allow":["GET"]}}],"collection":[{"href":"https:\/\/katrearula.com\/fi\/wp-json\/wp\/v2\/product"}],"about":[{"href":"https:\/\/katrearula.com\/fi\/wp-json\/wp\/v2\/types\/product"}],"replies":[{"embeddable":true,"href":"https:\/\/katrearula.com\/fi\/wp-json\/wp\/v2\/comments?post=15967"}],"wp:featuredmedia":[{"embeddable":true,"href":"https:\/\/katrearula.com\/fi\/wp-json\/wp\/v2\/media\/14333"}],"wp:attachment":[{"href":"https:\/\/katrearula.com\/fi\/wp-json\/wp\/v2\/media?parent=15967"}],"wp:term":[{"taxonomy":"product_brand","embeddable":true,"href":"https:\/\/katrearula.com\/fi\/wp-json\/wp\/v2\/product_brand?post=15967"},{"taxonomy":"product_cat","embeddable":true,"href":"https:\/\/katrearula.com\/fi\/wp-json\/wp\/v2\/product_cat?post=15967"},{"taxonomy":"product_tag","embeddable":true,"href":"https:\/\/katrearula.com\/fi\/wp-json\/wp\/v2\/product_tag?post=15967"}],"curies":[{"name":"wp","href":"https:\/\/api.w.org\/{rel}","templated":true}]}}