{"id":15968,"date":"2024-11-06T19:42:53","date_gmt":"2024-11-06T19:42:53","guid":{"rendered":"https:\/\/katrearula.com\/toode\/musta-2in1-laukku-maigren\/"},"modified":"2024-11-06T19:42:53","modified_gmt":"2024-11-06T19:42:53","slug":"musta-2in1-laukku-maigren","status":"publish","type":"product","link":"https:\/\/katrearula.com\/fi\/toode\/musta-2in1-laukku-maigren\/","title":{"rendered":"Musta 2in1 laukku MAIGREN"},"content":{"rendered":"","protected":false},"excerpt":{"rendered":"<p data-start=\"81\" data-end=\"324\">Jokainen luomani laukku alkaa missiolla \u2013 antaa uusi el\u00e4m\u00e4 materiaaleille, jotka muuten p\u00e4\u00e4tyisiv\u00e4t kaatopaikalle ja aiheuttaisivat saasteita. Huonekaluteollisuuden ylij\u00e4\u00e4m\u00e4materiaalit ovat uskomattoman kest\u00e4vi\u00e4 ja siksi ihanteellisia korkealaatuisten laukkujen valmistukseen. <\/p>\n<p data-start=\"326\" data-end=\"549\">K\u00e4yt\u00e4n parasta olemassa olevaa, mutta laukun pitk\u00e4ik\u00e4isyyden ja mukavuuden varmistamiseksi lis\u00e4\u00e4n siihen uusia vetoketjuja ja kiinnikkeit\u00e4. Koska kest\u00e4v\u00e4 kehitys ei tarkoita pelk\u00e4st\u00e4\u00e4n uudelleenk\u00e4ytt\u00f6\u00e4 \u2013 se tarkoittaa my\u00f6s kest\u00e4vyytt\u00e4 ja ajatonta muotoilua. <\/p>\n<p>Katr\u00e9 2in1 -laukuissa on kaksi pient\u00e4 kahvaa ja yksi pitk\u00e4, s\u00e4\u00e4dett\u00e4v\u00e4 hihna, joiden ansiosta laukkua voi kantaa kahdella eri tavalla: olkalaukkuna ja k\u00e4silaukkuna.<\/p>\n<p>Kaikki mallit ovat rajoitetun er\u00e4n.<\/p>\n","protected":false},"featured_media":14307,"comment_status":"closed","ping_status":"closed","template":"","meta":{"pgc_sgb_lightbox_settings":""},"product_brand":[],"product_cat":[239,231],"product_tag":[240],"class_list":{"0":"post-15968","1":"product","2":"type-product","3":"status-publish","4":"has-post-thumbnail","6":"product_cat-2in1-pussit","7":"product_cat-laukut","8":"product_tag-naisille","10":"first","11":"outofstock","12":"taxable","13":"shipping-taxable","14":"purchasable","15":"product-type-simple"},"yoast_head":"<!-- This site is optimized with the Yoast SEO plugin v26.6 - https:\/\/yoast.com\/wordpress\/plugins\/seo\/ -->\n<title>Musta 2in1 laukku MAIGREN - Katr\u00e9<\/title>\n<meta name=\"robots\" content=\"index, follow, max-snippet:-1, max-image-preview:large, max-video-preview:-1\" \/>\n<link rel=\"canonical\" href=\"https:\/\/katrearula.com\/fi\/toode\/musta-2in1-laukku-maigren\/\" \/>\n<meta property=\"og:locale\" content=\"fi_FI\" \/>\n<meta property=\"og:type\" content=\"article\" \/>\n<meta property=\"og:title\" content=\"Musta 2in1 laukku MAIGREN - Katr\u00e9\" \/>\n<meta property=\"og:description\" content=\"Jokainen luomani laukku alkaa missiolla \u2013 antaa uusi el\u00e4m\u00e4 materiaaleille, jotka muuten p\u00e4\u00e4tyisiv\u00e4t kaatopaikalle ja aiheuttaisivat saasteita. Huonekaluteollisuuden ylij\u00e4\u00e4m\u00e4materiaalit ovat uskomattoman kest\u00e4vi\u00e4 ja siksi ihanteellisia korkealaatuisten laukkujen valmistukseen. K\u00e4yt\u00e4n parasta olemassa olevaa, mutta laukun pitk\u00e4ik\u00e4isyyden ja mukavuuden varmistamiseksi lis\u00e4\u00e4n siihen uusia vetoketjuja ja kiinnikkeit\u00e4. Koska kest\u00e4v\u00e4 kehitys ei tarkoita pelk\u00e4st\u00e4\u00e4n uudelleenk\u00e4ytt\u00f6\u00e4 \u2013 se tarkoittaa my\u00f6s kest\u00e4vyytt\u00e4 ja ajatonta muotoilua. Katr\u00e9 2in1 -laukuissa on kaksi pient\u00e4 kahvaa ja yksi pitk\u00e4, s\u00e4\u00e4dett\u00e4v\u00e4 hihna, joiden ansiosta laukkua voi kantaa kahdella eri tavalla: olkalaukkuna ja k\u00e4silaukkuna. Kaikki mallit ovat rajoitetun er\u00e4n.\" \/>\n<meta property=\"og:url\" content=\"https:\/\/katrearula.com\/fi\/toode\/musta-2in1-laukku-maigren\/\" \/>\n<meta property=\"og:site_name\" content=\"Katr\u00e9\" \/>\n<meta property=\"article:publisher\" content=\"https:\/\/www.facebook.com\/KatreArulaMeistrikoda\" \/>\n<meta property=\"og:image\" content=\"https:\/\/katrearula.com\/wp-content\/uploads\/2024\/11\/katre_arula_must_2in1_kott_MAIGREN_1-min-scaled.jpg\" \/>\n\t<meta property=\"og:image:width\" content=\"1707\" \/>\n\t<meta property=\"og:image:height\" content=\"2560\" \/>\n\t<meta property=\"og:image:type\" content=\"image\/jpeg\" \/>\n<meta name=\"twitter:card\" content=\"summary_large_image\" \/>\n<script type=\"application\/ld+json\" class=\"yoast-schema-graph\">{\"@context\":\"https:\/\/schema.org\",\"@graph\":[{\"@type\":\"WebPage\",\"@id\":\"https:\/\/katrearula.com\/fi\/toode\/musta-2in1-laukku-maigren\/\",\"url\":\"https:\/\/katrearula.com\/fi\/toode\/musta-2in1-laukku-maigren\/\",\"name\":\"Musta 2in1 laukku MAIGREN - Katr\u00e9\",\"isPartOf\":{\"@id\":\"https:\/\/katrearula.com\/#website\"},\"primaryImageOfPage\":{\"@id\":\"https:\/\/katrearula.com\/fi\/toode\/musta-2in1-laukku-maigren\/#primaryimage\"},\"image\":{\"@id\":\"https:\/\/katrearula.com\/fi\/toode\/musta-2in1-laukku-maigren\/#primaryimage\"},\"thumbnailUrl\":\"https:\/\/katrearula.com\/wp-content\/uploads\/2024\/11\/katre_arula_must_2in1_kott_MAIGREN_1-min-scaled.jpg\",\"datePublished\":\"2024-11-06T19:42:53+00:00\",\"breadcrumb\":{\"@id\":\"https:\/\/katrearula.com\/fi\/toode\/musta-2in1-laukku-maigren\/#breadcrumb\"},\"inLanguage\":\"fi\",\"potentialAction\":[{\"@type\":\"ReadAction\",\"target\":[\"https:\/\/katrearula.com\/fi\/toode\/musta-2in1-laukku-maigren\/\"]}]},{\"@type\":\"ImageObject\",\"inLanguage\":\"fi\",\"@id\":\"https:\/\/katrearula.com\/fi\/toode\/musta-2in1-laukku-maigren\/#primaryimage\",\"url\":\"https:\/\/katrearula.com\/wp-content\/uploads\/2024\/11\/katre_arula_must_2in1_kott_MAIGREN_1-min-scaled.jpg\",\"contentUrl\":\"https:\/\/katrearula.com\/wp-content\/uploads\/2024\/11\/katre_arula_must_2in1_kott_MAIGREN_1-min-scaled.jpg\",\"width\":1707,\"height\":2560},{\"@type\":\"BreadcrumbList\",\"@id\":\"https:\/\/katrearula.com\/fi\/toode\/musta-2in1-laukku-maigren\/#breadcrumb\",\"itemListElement\":[{\"@type\":\"ListItem\",\"position\":1,\"name\":\"Kotiin\",\"item\":\"https:\/\/katrearula.com\/fi\/kotiin\/\"},{\"@type\":\"ListItem\",\"position\":2,\"name\":\"Pood\",\"item\":\"https:\/\/katrearula.com\/pood\/\"},{\"@type\":\"ListItem\",\"position\":3,\"name\":\"Musta 2in1 laukku MAIGREN\"}]},{\"@type\":\"WebSite\",\"@id\":\"https:\/\/katrearula.com\/#website\",\"url\":\"https:\/\/katrearula.com\/\",\"name\":\"Katr\u00e9\",\"description\":\"Eesti disain\",\"publisher\":{\"@id\":\"https:\/\/katrearula.com\/#organization\"},\"potentialAction\":[{\"@type\":\"SearchAction\",\"target\":{\"@type\":\"EntryPoint\",\"urlTemplate\":\"https:\/\/katrearula.com\/?s={search_term_string}\"},\"query-input\":{\"@type\":\"PropertyValueSpecification\",\"valueRequired\":true,\"valueName\":\"search_term_string\"}}],\"inLanguage\":\"fi\"},{\"@type\":\"Organization\",\"@id\":\"https:\/\/katrearula.com\/#organization\",\"name\":\"Katre Meistrikoda O\u00dc\",\"url\":\"https:\/\/katrearula.com\/\",\"logo\":{\"@type\":\"ImageObject\",\"inLanguage\":\"fi\",\"@id\":\"https:\/\/katrearula.com\/#\/schema\/logo\/image\/\",\"url\":\"https:\/\/katrearula.com\/wp-content\/uploads\/2021\/11\/www.katrearula.com_.jpg\",\"contentUrl\":\"https:\/\/katrearula.com\/wp-content\/uploads\/2021\/11\/www.katrearula.com_.jpg\",\"width\":380,\"height\":254,\"caption\":\"Katre Meistrikoda O\u00dc\"},\"image\":{\"@id\":\"https:\/\/katrearula.com\/#\/schema\/logo\/image\/\"},\"sameAs\":[\"https:\/\/www.facebook.com\/KatreArulaMeistrikoda\",\"https:\/\/www.instagram.com\/katre_arula_meistrikoda\/\"]}]}<\/script>\n<!-- \/ Yoast SEO plugin. -->","yoast_head_json":{"title":"Musta 2in1 laukku MAIGREN - Katr\u00e9","robots":{"index":"index","follow":"follow","max-snippet":"max-snippet:-1","max-image-preview":"max-image-preview:large","max-video-preview":"max-video-preview:-1"},"canonical":"https:\/\/katrearula.com\/fi\/toode\/musta-2in1-laukku-maigren\/","og_locale":"fi_FI","og_type":"article","og_title":"Musta 2in1 laukku MAIGREN - Katr\u00e9","og_description":"Jokainen luomani laukku alkaa missiolla \u2013 antaa uusi el\u00e4m\u00e4 materiaaleille, jotka muuten p\u00e4\u00e4tyisiv\u00e4t kaatopaikalle ja aiheuttaisivat saasteita. Huonekaluteollisuuden ylij\u00e4\u00e4m\u00e4materiaalit ovat uskomattoman kest\u00e4vi\u00e4 ja siksi ihanteellisia korkealaatuisten laukkujen valmistukseen. K\u00e4yt\u00e4n parasta olemassa olevaa, mutta laukun pitk\u00e4ik\u00e4isyyden ja mukavuuden varmistamiseksi lis\u00e4\u00e4n siihen uusia vetoketjuja ja kiinnikkeit\u00e4. Koska kest\u00e4v\u00e4 kehitys ei tarkoita pelk\u00e4st\u00e4\u00e4n uudelleenk\u00e4ytt\u00f6\u00e4 \u2013 se tarkoittaa my\u00f6s kest\u00e4vyytt\u00e4 ja ajatonta muotoilua. Katr\u00e9 2in1 -laukuissa on kaksi pient\u00e4 kahvaa ja yksi pitk\u00e4, s\u00e4\u00e4dett\u00e4v\u00e4 hihna, joiden ansiosta laukkua voi kantaa kahdella eri tavalla: olkalaukkuna ja k\u00e4silaukkuna. Kaikki mallit ovat rajoitetun er\u00e4n.","og_url":"https:\/\/katrearula.com\/fi\/toode\/musta-2in1-laukku-maigren\/","og_site_name":"Katr\u00e9","article_publisher":"https:\/\/www.facebook.com\/KatreArulaMeistrikoda","og_image":[{"width":1707,"height":2560,"url":"https:\/\/katrearula.com\/wp-content\/uploads\/2024\/11\/katre_arula_must_2in1_kott_MAIGREN_1-min-scaled.jpg","type":"image\/jpeg"}],"twitter_card":"summary_large_image","schema":{"@context":"https:\/\/schema.org","@graph":[{"@type":"WebPage","@id":"https:\/\/katrearula.com\/fi\/toode\/musta-2in1-laukku-maigren\/","url":"https:\/\/katrearula.com\/fi\/toode\/musta-2in1-laukku-maigren\/","name":"Musta 2in1 laukku MAIGREN - Katr\u00e9","isPartOf":{"@id":"https:\/\/katrearula.com\/#website"},"primaryImageOfPage":{"@id":"https:\/\/katrearula.com\/fi\/toode\/musta-2in1-laukku-maigren\/#primaryimage"},"image":{"@id":"https:\/\/katrearula.com\/fi\/toode\/musta-2in1-laukku-maigren\/#primaryimage"},"thumbnailUrl":"https:\/\/katrearula.com\/wp-content\/uploads\/2024\/11\/katre_arula_must_2in1_kott_MAIGREN_1-min-scaled.jpg","datePublished":"2024-11-06T19:42:53+00:00","breadcrumb":{"@id":"https:\/\/katrearula.com\/fi\/toode\/musta-2in1-laukku-maigren\/#breadcrumb"},"inLanguage":"fi","potentialAction":[{"@type":"ReadAction","target":["https:\/\/katrearula.com\/fi\/toode\/musta-2in1-laukku-maigren\/"]}]},{"@type":"ImageObject","inLanguage":"fi","@id":"https:\/\/katrearula.com\/fi\/toode\/musta-2in1-laukku-maigren\/#primaryimage","url":"https:\/\/katrearula.com\/wp-content\/uploads\/2024\/11\/katre_arula_must_2in1_kott_MAIGREN_1-min-scaled.jpg","contentUrl":"https:\/\/katrearula.com\/wp-content\/uploads\/2024\/11\/katre_arula_must_2in1_kott_MAIGREN_1-min-scaled.jpg","width":1707,"height":2560},{"@type":"BreadcrumbList","@id":"https:\/\/katrearula.com\/fi\/toode\/musta-2in1-laukku-maigren\/#breadcrumb","itemListElement":[{"@type":"ListItem","position":1,"name":"Kotiin","item":"https:\/\/katrearula.com\/fi\/kotiin\/"},{"@type":"ListItem","position":2,"name":"Pood","item":"https:\/\/katrearula.com\/pood\/"},{"@type":"ListItem","position":3,"name":"Musta 2in1 laukku MAIGREN"}]},{"@type":"WebSite","@id":"https:\/\/katrearula.com\/#website","url":"https:\/\/katrearula.com\/","name":"Katr\u00e9","description":"Eesti disain","publisher":{"@id":"https:\/\/katrearula.com\/#organization"},"potentialAction":[{"@type":"SearchAction","target":{"@type":"EntryPoint","urlTemplate":"https:\/\/katrearula.com\/?s={search_term_string}"},"query-input":{"@type":"PropertyValueSpecification","valueRequired":true,"valueName":"search_term_string"}}],"inLanguage":"fi"},{"@type":"Organization","@id":"https:\/\/katrearula.com\/#organization","name":"Katre Meistrikoda O\u00dc","url":"https:\/\/katrearula.com\/","logo":{"@type":"ImageObject","inLanguage":"fi","@id":"https:\/\/katrearula.com\/#\/schema\/logo\/image\/","url":"https:\/\/katrearula.com\/wp-content\/uploads\/2021\/11\/www.katrearula.com_.jpg","contentUrl":"https:\/\/katrearula.com\/wp-content\/uploads\/2021\/11\/www.katrearula.com_.jpg","width":380,"height":254,"caption":"Katre Meistrikoda O\u00dc"},"image":{"@id":"https:\/\/katrearula.com\/#\/schema\/logo\/image\/"},"sameAs":["https:\/\/www.facebook.com\/KatreArulaMeistrikoda","https:\/\/www.instagram.com\/katre_arula_meistrikoda\/"]}]}},"jetpack_sharing_enabled":true,"_links":{"self":[{"href":"https:\/\/katrearula.com\/fi\/wp-json\/wp\/v2\/product\/15968","targetHints":{"allow":["GET"]}}],"collection":[{"href":"https:\/\/katrearula.com\/fi\/wp-json\/wp\/v2\/product"}],"about":[{"href":"https:\/\/katrearula.com\/fi\/wp-json\/wp\/v2\/types\/product"}],"replies":[{"embeddable":true,"href":"https:\/\/katrearula.com\/fi\/wp-json\/wp\/v2\/comments?post=15968"}],"wp:featuredmedia":[{"embeddable":true,"href":"https:\/\/katrearula.com\/fi\/wp-json\/wp\/v2\/media\/14307"}],"wp:attachment":[{"href":"https:\/\/katrearula.com\/fi\/wp-json\/wp\/v2\/media?parent=15968"}],"wp:term":[{"taxonomy":"product_brand","embeddable":true,"href":"https:\/\/katrearula.com\/fi\/wp-json\/wp\/v2\/product_brand?post=15968"},{"taxonomy":"product_cat","embeddable":true,"href":"https:\/\/katrearula.com\/fi\/wp-json\/wp\/v2\/product_cat?post=15968"},{"taxonomy":"product_tag","embeddable":true,"href":"https:\/\/katrearula.com\/fi\/wp-json\/wp\/v2\/product_tag?post=15968"}],"curies":[{"name":"wp","href":"https:\/\/api.w.org\/{rel}","templated":true}]}}