{"id":15970,"date":"2024-11-06T16:04:12","date_gmt":"2024-11-06T16:04:12","guid":{"rendered":"https:\/\/katrearula.com\/toode\/pieni-musta-laukku-marie\/"},"modified":"2024-11-06T16:04:12","modified_gmt":"2024-11-06T16:04:12","slug":"pieni-musta-laukku-marie","status":"publish","type":"product","link":"https:\/\/katrearula.com\/fi\/toode\/pieni-musta-laukku-marie\/","title":{"rendered":"Pieni musta laukku MARIE"},"content":{"rendered":"","protected":false},"excerpt":{"rendered":"<p>Klassinen musta MARIE-pikkulaukku on monipuolinen ja tyylik\u00e4s asuste, joka sopii t\u00e4ydellisesti niin arkeen kuin erityisiin hetkiin, kuten teatteriretkelle. Sen kompaktissa laukussa on tarpeeksi tilaa kaikelle tarvitsemallesi, ja se on mukava ja helppo kantaa. Klassinen musta muotoilu varmistaa, ett\u00e4 laukku on ajaton ja sopii helposti yhteen eri tyylejen ja asujen kanssa.<\/p>\n<p>Laukku on k\u00e4sintehty huonekaluteollisuuden ylij\u00e4\u00e4m\u00e4materiaaleista ja viimeistelty Katr\u00e9n tunnusomaisella huovutustekniikalla.<\/p>\n","protected":false},"featured_media":14268,"comment_status":"closed","ping_status":"closed","template":"","meta":{"pgc_sgb_lightbox_settings":""},"product_brand":[],"product_cat":[231,241],"product_tag":[],"class_list":{"0":"post-15970","1":"product","2":"type-product","3":"status-publish","4":"has-post-thumbnail","6":"product_cat-laukut","7":"product_cat-pienet-laukut","9":"first","10":"instock","11":"taxable","12":"shipping-taxable","13":"purchasable","14":"product-type-simple"},"yoast_head":"<!-- This site is optimized with the Yoast SEO plugin v26.6 - https:\/\/yoast.com\/wordpress\/plugins\/seo\/ -->\n<title>Pieni musta laukku MARIE - Katr\u00e9<\/title>\n<meta name=\"robots\" content=\"index, follow, max-snippet:-1, max-image-preview:large, max-video-preview:-1\" \/>\n<link rel=\"canonical\" href=\"https:\/\/katrearula.com\/fi\/toode\/pieni-musta-laukku-marie\/\" \/>\n<meta property=\"og:locale\" content=\"fi_FI\" \/>\n<meta property=\"og:type\" content=\"article\" \/>\n<meta property=\"og:title\" content=\"Pieni musta laukku MARIE - Katr\u00e9\" \/>\n<meta property=\"og:description\" content=\"Klassinen musta MARIE-pikkulaukku on monipuolinen ja tyylik\u00e4s asuste, joka sopii t\u00e4ydellisesti niin arkeen kuin erityisiin hetkiin, kuten teatteriretkelle. Sen kompaktissa laukussa on tarpeeksi tilaa kaikelle tarvitsemallesi, ja se on mukava ja helppo kantaa. Klassinen musta muotoilu varmistaa, ett\u00e4 laukku on ajaton ja sopii helposti yhteen eri tyylejen ja asujen kanssa. Laukku on k\u00e4sintehty huonekaluteollisuuden ylij\u00e4\u00e4m\u00e4materiaaleista ja viimeistelty Katr\u00e9n tunnusomaisella huovutustekniikalla.\" \/>\n<meta property=\"og:url\" content=\"https:\/\/katrearula.com\/fi\/toode\/pieni-musta-laukku-marie\/\" \/>\n<meta property=\"og:site_name\" content=\"Katr\u00e9\" \/>\n<meta property=\"article:publisher\" content=\"https:\/\/www.facebook.com\/KatreArulaMeistrikoda\" \/>\n<meta property=\"og:image\" content=\"https:\/\/katrearula.com\/wp-content\/uploads\/2024\/11\/katre_arula_must_vaike_kott_MARIE_3-min-scaled.jpg\" \/>\n\t<meta property=\"og:image:width\" content=\"2560\" \/>\n\t<meta property=\"og:image:height\" content=\"1707\" \/>\n\t<meta property=\"og:image:type\" content=\"image\/jpeg\" \/>\n<meta name=\"twitter:card\" content=\"summary_large_image\" \/>\n<script type=\"application\/ld+json\" class=\"yoast-schema-graph\">{\"@context\":\"https:\/\/schema.org\",\"@graph\":[{\"@type\":\"WebPage\",\"@id\":\"https:\/\/katrearula.com\/fi\/toode\/pieni-musta-laukku-marie\/\",\"url\":\"https:\/\/katrearula.com\/fi\/toode\/pieni-musta-laukku-marie\/\",\"name\":\"Pieni musta laukku MARIE - Katr\u00e9\",\"isPartOf\":{\"@id\":\"https:\/\/katrearula.com\/#website\"},\"primaryImageOfPage\":{\"@id\":\"https:\/\/katrearula.com\/fi\/toode\/pieni-musta-laukku-marie\/#primaryimage\"},\"image\":{\"@id\":\"https:\/\/katrearula.com\/fi\/toode\/pieni-musta-laukku-marie\/#primaryimage\"},\"thumbnailUrl\":\"https:\/\/katrearula.com\/wp-content\/uploads\/2024\/11\/katre_arula_must_vaike_kott_MARIE_3-min-scaled.jpg\",\"datePublished\":\"2024-11-06T16:04:12+00:00\",\"breadcrumb\":{\"@id\":\"https:\/\/katrearula.com\/fi\/toode\/pieni-musta-laukku-marie\/#breadcrumb\"},\"inLanguage\":\"fi\",\"potentialAction\":[{\"@type\":\"ReadAction\",\"target\":[\"https:\/\/katrearula.com\/fi\/toode\/pieni-musta-laukku-marie\/\"]}]},{\"@type\":\"ImageObject\",\"inLanguage\":\"fi\",\"@id\":\"https:\/\/katrearula.com\/fi\/toode\/pieni-musta-laukku-marie\/#primaryimage\",\"url\":\"https:\/\/katrearula.com\/wp-content\/uploads\/2024\/11\/katre_arula_must_vaike_kott_MARIE_3-min-scaled.jpg\",\"contentUrl\":\"https:\/\/katrearula.com\/wp-content\/uploads\/2024\/11\/katre_arula_must_vaike_kott_MARIE_3-min-scaled.jpg\",\"width\":2560,\"height\":1707},{\"@type\":\"BreadcrumbList\",\"@id\":\"https:\/\/katrearula.com\/fi\/toode\/pieni-musta-laukku-marie\/#breadcrumb\",\"itemListElement\":[{\"@type\":\"ListItem\",\"position\":1,\"name\":\"Kotiin\",\"item\":\"https:\/\/katrearula.com\/fi\/kotiin\/\"},{\"@type\":\"ListItem\",\"position\":2,\"name\":\"Pood\",\"item\":\"https:\/\/katrearula.com\/pood\/\"},{\"@type\":\"ListItem\",\"position\":3,\"name\":\"Pieni musta laukku MARIE\"}]},{\"@type\":\"WebSite\",\"@id\":\"https:\/\/katrearula.com\/#website\",\"url\":\"https:\/\/katrearula.com\/\",\"name\":\"Katr\u00e9\",\"description\":\"Eesti disain\",\"publisher\":{\"@id\":\"https:\/\/katrearula.com\/#organization\"},\"potentialAction\":[{\"@type\":\"SearchAction\",\"target\":{\"@type\":\"EntryPoint\",\"urlTemplate\":\"https:\/\/katrearula.com\/?s={search_term_string}\"},\"query-input\":{\"@type\":\"PropertyValueSpecification\",\"valueRequired\":true,\"valueName\":\"search_term_string\"}}],\"inLanguage\":\"fi\"},{\"@type\":\"Organization\",\"@id\":\"https:\/\/katrearula.com\/#organization\",\"name\":\"Katre Meistrikoda O\u00dc\",\"url\":\"https:\/\/katrearula.com\/\",\"logo\":{\"@type\":\"ImageObject\",\"inLanguage\":\"fi\",\"@id\":\"https:\/\/katrearula.com\/#\/schema\/logo\/image\/\",\"url\":\"https:\/\/katrearula.com\/wp-content\/uploads\/2021\/11\/www.katrearula.com_.jpg\",\"contentUrl\":\"https:\/\/katrearula.com\/wp-content\/uploads\/2021\/11\/www.katrearula.com_.jpg\",\"width\":380,\"height\":254,\"caption\":\"Katre Meistrikoda O\u00dc\"},\"image\":{\"@id\":\"https:\/\/katrearula.com\/#\/schema\/logo\/image\/\"},\"sameAs\":[\"https:\/\/www.facebook.com\/KatreArulaMeistrikoda\",\"https:\/\/www.instagram.com\/katre_arula_meistrikoda\/\"]}]}<\/script>\n<!-- \/ Yoast SEO plugin. -->","yoast_head_json":{"title":"Pieni musta laukku MARIE - Katr\u00e9","robots":{"index":"index","follow":"follow","max-snippet":"max-snippet:-1","max-image-preview":"max-image-preview:large","max-video-preview":"max-video-preview:-1"},"canonical":"https:\/\/katrearula.com\/fi\/toode\/pieni-musta-laukku-marie\/","og_locale":"fi_FI","og_type":"article","og_title":"Pieni musta laukku MARIE - Katr\u00e9","og_description":"Klassinen musta MARIE-pikkulaukku on monipuolinen ja tyylik\u00e4s asuste, joka sopii t\u00e4ydellisesti niin arkeen kuin erityisiin hetkiin, kuten teatteriretkelle. Sen kompaktissa laukussa on tarpeeksi tilaa kaikelle tarvitsemallesi, ja se on mukava ja helppo kantaa. Klassinen musta muotoilu varmistaa, ett\u00e4 laukku on ajaton ja sopii helposti yhteen eri tyylejen ja asujen kanssa. Laukku on k\u00e4sintehty huonekaluteollisuuden ylij\u00e4\u00e4m\u00e4materiaaleista ja viimeistelty Katr\u00e9n tunnusomaisella huovutustekniikalla.","og_url":"https:\/\/katrearula.com\/fi\/toode\/pieni-musta-laukku-marie\/","og_site_name":"Katr\u00e9","article_publisher":"https:\/\/www.facebook.com\/KatreArulaMeistrikoda","og_image":[{"width":2560,"height":1707,"url":"https:\/\/katrearula.com\/wp-content\/uploads\/2024\/11\/katre_arula_must_vaike_kott_MARIE_3-min-scaled.jpg","type":"image\/jpeg"}],"twitter_card":"summary_large_image","schema":{"@context":"https:\/\/schema.org","@graph":[{"@type":"WebPage","@id":"https:\/\/katrearula.com\/fi\/toode\/pieni-musta-laukku-marie\/","url":"https:\/\/katrearula.com\/fi\/toode\/pieni-musta-laukku-marie\/","name":"Pieni musta laukku MARIE - Katr\u00e9","isPartOf":{"@id":"https:\/\/katrearula.com\/#website"},"primaryImageOfPage":{"@id":"https:\/\/katrearula.com\/fi\/toode\/pieni-musta-laukku-marie\/#primaryimage"},"image":{"@id":"https:\/\/katrearula.com\/fi\/toode\/pieni-musta-laukku-marie\/#primaryimage"},"thumbnailUrl":"https:\/\/katrearula.com\/wp-content\/uploads\/2024\/11\/katre_arula_must_vaike_kott_MARIE_3-min-scaled.jpg","datePublished":"2024-11-06T16:04:12+00:00","breadcrumb":{"@id":"https:\/\/katrearula.com\/fi\/toode\/pieni-musta-laukku-marie\/#breadcrumb"},"inLanguage":"fi","potentialAction":[{"@type":"ReadAction","target":["https:\/\/katrearula.com\/fi\/toode\/pieni-musta-laukku-marie\/"]}]},{"@type":"ImageObject","inLanguage":"fi","@id":"https:\/\/katrearula.com\/fi\/toode\/pieni-musta-laukku-marie\/#primaryimage","url":"https:\/\/katrearula.com\/wp-content\/uploads\/2024\/11\/katre_arula_must_vaike_kott_MARIE_3-min-scaled.jpg","contentUrl":"https:\/\/katrearula.com\/wp-content\/uploads\/2024\/11\/katre_arula_must_vaike_kott_MARIE_3-min-scaled.jpg","width":2560,"height":1707},{"@type":"BreadcrumbList","@id":"https:\/\/katrearula.com\/fi\/toode\/pieni-musta-laukku-marie\/#breadcrumb","itemListElement":[{"@type":"ListItem","position":1,"name":"Kotiin","item":"https:\/\/katrearula.com\/fi\/kotiin\/"},{"@type":"ListItem","position":2,"name":"Pood","item":"https:\/\/katrearula.com\/pood\/"},{"@type":"ListItem","position":3,"name":"Pieni musta laukku MARIE"}]},{"@type":"WebSite","@id":"https:\/\/katrearula.com\/#website","url":"https:\/\/katrearula.com\/","name":"Katr\u00e9","description":"Eesti disain","publisher":{"@id":"https:\/\/katrearula.com\/#organization"},"potentialAction":[{"@type":"SearchAction","target":{"@type":"EntryPoint","urlTemplate":"https:\/\/katrearula.com\/?s={search_term_string}"},"query-input":{"@type":"PropertyValueSpecification","valueRequired":true,"valueName":"search_term_string"}}],"inLanguage":"fi"},{"@type":"Organization","@id":"https:\/\/katrearula.com\/#organization","name":"Katre Meistrikoda O\u00dc","url":"https:\/\/katrearula.com\/","logo":{"@type":"ImageObject","inLanguage":"fi","@id":"https:\/\/katrearula.com\/#\/schema\/logo\/image\/","url":"https:\/\/katrearula.com\/wp-content\/uploads\/2021\/11\/www.katrearula.com_.jpg","contentUrl":"https:\/\/katrearula.com\/wp-content\/uploads\/2021\/11\/www.katrearula.com_.jpg","width":380,"height":254,"caption":"Katre Meistrikoda O\u00dc"},"image":{"@id":"https:\/\/katrearula.com\/#\/schema\/logo\/image\/"},"sameAs":["https:\/\/www.facebook.com\/KatreArulaMeistrikoda","https:\/\/www.instagram.com\/katre_arula_meistrikoda\/"]}]}},"jetpack_sharing_enabled":true,"_links":{"self":[{"href":"https:\/\/katrearula.com\/fi\/wp-json\/wp\/v2\/product\/15970","targetHints":{"allow":["GET"]}}],"collection":[{"href":"https:\/\/katrearula.com\/fi\/wp-json\/wp\/v2\/product"}],"about":[{"href":"https:\/\/katrearula.com\/fi\/wp-json\/wp\/v2\/types\/product"}],"replies":[{"embeddable":true,"href":"https:\/\/katrearula.com\/fi\/wp-json\/wp\/v2\/comments?post=15970"}],"wp:featuredmedia":[{"embeddable":true,"href":"https:\/\/katrearula.com\/fi\/wp-json\/wp\/v2\/media\/14268"}],"wp:attachment":[{"href":"https:\/\/katrearula.com\/fi\/wp-json\/wp\/v2\/media?parent=15970"}],"wp:term":[{"taxonomy":"product_brand","embeddable":true,"href":"https:\/\/katrearula.com\/fi\/wp-json\/wp\/v2\/product_brand?post=15970"},{"taxonomy":"product_cat","embeddable":true,"href":"https:\/\/katrearula.com\/fi\/wp-json\/wp\/v2\/product_cat?post=15970"},{"taxonomy":"product_tag","embeddable":true,"href":"https:\/\/katrearula.com\/fi\/wp-json\/wp\/v2\/product_tag?post=15970"}],"curies":[{"name":"wp","href":"https:\/\/api.w.org\/{rel}","templated":true}]}}