{"id":15975,"date":"2024-11-04T19:58:58","date_gmt":"2024-11-04T19:58:58","guid":{"rendered":"https:\/\/katrearula.com\/toode\/musta-lyhyt-neulepusero-huoparuusuilla-eve\/"},"modified":"2024-11-04T19:58:58","modified_gmt":"2024-11-04T19:58:58","slug":"musta-lyhyt-neulepusero-huoparuusuilla-eve","status":"publish","type":"product","link":"https:\/\/katrearula.com\/fi\/toode\/musta-lyhyt-neulepusero-huoparuusuilla-eve\/","title":{"rendered":"Musta lyhyt neulepusero huoparuusuilla EVE"},"content":{"rendered":"","protected":false},"excerpt":{"rendered":"<p class=\"p1\">&#8221;Olen valtava ker\u00e4ilij\u00e4 ja suunnittelija. Koska k\u00e4yt\u00e4nn\u00f6ss\u00e4 kaikki ty\u00f6ss\u00e4ni perustuu kierr\u00e4tykseen, my\u00f6s alustava ty\u00f6, asioiden tekeminen ja suunnittelu on monimutkaisempaa \u2013 niiden kokoaminen paloista on monimutkaisempaa kuin vain valmiin kankaan leikkaaminen.&#8221;  T\u00e4llaisten tekniikoiden ansiosta voimme tehd\u00e4 hyv\u00e4\u00e4 planeetalle ja &#8221;hidastaa&#8221; muotia pienin askelin.<\/p>\n<p class=\"p1\">N\u00e4in olen tehnyt my\u00f6s lyhyen mustan villapaidan, jossa on huopuruusuja. EVE.<\/p>\n<p class=\"p1\">Villa on minulle eritt\u00e4in arvokas materiaali, joten olen tietoisesti ker\u00e4nnyt arvokkaita villapitoisia kangaspalasia. Olen my\u00f6s ker\u00e4nnyt villapaitoja, joissa on paljon villaa ja joita voin k\u00e4ytt\u00e4\u00e4 yksityiskohtina kokoelmissani. <\/p>\n<p class=\"p1\">Suunnittelijana etsin aina uusia ratkaisuja. En ole niink\u00e4\u00e4n kiinnostunut seuraamaan muotitrendej\u00e4 kuin tulkitsemaan ja l\u00f6yt\u00e4m\u00e4\u00e4n harmoniaa uuden ja vanhan v\u00e4lill\u00e4 toivoen, ett\u00e4 luomuksistani tulisi ajattomia vaatteita.<\/p>\n<p><a href=\"https:\/\/katrearula.com\/kollektsioonid\/hobevillane\/\">Katre Arula &#8221;H\u00f5bevillane&#8221; 2022<\/a><\/p>\n<p>Yksi koko.<\/p>\n<p><strong>Puseron valmistuminen kest\u00e4\u00e4 kuukauden.<\/strong><\/p>\n","protected":false},"featured_media":14069,"comment_status":"closed","ping_status":"closed","template":"","meta":{"pgc_sgb_lightbox_settings":""},"product_brand":[],"product_cat":[269],"product_tag":[],"class_list":{"0":"post-15975","1":"product","2":"type-product","3":"status-publish","4":"has-post-thumbnail","6":"product_cat-vaatteet","8":"first","9":"instock","10":"taxable","11":"shipping-taxable","12":"purchasable","13":"product-type-simple"},"yoast_head":"<!-- This site is optimized with the Yoast SEO plugin v26.6 - https:\/\/yoast.com\/wordpress\/plugins\/seo\/ -->\n<title>Musta lyhyt neulepusero huoparuusuilla EVE - Katr\u00e9<\/title>\n<meta name=\"robots\" content=\"index, follow, max-snippet:-1, max-image-preview:large, max-video-preview:-1\" \/>\n<link rel=\"canonical\" href=\"https:\/\/katrearula.com\/fi\/toode\/musta-lyhyt-neulepusero-huoparuusuilla-eve\/\" \/>\n<meta property=\"og:locale\" content=\"fi_FI\" \/>\n<meta property=\"og:type\" content=\"article\" \/>\n<meta property=\"og:title\" content=\"Musta lyhyt neulepusero huoparuusuilla EVE - Katr\u00e9\" \/>\n<meta property=\"og:description\" content=\"&quot;Olen valtava ker\u00e4ilij\u00e4 ja suunnittelija. Koska k\u00e4yt\u00e4nn\u00f6ss\u00e4 kaikki ty\u00f6ss\u00e4ni perustuu kierr\u00e4tykseen, my\u00f6s alustava ty\u00f6, asioiden tekeminen ja suunnittelu on monimutkaisempaa \u2013 niiden kokoaminen paloista on monimutkaisempaa kuin vain valmiin kankaan leikkaaminen.&quot; T\u00e4llaisten tekniikoiden ansiosta voimme tehd\u00e4 hyv\u00e4\u00e4 planeetalle ja &quot;hidastaa&quot; muotia pienin askelin. N\u00e4in olen tehnyt my\u00f6s lyhyen mustan villapaidan, jossa on huopuruusuja. EVE. Villa on minulle eritt\u00e4in arvokas materiaali, joten olen tietoisesti ker\u00e4nnyt arvokkaita villapitoisia kangaspalasia. Olen my\u00f6s ker\u00e4nnyt villapaitoja, joissa on paljon villaa ja joita voin k\u00e4ytt\u00e4\u00e4 yksityiskohtina kokoelmissani. Suunnittelijana etsin aina uusia ratkaisuja. En ole niink\u00e4\u00e4n kiinnostunut seuraamaan muotitrendej\u00e4 kuin tulkitsemaan ja l\u00f6yt\u00e4m\u00e4\u00e4n harmoniaa uuden ja vanhan v\u00e4lill\u00e4 toivoen, ett\u00e4 luomuksistani tulisi ajattomia vaatteita. Katre Arula &#039;&#039;H\u00f5bevillane&#039;&#039; 2022 Yksi koko. Puseron valmistuminen kest\u00e4\u00e4 kuukauden.\" \/>\n<meta property=\"og:url\" content=\"https:\/\/katrearula.com\/fi\/toode\/musta-lyhyt-neulepusero-huoparuusuilla-eve\/\" \/>\n<meta property=\"og:site_name\" content=\"Katr\u00e9\" \/>\n<meta property=\"article:publisher\" content=\"https:\/\/www.facebook.com\/KatreArulaMeistrikoda\" \/>\n<meta property=\"og:image\" content=\"https:\/\/katrearula.com\/wp-content\/uploads\/2024\/11\/Must_luhike_vildiroosidega_kampsun_EVE_16-min-scaled.jpg\" \/>\n\t<meta property=\"og:image:width\" content=\"1707\" \/>\n\t<meta property=\"og:image:height\" content=\"2560\" \/>\n\t<meta property=\"og:image:type\" content=\"image\/jpeg\" \/>\n<meta name=\"twitter:card\" content=\"summary_large_image\" \/>\n<script type=\"application\/ld+json\" class=\"yoast-schema-graph\">{\"@context\":\"https:\/\/schema.org\",\"@graph\":[{\"@type\":\"WebPage\",\"@id\":\"https:\/\/katrearula.com\/fi\/toode\/musta-lyhyt-neulepusero-huoparuusuilla-eve\/\",\"url\":\"https:\/\/katrearula.com\/fi\/toode\/musta-lyhyt-neulepusero-huoparuusuilla-eve\/\",\"name\":\"Musta lyhyt neulepusero huoparuusuilla EVE - Katr\u00e9\",\"isPartOf\":{\"@id\":\"https:\/\/katrearula.com\/#website\"},\"primaryImageOfPage\":{\"@id\":\"https:\/\/katrearula.com\/fi\/toode\/musta-lyhyt-neulepusero-huoparuusuilla-eve\/#primaryimage\"},\"image\":{\"@id\":\"https:\/\/katrearula.com\/fi\/toode\/musta-lyhyt-neulepusero-huoparuusuilla-eve\/#primaryimage\"},\"thumbnailUrl\":\"https:\/\/katrearula.com\/wp-content\/uploads\/2024\/11\/Must_luhike_vildiroosidega_kampsun_EVE_16-min-scaled.jpg\",\"datePublished\":\"2024-11-04T19:58:58+00:00\",\"breadcrumb\":{\"@id\":\"https:\/\/katrearula.com\/fi\/toode\/musta-lyhyt-neulepusero-huoparuusuilla-eve\/#breadcrumb\"},\"inLanguage\":\"fi\",\"potentialAction\":[{\"@type\":\"ReadAction\",\"target\":[\"https:\/\/katrearula.com\/fi\/toode\/musta-lyhyt-neulepusero-huoparuusuilla-eve\/\"]}]},{\"@type\":\"ImageObject\",\"inLanguage\":\"fi\",\"@id\":\"https:\/\/katrearula.com\/fi\/toode\/musta-lyhyt-neulepusero-huoparuusuilla-eve\/#primaryimage\",\"url\":\"https:\/\/katrearula.com\/wp-content\/uploads\/2024\/11\/Must_luhike_vildiroosidega_kampsun_EVE_16-min-scaled.jpg\",\"contentUrl\":\"https:\/\/katrearula.com\/wp-content\/uploads\/2024\/11\/Must_luhike_vildiroosidega_kampsun_EVE_16-min-scaled.jpg\",\"width\":1707,\"height\":2560},{\"@type\":\"BreadcrumbList\",\"@id\":\"https:\/\/katrearula.com\/fi\/toode\/musta-lyhyt-neulepusero-huoparuusuilla-eve\/#breadcrumb\",\"itemListElement\":[{\"@type\":\"ListItem\",\"position\":1,\"name\":\"Kotiin\",\"item\":\"https:\/\/katrearula.com\/fi\/kotiin\/\"},{\"@type\":\"ListItem\",\"position\":2,\"name\":\"Pood\",\"item\":\"https:\/\/katrearula.com\/pood\/\"},{\"@type\":\"ListItem\",\"position\":3,\"name\":\"Musta lyhyt neulepusero huoparuusuilla EVE\"}]},{\"@type\":\"WebSite\",\"@id\":\"https:\/\/katrearula.com\/#website\",\"url\":\"https:\/\/katrearula.com\/\",\"name\":\"Katr\u00e9\",\"description\":\"Eesti disain\",\"publisher\":{\"@id\":\"https:\/\/katrearula.com\/#organization\"},\"potentialAction\":[{\"@type\":\"SearchAction\",\"target\":{\"@type\":\"EntryPoint\",\"urlTemplate\":\"https:\/\/katrearula.com\/?s={search_term_string}\"},\"query-input\":{\"@type\":\"PropertyValueSpecification\",\"valueRequired\":true,\"valueName\":\"search_term_string\"}}],\"inLanguage\":\"fi\"},{\"@type\":\"Organization\",\"@id\":\"https:\/\/katrearula.com\/#organization\",\"name\":\"Katre Meistrikoda O\u00dc\",\"url\":\"https:\/\/katrearula.com\/\",\"logo\":{\"@type\":\"ImageObject\",\"inLanguage\":\"fi\",\"@id\":\"https:\/\/katrearula.com\/#\/schema\/logo\/image\/\",\"url\":\"https:\/\/katrearula.com\/wp-content\/uploads\/2021\/11\/www.katrearula.com_.jpg\",\"contentUrl\":\"https:\/\/katrearula.com\/wp-content\/uploads\/2021\/11\/www.katrearula.com_.jpg\",\"width\":380,\"height\":254,\"caption\":\"Katre Meistrikoda O\u00dc\"},\"image\":{\"@id\":\"https:\/\/katrearula.com\/#\/schema\/logo\/image\/\"},\"sameAs\":[\"https:\/\/www.facebook.com\/KatreArulaMeistrikoda\",\"https:\/\/www.instagram.com\/katre_arula_meistrikoda\/\"]}]}<\/script>\n<!-- \/ Yoast SEO plugin. -->","yoast_head_json":{"title":"Musta lyhyt neulepusero huoparuusuilla EVE - Katr\u00e9","robots":{"index":"index","follow":"follow","max-snippet":"max-snippet:-1","max-image-preview":"max-image-preview:large","max-video-preview":"max-video-preview:-1"},"canonical":"https:\/\/katrearula.com\/fi\/toode\/musta-lyhyt-neulepusero-huoparuusuilla-eve\/","og_locale":"fi_FI","og_type":"article","og_title":"Musta lyhyt neulepusero huoparuusuilla EVE - Katr\u00e9","og_description":"\"Olen valtava ker\u00e4ilij\u00e4 ja suunnittelija. Koska k\u00e4yt\u00e4nn\u00f6ss\u00e4 kaikki ty\u00f6ss\u00e4ni perustuu kierr\u00e4tykseen, my\u00f6s alustava ty\u00f6, asioiden tekeminen ja suunnittelu on monimutkaisempaa \u2013 niiden kokoaminen paloista on monimutkaisempaa kuin vain valmiin kankaan leikkaaminen.\" T\u00e4llaisten tekniikoiden ansiosta voimme tehd\u00e4 hyv\u00e4\u00e4 planeetalle ja \"hidastaa\" muotia pienin askelin. N\u00e4in olen tehnyt my\u00f6s lyhyen mustan villapaidan, jossa on huopuruusuja. EVE. Villa on minulle eritt\u00e4in arvokas materiaali, joten olen tietoisesti ker\u00e4nnyt arvokkaita villapitoisia kangaspalasia. Olen my\u00f6s ker\u00e4nnyt villapaitoja, joissa on paljon villaa ja joita voin k\u00e4ytt\u00e4\u00e4 yksityiskohtina kokoelmissani. Suunnittelijana etsin aina uusia ratkaisuja. En ole niink\u00e4\u00e4n kiinnostunut seuraamaan muotitrendej\u00e4 kuin tulkitsemaan ja l\u00f6yt\u00e4m\u00e4\u00e4n harmoniaa uuden ja vanhan v\u00e4lill\u00e4 toivoen, ett\u00e4 luomuksistani tulisi ajattomia vaatteita. Katre Arula ''H\u00f5bevillane'' 2022 Yksi koko. Puseron valmistuminen kest\u00e4\u00e4 kuukauden.","og_url":"https:\/\/katrearula.com\/fi\/toode\/musta-lyhyt-neulepusero-huoparuusuilla-eve\/","og_site_name":"Katr\u00e9","article_publisher":"https:\/\/www.facebook.com\/KatreArulaMeistrikoda","og_image":[{"width":1707,"height":2560,"url":"https:\/\/katrearula.com\/wp-content\/uploads\/2024\/11\/Must_luhike_vildiroosidega_kampsun_EVE_16-min-scaled.jpg","type":"image\/jpeg"}],"twitter_card":"summary_large_image","schema":{"@context":"https:\/\/schema.org","@graph":[{"@type":"WebPage","@id":"https:\/\/katrearula.com\/fi\/toode\/musta-lyhyt-neulepusero-huoparuusuilla-eve\/","url":"https:\/\/katrearula.com\/fi\/toode\/musta-lyhyt-neulepusero-huoparuusuilla-eve\/","name":"Musta lyhyt neulepusero huoparuusuilla EVE - Katr\u00e9","isPartOf":{"@id":"https:\/\/katrearula.com\/#website"},"primaryImageOfPage":{"@id":"https:\/\/katrearula.com\/fi\/toode\/musta-lyhyt-neulepusero-huoparuusuilla-eve\/#primaryimage"},"image":{"@id":"https:\/\/katrearula.com\/fi\/toode\/musta-lyhyt-neulepusero-huoparuusuilla-eve\/#primaryimage"},"thumbnailUrl":"https:\/\/katrearula.com\/wp-content\/uploads\/2024\/11\/Must_luhike_vildiroosidega_kampsun_EVE_16-min-scaled.jpg","datePublished":"2024-11-04T19:58:58+00:00","breadcrumb":{"@id":"https:\/\/katrearula.com\/fi\/toode\/musta-lyhyt-neulepusero-huoparuusuilla-eve\/#breadcrumb"},"inLanguage":"fi","potentialAction":[{"@type":"ReadAction","target":["https:\/\/katrearula.com\/fi\/toode\/musta-lyhyt-neulepusero-huoparuusuilla-eve\/"]}]},{"@type":"ImageObject","inLanguage":"fi","@id":"https:\/\/katrearula.com\/fi\/toode\/musta-lyhyt-neulepusero-huoparuusuilla-eve\/#primaryimage","url":"https:\/\/katrearula.com\/wp-content\/uploads\/2024\/11\/Must_luhike_vildiroosidega_kampsun_EVE_16-min-scaled.jpg","contentUrl":"https:\/\/katrearula.com\/wp-content\/uploads\/2024\/11\/Must_luhike_vildiroosidega_kampsun_EVE_16-min-scaled.jpg","width":1707,"height":2560},{"@type":"BreadcrumbList","@id":"https:\/\/katrearula.com\/fi\/toode\/musta-lyhyt-neulepusero-huoparuusuilla-eve\/#breadcrumb","itemListElement":[{"@type":"ListItem","position":1,"name":"Kotiin","item":"https:\/\/katrearula.com\/fi\/kotiin\/"},{"@type":"ListItem","position":2,"name":"Pood","item":"https:\/\/katrearula.com\/pood\/"},{"@type":"ListItem","position":3,"name":"Musta lyhyt neulepusero huoparuusuilla EVE"}]},{"@type":"WebSite","@id":"https:\/\/katrearula.com\/#website","url":"https:\/\/katrearula.com\/","name":"Katr\u00e9","description":"Eesti disain","publisher":{"@id":"https:\/\/katrearula.com\/#organization"},"potentialAction":[{"@type":"SearchAction","target":{"@type":"EntryPoint","urlTemplate":"https:\/\/katrearula.com\/?s={search_term_string}"},"query-input":{"@type":"PropertyValueSpecification","valueRequired":true,"valueName":"search_term_string"}}],"inLanguage":"fi"},{"@type":"Organization","@id":"https:\/\/katrearula.com\/#organization","name":"Katre Meistrikoda O\u00dc","url":"https:\/\/katrearula.com\/","logo":{"@type":"ImageObject","inLanguage":"fi","@id":"https:\/\/katrearula.com\/#\/schema\/logo\/image\/","url":"https:\/\/katrearula.com\/wp-content\/uploads\/2021\/11\/www.katrearula.com_.jpg","contentUrl":"https:\/\/katrearula.com\/wp-content\/uploads\/2021\/11\/www.katrearula.com_.jpg","width":380,"height":254,"caption":"Katre Meistrikoda O\u00dc"},"image":{"@id":"https:\/\/katrearula.com\/#\/schema\/logo\/image\/"},"sameAs":["https:\/\/www.facebook.com\/KatreArulaMeistrikoda","https:\/\/www.instagram.com\/katre_arula_meistrikoda\/"]}]}},"jetpack_sharing_enabled":true,"_links":{"self":[{"href":"https:\/\/katrearula.com\/fi\/wp-json\/wp\/v2\/product\/15975","targetHints":{"allow":["GET"]}}],"collection":[{"href":"https:\/\/katrearula.com\/fi\/wp-json\/wp\/v2\/product"}],"about":[{"href":"https:\/\/katrearula.com\/fi\/wp-json\/wp\/v2\/types\/product"}],"replies":[{"embeddable":true,"href":"https:\/\/katrearula.com\/fi\/wp-json\/wp\/v2\/comments?post=15975"}],"wp:featuredmedia":[{"embeddable":true,"href":"https:\/\/katrearula.com\/fi\/wp-json\/wp\/v2\/media\/14069"}],"wp:attachment":[{"href":"https:\/\/katrearula.com\/fi\/wp-json\/wp\/v2\/media?parent=15975"}],"wp:term":[{"taxonomy":"product_brand","embeddable":true,"href":"https:\/\/katrearula.com\/fi\/wp-json\/wp\/v2\/product_brand?post=15975"},{"taxonomy":"product_cat","embeddable":true,"href":"https:\/\/katrearula.com\/fi\/wp-json\/wp\/v2\/product_cat?post=15975"},{"taxonomy":"product_tag","embeddable":true,"href":"https:\/\/katrearula.com\/fi\/wp-json\/wp\/v2\/product_tag?post=15975"}],"curies":[{"name":"wp","href":"https:\/\/api.w.org\/{rel}","templated":true}]}}