{"id":15976,"date":"2024-11-04T19:25:33","date_gmt":"2024-11-04T19:25:33","guid":{"rendered":"https:\/\/katrearula.com\/toode\/musta-pitka-neulepusero-jossa-on-huoparuusuja-eve\/"},"modified":"2024-11-04T19:25:33","modified_gmt":"2024-11-04T19:25:33","slug":"musta-pitka-neulepusero-jossa-on-huoparuusuja-eve","status":"publish","type":"product","link":"https:\/\/katrearula.com\/fi\/toode\/musta-pitka-neulepusero-jossa-on-huoparuusuja-eve\/","title":{"rendered":"Musta pitk\u00e4 neulepusero jossa on huoparuusuja EVE"},"content":{"rendered":"","protected":false},"excerpt":{"rendered":"<p>T\u00e4m\u00e4 musta pitk\u00e4 neulepusero, jossa on huoparuusuja EVE-aiheella, on osa Katr\u00e9-mallistoa <a href=\"https:\/\/katrearula.com\/kollektsioonid\/hobevillane\/\">&#8221;H\u00f5bevillane&#8221;<\/a> 2022.<\/p>\n<p>\u201dOlen jo vuosia valmistanut olkalaukkuja, k\u00e4silaukkuja ja reppuja huonekaluteollisuuden ylij\u00e4\u00e4mist\u00e4. Ylij\u00e4\u00e4mien joukossa on aina villakankaita ja villahuopakankaita. Villa on minulle eritt\u00e4in arvokas materiaali, joten en ole ep\u00e4r\u00f6inyt k\u00e4ytt\u00e4\u00e4 villaa sis\u00e4lt\u00e4vi\u00e4 ylij\u00e4\u00e4mi\u00e4 myyntituotteina. T\u00e4ll\u00e4 tavoin on kertynyt suuri m\u00e4\u00e4r\u00e4 villaista teollisuusj\u00e4tett\u00e4, ja olen nyt p\u00e4\u00e4tt\u00e4nyt k\u00e4ytt\u00e4\u00e4 niit\u00e4 malliston p\u00e4\u00e4materiaalina. Jos ved\u00e4mme rinnastuksia metallien ja kangaskuitujen v\u00e4lille, niin minulle silkki on kultaa ja villa hopeaa. N\u00e4in voisi kirjoittaa mallistoni nimen. Malliston mallit ovat saaneet inspiraationsa kierr\u00e4tyksest\u00e4, kansallispukuhameista, koristelusta ja ainutlaatuisuudesta. Kansallispukuhameet ovat minulle voimakkaita, v\u00e4rikk\u00e4it\u00e4 kangaspuilla kudottuja teoksia. V\u00e4rien harmonia, vaakasuorat ja pystysuorat raidat, laskokset ja k\u00e4sity\u00f6 ovat mallistoni l\u00e4pik\u00e4yvi\u00e4 teemoja. Minua on my\u00f6s aina kiehtonut koristelu, jota aion k\u00e4ytt\u00e4\u00e4 t\u00e4ll\u00e4kin kertaa, mutta omalla tavallani.\u201d Katre Arula<\/p>\n<p>Yksi koko.<\/p>\n<p><strong>Puseron valmistuminen kest\u00e4\u00e4 kuukauden.<\/strong><\/p>\n","protected":false},"featured_media":14007,"comment_status":"closed","ping_status":"closed","template":"","meta":{"pgc_sgb_lightbox_settings":""},"product_brand":[],"product_cat":[269],"product_tag":[],"class_list":{"0":"post-15976","1":"product","2":"type-product","3":"status-publish","4":"has-post-thumbnail","6":"product_cat-vaatteet","8":"first","9":"instock","10":"taxable","11":"shipping-taxable","12":"purchasable","13":"product-type-variable"},"yoast_head":"<!-- This site is optimized with the Yoast SEO plugin v26.6 - https:\/\/yoast.com\/wordpress\/plugins\/seo\/ -->\n<title>Musta pitk\u00e4 neulepusero jossa on huoparuusuja EVE - Katr\u00e9<\/title>\n<meta name=\"robots\" content=\"index, follow, max-snippet:-1, max-image-preview:large, max-video-preview:-1\" \/>\n<link rel=\"canonical\" href=\"https:\/\/katrearula.com\/fi\/toode\/musta-pitka-neulepusero-jossa-on-huoparuusuja-eve\/\" \/>\n<meta property=\"og:locale\" content=\"fi_FI\" \/>\n<meta property=\"og:type\" content=\"article\" \/>\n<meta property=\"og:title\" content=\"Musta pitk\u00e4 neulepusero jossa on huoparuusuja EVE - Katr\u00e9\" \/>\n<meta property=\"og:description\" content=\"T\u00e4m\u00e4 musta pitk\u00e4 neulepusero, jossa on huoparuusuja EVE-aiheella, on osa Katr\u00e9-mallistoa &#039;&#039;H\u00f5bevillane&#039;&#039; 2022. \u201dOlen jo vuosia valmistanut olkalaukkuja, k\u00e4silaukkuja ja reppuja huonekaluteollisuuden ylij\u00e4\u00e4mist\u00e4. Ylij\u00e4\u00e4mien joukossa on aina villakankaita ja villahuopakankaita. Villa on minulle eritt\u00e4in arvokas materiaali, joten en ole ep\u00e4r\u00f6inyt k\u00e4ytt\u00e4\u00e4 villaa sis\u00e4lt\u00e4vi\u00e4 ylij\u00e4\u00e4mi\u00e4 myyntituotteina. T\u00e4ll\u00e4 tavoin on kertynyt suuri m\u00e4\u00e4r\u00e4 villaista teollisuusj\u00e4tett\u00e4, ja olen nyt p\u00e4\u00e4tt\u00e4nyt k\u00e4ytt\u00e4\u00e4 niit\u00e4 malliston p\u00e4\u00e4materiaalina. Jos ved\u00e4mme rinnastuksia metallien ja kangaskuitujen v\u00e4lille, niin minulle silkki on kultaa ja villa hopeaa. N\u00e4in voisi kirjoittaa mallistoni nimen. Malliston mallit ovat saaneet inspiraationsa kierr\u00e4tyksest\u00e4, kansallispukuhameista, koristelusta ja ainutlaatuisuudesta. Kansallispukuhameet ovat minulle voimakkaita, v\u00e4rikk\u00e4it\u00e4 kangaspuilla kudottuja teoksia. V\u00e4rien harmonia, vaakasuorat ja pystysuorat raidat, laskokset ja k\u00e4sity\u00f6 ovat mallistoni l\u00e4pik\u00e4yvi\u00e4 teemoja. Minua on my\u00f6s aina kiehtonut koristelu, jota aion k\u00e4ytt\u00e4\u00e4 t\u00e4ll\u00e4kin kertaa, mutta omalla tavallani.\u201d Katre Arula Yksi koko. Puseron valmistuminen kest\u00e4\u00e4 kuukauden.\" \/>\n<meta property=\"og:url\" content=\"https:\/\/katrearula.com\/fi\/toode\/musta-pitka-neulepusero-jossa-on-huoparuusuja-eve\/\" \/>\n<meta property=\"og:site_name\" content=\"Katr\u00e9\" \/>\n<meta property=\"article:publisher\" content=\"https:\/\/www.facebook.com\/KatreArulaMeistrikoda\" \/>\n<meta property=\"og:image\" content=\"https:\/\/katrearula.com\/wp-content\/uploads\/2024\/11\/must_vildiroosidega_pikk_kampsun_EVE_14-min-scaled.jpg\" \/>\n\t<meta property=\"og:image:width\" content=\"1707\" \/>\n\t<meta property=\"og:image:height\" content=\"2560\" \/>\n\t<meta property=\"og:image:type\" content=\"image\/jpeg\" \/>\n<meta name=\"twitter:card\" content=\"summary_large_image\" \/>\n<script type=\"application\/ld+json\" class=\"yoast-schema-graph\">{\"@context\":\"https:\/\/schema.org\",\"@graph\":[{\"@type\":\"WebPage\",\"@id\":\"https:\/\/katrearula.com\/fi\/toode\/musta-pitka-neulepusero-jossa-on-huoparuusuja-eve\/\",\"url\":\"https:\/\/katrearula.com\/fi\/toode\/musta-pitka-neulepusero-jossa-on-huoparuusuja-eve\/\",\"name\":\"Musta pitk\u00e4 neulepusero jossa on huoparuusuja EVE - Katr\u00e9\",\"isPartOf\":{\"@id\":\"https:\/\/katrearula.com\/#website\"},\"primaryImageOfPage\":{\"@id\":\"https:\/\/katrearula.com\/fi\/toode\/musta-pitka-neulepusero-jossa-on-huoparuusuja-eve\/#primaryimage\"},\"image\":{\"@id\":\"https:\/\/katrearula.com\/fi\/toode\/musta-pitka-neulepusero-jossa-on-huoparuusuja-eve\/#primaryimage\"},\"thumbnailUrl\":\"https:\/\/katrearula.com\/wp-content\/uploads\/2024\/11\/must_vildiroosidega_pikk_kampsun_EVE_14-min-scaled.jpg\",\"datePublished\":\"2024-11-04T19:25:33+00:00\",\"breadcrumb\":{\"@id\":\"https:\/\/katrearula.com\/fi\/toode\/musta-pitka-neulepusero-jossa-on-huoparuusuja-eve\/#breadcrumb\"},\"inLanguage\":\"fi\",\"potentialAction\":[{\"@type\":\"ReadAction\",\"target\":[\"https:\/\/katrearula.com\/fi\/toode\/musta-pitka-neulepusero-jossa-on-huoparuusuja-eve\/\"]}]},{\"@type\":\"ImageObject\",\"inLanguage\":\"fi\",\"@id\":\"https:\/\/katrearula.com\/fi\/toode\/musta-pitka-neulepusero-jossa-on-huoparuusuja-eve\/#primaryimage\",\"url\":\"https:\/\/katrearula.com\/wp-content\/uploads\/2024\/11\/must_vildiroosidega_pikk_kampsun_EVE_14-min-scaled.jpg\",\"contentUrl\":\"https:\/\/katrearula.com\/wp-content\/uploads\/2024\/11\/must_vildiroosidega_pikk_kampsun_EVE_14-min-scaled.jpg\",\"width\":1707,\"height\":2560},{\"@type\":\"BreadcrumbList\",\"@id\":\"https:\/\/katrearula.com\/fi\/toode\/musta-pitka-neulepusero-jossa-on-huoparuusuja-eve\/#breadcrumb\",\"itemListElement\":[{\"@type\":\"ListItem\",\"position\":1,\"name\":\"Kotiin\",\"item\":\"https:\/\/katrearula.com\/fi\/kotiin\/\"},{\"@type\":\"ListItem\",\"position\":2,\"name\":\"Pood\",\"item\":\"https:\/\/katrearula.com\/pood\/\"},{\"@type\":\"ListItem\",\"position\":3,\"name\":\"Musta pitk\u00e4 neulepusero jossa on huoparuusuja EVE\"}]},{\"@type\":\"WebSite\",\"@id\":\"https:\/\/katrearula.com\/#website\",\"url\":\"https:\/\/katrearula.com\/\",\"name\":\"Katr\u00e9\",\"description\":\"Eesti disain\",\"publisher\":{\"@id\":\"https:\/\/katrearula.com\/#organization\"},\"potentialAction\":[{\"@type\":\"SearchAction\",\"target\":{\"@type\":\"EntryPoint\",\"urlTemplate\":\"https:\/\/katrearula.com\/?s={search_term_string}\"},\"query-input\":{\"@type\":\"PropertyValueSpecification\",\"valueRequired\":true,\"valueName\":\"search_term_string\"}}],\"inLanguage\":\"fi\"},{\"@type\":\"Organization\",\"@id\":\"https:\/\/katrearula.com\/#organization\",\"name\":\"Katre Meistrikoda O\u00dc\",\"url\":\"https:\/\/katrearula.com\/\",\"logo\":{\"@type\":\"ImageObject\",\"inLanguage\":\"fi\",\"@id\":\"https:\/\/katrearula.com\/#\/schema\/logo\/image\/\",\"url\":\"https:\/\/katrearula.com\/wp-content\/uploads\/2021\/11\/www.katrearula.com_.jpg\",\"contentUrl\":\"https:\/\/katrearula.com\/wp-content\/uploads\/2021\/11\/www.katrearula.com_.jpg\",\"width\":380,\"height\":254,\"caption\":\"Katre Meistrikoda O\u00dc\"},\"image\":{\"@id\":\"https:\/\/katrearula.com\/#\/schema\/logo\/image\/\"},\"sameAs\":[\"https:\/\/www.facebook.com\/KatreArulaMeistrikoda\",\"https:\/\/www.instagram.com\/katre_arula_meistrikoda\/\"]}]}<\/script>\n<!-- \/ Yoast SEO plugin. -->","yoast_head_json":{"title":"Musta pitk\u00e4 neulepusero jossa on huoparuusuja EVE - Katr\u00e9","robots":{"index":"index","follow":"follow","max-snippet":"max-snippet:-1","max-image-preview":"max-image-preview:large","max-video-preview":"max-video-preview:-1"},"canonical":"https:\/\/katrearula.com\/fi\/toode\/musta-pitka-neulepusero-jossa-on-huoparuusuja-eve\/","og_locale":"fi_FI","og_type":"article","og_title":"Musta pitk\u00e4 neulepusero jossa on huoparuusuja EVE - Katr\u00e9","og_description":"T\u00e4m\u00e4 musta pitk\u00e4 neulepusero, jossa on huoparuusuja EVE-aiheella, on osa Katr\u00e9-mallistoa ''H\u00f5bevillane'' 2022. \u201dOlen jo vuosia valmistanut olkalaukkuja, k\u00e4silaukkuja ja reppuja huonekaluteollisuuden ylij\u00e4\u00e4mist\u00e4. Ylij\u00e4\u00e4mien joukossa on aina villakankaita ja villahuopakankaita. Villa on minulle eritt\u00e4in arvokas materiaali, joten en ole ep\u00e4r\u00f6inyt k\u00e4ytt\u00e4\u00e4 villaa sis\u00e4lt\u00e4vi\u00e4 ylij\u00e4\u00e4mi\u00e4 myyntituotteina. T\u00e4ll\u00e4 tavoin on kertynyt suuri m\u00e4\u00e4r\u00e4 villaista teollisuusj\u00e4tett\u00e4, ja olen nyt p\u00e4\u00e4tt\u00e4nyt k\u00e4ytt\u00e4\u00e4 niit\u00e4 malliston p\u00e4\u00e4materiaalina. Jos ved\u00e4mme rinnastuksia metallien ja kangaskuitujen v\u00e4lille, niin minulle silkki on kultaa ja villa hopeaa. N\u00e4in voisi kirjoittaa mallistoni nimen. Malliston mallit ovat saaneet inspiraationsa kierr\u00e4tyksest\u00e4, kansallispukuhameista, koristelusta ja ainutlaatuisuudesta. Kansallispukuhameet ovat minulle voimakkaita, v\u00e4rikk\u00e4it\u00e4 kangaspuilla kudottuja teoksia. V\u00e4rien harmonia, vaakasuorat ja pystysuorat raidat, laskokset ja k\u00e4sity\u00f6 ovat mallistoni l\u00e4pik\u00e4yvi\u00e4 teemoja. Minua on my\u00f6s aina kiehtonut koristelu, jota aion k\u00e4ytt\u00e4\u00e4 t\u00e4ll\u00e4kin kertaa, mutta omalla tavallani.\u201d Katre Arula Yksi koko. Puseron valmistuminen kest\u00e4\u00e4 kuukauden.","og_url":"https:\/\/katrearula.com\/fi\/toode\/musta-pitka-neulepusero-jossa-on-huoparuusuja-eve\/","og_site_name":"Katr\u00e9","article_publisher":"https:\/\/www.facebook.com\/KatreArulaMeistrikoda","og_image":[{"width":1707,"height":2560,"url":"https:\/\/katrearula.com\/wp-content\/uploads\/2024\/11\/must_vildiroosidega_pikk_kampsun_EVE_14-min-scaled.jpg","type":"image\/jpeg"}],"twitter_card":"summary_large_image","schema":{"@context":"https:\/\/schema.org","@graph":[{"@type":"WebPage","@id":"https:\/\/katrearula.com\/fi\/toode\/musta-pitka-neulepusero-jossa-on-huoparuusuja-eve\/","url":"https:\/\/katrearula.com\/fi\/toode\/musta-pitka-neulepusero-jossa-on-huoparuusuja-eve\/","name":"Musta pitk\u00e4 neulepusero jossa on huoparuusuja EVE - Katr\u00e9","isPartOf":{"@id":"https:\/\/katrearula.com\/#website"},"primaryImageOfPage":{"@id":"https:\/\/katrearula.com\/fi\/toode\/musta-pitka-neulepusero-jossa-on-huoparuusuja-eve\/#primaryimage"},"image":{"@id":"https:\/\/katrearula.com\/fi\/toode\/musta-pitka-neulepusero-jossa-on-huoparuusuja-eve\/#primaryimage"},"thumbnailUrl":"https:\/\/katrearula.com\/wp-content\/uploads\/2024\/11\/must_vildiroosidega_pikk_kampsun_EVE_14-min-scaled.jpg","datePublished":"2024-11-04T19:25:33+00:00","breadcrumb":{"@id":"https:\/\/katrearula.com\/fi\/toode\/musta-pitka-neulepusero-jossa-on-huoparuusuja-eve\/#breadcrumb"},"inLanguage":"fi","potentialAction":[{"@type":"ReadAction","target":["https:\/\/katrearula.com\/fi\/toode\/musta-pitka-neulepusero-jossa-on-huoparuusuja-eve\/"]}]},{"@type":"ImageObject","inLanguage":"fi","@id":"https:\/\/katrearula.com\/fi\/toode\/musta-pitka-neulepusero-jossa-on-huoparuusuja-eve\/#primaryimage","url":"https:\/\/katrearula.com\/wp-content\/uploads\/2024\/11\/must_vildiroosidega_pikk_kampsun_EVE_14-min-scaled.jpg","contentUrl":"https:\/\/katrearula.com\/wp-content\/uploads\/2024\/11\/must_vildiroosidega_pikk_kampsun_EVE_14-min-scaled.jpg","width":1707,"height":2560},{"@type":"BreadcrumbList","@id":"https:\/\/katrearula.com\/fi\/toode\/musta-pitka-neulepusero-jossa-on-huoparuusuja-eve\/#breadcrumb","itemListElement":[{"@type":"ListItem","position":1,"name":"Kotiin","item":"https:\/\/katrearula.com\/fi\/kotiin\/"},{"@type":"ListItem","position":2,"name":"Pood","item":"https:\/\/katrearula.com\/pood\/"},{"@type":"ListItem","position":3,"name":"Musta pitk\u00e4 neulepusero jossa on huoparuusuja EVE"}]},{"@type":"WebSite","@id":"https:\/\/katrearula.com\/#website","url":"https:\/\/katrearula.com\/","name":"Katr\u00e9","description":"Eesti disain","publisher":{"@id":"https:\/\/katrearula.com\/#organization"},"potentialAction":[{"@type":"SearchAction","target":{"@type":"EntryPoint","urlTemplate":"https:\/\/katrearula.com\/?s={search_term_string}"},"query-input":{"@type":"PropertyValueSpecification","valueRequired":true,"valueName":"search_term_string"}}],"inLanguage":"fi"},{"@type":"Organization","@id":"https:\/\/katrearula.com\/#organization","name":"Katre Meistrikoda O\u00dc","url":"https:\/\/katrearula.com\/","logo":{"@type":"ImageObject","inLanguage":"fi","@id":"https:\/\/katrearula.com\/#\/schema\/logo\/image\/","url":"https:\/\/katrearula.com\/wp-content\/uploads\/2021\/11\/www.katrearula.com_.jpg","contentUrl":"https:\/\/katrearula.com\/wp-content\/uploads\/2021\/11\/www.katrearula.com_.jpg","width":380,"height":254,"caption":"Katre Meistrikoda O\u00dc"},"image":{"@id":"https:\/\/katrearula.com\/#\/schema\/logo\/image\/"},"sameAs":["https:\/\/www.facebook.com\/KatreArulaMeistrikoda","https:\/\/www.instagram.com\/katre_arula_meistrikoda\/"]}]}},"jetpack_sharing_enabled":true,"_links":{"self":[{"href":"https:\/\/katrearula.com\/fi\/wp-json\/wp\/v2\/product\/15976","targetHints":{"allow":["GET"]}}],"collection":[{"href":"https:\/\/katrearula.com\/fi\/wp-json\/wp\/v2\/product"}],"about":[{"href":"https:\/\/katrearula.com\/fi\/wp-json\/wp\/v2\/types\/product"}],"replies":[{"embeddable":true,"href":"https:\/\/katrearula.com\/fi\/wp-json\/wp\/v2\/comments?post=15976"}],"wp:featuredmedia":[{"embeddable":true,"href":"https:\/\/katrearula.com\/fi\/wp-json\/wp\/v2\/media\/14007"}],"wp:attachment":[{"href":"https:\/\/katrearula.com\/fi\/wp-json\/wp\/v2\/media?parent=15976"}],"wp:term":[{"taxonomy":"product_brand","embeddable":true,"href":"https:\/\/katrearula.com\/fi\/wp-json\/wp\/v2\/product_brand?post=15976"},{"taxonomy":"product_cat","embeddable":true,"href":"https:\/\/katrearula.com\/fi\/wp-json\/wp\/v2\/product_cat?post=15976"},{"taxonomy":"product_tag","embeddable":true,"href":"https:\/\/katrearula.com\/fi\/wp-json\/wp\/v2\/product_tag?post=15976"}],"curies":[{"name":"wp","href":"https:\/\/api.w.org\/{rel}","templated":true}]}}