{"id":15979,"date":"2024-11-03T21:23:27","date_gmt":"2024-11-03T21:23:27","guid":{"rendered":"https:\/\/katrearula.com\/toode\/upcycle-farkkutakki-leegi\/"},"modified":"2024-11-03T21:23:27","modified_gmt":"2024-11-03T21:23:27","slug":"upcycle-farkkutakki-leegi","status":"publish","type":"product","link":"https:\/\/katrearula.com\/fi\/toode\/upcycle-farkkutakki-leegi\/","title":{"rendered":"Upcycle farkkutakki LEEGI"},"content":{"rendered":"","protected":false},"excerpt":{"rendered":"<p>Ainutlaatuinen <em>upcycle<\/em> Farkkutakki LEEGI koko 42.<\/p>\n<p><span style=\"font-weight: 400;\">&#8221;Kev\u00e4\u00e4ll\u00e4 2021 osallistuin <a href=\"https:\/\/fashionfestival.ee\/\">Estonian Fashion Festivalil<\/a> kierr\u00e4tyksest\u00e4 inspiroituneella mallistolla.  <\/span><span style=\"font-weight: 400;\">Ty\u00f6ni tavoitteena on osoittaa, ett\u00e4 vanha voi olla uutta. Jokaisen luomani takin my\u00f6t\u00e4 pelastan esineen \u2013 muutan sen joksikin t\u00e4ysin uudeksi ja ainutlaatuiseksi. Kaikki k\u00e4ytt\u00e4m\u00e4ni materiaalit ovat jo el\u00e4neet el\u00e4m\u00e4n, mutta k\u00e4siss\u00e4ni ne saavat mahdollisuuden aloittaa uuden matkan.   <\/span><span style=\"font-weight: 400;\">T\u00e4m\u00e4 on tapani antaa uusi el\u00e4m\u00e4 ainakin sadalle vaatekappaleelle, joilla jokaisella on oma numeronsa ja tarinansa.&#8221; Katre Arula<\/span><\/p>\n<p>LEEGI Numero on 99.<\/p>\n<p><span style=\"font-weight: 400;\">Katr\u00e9 NEW . UUS takit on arvottu ty\u00f6kilpailussa &#8221;<a href=\"https:\/\/mardilaat.ee\/\">Uus toode Mardilaadal 2021<\/a>&#8221;. <\/span><\/p>\n","protected":false},"featured_media":13937,"comment_status":"closed","ping_status":"closed","template":"","meta":{"pgc_sgb_lightbox_settings":""},"product_brand":[],"product_cat":[269],"product_tag":[],"class_list":{"0":"post-15979","1":"product","2":"type-product","3":"status-publish","4":"has-post-thumbnail","6":"product_cat-vaatteet","8":"first","9":"outofstock","10":"taxable","11":"shipping-taxable","12":"purchasable","13":"product-type-simple"},"yoast_head":"<!-- This site is optimized with the Yoast SEO plugin v26.6 - https:\/\/yoast.com\/wordpress\/plugins\/seo\/ -->\n<title>Upcycle farkkutakki LEEGI - Katr\u00e9<\/title>\n<meta name=\"robots\" content=\"index, follow, max-snippet:-1, max-image-preview:large, max-video-preview:-1\" \/>\n<link rel=\"canonical\" href=\"https:\/\/katrearula.com\/fi\/toode\/upcycle-farkkutakki-leegi\/\" \/>\n<meta property=\"og:locale\" content=\"fi_FI\" \/>\n<meta property=\"og:type\" content=\"article\" \/>\n<meta property=\"og:title\" content=\"Upcycle farkkutakki LEEGI - Katr\u00e9\" \/>\n<meta property=\"og:description\" content=\"Ainutlaatuinen upcycle Farkkutakki LEEGI koko 42. &quot;Kev\u00e4\u00e4ll\u00e4 2021 osallistuin Estonian Fashion Festivalil kierr\u00e4tyksest\u00e4 inspiroituneella mallistolla. Ty\u00f6ni tavoitteena on osoittaa, ett\u00e4 vanha voi olla uutta. Jokaisen luomani takin my\u00f6t\u00e4 pelastan esineen \u2013 muutan sen joksikin t\u00e4ysin uudeksi ja ainutlaatuiseksi. Kaikki k\u00e4ytt\u00e4m\u00e4ni materiaalit ovat jo el\u00e4neet el\u00e4m\u00e4n, mutta k\u00e4siss\u00e4ni ne saavat mahdollisuuden aloittaa uuden matkan.  T\u00e4m\u00e4 on tapani antaa uusi el\u00e4m\u00e4 ainakin sadalle vaatekappaleelle, joilla jokaisella on oma numeronsa ja tarinansa.&#039;&#039; Katre Arula LEEGI Numero on 99. Katr\u00e9 NEW . UUS takit on arvottu ty\u00f6kilpailussa &#039;&#039;Uus toode Mardilaadal 2021&#039;&#039;.\" \/>\n<meta property=\"og:url\" content=\"https:\/\/katrearula.com\/fi\/toode\/upcycle-farkkutakki-leegi\/\" \/>\n<meta property=\"og:site_name\" content=\"Katr\u00e9\" \/>\n<meta property=\"article:publisher\" content=\"https:\/\/www.facebook.com\/KatreArulaMeistrikoda\" \/>\n<meta property=\"og:image\" content=\"https:\/\/katrearula.com\/wp-content\/uploads\/2024\/11\/katre_arula_upcycle_teksajakk_LEEGI_5-min-scaled.jpg\" \/>\n\t<meta property=\"og:image:width\" content=\"1707\" \/>\n\t<meta property=\"og:image:height\" content=\"2560\" \/>\n\t<meta property=\"og:image:type\" content=\"image\/jpeg\" \/>\n<meta name=\"twitter:card\" content=\"summary_large_image\" \/>\n<script type=\"application\/ld+json\" class=\"yoast-schema-graph\">{\"@context\":\"https:\/\/schema.org\",\"@graph\":[{\"@type\":\"WebPage\",\"@id\":\"https:\/\/katrearula.com\/fi\/toode\/upcycle-farkkutakki-leegi\/\",\"url\":\"https:\/\/katrearula.com\/fi\/toode\/upcycle-farkkutakki-leegi\/\",\"name\":\"Upcycle farkkutakki LEEGI - Katr\u00e9\",\"isPartOf\":{\"@id\":\"https:\/\/katrearula.com\/#website\"},\"primaryImageOfPage\":{\"@id\":\"https:\/\/katrearula.com\/fi\/toode\/upcycle-farkkutakki-leegi\/#primaryimage\"},\"image\":{\"@id\":\"https:\/\/katrearula.com\/fi\/toode\/upcycle-farkkutakki-leegi\/#primaryimage\"},\"thumbnailUrl\":\"https:\/\/katrearula.com\/wp-content\/uploads\/2024\/11\/katre_arula_upcycle_teksajakk_LEEGI_5-min-scaled.jpg\",\"datePublished\":\"2024-11-03T21:23:27+00:00\",\"breadcrumb\":{\"@id\":\"https:\/\/katrearula.com\/fi\/toode\/upcycle-farkkutakki-leegi\/#breadcrumb\"},\"inLanguage\":\"fi\",\"potentialAction\":[{\"@type\":\"ReadAction\",\"target\":[\"https:\/\/katrearula.com\/fi\/toode\/upcycle-farkkutakki-leegi\/\"]}]},{\"@type\":\"ImageObject\",\"inLanguage\":\"fi\",\"@id\":\"https:\/\/katrearula.com\/fi\/toode\/upcycle-farkkutakki-leegi\/#primaryimage\",\"url\":\"https:\/\/katrearula.com\/wp-content\/uploads\/2024\/11\/katre_arula_upcycle_teksajakk_LEEGI_5-min-scaled.jpg\",\"contentUrl\":\"https:\/\/katrearula.com\/wp-content\/uploads\/2024\/11\/katre_arula_upcycle_teksajakk_LEEGI_5-min-scaled.jpg\",\"width\":1707,\"height\":2560},{\"@type\":\"BreadcrumbList\",\"@id\":\"https:\/\/katrearula.com\/fi\/toode\/upcycle-farkkutakki-leegi\/#breadcrumb\",\"itemListElement\":[{\"@type\":\"ListItem\",\"position\":1,\"name\":\"Kotiin\",\"item\":\"https:\/\/katrearula.com\/fi\/kotiin\/\"},{\"@type\":\"ListItem\",\"position\":2,\"name\":\"Pood\",\"item\":\"https:\/\/katrearula.com\/pood\/\"},{\"@type\":\"ListItem\",\"position\":3,\"name\":\"Upcycle farkkutakki LEEGI\"}]},{\"@type\":\"WebSite\",\"@id\":\"https:\/\/katrearula.com\/#website\",\"url\":\"https:\/\/katrearula.com\/\",\"name\":\"Katr\u00e9\",\"description\":\"Eesti disain\",\"publisher\":{\"@id\":\"https:\/\/katrearula.com\/#organization\"},\"potentialAction\":[{\"@type\":\"SearchAction\",\"target\":{\"@type\":\"EntryPoint\",\"urlTemplate\":\"https:\/\/katrearula.com\/?s={search_term_string}\"},\"query-input\":{\"@type\":\"PropertyValueSpecification\",\"valueRequired\":true,\"valueName\":\"search_term_string\"}}],\"inLanguage\":\"fi\"},{\"@type\":\"Organization\",\"@id\":\"https:\/\/katrearula.com\/#organization\",\"name\":\"Katre Meistrikoda O\u00dc\",\"url\":\"https:\/\/katrearula.com\/\",\"logo\":{\"@type\":\"ImageObject\",\"inLanguage\":\"fi\",\"@id\":\"https:\/\/katrearula.com\/#\/schema\/logo\/image\/\",\"url\":\"https:\/\/katrearula.com\/wp-content\/uploads\/2021\/11\/www.katrearula.com_.jpg\",\"contentUrl\":\"https:\/\/katrearula.com\/wp-content\/uploads\/2021\/11\/www.katrearula.com_.jpg\",\"width\":380,\"height\":254,\"caption\":\"Katre Meistrikoda O\u00dc\"},\"image\":{\"@id\":\"https:\/\/katrearula.com\/#\/schema\/logo\/image\/\"},\"sameAs\":[\"https:\/\/www.facebook.com\/KatreArulaMeistrikoda\",\"https:\/\/www.instagram.com\/katre_arula_meistrikoda\/\"]}]}<\/script>\n<!-- \/ Yoast SEO plugin. -->","yoast_head_json":{"title":"Upcycle farkkutakki LEEGI - Katr\u00e9","robots":{"index":"index","follow":"follow","max-snippet":"max-snippet:-1","max-image-preview":"max-image-preview:large","max-video-preview":"max-video-preview:-1"},"canonical":"https:\/\/katrearula.com\/fi\/toode\/upcycle-farkkutakki-leegi\/","og_locale":"fi_FI","og_type":"article","og_title":"Upcycle farkkutakki LEEGI - Katr\u00e9","og_description":"Ainutlaatuinen upcycle Farkkutakki LEEGI koko 42. \"Kev\u00e4\u00e4ll\u00e4 2021 osallistuin Estonian Fashion Festivalil kierr\u00e4tyksest\u00e4 inspiroituneella mallistolla. Ty\u00f6ni tavoitteena on osoittaa, ett\u00e4 vanha voi olla uutta. Jokaisen luomani takin my\u00f6t\u00e4 pelastan esineen \u2013 muutan sen joksikin t\u00e4ysin uudeksi ja ainutlaatuiseksi. Kaikki k\u00e4ytt\u00e4m\u00e4ni materiaalit ovat jo el\u00e4neet el\u00e4m\u00e4n, mutta k\u00e4siss\u00e4ni ne saavat mahdollisuuden aloittaa uuden matkan.  T\u00e4m\u00e4 on tapani antaa uusi el\u00e4m\u00e4 ainakin sadalle vaatekappaleelle, joilla jokaisella on oma numeronsa ja tarinansa.'' Katre Arula LEEGI Numero on 99. Katr\u00e9 NEW . UUS takit on arvottu ty\u00f6kilpailussa ''Uus toode Mardilaadal 2021''.","og_url":"https:\/\/katrearula.com\/fi\/toode\/upcycle-farkkutakki-leegi\/","og_site_name":"Katr\u00e9","article_publisher":"https:\/\/www.facebook.com\/KatreArulaMeistrikoda","og_image":[{"width":1707,"height":2560,"url":"https:\/\/katrearula.com\/wp-content\/uploads\/2024\/11\/katre_arula_upcycle_teksajakk_LEEGI_5-min-scaled.jpg","type":"image\/jpeg"}],"twitter_card":"summary_large_image","schema":{"@context":"https:\/\/schema.org","@graph":[{"@type":"WebPage","@id":"https:\/\/katrearula.com\/fi\/toode\/upcycle-farkkutakki-leegi\/","url":"https:\/\/katrearula.com\/fi\/toode\/upcycle-farkkutakki-leegi\/","name":"Upcycle farkkutakki LEEGI - Katr\u00e9","isPartOf":{"@id":"https:\/\/katrearula.com\/#website"},"primaryImageOfPage":{"@id":"https:\/\/katrearula.com\/fi\/toode\/upcycle-farkkutakki-leegi\/#primaryimage"},"image":{"@id":"https:\/\/katrearula.com\/fi\/toode\/upcycle-farkkutakki-leegi\/#primaryimage"},"thumbnailUrl":"https:\/\/katrearula.com\/wp-content\/uploads\/2024\/11\/katre_arula_upcycle_teksajakk_LEEGI_5-min-scaled.jpg","datePublished":"2024-11-03T21:23:27+00:00","breadcrumb":{"@id":"https:\/\/katrearula.com\/fi\/toode\/upcycle-farkkutakki-leegi\/#breadcrumb"},"inLanguage":"fi","potentialAction":[{"@type":"ReadAction","target":["https:\/\/katrearula.com\/fi\/toode\/upcycle-farkkutakki-leegi\/"]}]},{"@type":"ImageObject","inLanguage":"fi","@id":"https:\/\/katrearula.com\/fi\/toode\/upcycle-farkkutakki-leegi\/#primaryimage","url":"https:\/\/katrearula.com\/wp-content\/uploads\/2024\/11\/katre_arula_upcycle_teksajakk_LEEGI_5-min-scaled.jpg","contentUrl":"https:\/\/katrearula.com\/wp-content\/uploads\/2024\/11\/katre_arula_upcycle_teksajakk_LEEGI_5-min-scaled.jpg","width":1707,"height":2560},{"@type":"BreadcrumbList","@id":"https:\/\/katrearula.com\/fi\/toode\/upcycle-farkkutakki-leegi\/#breadcrumb","itemListElement":[{"@type":"ListItem","position":1,"name":"Kotiin","item":"https:\/\/katrearula.com\/fi\/kotiin\/"},{"@type":"ListItem","position":2,"name":"Pood","item":"https:\/\/katrearula.com\/pood\/"},{"@type":"ListItem","position":3,"name":"Upcycle farkkutakki LEEGI"}]},{"@type":"WebSite","@id":"https:\/\/katrearula.com\/#website","url":"https:\/\/katrearula.com\/","name":"Katr\u00e9","description":"Eesti disain","publisher":{"@id":"https:\/\/katrearula.com\/#organization"},"potentialAction":[{"@type":"SearchAction","target":{"@type":"EntryPoint","urlTemplate":"https:\/\/katrearula.com\/?s={search_term_string}"},"query-input":{"@type":"PropertyValueSpecification","valueRequired":true,"valueName":"search_term_string"}}],"inLanguage":"fi"},{"@type":"Organization","@id":"https:\/\/katrearula.com\/#organization","name":"Katre Meistrikoda O\u00dc","url":"https:\/\/katrearula.com\/","logo":{"@type":"ImageObject","inLanguage":"fi","@id":"https:\/\/katrearula.com\/#\/schema\/logo\/image\/","url":"https:\/\/katrearula.com\/wp-content\/uploads\/2021\/11\/www.katrearula.com_.jpg","contentUrl":"https:\/\/katrearula.com\/wp-content\/uploads\/2021\/11\/www.katrearula.com_.jpg","width":380,"height":254,"caption":"Katre Meistrikoda O\u00dc"},"image":{"@id":"https:\/\/katrearula.com\/#\/schema\/logo\/image\/"},"sameAs":["https:\/\/www.facebook.com\/KatreArulaMeistrikoda","https:\/\/www.instagram.com\/katre_arula_meistrikoda\/"]}]}},"jetpack_sharing_enabled":true,"_links":{"self":[{"href":"https:\/\/katrearula.com\/fi\/wp-json\/wp\/v2\/product\/15979","targetHints":{"allow":["GET"]}}],"collection":[{"href":"https:\/\/katrearula.com\/fi\/wp-json\/wp\/v2\/product"}],"about":[{"href":"https:\/\/katrearula.com\/fi\/wp-json\/wp\/v2\/types\/product"}],"replies":[{"embeddable":true,"href":"https:\/\/katrearula.com\/fi\/wp-json\/wp\/v2\/comments?post=15979"}],"wp:featuredmedia":[{"embeddable":true,"href":"https:\/\/katrearula.com\/fi\/wp-json\/wp\/v2\/media\/13937"}],"wp:attachment":[{"href":"https:\/\/katrearula.com\/fi\/wp-json\/wp\/v2\/media?parent=15979"}],"wp:term":[{"taxonomy":"product_brand","embeddable":true,"href":"https:\/\/katrearula.com\/fi\/wp-json\/wp\/v2\/product_brand?post=15979"},{"taxonomy":"product_cat","embeddable":true,"href":"https:\/\/katrearula.com\/fi\/wp-json\/wp\/v2\/product_cat?post=15979"},{"taxonomy":"product_tag","embeddable":true,"href":"https:\/\/katrearula.com\/fi\/wp-json\/wp\/v2\/product_tag?post=15979"}],"curies":[{"name":"wp","href":"https:\/\/api.w.org\/{rel}","templated":true}]}}