{"id":15980,"date":"2024-11-03T20:16:48","date_gmt":"2024-11-03T20:16:48","guid":{"rendered":"https:\/\/katrearula.com\/toode\/musta-ja-punainen-3in1-laukku-karmella\/"},"modified":"2025-12-13T14:36:47","modified_gmt":"2025-12-13T14:36:47","slug":"musta-ja-punainen-3in1-laukku-karmella","status":"publish","type":"product","link":"https:\/\/katrearula.com\/fi\/toode\/musta-ja-punainen-3in1-laukku-karmella\/","title":{"rendered":"Musta\/punainen 3in1 laukku KARMELLA"},"content":{"rendered":"","protected":false},"excerpt":{"rendered":"<p><span style=\"font-weight: 400;\">Jos etsit k\u00e4yt\u00e4nn\u00f6llist\u00e4 ja tyylik\u00e4st\u00e4 reppua, joka sopii sek\u00e4 suurkaupungin h\u00e4lin\u00e4\u00e4n ett\u00e4 rauhalliseen viikonloppulomaan, olet l\u00f6yt\u00e4nyt t\u00e4ydellisen kumppanin. <\/span><\/p>\n<p><span style=\"font-weight: 400;\">Laukun muotoilu on klassisen minimalistinen, mutta hienovaraiset, tunnusomaiset yksityiskohdat ja tilkkuty\u00f6tekniikat tekev\u00e4t siit\u00e4 huomattavan ja omaleimaisen, antaen laukulle ainutlaatuisen luonteen.<\/span><\/p>\n<p><span style=\"font-weight: 400;\">T\u00e4m\u00e4 on loistava valinta niille, jotka haluavat pit\u00e4\u00e4 tavaransa j\u00e4rjestyksess\u00e4 ja helposti saatavilla. Laukussa on kaksi sis\u00e4taskua, vetoketjullinen tasku ja erillinen paikka matkapuhelimelle. <\/span><\/p>\n<p><span style=\"font-weight: 400;\">Laukku on valmistettu kest\u00e4vist\u00e4 huonekaluteollisuuden ylij\u00e4\u00e4m\u00e4materiaaleista ja kierr\u00e4tysmateriaaleista, tarjoten vastauksen aikamme suurimpaan haasteeseen: tasapainon l\u00f6yt\u00e4miseen mukavuuden ja tietoisen kuluttamisen v\u00e4lill\u00e4. <\/span><\/p>\n","protected":false},"featured_media":13900,"comment_status":"closed","ping_status":"closed","template":"","meta":{"pgc_sgb_lightbox_settings":""},"product_brand":[],"product_cat":[230,231],"product_tag":[],"class_list":{"0":"post-15980","1":"product","2":"type-product","3":"status-publish","4":"has-post-thumbnail","6":"product_cat-3in1-laukut","7":"product_cat-laukut","9":"first","10":"instock","11":"taxable","12":"shipping-taxable","13":"purchasable","14":"product-type-simple"},"yoast_head":"<!-- This site is optimized with the Yoast SEO plugin v26.6 - https:\/\/yoast.com\/wordpress\/plugins\/seo\/ -->\n<title>Musta\/punainen 3in1 laukku KARMELLA - Katr\u00e9<\/title>\n<meta name=\"robots\" content=\"index, follow, max-snippet:-1, max-image-preview:large, max-video-preview:-1\" \/>\n<link rel=\"canonical\" href=\"https:\/\/katrearula.com\/fi\/toode\/musta-ja-punainen-3in1-laukku-karmella\/\" \/>\n<meta property=\"og:locale\" content=\"fi_FI\" \/>\n<meta property=\"og:type\" content=\"article\" \/>\n<meta property=\"og:title\" content=\"Musta\/punainen 3in1 laukku KARMELLA - Katr\u00e9\" \/>\n<meta property=\"og:description\" content=\"Jos etsit k\u00e4yt\u00e4nn\u00f6llist\u00e4 ja tyylik\u00e4st\u00e4 reppua, joka sopii sek\u00e4 suurkaupungin h\u00e4lin\u00e4\u00e4n ett\u00e4 rauhalliseen viikonloppulomaan, olet l\u00f6yt\u00e4nyt t\u00e4ydellisen kumppanin.  Laukun muotoilu on klassisen minimalistinen, mutta hienovaraiset, tunnusomaiset yksityiskohdat ja tilkkuty\u00f6tekniikat tekev\u00e4t siit\u00e4 huomattavan ja omaleimaisen, antaen laukulle ainutlaatuisen luonteen. T\u00e4m\u00e4 on loistava valinta niille, jotka haluavat pit\u00e4\u00e4 tavaransa j\u00e4rjestyksess\u00e4 ja helposti saatavilla. Laukussa on kaksi sis\u00e4taskua, vetoketjullinen tasku ja erillinen paikka matkapuhelimelle.  Laukku on valmistettu kest\u00e4vist\u00e4 huonekaluteollisuuden ylij\u00e4\u00e4m\u00e4materiaaleista ja kierr\u00e4tysmateriaaleista, tarjoten vastauksen aikamme suurimpaan haasteeseen: tasapainon l\u00f6yt\u00e4miseen mukavuuden ja tietoisen kuluttamisen v\u00e4lill\u00e4.\" \/>\n<meta property=\"og:url\" content=\"https:\/\/katrearula.com\/fi\/toode\/musta-ja-punainen-3in1-laukku-karmella\/\" \/>\n<meta property=\"og:site_name\" content=\"Katr\u00e9\" \/>\n<meta property=\"article:publisher\" content=\"https:\/\/www.facebook.com\/KatreArulaMeistrikoda\" \/>\n<meta property=\"article:modified_time\" content=\"2025-12-13T14:36:47+00:00\" \/>\n<meta property=\"og:image\" content=\"https:\/\/katrearula.com\/wp-content\/uploads\/2024\/11\/katre_arula_punane_3in1_kott_KARMELLA_1-min-scaled.jpg\" \/>\n\t<meta property=\"og:image:width\" content=\"1707\" \/>\n\t<meta property=\"og:image:height\" content=\"2560\" \/>\n\t<meta property=\"og:image:type\" content=\"image\/jpeg\" \/>\n<meta name=\"twitter:card\" content=\"summary_large_image\" \/>\n<script type=\"application\/ld+json\" class=\"yoast-schema-graph\">{\"@context\":\"https:\/\/schema.org\",\"@graph\":[{\"@type\":\"WebPage\",\"@id\":\"https:\/\/katrearula.com\/fi\/toode\/musta-ja-punainen-3in1-laukku-karmella\/\",\"url\":\"https:\/\/katrearula.com\/fi\/toode\/musta-ja-punainen-3in1-laukku-karmella\/\",\"name\":\"Musta\/punainen 3in1 laukku KARMELLA - Katr\u00e9\",\"isPartOf\":{\"@id\":\"https:\/\/katrearula.com\/#website\"},\"primaryImageOfPage\":{\"@id\":\"https:\/\/katrearula.com\/fi\/toode\/musta-ja-punainen-3in1-laukku-karmella\/#primaryimage\"},\"image\":{\"@id\":\"https:\/\/katrearula.com\/fi\/toode\/musta-ja-punainen-3in1-laukku-karmella\/#primaryimage\"},\"thumbnailUrl\":\"https:\/\/katrearula.com\/wp-content\/uploads\/2024\/11\/katre_arula_punane_3in1_kott_KARMELLA_1-min-scaled.jpg\",\"datePublished\":\"2024-11-03T20:16:48+00:00\",\"dateModified\":\"2025-12-13T14:36:47+00:00\",\"breadcrumb\":{\"@id\":\"https:\/\/katrearula.com\/fi\/toode\/musta-ja-punainen-3in1-laukku-karmella\/#breadcrumb\"},\"inLanguage\":\"fi\",\"potentialAction\":[{\"@type\":\"ReadAction\",\"target\":[\"https:\/\/katrearula.com\/fi\/toode\/musta-ja-punainen-3in1-laukku-karmella\/\"]}]},{\"@type\":\"ImageObject\",\"inLanguage\":\"fi\",\"@id\":\"https:\/\/katrearula.com\/fi\/toode\/musta-ja-punainen-3in1-laukku-karmella\/#primaryimage\",\"url\":\"https:\/\/katrearula.com\/wp-content\/uploads\/2024\/11\/katre_arula_punane_3in1_kott_KARMELLA_1-min-scaled.jpg\",\"contentUrl\":\"https:\/\/katrearula.com\/wp-content\/uploads\/2024\/11\/katre_arula_punane_3in1_kott_KARMELLA_1-min-scaled.jpg\",\"width\":1707,\"height\":2560},{\"@type\":\"BreadcrumbList\",\"@id\":\"https:\/\/katrearula.com\/fi\/toode\/musta-ja-punainen-3in1-laukku-karmella\/#breadcrumb\",\"itemListElement\":[{\"@type\":\"ListItem\",\"position\":1,\"name\":\"Kotiin\",\"item\":\"https:\/\/katrearula.com\/fi\/kotiin\/\"},{\"@type\":\"ListItem\",\"position\":2,\"name\":\"Pood\",\"item\":\"https:\/\/katrearula.com\/pood\/\"},{\"@type\":\"ListItem\",\"position\":3,\"name\":\"Musta\/punainen 3in1 laukku KARMELLA\"}]},{\"@type\":\"WebSite\",\"@id\":\"https:\/\/katrearula.com\/#website\",\"url\":\"https:\/\/katrearula.com\/\",\"name\":\"Katr\u00e9\",\"description\":\"Eesti disain\",\"publisher\":{\"@id\":\"https:\/\/katrearula.com\/#organization\"},\"potentialAction\":[{\"@type\":\"SearchAction\",\"target\":{\"@type\":\"EntryPoint\",\"urlTemplate\":\"https:\/\/katrearula.com\/?s={search_term_string}\"},\"query-input\":{\"@type\":\"PropertyValueSpecification\",\"valueRequired\":true,\"valueName\":\"search_term_string\"}}],\"inLanguage\":\"fi\"},{\"@type\":\"Organization\",\"@id\":\"https:\/\/katrearula.com\/#organization\",\"name\":\"Katre Meistrikoda O\u00dc\",\"url\":\"https:\/\/katrearula.com\/\",\"logo\":{\"@type\":\"ImageObject\",\"inLanguage\":\"fi\",\"@id\":\"https:\/\/katrearula.com\/#\/schema\/logo\/image\/\",\"url\":\"https:\/\/katrearula.com\/wp-content\/uploads\/2021\/11\/www.katrearula.com_.jpg\",\"contentUrl\":\"https:\/\/katrearula.com\/wp-content\/uploads\/2021\/11\/www.katrearula.com_.jpg\",\"width\":380,\"height\":254,\"caption\":\"Katre Meistrikoda O\u00dc\"},\"image\":{\"@id\":\"https:\/\/katrearula.com\/#\/schema\/logo\/image\/\"},\"sameAs\":[\"https:\/\/www.facebook.com\/KatreArulaMeistrikoda\",\"https:\/\/www.instagram.com\/katre_arula_meistrikoda\/\"]}]}<\/script>\n<!-- \/ Yoast SEO plugin. -->","yoast_head_json":{"title":"Musta\/punainen 3in1 laukku KARMELLA - Katr\u00e9","robots":{"index":"index","follow":"follow","max-snippet":"max-snippet:-1","max-image-preview":"max-image-preview:large","max-video-preview":"max-video-preview:-1"},"canonical":"https:\/\/katrearula.com\/fi\/toode\/musta-ja-punainen-3in1-laukku-karmella\/","og_locale":"fi_FI","og_type":"article","og_title":"Musta\/punainen 3in1 laukku KARMELLA - Katr\u00e9","og_description":"Jos etsit k\u00e4yt\u00e4nn\u00f6llist\u00e4 ja tyylik\u00e4st\u00e4 reppua, joka sopii sek\u00e4 suurkaupungin h\u00e4lin\u00e4\u00e4n ett\u00e4 rauhalliseen viikonloppulomaan, olet l\u00f6yt\u00e4nyt t\u00e4ydellisen kumppanin.  Laukun muotoilu on klassisen minimalistinen, mutta hienovaraiset, tunnusomaiset yksityiskohdat ja tilkkuty\u00f6tekniikat tekev\u00e4t siit\u00e4 huomattavan ja omaleimaisen, antaen laukulle ainutlaatuisen luonteen. T\u00e4m\u00e4 on loistava valinta niille, jotka haluavat pit\u00e4\u00e4 tavaransa j\u00e4rjestyksess\u00e4 ja helposti saatavilla. Laukussa on kaksi sis\u00e4taskua, vetoketjullinen tasku ja erillinen paikka matkapuhelimelle.  Laukku on valmistettu kest\u00e4vist\u00e4 huonekaluteollisuuden ylij\u00e4\u00e4m\u00e4materiaaleista ja kierr\u00e4tysmateriaaleista, tarjoten vastauksen aikamme suurimpaan haasteeseen: tasapainon l\u00f6yt\u00e4miseen mukavuuden ja tietoisen kuluttamisen v\u00e4lill\u00e4.","og_url":"https:\/\/katrearula.com\/fi\/toode\/musta-ja-punainen-3in1-laukku-karmella\/","og_site_name":"Katr\u00e9","article_publisher":"https:\/\/www.facebook.com\/KatreArulaMeistrikoda","article_modified_time":"2025-12-13T14:36:47+00:00","og_image":[{"width":1707,"height":2560,"url":"https:\/\/katrearula.com\/wp-content\/uploads\/2024\/11\/katre_arula_punane_3in1_kott_KARMELLA_1-min-scaled.jpg","type":"image\/jpeg"}],"twitter_card":"summary_large_image","schema":{"@context":"https:\/\/schema.org","@graph":[{"@type":"WebPage","@id":"https:\/\/katrearula.com\/fi\/toode\/musta-ja-punainen-3in1-laukku-karmella\/","url":"https:\/\/katrearula.com\/fi\/toode\/musta-ja-punainen-3in1-laukku-karmella\/","name":"Musta\/punainen 3in1 laukku KARMELLA - Katr\u00e9","isPartOf":{"@id":"https:\/\/katrearula.com\/#website"},"primaryImageOfPage":{"@id":"https:\/\/katrearula.com\/fi\/toode\/musta-ja-punainen-3in1-laukku-karmella\/#primaryimage"},"image":{"@id":"https:\/\/katrearula.com\/fi\/toode\/musta-ja-punainen-3in1-laukku-karmella\/#primaryimage"},"thumbnailUrl":"https:\/\/katrearula.com\/wp-content\/uploads\/2024\/11\/katre_arula_punane_3in1_kott_KARMELLA_1-min-scaled.jpg","datePublished":"2024-11-03T20:16:48+00:00","dateModified":"2025-12-13T14:36:47+00:00","breadcrumb":{"@id":"https:\/\/katrearula.com\/fi\/toode\/musta-ja-punainen-3in1-laukku-karmella\/#breadcrumb"},"inLanguage":"fi","potentialAction":[{"@type":"ReadAction","target":["https:\/\/katrearula.com\/fi\/toode\/musta-ja-punainen-3in1-laukku-karmella\/"]}]},{"@type":"ImageObject","inLanguage":"fi","@id":"https:\/\/katrearula.com\/fi\/toode\/musta-ja-punainen-3in1-laukku-karmella\/#primaryimage","url":"https:\/\/katrearula.com\/wp-content\/uploads\/2024\/11\/katre_arula_punane_3in1_kott_KARMELLA_1-min-scaled.jpg","contentUrl":"https:\/\/katrearula.com\/wp-content\/uploads\/2024\/11\/katre_arula_punane_3in1_kott_KARMELLA_1-min-scaled.jpg","width":1707,"height":2560},{"@type":"BreadcrumbList","@id":"https:\/\/katrearula.com\/fi\/toode\/musta-ja-punainen-3in1-laukku-karmella\/#breadcrumb","itemListElement":[{"@type":"ListItem","position":1,"name":"Kotiin","item":"https:\/\/katrearula.com\/fi\/kotiin\/"},{"@type":"ListItem","position":2,"name":"Pood","item":"https:\/\/katrearula.com\/pood\/"},{"@type":"ListItem","position":3,"name":"Musta\/punainen 3in1 laukku KARMELLA"}]},{"@type":"WebSite","@id":"https:\/\/katrearula.com\/#website","url":"https:\/\/katrearula.com\/","name":"Katr\u00e9","description":"Eesti disain","publisher":{"@id":"https:\/\/katrearula.com\/#organization"},"potentialAction":[{"@type":"SearchAction","target":{"@type":"EntryPoint","urlTemplate":"https:\/\/katrearula.com\/?s={search_term_string}"},"query-input":{"@type":"PropertyValueSpecification","valueRequired":true,"valueName":"search_term_string"}}],"inLanguage":"fi"},{"@type":"Organization","@id":"https:\/\/katrearula.com\/#organization","name":"Katre Meistrikoda O\u00dc","url":"https:\/\/katrearula.com\/","logo":{"@type":"ImageObject","inLanguage":"fi","@id":"https:\/\/katrearula.com\/#\/schema\/logo\/image\/","url":"https:\/\/katrearula.com\/wp-content\/uploads\/2021\/11\/www.katrearula.com_.jpg","contentUrl":"https:\/\/katrearula.com\/wp-content\/uploads\/2021\/11\/www.katrearula.com_.jpg","width":380,"height":254,"caption":"Katre Meistrikoda O\u00dc"},"image":{"@id":"https:\/\/katrearula.com\/#\/schema\/logo\/image\/"},"sameAs":["https:\/\/www.facebook.com\/KatreArulaMeistrikoda","https:\/\/www.instagram.com\/katre_arula_meistrikoda\/"]}]}},"jetpack_sharing_enabled":true,"_links":{"self":[{"href":"https:\/\/katrearula.com\/fi\/wp-json\/wp\/v2\/product\/15980","targetHints":{"allow":["GET"]}}],"collection":[{"href":"https:\/\/katrearula.com\/fi\/wp-json\/wp\/v2\/product"}],"about":[{"href":"https:\/\/katrearula.com\/fi\/wp-json\/wp\/v2\/types\/product"}],"replies":[{"embeddable":true,"href":"https:\/\/katrearula.com\/fi\/wp-json\/wp\/v2\/comments?post=15980"}],"wp:featuredmedia":[{"embeddable":true,"href":"https:\/\/katrearula.com\/fi\/wp-json\/wp\/v2\/media\/13900"}],"wp:attachment":[{"href":"https:\/\/katrearula.com\/fi\/wp-json\/wp\/v2\/media?parent=15980"}],"wp:term":[{"taxonomy":"product_brand","embeddable":true,"href":"https:\/\/katrearula.com\/fi\/wp-json\/wp\/v2\/product_brand?post=15980"},{"taxonomy":"product_cat","embeddable":true,"href":"https:\/\/katrearula.com\/fi\/wp-json\/wp\/v2\/product_cat?post=15980"},{"taxonomy":"product_tag","embeddable":true,"href":"https:\/\/katrearula.com\/fi\/wp-json\/wp\/v2\/product_tag?post=15980"}],"curies":[{"name":"wp","href":"https:\/\/api.w.org\/{rel}","templated":true}]}}