{"id":15981,"date":"2024-11-03T18:40:38","date_gmt":"2024-11-03T18:40:38","guid":{"rendered":"https:\/\/katrearula.com\/toode\/harmaanbeige-3in1-laukku-milla\/"},"modified":"2024-11-03T18:40:38","modified_gmt":"2024-11-03T18:40:38","slug":"harmaanbeige-3in1-laukku-milla","status":"publish","type":"product","link":"https:\/\/katrearula.com\/fi\/toode\/harmaanbeige-3in1-laukku-milla\/","title":{"rendered":"Harmaanbeige 3in1 laukku MILLA"},"content":{"rendered":"","protected":false},"excerpt":{"rendered":"<p>Katr\u00e9-br\u00e4ndin ytimess\u00e4 on kest\u00e4v\u00e4n muodin visio. Tuotantoj\u00e4tteest\u00e4 eli huonekaluhuovasta Katr\u00e9 on luonut uudet ja n\u00e4ytt\u00e4v\u00e4t 3D-reput MILLA \u201dhuopa ruusu\u201d -tekniikalla.  <\/p>\n<p>3in1-laukku pysyy tukevasti sel\u00e4ss\u00e4si joka askeleella. Siin\u00e4 on kaikki mit\u00e4 tarvitset nauttiaksesi el\u00e4m\u00e4st\u00e4 ilman rajoja. \u00c4l\u00e4k\u00e4 unohda taskuja! Ne auttavat pit\u00e4m\u00e4\u00e4n kaiken tarvitsemasi j\u00e4rjestyksess\u00e4 \u2013 olipa kyseess\u00e4 sitten vesipullo, tietokone tai kirja. Laukku on kevyt, mutta samalla kest\u00e4v\u00e4 jokap\u00e4iv\u00e4iseen k\u00e4ytt\u00f6\u00f6n.    <\/p>\n<p>Katr\u00e9n k\u00e4sintehdyt tuotteet valmistetaan pieniss\u00e4 eriss\u00e4, mik\u00e4 tarkoittaa, ett\u00e4 jokainen kappale on ainutlaatuinen ja henkil\u00f6kohtainen.<\/p>\n<p><span style=\"font-weight: 400;\">Kaikki Katre Arulan alkuper\u00e4isill\u00e4 tekniikoilla valmistetut tuotteet on merkitty tunnustetulla virolaisella k\u00e4sity\u00f6ll\u00e4.<\/span><\/p>\n","protected":false},"featured_media":13872,"comment_status":"closed","ping_status":"closed","template":"","meta":{"pgc_sgb_lightbox_settings":""},"product_brand":[],"product_cat":[230,231],"product_tag":[],"class_list":{"0":"post-15981","1":"product","2":"type-product","3":"status-publish","4":"has-post-thumbnail","6":"product_cat-3in1-laukut","7":"product_cat-laukut","9":"first","10":"instock","11":"taxable","12":"shipping-taxable","13":"purchasable","14":"product-type-simple"},"yoast_head":"<!-- This site is optimized with the Yoast SEO plugin v26.6 - https:\/\/yoast.com\/wordpress\/plugins\/seo\/ -->\n<title>Harmaanbeige 3in1 laukku MILLA - Katr\u00e9<\/title>\n<meta name=\"robots\" content=\"index, follow, max-snippet:-1, max-image-preview:large, max-video-preview:-1\" \/>\n<link rel=\"canonical\" href=\"https:\/\/katrearula.com\/fi\/toode\/harmaanbeige-3in1-laukku-milla\/\" \/>\n<meta property=\"og:locale\" content=\"fi_FI\" \/>\n<meta property=\"og:type\" content=\"article\" \/>\n<meta property=\"og:title\" content=\"Harmaanbeige 3in1 laukku MILLA - Katr\u00e9\" \/>\n<meta property=\"og:description\" content=\"Katr\u00e9-br\u00e4ndin ytimess\u00e4 on kest\u00e4v\u00e4n muodin visio. Tuotantoj\u00e4tteest\u00e4 eli huonekaluhuovasta Katr\u00e9 on luonut uudet ja n\u00e4ytt\u00e4v\u00e4t 3D-reput MILLA \u201dhuopa ruusu\u201d -tekniikalla.  3in1-laukku pysyy tukevasti sel\u00e4ss\u00e4si joka askeleella. Siin\u00e4 on kaikki mit\u00e4 tarvitset nauttiaksesi el\u00e4m\u00e4st\u00e4 ilman rajoja. \u00c4l\u00e4k\u00e4 unohda taskuja! Ne auttavat pit\u00e4m\u00e4\u00e4n kaiken tarvitsemasi j\u00e4rjestyksess\u00e4 \u2013 olipa kyseess\u00e4 sitten vesipullo, tietokone tai kirja. Laukku on kevyt, mutta samalla kest\u00e4v\u00e4 jokap\u00e4iv\u00e4iseen k\u00e4ytt\u00f6\u00f6n.   Katr\u00e9n k\u00e4sintehdyt tuotteet valmistetaan pieniss\u00e4 eriss\u00e4, mik\u00e4 tarkoittaa, ett\u00e4 jokainen kappale on ainutlaatuinen ja henkil\u00f6kohtainen. Kaikki Katre Arulan alkuper\u00e4isill\u00e4 tekniikoilla valmistetut tuotteet on merkitty tunnustetulla virolaisella k\u00e4sity\u00f6ll\u00e4.\" \/>\n<meta property=\"og:url\" content=\"https:\/\/katrearula.com\/fi\/toode\/harmaanbeige-3in1-laukku-milla\/\" \/>\n<meta property=\"og:site_name\" content=\"Katr\u00e9\" \/>\n<meta property=\"article:publisher\" content=\"https:\/\/www.facebook.com\/KatreArulaMeistrikoda\" \/>\n<meta property=\"og:image\" content=\"https:\/\/katrearula.com\/wp-content\/uploads\/2024\/11\/katre_arula_beez_3in1_kott_MILLA_6-min-scaled.jpg\" \/>\n\t<meta property=\"og:image:width\" content=\"2560\" \/>\n\t<meta property=\"og:image:height\" content=\"1707\" \/>\n\t<meta property=\"og:image:type\" content=\"image\/jpeg\" \/>\n<meta name=\"twitter:card\" content=\"summary_large_image\" \/>\n<script type=\"application\/ld+json\" class=\"yoast-schema-graph\">{\"@context\":\"https:\/\/schema.org\",\"@graph\":[{\"@type\":\"WebPage\",\"@id\":\"https:\/\/katrearula.com\/fi\/toode\/harmaanbeige-3in1-laukku-milla\/\",\"url\":\"https:\/\/katrearula.com\/fi\/toode\/harmaanbeige-3in1-laukku-milla\/\",\"name\":\"Harmaanbeige 3in1 laukku MILLA - Katr\u00e9\",\"isPartOf\":{\"@id\":\"https:\/\/katrearula.com\/#website\"},\"primaryImageOfPage\":{\"@id\":\"https:\/\/katrearula.com\/fi\/toode\/harmaanbeige-3in1-laukku-milla\/#primaryimage\"},\"image\":{\"@id\":\"https:\/\/katrearula.com\/fi\/toode\/harmaanbeige-3in1-laukku-milla\/#primaryimage\"},\"thumbnailUrl\":\"https:\/\/katrearula.com\/wp-content\/uploads\/2024\/11\/katre_arula_beez_3in1_kott_MILLA_6-min-scaled.jpg\",\"datePublished\":\"2024-11-03T18:40:38+00:00\",\"breadcrumb\":{\"@id\":\"https:\/\/katrearula.com\/fi\/toode\/harmaanbeige-3in1-laukku-milla\/#breadcrumb\"},\"inLanguage\":\"fi\",\"potentialAction\":[{\"@type\":\"ReadAction\",\"target\":[\"https:\/\/katrearula.com\/fi\/toode\/harmaanbeige-3in1-laukku-milla\/\"]}]},{\"@type\":\"ImageObject\",\"inLanguage\":\"fi\",\"@id\":\"https:\/\/katrearula.com\/fi\/toode\/harmaanbeige-3in1-laukku-milla\/#primaryimage\",\"url\":\"https:\/\/katrearula.com\/wp-content\/uploads\/2024\/11\/katre_arula_beez_3in1_kott_MILLA_6-min-scaled.jpg\",\"contentUrl\":\"https:\/\/katrearula.com\/wp-content\/uploads\/2024\/11\/katre_arula_beez_3in1_kott_MILLA_6-min-scaled.jpg\",\"width\":2560,\"height\":1707},{\"@type\":\"BreadcrumbList\",\"@id\":\"https:\/\/katrearula.com\/fi\/toode\/harmaanbeige-3in1-laukku-milla\/#breadcrumb\",\"itemListElement\":[{\"@type\":\"ListItem\",\"position\":1,\"name\":\"Kotiin\",\"item\":\"https:\/\/katrearula.com\/fi\/kotiin\/\"},{\"@type\":\"ListItem\",\"position\":2,\"name\":\"Pood\",\"item\":\"https:\/\/katrearula.com\/pood\/\"},{\"@type\":\"ListItem\",\"position\":3,\"name\":\"Harmaanbeige 3in1 laukku MILLA\"}]},{\"@type\":\"WebSite\",\"@id\":\"https:\/\/katrearula.com\/#website\",\"url\":\"https:\/\/katrearula.com\/\",\"name\":\"Katr\u00e9\",\"description\":\"Eesti disain\",\"publisher\":{\"@id\":\"https:\/\/katrearula.com\/#organization\"},\"potentialAction\":[{\"@type\":\"SearchAction\",\"target\":{\"@type\":\"EntryPoint\",\"urlTemplate\":\"https:\/\/katrearula.com\/?s={search_term_string}\"},\"query-input\":{\"@type\":\"PropertyValueSpecification\",\"valueRequired\":true,\"valueName\":\"search_term_string\"}}],\"inLanguage\":\"fi\"},{\"@type\":\"Organization\",\"@id\":\"https:\/\/katrearula.com\/#organization\",\"name\":\"Katre Meistrikoda O\u00dc\",\"url\":\"https:\/\/katrearula.com\/\",\"logo\":{\"@type\":\"ImageObject\",\"inLanguage\":\"fi\",\"@id\":\"https:\/\/katrearula.com\/#\/schema\/logo\/image\/\",\"url\":\"https:\/\/katrearula.com\/wp-content\/uploads\/2021\/11\/www.katrearula.com_.jpg\",\"contentUrl\":\"https:\/\/katrearula.com\/wp-content\/uploads\/2021\/11\/www.katrearula.com_.jpg\",\"width\":380,\"height\":254,\"caption\":\"Katre Meistrikoda O\u00dc\"},\"image\":{\"@id\":\"https:\/\/katrearula.com\/#\/schema\/logo\/image\/\"},\"sameAs\":[\"https:\/\/www.facebook.com\/KatreArulaMeistrikoda\",\"https:\/\/www.instagram.com\/katre_arula_meistrikoda\/\"]}]}<\/script>\n<!-- \/ Yoast SEO plugin. -->","yoast_head_json":{"title":"Harmaanbeige 3in1 laukku MILLA - Katr\u00e9","robots":{"index":"index","follow":"follow","max-snippet":"max-snippet:-1","max-image-preview":"max-image-preview:large","max-video-preview":"max-video-preview:-1"},"canonical":"https:\/\/katrearula.com\/fi\/toode\/harmaanbeige-3in1-laukku-milla\/","og_locale":"fi_FI","og_type":"article","og_title":"Harmaanbeige 3in1 laukku MILLA - Katr\u00e9","og_description":"Katr\u00e9-br\u00e4ndin ytimess\u00e4 on kest\u00e4v\u00e4n muodin visio. Tuotantoj\u00e4tteest\u00e4 eli huonekaluhuovasta Katr\u00e9 on luonut uudet ja n\u00e4ytt\u00e4v\u00e4t 3D-reput MILLA \u201dhuopa ruusu\u201d -tekniikalla.  3in1-laukku pysyy tukevasti sel\u00e4ss\u00e4si joka askeleella. Siin\u00e4 on kaikki mit\u00e4 tarvitset nauttiaksesi el\u00e4m\u00e4st\u00e4 ilman rajoja. \u00c4l\u00e4k\u00e4 unohda taskuja! Ne auttavat pit\u00e4m\u00e4\u00e4n kaiken tarvitsemasi j\u00e4rjestyksess\u00e4 \u2013 olipa kyseess\u00e4 sitten vesipullo, tietokone tai kirja. Laukku on kevyt, mutta samalla kest\u00e4v\u00e4 jokap\u00e4iv\u00e4iseen k\u00e4ytt\u00f6\u00f6n.   Katr\u00e9n k\u00e4sintehdyt tuotteet valmistetaan pieniss\u00e4 eriss\u00e4, mik\u00e4 tarkoittaa, ett\u00e4 jokainen kappale on ainutlaatuinen ja henkil\u00f6kohtainen. Kaikki Katre Arulan alkuper\u00e4isill\u00e4 tekniikoilla valmistetut tuotteet on merkitty tunnustetulla virolaisella k\u00e4sity\u00f6ll\u00e4.","og_url":"https:\/\/katrearula.com\/fi\/toode\/harmaanbeige-3in1-laukku-milla\/","og_site_name":"Katr\u00e9","article_publisher":"https:\/\/www.facebook.com\/KatreArulaMeistrikoda","og_image":[{"width":2560,"height":1707,"url":"https:\/\/katrearula.com\/wp-content\/uploads\/2024\/11\/katre_arula_beez_3in1_kott_MILLA_6-min-scaled.jpg","type":"image\/jpeg"}],"twitter_card":"summary_large_image","schema":{"@context":"https:\/\/schema.org","@graph":[{"@type":"WebPage","@id":"https:\/\/katrearula.com\/fi\/toode\/harmaanbeige-3in1-laukku-milla\/","url":"https:\/\/katrearula.com\/fi\/toode\/harmaanbeige-3in1-laukku-milla\/","name":"Harmaanbeige 3in1 laukku MILLA - Katr\u00e9","isPartOf":{"@id":"https:\/\/katrearula.com\/#website"},"primaryImageOfPage":{"@id":"https:\/\/katrearula.com\/fi\/toode\/harmaanbeige-3in1-laukku-milla\/#primaryimage"},"image":{"@id":"https:\/\/katrearula.com\/fi\/toode\/harmaanbeige-3in1-laukku-milla\/#primaryimage"},"thumbnailUrl":"https:\/\/katrearula.com\/wp-content\/uploads\/2024\/11\/katre_arula_beez_3in1_kott_MILLA_6-min-scaled.jpg","datePublished":"2024-11-03T18:40:38+00:00","breadcrumb":{"@id":"https:\/\/katrearula.com\/fi\/toode\/harmaanbeige-3in1-laukku-milla\/#breadcrumb"},"inLanguage":"fi","potentialAction":[{"@type":"ReadAction","target":["https:\/\/katrearula.com\/fi\/toode\/harmaanbeige-3in1-laukku-milla\/"]}]},{"@type":"ImageObject","inLanguage":"fi","@id":"https:\/\/katrearula.com\/fi\/toode\/harmaanbeige-3in1-laukku-milla\/#primaryimage","url":"https:\/\/katrearula.com\/wp-content\/uploads\/2024\/11\/katre_arula_beez_3in1_kott_MILLA_6-min-scaled.jpg","contentUrl":"https:\/\/katrearula.com\/wp-content\/uploads\/2024\/11\/katre_arula_beez_3in1_kott_MILLA_6-min-scaled.jpg","width":2560,"height":1707},{"@type":"BreadcrumbList","@id":"https:\/\/katrearula.com\/fi\/toode\/harmaanbeige-3in1-laukku-milla\/#breadcrumb","itemListElement":[{"@type":"ListItem","position":1,"name":"Kotiin","item":"https:\/\/katrearula.com\/fi\/kotiin\/"},{"@type":"ListItem","position":2,"name":"Pood","item":"https:\/\/katrearula.com\/pood\/"},{"@type":"ListItem","position":3,"name":"Harmaanbeige 3in1 laukku MILLA"}]},{"@type":"WebSite","@id":"https:\/\/katrearula.com\/#website","url":"https:\/\/katrearula.com\/","name":"Katr\u00e9","description":"Eesti disain","publisher":{"@id":"https:\/\/katrearula.com\/#organization"},"potentialAction":[{"@type":"SearchAction","target":{"@type":"EntryPoint","urlTemplate":"https:\/\/katrearula.com\/?s={search_term_string}"},"query-input":{"@type":"PropertyValueSpecification","valueRequired":true,"valueName":"search_term_string"}}],"inLanguage":"fi"},{"@type":"Organization","@id":"https:\/\/katrearula.com\/#organization","name":"Katre Meistrikoda O\u00dc","url":"https:\/\/katrearula.com\/","logo":{"@type":"ImageObject","inLanguage":"fi","@id":"https:\/\/katrearula.com\/#\/schema\/logo\/image\/","url":"https:\/\/katrearula.com\/wp-content\/uploads\/2021\/11\/www.katrearula.com_.jpg","contentUrl":"https:\/\/katrearula.com\/wp-content\/uploads\/2021\/11\/www.katrearula.com_.jpg","width":380,"height":254,"caption":"Katre Meistrikoda O\u00dc"},"image":{"@id":"https:\/\/katrearula.com\/#\/schema\/logo\/image\/"},"sameAs":["https:\/\/www.facebook.com\/KatreArulaMeistrikoda","https:\/\/www.instagram.com\/katre_arula_meistrikoda\/"]}]}},"jetpack_sharing_enabled":true,"_links":{"self":[{"href":"https:\/\/katrearula.com\/fi\/wp-json\/wp\/v2\/product\/15981","targetHints":{"allow":["GET"]}}],"collection":[{"href":"https:\/\/katrearula.com\/fi\/wp-json\/wp\/v2\/product"}],"about":[{"href":"https:\/\/katrearula.com\/fi\/wp-json\/wp\/v2\/types\/product"}],"replies":[{"embeddable":true,"href":"https:\/\/katrearula.com\/fi\/wp-json\/wp\/v2\/comments?post=15981"}],"wp:featuredmedia":[{"embeddable":true,"href":"https:\/\/katrearula.com\/fi\/wp-json\/wp\/v2\/media\/13872"}],"wp:attachment":[{"href":"https:\/\/katrearula.com\/fi\/wp-json\/wp\/v2\/media?parent=15981"}],"wp:term":[{"taxonomy":"product_brand","embeddable":true,"href":"https:\/\/katrearula.com\/fi\/wp-json\/wp\/v2\/product_brand?post=15981"},{"taxonomy":"product_cat","embeddable":true,"href":"https:\/\/katrearula.com\/fi\/wp-json\/wp\/v2\/product_cat?post=15981"},{"taxonomy":"product_tag","embeddable":true,"href":"https:\/\/katrearula.com\/fi\/wp-json\/wp\/v2\/product_tag?post=15981"}],"curies":[{"name":"wp","href":"https:\/\/api.w.org\/{rel}","templated":true}]}}