{"id":15982,"date":"2024-11-03T07:29:03","date_gmt":"2024-11-03T07:29:03","guid":{"rendered":"https:\/\/katrearula.com\/toode\/beige-3in1-laukku-lillemets\/"},"modified":"2024-11-03T07:29:03","modified_gmt":"2024-11-03T07:29:03","slug":"beige-3in1-laukku-lillemets","status":"publish","type":"product","link":"https:\/\/katrearula.com\/fi\/toode\/beige-3in1-laukku-lillemets\/","title":{"rendered":"Beige 3in1 laukku LILLEMETS"},"content":{"rendered":"","protected":false},"excerpt":{"rendered":"<p><span style=\"font-weight: 400;\">Katr\u00e9-br\u00e4ndin ydin on kest\u00e4v\u00e4n muodin visio. Koska k\u00e4yt\u00e4nn\u00f6ss\u00e4 kaikki suunnittelijan luomuksissa perustuu kierr\u00e4tykseen, esity\u00f6, tuotanto ja suunnittelu ovat sit\u00e4kin monimutkaisempia. Kukkasmets\u00e4n kukkainen kauneus leikataan k\u00e4sin huonekalutehtaan ylij\u00e4\u00e4neest\u00e4 vegaanisesta tekonahasta. Olemassa olevien kappaleiden taittelu on aikaa viev\u00e4mp\u00e4\u00e4 kuin yksityiskohtien leikkaaminen suuresta, valmiista kankaasta.    <\/span><\/p>\n<p><span style=\"font-weight: 400;\">Koko valmistusprosessi tehd\u00e4\u00e4n k\u00e4sin P\u00f5ltsamaalla, joten jokaisessa tuotteessa on mestarin k\u00e4denj\u00e4lki. <\/span><\/p>\n<p><span style=\"font-weight: 400;\">Tuotteita valmistetaan hyvin pienin\u00e4 m\u00e4\u00e4rin\u00e4, mik\u00e4 tekee niist\u00e4 ainutlaatuisia ja eksklusiivisia. <\/span><\/p>\n","protected":false},"featured_media":13821,"comment_status":"closed","ping_status":"closed","template":"","meta":{"pgc_sgb_lightbox_settings":""},"product_brand":[],"product_cat":[230,231],"product_tag":[],"class_list":{"0":"post-15982","1":"product","2":"type-product","3":"status-publish","4":"has-post-thumbnail","6":"product_cat-3in1-laukut","7":"product_cat-laukut","9":"first","10":"instock","11":"taxable","12":"shipping-taxable","13":"purchasable","14":"product-type-simple"},"yoast_head":"<!-- This site is optimized with the Yoast SEO plugin v26.6 - https:\/\/yoast.com\/wordpress\/plugins\/seo\/ -->\n<title>Beige 3in1 laukku LILLEMETS - Katr\u00e9<\/title>\n<meta name=\"robots\" content=\"index, follow, max-snippet:-1, max-image-preview:large, max-video-preview:-1\" \/>\n<link rel=\"canonical\" href=\"https:\/\/katrearula.com\/fi\/toode\/beige-3in1-laukku-lillemets\/\" \/>\n<meta property=\"og:locale\" content=\"fi_FI\" \/>\n<meta property=\"og:type\" content=\"article\" \/>\n<meta property=\"og:title\" content=\"Beige 3in1 laukku LILLEMETS - Katr\u00e9\" \/>\n<meta property=\"og:description\" content=\"Katr\u00e9-br\u00e4ndin ydin on kest\u00e4v\u00e4n muodin visio. Koska k\u00e4yt\u00e4nn\u00f6ss\u00e4 kaikki suunnittelijan luomuksissa perustuu kierr\u00e4tykseen, esity\u00f6, tuotanto ja suunnittelu ovat sit\u00e4kin monimutkaisempia. Kukkasmets\u00e4n kukkainen kauneus leikataan k\u00e4sin huonekalutehtaan ylij\u00e4\u00e4neest\u00e4 vegaanisesta tekonahasta. Olemassa olevien kappaleiden taittelu on aikaa viev\u00e4mp\u00e4\u00e4 kuin yksityiskohtien leikkaaminen suuresta, valmiista kankaasta.   Koko valmistusprosessi tehd\u00e4\u00e4n k\u00e4sin P\u00f5ltsamaalla, joten jokaisessa tuotteessa on mestarin k\u00e4denj\u00e4lki.  Tuotteita valmistetaan hyvin pienin\u00e4 m\u00e4\u00e4rin\u00e4, mik\u00e4 tekee niist\u00e4 ainutlaatuisia ja eksklusiivisia.\" \/>\n<meta property=\"og:url\" content=\"https:\/\/katrearula.com\/fi\/toode\/beige-3in1-laukku-lillemets\/\" \/>\n<meta property=\"og:site_name\" content=\"Katr\u00e9\" \/>\n<meta property=\"article:publisher\" content=\"https:\/\/www.facebook.com\/KatreArulaMeistrikoda\" \/>\n<meta property=\"og:image\" content=\"https:\/\/katrearula.com\/wp-content\/uploads\/2024\/11\/katre_arula_beez_3in1_kott_LILLEMETS_4-min-scaled.jpg\" \/>\n\t<meta property=\"og:image:width\" content=\"1707\" \/>\n\t<meta property=\"og:image:height\" content=\"2560\" \/>\n\t<meta property=\"og:image:type\" content=\"image\/jpeg\" \/>\n<meta name=\"twitter:card\" content=\"summary_large_image\" \/>\n<script type=\"application\/ld+json\" class=\"yoast-schema-graph\">{\"@context\":\"https:\/\/schema.org\",\"@graph\":[{\"@type\":\"WebPage\",\"@id\":\"https:\/\/katrearula.com\/fi\/toode\/beige-3in1-laukku-lillemets\/\",\"url\":\"https:\/\/katrearula.com\/fi\/toode\/beige-3in1-laukku-lillemets\/\",\"name\":\"Beige 3in1 laukku LILLEMETS - Katr\u00e9\",\"isPartOf\":{\"@id\":\"https:\/\/katrearula.com\/#website\"},\"primaryImageOfPage\":{\"@id\":\"https:\/\/katrearula.com\/fi\/toode\/beige-3in1-laukku-lillemets\/#primaryimage\"},\"image\":{\"@id\":\"https:\/\/katrearula.com\/fi\/toode\/beige-3in1-laukku-lillemets\/#primaryimage\"},\"thumbnailUrl\":\"https:\/\/katrearula.com\/wp-content\/uploads\/2024\/11\/katre_arula_beez_3in1_kott_LILLEMETS_4-min-scaled.jpg\",\"datePublished\":\"2024-11-03T07:29:03+00:00\",\"breadcrumb\":{\"@id\":\"https:\/\/katrearula.com\/fi\/toode\/beige-3in1-laukku-lillemets\/#breadcrumb\"},\"inLanguage\":\"fi\",\"potentialAction\":[{\"@type\":\"ReadAction\",\"target\":[\"https:\/\/katrearula.com\/fi\/toode\/beige-3in1-laukku-lillemets\/\"]}]},{\"@type\":\"ImageObject\",\"inLanguage\":\"fi\",\"@id\":\"https:\/\/katrearula.com\/fi\/toode\/beige-3in1-laukku-lillemets\/#primaryimage\",\"url\":\"https:\/\/katrearula.com\/wp-content\/uploads\/2024\/11\/katre_arula_beez_3in1_kott_LILLEMETS_4-min-scaled.jpg\",\"contentUrl\":\"https:\/\/katrearula.com\/wp-content\/uploads\/2024\/11\/katre_arula_beez_3in1_kott_LILLEMETS_4-min-scaled.jpg\",\"width\":1707,\"height\":2560},{\"@type\":\"BreadcrumbList\",\"@id\":\"https:\/\/katrearula.com\/fi\/toode\/beige-3in1-laukku-lillemets\/#breadcrumb\",\"itemListElement\":[{\"@type\":\"ListItem\",\"position\":1,\"name\":\"Kotiin\",\"item\":\"https:\/\/katrearula.com\/fi\/kotiin\/\"},{\"@type\":\"ListItem\",\"position\":2,\"name\":\"Pood\",\"item\":\"https:\/\/katrearula.com\/pood\/\"},{\"@type\":\"ListItem\",\"position\":3,\"name\":\"Beige 3in1 laukku LILLEMETS\"}]},{\"@type\":\"WebSite\",\"@id\":\"https:\/\/katrearula.com\/#website\",\"url\":\"https:\/\/katrearula.com\/\",\"name\":\"Katr\u00e9\",\"description\":\"Eesti disain\",\"publisher\":{\"@id\":\"https:\/\/katrearula.com\/#organization\"},\"potentialAction\":[{\"@type\":\"SearchAction\",\"target\":{\"@type\":\"EntryPoint\",\"urlTemplate\":\"https:\/\/katrearula.com\/?s={search_term_string}\"},\"query-input\":{\"@type\":\"PropertyValueSpecification\",\"valueRequired\":true,\"valueName\":\"search_term_string\"}}],\"inLanguage\":\"fi\"},{\"@type\":\"Organization\",\"@id\":\"https:\/\/katrearula.com\/#organization\",\"name\":\"Katre Meistrikoda O\u00dc\",\"url\":\"https:\/\/katrearula.com\/\",\"logo\":{\"@type\":\"ImageObject\",\"inLanguage\":\"fi\",\"@id\":\"https:\/\/katrearula.com\/#\/schema\/logo\/image\/\",\"url\":\"https:\/\/katrearula.com\/wp-content\/uploads\/2021\/11\/www.katrearula.com_.jpg\",\"contentUrl\":\"https:\/\/katrearula.com\/wp-content\/uploads\/2021\/11\/www.katrearula.com_.jpg\",\"width\":380,\"height\":254,\"caption\":\"Katre Meistrikoda O\u00dc\"},\"image\":{\"@id\":\"https:\/\/katrearula.com\/#\/schema\/logo\/image\/\"},\"sameAs\":[\"https:\/\/www.facebook.com\/KatreArulaMeistrikoda\",\"https:\/\/www.instagram.com\/katre_arula_meistrikoda\/\"]}]}<\/script>\n<!-- \/ Yoast SEO plugin. -->","yoast_head_json":{"title":"Beige 3in1 laukku LILLEMETS - Katr\u00e9","robots":{"index":"index","follow":"follow","max-snippet":"max-snippet:-1","max-image-preview":"max-image-preview:large","max-video-preview":"max-video-preview:-1"},"canonical":"https:\/\/katrearula.com\/fi\/toode\/beige-3in1-laukku-lillemets\/","og_locale":"fi_FI","og_type":"article","og_title":"Beige 3in1 laukku LILLEMETS - Katr\u00e9","og_description":"Katr\u00e9-br\u00e4ndin ydin on kest\u00e4v\u00e4n muodin visio. Koska k\u00e4yt\u00e4nn\u00f6ss\u00e4 kaikki suunnittelijan luomuksissa perustuu kierr\u00e4tykseen, esity\u00f6, tuotanto ja suunnittelu ovat sit\u00e4kin monimutkaisempia. Kukkasmets\u00e4n kukkainen kauneus leikataan k\u00e4sin huonekalutehtaan ylij\u00e4\u00e4neest\u00e4 vegaanisesta tekonahasta. Olemassa olevien kappaleiden taittelu on aikaa viev\u00e4mp\u00e4\u00e4 kuin yksityiskohtien leikkaaminen suuresta, valmiista kankaasta.   Koko valmistusprosessi tehd\u00e4\u00e4n k\u00e4sin P\u00f5ltsamaalla, joten jokaisessa tuotteessa on mestarin k\u00e4denj\u00e4lki.  Tuotteita valmistetaan hyvin pienin\u00e4 m\u00e4\u00e4rin\u00e4, mik\u00e4 tekee niist\u00e4 ainutlaatuisia ja eksklusiivisia.","og_url":"https:\/\/katrearula.com\/fi\/toode\/beige-3in1-laukku-lillemets\/","og_site_name":"Katr\u00e9","article_publisher":"https:\/\/www.facebook.com\/KatreArulaMeistrikoda","og_image":[{"width":1707,"height":2560,"url":"https:\/\/katrearula.com\/wp-content\/uploads\/2024\/11\/katre_arula_beez_3in1_kott_LILLEMETS_4-min-scaled.jpg","type":"image\/jpeg"}],"twitter_card":"summary_large_image","schema":{"@context":"https:\/\/schema.org","@graph":[{"@type":"WebPage","@id":"https:\/\/katrearula.com\/fi\/toode\/beige-3in1-laukku-lillemets\/","url":"https:\/\/katrearula.com\/fi\/toode\/beige-3in1-laukku-lillemets\/","name":"Beige 3in1 laukku LILLEMETS - Katr\u00e9","isPartOf":{"@id":"https:\/\/katrearula.com\/#website"},"primaryImageOfPage":{"@id":"https:\/\/katrearula.com\/fi\/toode\/beige-3in1-laukku-lillemets\/#primaryimage"},"image":{"@id":"https:\/\/katrearula.com\/fi\/toode\/beige-3in1-laukku-lillemets\/#primaryimage"},"thumbnailUrl":"https:\/\/katrearula.com\/wp-content\/uploads\/2024\/11\/katre_arula_beez_3in1_kott_LILLEMETS_4-min-scaled.jpg","datePublished":"2024-11-03T07:29:03+00:00","breadcrumb":{"@id":"https:\/\/katrearula.com\/fi\/toode\/beige-3in1-laukku-lillemets\/#breadcrumb"},"inLanguage":"fi","potentialAction":[{"@type":"ReadAction","target":["https:\/\/katrearula.com\/fi\/toode\/beige-3in1-laukku-lillemets\/"]}]},{"@type":"ImageObject","inLanguage":"fi","@id":"https:\/\/katrearula.com\/fi\/toode\/beige-3in1-laukku-lillemets\/#primaryimage","url":"https:\/\/katrearula.com\/wp-content\/uploads\/2024\/11\/katre_arula_beez_3in1_kott_LILLEMETS_4-min-scaled.jpg","contentUrl":"https:\/\/katrearula.com\/wp-content\/uploads\/2024\/11\/katre_arula_beez_3in1_kott_LILLEMETS_4-min-scaled.jpg","width":1707,"height":2560},{"@type":"BreadcrumbList","@id":"https:\/\/katrearula.com\/fi\/toode\/beige-3in1-laukku-lillemets\/#breadcrumb","itemListElement":[{"@type":"ListItem","position":1,"name":"Kotiin","item":"https:\/\/katrearula.com\/fi\/kotiin\/"},{"@type":"ListItem","position":2,"name":"Pood","item":"https:\/\/katrearula.com\/pood\/"},{"@type":"ListItem","position":3,"name":"Beige 3in1 laukku LILLEMETS"}]},{"@type":"WebSite","@id":"https:\/\/katrearula.com\/#website","url":"https:\/\/katrearula.com\/","name":"Katr\u00e9","description":"Eesti disain","publisher":{"@id":"https:\/\/katrearula.com\/#organization"},"potentialAction":[{"@type":"SearchAction","target":{"@type":"EntryPoint","urlTemplate":"https:\/\/katrearula.com\/?s={search_term_string}"},"query-input":{"@type":"PropertyValueSpecification","valueRequired":true,"valueName":"search_term_string"}}],"inLanguage":"fi"},{"@type":"Organization","@id":"https:\/\/katrearula.com\/#organization","name":"Katre Meistrikoda O\u00dc","url":"https:\/\/katrearula.com\/","logo":{"@type":"ImageObject","inLanguage":"fi","@id":"https:\/\/katrearula.com\/#\/schema\/logo\/image\/","url":"https:\/\/katrearula.com\/wp-content\/uploads\/2021\/11\/www.katrearula.com_.jpg","contentUrl":"https:\/\/katrearula.com\/wp-content\/uploads\/2021\/11\/www.katrearula.com_.jpg","width":380,"height":254,"caption":"Katre Meistrikoda O\u00dc"},"image":{"@id":"https:\/\/katrearula.com\/#\/schema\/logo\/image\/"},"sameAs":["https:\/\/www.facebook.com\/KatreArulaMeistrikoda","https:\/\/www.instagram.com\/katre_arula_meistrikoda\/"]}]}},"jetpack_sharing_enabled":true,"_links":{"self":[{"href":"https:\/\/katrearula.com\/fi\/wp-json\/wp\/v2\/product\/15982","targetHints":{"allow":["GET"]}}],"collection":[{"href":"https:\/\/katrearula.com\/fi\/wp-json\/wp\/v2\/product"}],"about":[{"href":"https:\/\/katrearula.com\/fi\/wp-json\/wp\/v2\/types\/product"}],"replies":[{"embeddable":true,"href":"https:\/\/katrearula.com\/fi\/wp-json\/wp\/v2\/comments?post=15982"}],"wp:featuredmedia":[{"embeddable":true,"href":"https:\/\/katrearula.com\/fi\/wp-json\/wp\/v2\/media\/13821"}],"wp:attachment":[{"href":"https:\/\/katrearula.com\/fi\/wp-json\/wp\/v2\/media?parent=15982"}],"wp:term":[{"taxonomy":"product_brand","embeddable":true,"href":"https:\/\/katrearula.com\/fi\/wp-json\/wp\/v2\/product_brand?post=15982"},{"taxonomy":"product_cat","embeddable":true,"href":"https:\/\/katrearula.com\/fi\/wp-json\/wp\/v2\/product_cat?post=15982"},{"taxonomy":"product_tag","embeddable":true,"href":"https:\/\/katrearula.com\/fi\/wp-json\/wp\/v2\/product_tag?post=15982"}],"curies":[{"name":"wp","href":"https:\/\/api.w.org\/{rel}","templated":true}]}}