{"id":15985,"date":"2024-11-02T22:22:16","date_gmt":"2024-11-02T22:22:16","guid":{"rendered":"https:\/\/katrearula.com\/toode\/musta-2in1-tietokonelaukku-kart\/"},"modified":"2024-11-02T22:22:16","modified_gmt":"2024-11-02T22:22:16","slug":"musta-2in1-tietokonelaukku-kart","status":"publish","type":"product","link":"https:\/\/katrearula.com\/fi\/toode\/musta-2in1-tietokonelaukku-kart\/","title":{"rendered":"Musta 2in1 tietokonelaukku K\u00c4RT"},"content":{"rendered":"","protected":false},"excerpt":{"rendered":"<p>Katr\u00e9-laukku on j\u00e4lleen p\u00e4ivittynyt! Laukussa on ensimm\u00e4ist\u00e4 kertaa erityinen tietokonelokero, jossa on nepparikiinnitys. T\u00e4m\u00e4 lis\u00e4ys luo k\u00e4yt\u00e4nn\u00f6llisen ja turvallisen paikan kannettavalle tietokoneellesi, jolloin voit pit\u00e4\u00e4 ty\u00f6v\u00e4lineesi ja henkil\u00f6kohtaiset tavarasi t\u00e4ydellisess\u00e4 j\u00e4rjestyksess\u00e4 ja helposti saatavilla.  <\/p>\n<p>Hyvin harkittu apulainen, jossa jokainen yksityiskohta palvelee tarkoitustaan \u200b\u200b\u2013 olipa kyseess\u00e4 sitten s\u00e4\u00e4dett\u00e4v\u00e4 hihna, heijastinkuvio tai laukun tilavuus.<\/p>\n<p>Luotettava kumppani, joka kest\u00e4\u00e4 kiireisemm\u00e4nkin el\u00e4m\u00e4nrytmin.<\/p>\n","protected":false},"featured_media":13779,"comment_status":"closed","ping_status":"closed","template":"","meta":{"pgc_sgb_lightbox_settings":""},"product_brand":[],"product_cat":[239,231],"product_tag":[],"class_list":{"0":"post-15985","1":"product","2":"type-product","3":"status-publish","4":"has-post-thumbnail","6":"product_cat-2in1-pussit","7":"product_cat-laukut","9":"first","10":"instock","11":"taxable","12":"shipping-taxable","13":"purchasable","14":"product-type-simple"},"yoast_head":"<!-- This site is optimized with the Yoast SEO plugin v26.6 - https:\/\/yoast.com\/wordpress\/plugins\/seo\/ -->\n<title>Musta 2in1 tietokonelaukku K\u00c4RT - Katr\u00e9<\/title>\n<meta name=\"robots\" content=\"index, follow, max-snippet:-1, max-image-preview:large, max-video-preview:-1\" \/>\n<link rel=\"canonical\" href=\"https:\/\/katrearula.com\/fi\/toode\/musta-2in1-tietokonelaukku-kart\/\" \/>\n<meta property=\"og:locale\" content=\"fi_FI\" \/>\n<meta property=\"og:type\" content=\"article\" \/>\n<meta property=\"og:title\" content=\"Musta 2in1 tietokonelaukku K\u00c4RT - Katr\u00e9\" \/>\n<meta property=\"og:description\" content=\"Katr\u00e9-laukku on j\u00e4lleen p\u00e4ivittynyt! Laukussa on ensimm\u00e4ist\u00e4 kertaa erityinen tietokonelokero, jossa on nepparikiinnitys. T\u00e4m\u00e4 lis\u00e4ys luo k\u00e4yt\u00e4nn\u00f6llisen ja turvallisen paikan kannettavalle tietokoneellesi, jolloin voit pit\u00e4\u00e4 ty\u00f6v\u00e4lineesi ja henkil\u00f6kohtaiset tavarasi t\u00e4ydellisess\u00e4 j\u00e4rjestyksess\u00e4 ja helposti saatavilla.  Hyvin harkittu apulainen, jossa jokainen yksityiskohta palvelee tarkoitustaan \u200b\u200b\u2013 olipa kyseess\u00e4 sitten s\u00e4\u00e4dett\u00e4v\u00e4 hihna, heijastinkuvio tai laukun tilavuus. Luotettava kumppani, joka kest\u00e4\u00e4 kiireisemm\u00e4nkin el\u00e4m\u00e4nrytmin.\" \/>\n<meta property=\"og:url\" content=\"https:\/\/katrearula.com\/fi\/toode\/musta-2in1-tietokonelaukku-kart\/\" \/>\n<meta property=\"og:site_name\" content=\"Katr\u00e9\" \/>\n<meta property=\"article:publisher\" content=\"https:\/\/www.facebook.com\/KatreArulaMeistrikoda\" \/>\n<meta property=\"og:image\" content=\"https:\/\/katrearula.com\/wp-content\/uploads\/2024\/11\/katre_arula_must_2in1_arvutikott_KART_2-min-scaled.jpg\" \/>\n\t<meta property=\"og:image:width\" content=\"2560\" \/>\n\t<meta property=\"og:image:height\" content=\"1707\" \/>\n\t<meta property=\"og:image:type\" content=\"image\/jpeg\" \/>\n<meta name=\"twitter:card\" content=\"summary_large_image\" \/>\n<script type=\"application\/ld+json\" class=\"yoast-schema-graph\">{\"@context\":\"https:\/\/schema.org\",\"@graph\":[{\"@type\":\"WebPage\",\"@id\":\"https:\/\/katrearula.com\/fi\/toode\/musta-2in1-tietokonelaukku-kart\/\",\"url\":\"https:\/\/katrearula.com\/fi\/toode\/musta-2in1-tietokonelaukku-kart\/\",\"name\":\"Musta 2in1 tietokonelaukku K\u00c4RT - Katr\u00e9\",\"isPartOf\":{\"@id\":\"https:\/\/katrearula.com\/#website\"},\"primaryImageOfPage\":{\"@id\":\"https:\/\/katrearula.com\/fi\/toode\/musta-2in1-tietokonelaukku-kart\/#primaryimage\"},\"image\":{\"@id\":\"https:\/\/katrearula.com\/fi\/toode\/musta-2in1-tietokonelaukku-kart\/#primaryimage\"},\"thumbnailUrl\":\"https:\/\/katrearula.com\/wp-content\/uploads\/2024\/11\/katre_arula_must_2in1_arvutikott_KART_2-min-scaled.jpg\",\"datePublished\":\"2024-11-02T22:22:16+00:00\",\"breadcrumb\":{\"@id\":\"https:\/\/katrearula.com\/fi\/toode\/musta-2in1-tietokonelaukku-kart\/#breadcrumb\"},\"inLanguage\":\"fi\",\"potentialAction\":[{\"@type\":\"ReadAction\",\"target\":[\"https:\/\/katrearula.com\/fi\/toode\/musta-2in1-tietokonelaukku-kart\/\"]}]},{\"@type\":\"ImageObject\",\"inLanguage\":\"fi\",\"@id\":\"https:\/\/katrearula.com\/fi\/toode\/musta-2in1-tietokonelaukku-kart\/#primaryimage\",\"url\":\"https:\/\/katrearula.com\/wp-content\/uploads\/2024\/11\/katre_arula_must_2in1_arvutikott_KART_2-min-scaled.jpg\",\"contentUrl\":\"https:\/\/katrearula.com\/wp-content\/uploads\/2024\/11\/katre_arula_must_2in1_arvutikott_KART_2-min-scaled.jpg\",\"width\":2560,\"height\":1707},{\"@type\":\"BreadcrumbList\",\"@id\":\"https:\/\/katrearula.com\/fi\/toode\/musta-2in1-tietokonelaukku-kart\/#breadcrumb\",\"itemListElement\":[{\"@type\":\"ListItem\",\"position\":1,\"name\":\"Kotiin\",\"item\":\"https:\/\/katrearula.com\/fi\/kotiin\/\"},{\"@type\":\"ListItem\",\"position\":2,\"name\":\"Pood\",\"item\":\"https:\/\/katrearula.com\/pood\/\"},{\"@type\":\"ListItem\",\"position\":3,\"name\":\"Musta 2in1 tietokonelaukku K\u00c4RT\"}]},{\"@type\":\"WebSite\",\"@id\":\"https:\/\/katrearula.com\/#website\",\"url\":\"https:\/\/katrearula.com\/\",\"name\":\"Katr\u00e9\",\"description\":\"Eesti disain\",\"publisher\":{\"@id\":\"https:\/\/katrearula.com\/#organization\"},\"potentialAction\":[{\"@type\":\"SearchAction\",\"target\":{\"@type\":\"EntryPoint\",\"urlTemplate\":\"https:\/\/katrearula.com\/?s={search_term_string}\"},\"query-input\":{\"@type\":\"PropertyValueSpecification\",\"valueRequired\":true,\"valueName\":\"search_term_string\"}}],\"inLanguage\":\"fi\"},{\"@type\":\"Organization\",\"@id\":\"https:\/\/katrearula.com\/#organization\",\"name\":\"Katre Meistrikoda O\u00dc\",\"url\":\"https:\/\/katrearula.com\/\",\"logo\":{\"@type\":\"ImageObject\",\"inLanguage\":\"fi\",\"@id\":\"https:\/\/katrearula.com\/#\/schema\/logo\/image\/\",\"url\":\"https:\/\/katrearula.com\/wp-content\/uploads\/2021\/11\/www.katrearula.com_.jpg\",\"contentUrl\":\"https:\/\/katrearula.com\/wp-content\/uploads\/2021\/11\/www.katrearula.com_.jpg\",\"width\":380,\"height\":254,\"caption\":\"Katre Meistrikoda O\u00dc\"},\"image\":{\"@id\":\"https:\/\/katrearula.com\/#\/schema\/logo\/image\/\"},\"sameAs\":[\"https:\/\/www.facebook.com\/KatreArulaMeistrikoda\",\"https:\/\/www.instagram.com\/katre_arula_meistrikoda\/\"]}]}<\/script>\n<!-- \/ Yoast SEO plugin. -->","yoast_head_json":{"title":"Musta 2in1 tietokonelaukku K\u00c4RT - Katr\u00e9","robots":{"index":"index","follow":"follow","max-snippet":"max-snippet:-1","max-image-preview":"max-image-preview:large","max-video-preview":"max-video-preview:-1"},"canonical":"https:\/\/katrearula.com\/fi\/toode\/musta-2in1-tietokonelaukku-kart\/","og_locale":"fi_FI","og_type":"article","og_title":"Musta 2in1 tietokonelaukku K\u00c4RT - Katr\u00e9","og_description":"Katr\u00e9-laukku on j\u00e4lleen p\u00e4ivittynyt! Laukussa on ensimm\u00e4ist\u00e4 kertaa erityinen tietokonelokero, jossa on nepparikiinnitys. T\u00e4m\u00e4 lis\u00e4ys luo k\u00e4yt\u00e4nn\u00f6llisen ja turvallisen paikan kannettavalle tietokoneellesi, jolloin voit pit\u00e4\u00e4 ty\u00f6v\u00e4lineesi ja henkil\u00f6kohtaiset tavarasi t\u00e4ydellisess\u00e4 j\u00e4rjestyksess\u00e4 ja helposti saatavilla.  Hyvin harkittu apulainen, jossa jokainen yksityiskohta palvelee tarkoitustaan \u200b\u200b\u2013 olipa kyseess\u00e4 sitten s\u00e4\u00e4dett\u00e4v\u00e4 hihna, heijastinkuvio tai laukun tilavuus. Luotettava kumppani, joka kest\u00e4\u00e4 kiireisemm\u00e4nkin el\u00e4m\u00e4nrytmin.","og_url":"https:\/\/katrearula.com\/fi\/toode\/musta-2in1-tietokonelaukku-kart\/","og_site_name":"Katr\u00e9","article_publisher":"https:\/\/www.facebook.com\/KatreArulaMeistrikoda","og_image":[{"width":2560,"height":1707,"url":"https:\/\/katrearula.com\/wp-content\/uploads\/2024\/11\/katre_arula_must_2in1_arvutikott_KART_2-min-scaled.jpg","type":"image\/jpeg"}],"twitter_card":"summary_large_image","schema":{"@context":"https:\/\/schema.org","@graph":[{"@type":"WebPage","@id":"https:\/\/katrearula.com\/fi\/toode\/musta-2in1-tietokonelaukku-kart\/","url":"https:\/\/katrearula.com\/fi\/toode\/musta-2in1-tietokonelaukku-kart\/","name":"Musta 2in1 tietokonelaukku K\u00c4RT - Katr\u00e9","isPartOf":{"@id":"https:\/\/katrearula.com\/#website"},"primaryImageOfPage":{"@id":"https:\/\/katrearula.com\/fi\/toode\/musta-2in1-tietokonelaukku-kart\/#primaryimage"},"image":{"@id":"https:\/\/katrearula.com\/fi\/toode\/musta-2in1-tietokonelaukku-kart\/#primaryimage"},"thumbnailUrl":"https:\/\/katrearula.com\/wp-content\/uploads\/2024\/11\/katre_arula_must_2in1_arvutikott_KART_2-min-scaled.jpg","datePublished":"2024-11-02T22:22:16+00:00","breadcrumb":{"@id":"https:\/\/katrearula.com\/fi\/toode\/musta-2in1-tietokonelaukku-kart\/#breadcrumb"},"inLanguage":"fi","potentialAction":[{"@type":"ReadAction","target":["https:\/\/katrearula.com\/fi\/toode\/musta-2in1-tietokonelaukku-kart\/"]}]},{"@type":"ImageObject","inLanguage":"fi","@id":"https:\/\/katrearula.com\/fi\/toode\/musta-2in1-tietokonelaukku-kart\/#primaryimage","url":"https:\/\/katrearula.com\/wp-content\/uploads\/2024\/11\/katre_arula_must_2in1_arvutikott_KART_2-min-scaled.jpg","contentUrl":"https:\/\/katrearula.com\/wp-content\/uploads\/2024\/11\/katre_arula_must_2in1_arvutikott_KART_2-min-scaled.jpg","width":2560,"height":1707},{"@type":"BreadcrumbList","@id":"https:\/\/katrearula.com\/fi\/toode\/musta-2in1-tietokonelaukku-kart\/#breadcrumb","itemListElement":[{"@type":"ListItem","position":1,"name":"Kotiin","item":"https:\/\/katrearula.com\/fi\/kotiin\/"},{"@type":"ListItem","position":2,"name":"Pood","item":"https:\/\/katrearula.com\/pood\/"},{"@type":"ListItem","position":3,"name":"Musta 2in1 tietokonelaukku K\u00c4RT"}]},{"@type":"WebSite","@id":"https:\/\/katrearula.com\/#website","url":"https:\/\/katrearula.com\/","name":"Katr\u00e9","description":"Eesti disain","publisher":{"@id":"https:\/\/katrearula.com\/#organization"},"potentialAction":[{"@type":"SearchAction","target":{"@type":"EntryPoint","urlTemplate":"https:\/\/katrearula.com\/?s={search_term_string}"},"query-input":{"@type":"PropertyValueSpecification","valueRequired":true,"valueName":"search_term_string"}}],"inLanguage":"fi"},{"@type":"Organization","@id":"https:\/\/katrearula.com\/#organization","name":"Katre Meistrikoda O\u00dc","url":"https:\/\/katrearula.com\/","logo":{"@type":"ImageObject","inLanguage":"fi","@id":"https:\/\/katrearula.com\/#\/schema\/logo\/image\/","url":"https:\/\/katrearula.com\/wp-content\/uploads\/2021\/11\/www.katrearula.com_.jpg","contentUrl":"https:\/\/katrearula.com\/wp-content\/uploads\/2021\/11\/www.katrearula.com_.jpg","width":380,"height":254,"caption":"Katre Meistrikoda O\u00dc"},"image":{"@id":"https:\/\/katrearula.com\/#\/schema\/logo\/image\/"},"sameAs":["https:\/\/www.facebook.com\/KatreArulaMeistrikoda","https:\/\/www.instagram.com\/katre_arula_meistrikoda\/"]}]}},"jetpack_sharing_enabled":true,"_links":{"self":[{"href":"https:\/\/katrearula.com\/fi\/wp-json\/wp\/v2\/product\/15985","targetHints":{"allow":["GET"]}}],"collection":[{"href":"https:\/\/katrearula.com\/fi\/wp-json\/wp\/v2\/product"}],"about":[{"href":"https:\/\/katrearula.com\/fi\/wp-json\/wp\/v2\/types\/product"}],"replies":[{"embeddable":true,"href":"https:\/\/katrearula.com\/fi\/wp-json\/wp\/v2\/comments?post=15985"}],"wp:featuredmedia":[{"embeddable":true,"href":"https:\/\/katrearula.com\/fi\/wp-json\/wp\/v2\/media\/13779"}],"wp:attachment":[{"href":"https:\/\/katrearula.com\/fi\/wp-json\/wp\/v2\/media?parent=15985"}],"wp:term":[{"taxonomy":"product_brand","embeddable":true,"href":"https:\/\/katrearula.com\/fi\/wp-json\/wp\/v2\/product_brand?post=15985"},{"taxonomy":"product_cat","embeddable":true,"href":"https:\/\/katrearula.com\/fi\/wp-json\/wp\/v2\/product_cat?post=15985"},{"taxonomy":"product_tag","embeddable":true,"href":"https:\/\/katrearula.com\/fi\/wp-json\/wp\/v2\/product_tag?post=15985"}],"curies":[{"name":"wp","href":"https:\/\/api.w.org\/{rel}","templated":true}]}}