{"id":15990,"date":"2024-11-02T21:09:01","date_gmt":"2024-11-02T21:09:01","guid":{"rendered":"https:\/\/katrearula.com\/toode\/musta-olkalaukku-ragne-1\/"},"modified":"2024-11-02T21:09:01","modified_gmt":"2024-11-02T21:09:01","slug":"musta-olkalaukku-ragne-1","status":"publish","type":"product","link":"https:\/\/katrearula.com\/fi\/toode\/musta-olkalaukku-ragne-1\/","title":{"rendered":"Musta olkalaukku RAGNE 1"},"content":{"rendered":"","protected":false},"excerpt":{"rendered":"<p>Katr\u00e9-laukut valmistetaan huonekalutehtaan tuotantoj\u00e4tteest\u00e4, mutta omassa ty\u00f6ss\u00e4mme syntyy v\u00e4ist\u00e4m\u00e4tt\u00e4 my\u00f6s leikkausj\u00e4tett\u00e4. Nyt n\u00e4ille viimeisille yksityiskohdille on annettu uusi el\u00e4m\u00e4 \u2013 huolellisesti valittuina ja tilkkut\u00e4kkitekniikalla yhteen ommeltuina ne luovat ainutlaatuisia ja personoituja olkalaukkuja. <\/p>\n<p>Jokainen olkalaukku ei siis ole vain k\u00e4yt\u00e4nn\u00f6llinen asuste, vaan my\u00f6s pieni mestariteos, joka heijastaa Katr\u00e9-br\u00e4ndin sitoutumista kierr\u00e4tykseen ja laatuun.<\/p>\n<p>Lis\u00e4\u00e4 Katr\u00e9-heijastin laukkuutesi.<\/p>\n<p class=\"p1\"><strong>Huom! Jokainen laukku on uniikki. Kuvat ovat vain havainnollistavia.  <\/strong><\/p>\n","protected":false},"featured_media":13734,"comment_status":"closed","ping_status":"closed","template":"","meta":{"pgc_sgb_lightbox_settings":""},"product_brand":[],"product_cat":[237,231],"product_tag":[],"class_list":{"0":"post-15990","1":"product","2":"type-product","3":"status-publish","4":"has-post-thumbnail","6":"product_cat-kaekotid-fi","7":"product_cat-laukut","9":"first","10":"instock","11":"taxable","12":"shipping-taxable","13":"purchasable","14":"product-type-simple"},"yoast_head":"<!-- This site is optimized with the Yoast SEO plugin v26.6 - https:\/\/yoast.com\/wordpress\/plugins\/seo\/ -->\n<title>Musta olkalaukku RAGNE 1 - Katr\u00e9<\/title>\n<meta name=\"robots\" content=\"index, follow, max-snippet:-1, max-image-preview:large, max-video-preview:-1\" \/>\n<link rel=\"canonical\" href=\"https:\/\/katrearula.com\/fi\/toode\/musta-olkalaukku-ragne-1\/\" \/>\n<meta property=\"og:locale\" content=\"fi_FI\" \/>\n<meta property=\"og:type\" content=\"article\" \/>\n<meta property=\"og:title\" content=\"Musta olkalaukku RAGNE 1 - Katr\u00e9\" \/>\n<meta property=\"og:description\" content=\"Katr\u00e9-laukut valmistetaan huonekalutehtaan tuotantoj\u00e4tteest\u00e4, mutta omassa ty\u00f6ss\u00e4mme syntyy v\u00e4ist\u00e4m\u00e4tt\u00e4 my\u00f6s leikkausj\u00e4tett\u00e4. Nyt n\u00e4ille viimeisille yksityiskohdille on annettu uusi el\u00e4m\u00e4 \u2013 huolellisesti valittuina ja tilkkut\u00e4kkitekniikalla yhteen ommeltuina ne luovat ainutlaatuisia ja personoituja olkalaukkuja.  Jokainen olkalaukku ei siis ole vain k\u00e4yt\u00e4nn\u00f6llinen asuste, vaan my\u00f6s pieni mestariteos, joka heijastaa Katr\u00e9-br\u00e4ndin sitoutumista kierr\u00e4tykseen ja laatuun. Lis\u00e4\u00e4 Katr\u00e9-heijastin laukkuutesi. Huom! Jokainen laukku on uniikki. Kuvat ovat vain havainnollistavia.\" \/>\n<meta property=\"og:url\" content=\"https:\/\/katrearula.com\/fi\/toode\/musta-olkalaukku-ragne-1\/\" \/>\n<meta property=\"og:site_name\" content=\"Katr\u00e9\" \/>\n<meta property=\"article:publisher\" content=\"https:\/\/www.facebook.com\/KatreArulaMeistrikoda\" \/>\n<meta property=\"og:image\" content=\"https:\/\/katrearula.com\/wp-content\/uploads\/2024\/11\/katre_arula_must_olakott_RAGNE_1-min-scaled.jpg\" \/>\n\t<meta property=\"og:image:width\" content=\"1707\" \/>\n\t<meta property=\"og:image:height\" content=\"2560\" \/>\n\t<meta property=\"og:image:type\" content=\"image\/jpeg\" \/>\n<meta name=\"twitter:card\" content=\"summary_large_image\" \/>\n<script type=\"application\/ld+json\" class=\"yoast-schema-graph\">{\"@context\":\"https:\/\/schema.org\",\"@graph\":[{\"@type\":\"WebPage\",\"@id\":\"https:\/\/katrearula.com\/fi\/toode\/musta-olkalaukku-ragne-1\/\",\"url\":\"https:\/\/katrearula.com\/fi\/toode\/musta-olkalaukku-ragne-1\/\",\"name\":\"Musta olkalaukku RAGNE 1 - Katr\u00e9\",\"isPartOf\":{\"@id\":\"https:\/\/katrearula.com\/#website\"},\"primaryImageOfPage\":{\"@id\":\"https:\/\/katrearula.com\/fi\/toode\/musta-olkalaukku-ragne-1\/#primaryimage\"},\"image\":{\"@id\":\"https:\/\/katrearula.com\/fi\/toode\/musta-olkalaukku-ragne-1\/#primaryimage\"},\"thumbnailUrl\":\"https:\/\/katrearula.com\/wp-content\/uploads\/2024\/11\/katre_arula_must_olakott_RAGNE_1-min-scaled.jpg\",\"datePublished\":\"2024-11-02T21:09:01+00:00\",\"breadcrumb\":{\"@id\":\"https:\/\/katrearula.com\/fi\/toode\/musta-olkalaukku-ragne-1\/#breadcrumb\"},\"inLanguage\":\"fi\",\"potentialAction\":[{\"@type\":\"ReadAction\",\"target\":[\"https:\/\/katrearula.com\/fi\/toode\/musta-olkalaukku-ragne-1\/\"]}]},{\"@type\":\"ImageObject\",\"inLanguage\":\"fi\",\"@id\":\"https:\/\/katrearula.com\/fi\/toode\/musta-olkalaukku-ragne-1\/#primaryimage\",\"url\":\"https:\/\/katrearula.com\/wp-content\/uploads\/2024\/11\/katre_arula_must_olakott_RAGNE_1-min-scaled.jpg\",\"contentUrl\":\"https:\/\/katrearula.com\/wp-content\/uploads\/2024\/11\/katre_arula_must_olakott_RAGNE_1-min-scaled.jpg\",\"width\":1707,\"height\":2560},{\"@type\":\"BreadcrumbList\",\"@id\":\"https:\/\/katrearula.com\/fi\/toode\/musta-olkalaukku-ragne-1\/#breadcrumb\",\"itemListElement\":[{\"@type\":\"ListItem\",\"position\":1,\"name\":\"Kotiin\",\"item\":\"https:\/\/katrearula.com\/fi\/kotiin\/\"},{\"@type\":\"ListItem\",\"position\":2,\"name\":\"Pood\",\"item\":\"https:\/\/katrearula.com\/pood\/\"},{\"@type\":\"ListItem\",\"position\":3,\"name\":\"Musta olkalaukku RAGNE 1\"}]},{\"@type\":\"WebSite\",\"@id\":\"https:\/\/katrearula.com\/#website\",\"url\":\"https:\/\/katrearula.com\/\",\"name\":\"Katr\u00e9\",\"description\":\"Eesti disain\",\"publisher\":{\"@id\":\"https:\/\/katrearula.com\/#organization\"},\"potentialAction\":[{\"@type\":\"SearchAction\",\"target\":{\"@type\":\"EntryPoint\",\"urlTemplate\":\"https:\/\/katrearula.com\/?s={search_term_string}\"},\"query-input\":{\"@type\":\"PropertyValueSpecification\",\"valueRequired\":true,\"valueName\":\"search_term_string\"}}],\"inLanguage\":\"fi\"},{\"@type\":\"Organization\",\"@id\":\"https:\/\/katrearula.com\/#organization\",\"name\":\"Katre Meistrikoda O\u00dc\",\"url\":\"https:\/\/katrearula.com\/\",\"logo\":{\"@type\":\"ImageObject\",\"inLanguage\":\"fi\",\"@id\":\"https:\/\/katrearula.com\/#\/schema\/logo\/image\/\",\"url\":\"https:\/\/katrearula.com\/wp-content\/uploads\/2021\/11\/www.katrearula.com_.jpg\",\"contentUrl\":\"https:\/\/katrearula.com\/wp-content\/uploads\/2021\/11\/www.katrearula.com_.jpg\",\"width\":380,\"height\":254,\"caption\":\"Katre Meistrikoda O\u00dc\"},\"image\":{\"@id\":\"https:\/\/katrearula.com\/#\/schema\/logo\/image\/\"},\"sameAs\":[\"https:\/\/www.facebook.com\/KatreArulaMeistrikoda\",\"https:\/\/www.instagram.com\/katre_arula_meistrikoda\/\"]}]}<\/script>\n<!-- \/ Yoast SEO plugin. -->","yoast_head_json":{"title":"Musta olkalaukku RAGNE 1 - Katr\u00e9","robots":{"index":"index","follow":"follow","max-snippet":"max-snippet:-1","max-image-preview":"max-image-preview:large","max-video-preview":"max-video-preview:-1"},"canonical":"https:\/\/katrearula.com\/fi\/toode\/musta-olkalaukku-ragne-1\/","og_locale":"fi_FI","og_type":"article","og_title":"Musta olkalaukku RAGNE 1 - Katr\u00e9","og_description":"Katr\u00e9-laukut valmistetaan huonekalutehtaan tuotantoj\u00e4tteest\u00e4, mutta omassa ty\u00f6ss\u00e4mme syntyy v\u00e4ist\u00e4m\u00e4tt\u00e4 my\u00f6s leikkausj\u00e4tett\u00e4. Nyt n\u00e4ille viimeisille yksityiskohdille on annettu uusi el\u00e4m\u00e4 \u2013 huolellisesti valittuina ja tilkkut\u00e4kkitekniikalla yhteen ommeltuina ne luovat ainutlaatuisia ja personoituja olkalaukkuja.  Jokainen olkalaukku ei siis ole vain k\u00e4yt\u00e4nn\u00f6llinen asuste, vaan my\u00f6s pieni mestariteos, joka heijastaa Katr\u00e9-br\u00e4ndin sitoutumista kierr\u00e4tykseen ja laatuun. Lis\u00e4\u00e4 Katr\u00e9-heijastin laukkuutesi. Huom! Jokainen laukku on uniikki. Kuvat ovat vain havainnollistavia.","og_url":"https:\/\/katrearula.com\/fi\/toode\/musta-olkalaukku-ragne-1\/","og_site_name":"Katr\u00e9","article_publisher":"https:\/\/www.facebook.com\/KatreArulaMeistrikoda","og_image":[{"width":1707,"height":2560,"url":"https:\/\/katrearula.com\/wp-content\/uploads\/2024\/11\/katre_arula_must_olakott_RAGNE_1-min-scaled.jpg","type":"image\/jpeg"}],"twitter_card":"summary_large_image","schema":{"@context":"https:\/\/schema.org","@graph":[{"@type":"WebPage","@id":"https:\/\/katrearula.com\/fi\/toode\/musta-olkalaukku-ragne-1\/","url":"https:\/\/katrearula.com\/fi\/toode\/musta-olkalaukku-ragne-1\/","name":"Musta olkalaukku RAGNE 1 - Katr\u00e9","isPartOf":{"@id":"https:\/\/katrearula.com\/#website"},"primaryImageOfPage":{"@id":"https:\/\/katrearula.com\/fi\/toode\/musta-olkalaukku-ragne-1\/#primaryimage"},"image":{"@id":"https:\/\/katrearula.com\/fi\/toode\/musta-olkalaukku-ragne-1\/#primaryimage"},"thumbnailUrl":"https:\/\/katrearula.com\/wp-content\/uploads\/2024\/11\/katre_arula_must_olakott_RAGNE_1-min-scaled.jpg","datePublished":"2024-11-02T21:09:01+00:00","breadcrumb":{"@id":"https:\/\/katrearula.com\/fi\/toode\/musta-olkalaukku-ragne-1\/#breadcrumb"},"inLanguage":"fi","potentialAction":[{"@type":"ReadAction","target":["https:\/\/katrearula.com\/fi\/toode\/musta-olkalaukku-ragne-1\/"]}]},{"@type":"ImageObject","inLanguage":"fi","@id":"https:\/\/katrearula.com\/fi\/toode\/musta-olkalaukku-ragne-1\/#primaryimage","url":"https:\/\/katrearula.com\/wp-content\/uploads\/2024\/11\/katre_arula_must_olakott_RAGNE_1-min-scaled.jpg","contentUrl":"https:\/\/katrearula.com\/wp-content\/uploads\/2024\/11\/katre_arula_must_olakott_RAGNE_1-min-scaled.jpg","width":1707,"height":2560},{"@type":"BreadcrumbList","@id":"https:\/\/katrearula.com\/fi\/toode\/musta-olkalaukku-ragne-1\/#breadcrumb","itemListElement":[{"@type":"ListItem","position":1,"name":"Kotiin","item":"https:\/\/katrearula.com\/fi\/kotiin\/"},{"@type":"ListItem","position":2,"name":"Pood","item":"https:\/\/katrearula.com\/pood\/"},{"@type":"ListItem","position":3,"name":"Musta olkalaukku RAGNE 1"}]},{"@type":"WebSite","@id":"https:\/\/katrearula.com\/#website","url":"https:\/\/katrearula.com\/","name":"Katr\u00e9","description":"Eesti disain","publisher":{"@id":"https:\/\/katrearula.com\/#organization"},"potentialAction":[{"@type":"SearchAction","target":{"@type":"EntryPoint","urlTemplate":"https:\/\/katrearula.com\/?s={search_term_string}"},"query-input":{"@type":"PropertyValueSpecification","valueRequired":true,"valueName":"search_term_string"}}],"inLanguage":"fi"},{"@type":"Organization","@id":"https:\/\/katrearula.com\/#organization","name":"Katre Meistrikoda O\u00dc","url":"https:\/\/katrearula.com\/","logo":{"@type":"ImageObject","inLanguage":"fi","@id":"https:\/\/katrearula.com\/#\/schema\/logo\/image\/","url":"https:\/\/katrearula.com\/wp-content\/uploads\/2021\/11\/www.katrearula.com_.jpg","contentUrl":"https:\/\/katrearula.com\/wp-content\/uploads\/2021\/11\/www.katrearula.com_.jpg","width":380,"height":254,"caption":"Katre Meistrikoda O\u00dc"},"image":{"@id":"https:\/\/katrearula.com\/#\/schema\/logo\/image\/"},"sameAs":["https:\/\/www.facebook.com\/KatreArulaMeistrikoda","https:\/\/www.instagram.com\/katre_arula_meistrikoda\/"]}]}},"jetpack_sharing_enabled":true,"_links":{"self":[{"href":"https:\/\/katrearula.com\/fi\/wp-json\/wp\/v2\/product\/15990","targetHints":{"allow":["GET"]}}],"collection":[{"href":"https:\/\/katrearula.com\/fi\/wp-json\/wp\/v2\/product"}],"about":[{"href":"https:\/\/katrearula.com\/fi\/wp-json\/wp\/v2\/types\/product"}],"replies":[{"embeddable":true,"href":"https:\/\/katrearula.com\/fi\/wp-json\/wp\/v2\/comments?post=15990"}],"wp:featuredmedia":[{"embeddable":true,"href":"https:\/\/katrearula.com\/fi\/wp-json\/wp\/v2\/media\/13734"}],"wp:attachment":[{"href":"https:\/\/katrearula.com\/fi\/wp-json\/wp\/v2\/media?parent=15990"}],"wp:term":[{"taxonomy":"product_brand","embeddable":true,"href":"https:\/\/katrearula.com\/fi\/wp-json\/wp\/v2\/product_brand?post=15990"},{"taxonomy":"product_cat","embeddable":true,"href":"https:\/\/katrearula.com\/fi\/wp-json\/wp\/v2\/product_cat?post=15990"},{"taxonomy":"product_tag","embeddable":true,"href":"https:\/\/katrearula.com\/fi\/wp-json\/wp\/v2\/product_tag?post=15990"}],"curies":[{"name":"wp","href":"https:\/\/api.w.org\/{rel}","templated":true}]}}