{"id":15994,"date":"2024-05-11T06:46:34","date_gmt":"2024-05-11T06:46:34","guid":{"rendered":"https:\/\/katrearula.com\/toode\/beige-pieni-laukku-roos\/"},"modified":"2025-12-13T15:06:08","modified_gmt":"2025-12-13T15:06:08","slug":"beige-pieni-laukku-roos","status":"publish","type":"product","link":"https:\/\/katrearula.com\/fi\/toode\/beige-pieni-laukku-roos\/","title":{"rendered":"Beige pieni laukku ROOS"},"content":{"rendered":"","protected":false},"excerpt":{"rendered":"<p><span style=\"font-weight: 400\">T\u00e4m\u00e4 pieni ja kevyt virolaistyylinen olkalaukku on suunniteltu jokap\u00e4iv\u00e4iseen k\u00e4ytt\u00f6\u00f6n. Tilanteesta tai vuodenajasta riippumatta t\u00e4m\u00e4 olkalaukku on t\u00e4ydellinen kumppani, joka pit\u00e4\u00e4 sis\u00e4ll\u00e4\u00e4n kaikki tarvittavat tavarat ja lis\u00e4\u00e4 tyyli\u00e4 arkiasuusi. Kanna sit\u00e4 mukavasti olalla tai vartalon yli, jotta voit nauttia kauniista hetkist\u00e4 tiet\u00e4en, ett\u00e4 kaikki tarvitsemasi on aina k\u00e4den ulottuvilla.  <\/span><\/p>\n<p><span style=\"font-weight: 400\">Lis\u00e4ksi se voi olla loistava virolainen design-lahja tyyli\u00e4 ja k\u00e4yt\u00e4nn\u00f6llisyytt\u00e4 arvostaville rakkaille.<\/span><\/p>\n","protected":false},"featured_media":13127,"comment_status":"closed","ping_status":"closed","template":"","meta":{"pgc_sgb_lightbox_settings":""},"product_brand":[],"product_cat":[231,241],"product_tag":[240],"class_list":{"0":"post-15994","1":"product","2":"type-product","3":"status-publish","4":"has-post-thumbnail","6":"product_cat-laukut","7":"product_cat-pienet-laukut","8":"product_tag-naisille","10":"first","11":"instock","12":"taxable","13":"shipping-taxable","14":"purchasable","15":"product-type-simple"},"yoast_head":"<!-- This site is optimized with the Yoast SEO plugin v26.6 - https:\/\/yoast.com\/wordpress\/plugins\/seo\/ -->\n<title>Beige pieni laukku ROOS - Katr\u00e9<\/title>\n<meta name=\"robots\" content=\"index, follow, max-snippet:-1, max-image-preview:large, max-video-preview:-1\" \/>\n<link rel=\"canonical\" href=\"https:\/\/katrearula.com\/fi\/toode\/beige-pieni-laukku-roos\/\" \/>\n<meta property=\"og:locale\" content=\"fi_FI\" \/>\n<meta property=\"og:type\" content=\"article\" \/>\n<meta property=\"og:title\" content=\"Beige pieni laukku ROOS - Katr\u00e9\" \/>\n<meta property=\"og:description\" content=\"T\u00e4m\u00e4 pieni ja kevyt virolaistyylinen olkalaukku on suunniteltu jokap\u00e4iv\u00e4iseen k\u00e4ytt\u00f6\u00f6n. Tilanteesta tai vuodenajasta riippumatta t\u00e4m\u00e4 olkalaukku on t\u00e4ydellinen kumppani, joka pit\u00e4\u00e4 sis\u00e4ll\u00e4\u00e4n kaikki tarvittavat tavarat ja lis\u00e4\u00e4 tyyli\u00e4 arkiasuusi. Kanna sit\u00e4 mukavasti olalla tai vartalon yli, jotta voit nauttia kauniista hetkist\u00e4 tiet\u00e4en, ett\u00e4 kaikki tarvitsemasi on aina k\u00e4den ulottuvilla.  Lis\u00e4ksi se voi olla loistava virolainen design-lahja tyyli\u00e4 ja k\u00e4yt\u00e4nn\u00f6llisyytt\u00e4 arvostaville rakkaille.\" \/>\n<meta property=\"og:url\" content=\"https:\/\/katrearula.com\/fi\/toode\/beige-pieni-laukku-roos\/\" \/>\n<meta property=\"og:site_name\" content=\"Katr\u00e9\" \/>\n<meta property=\"article:publisher\" content=\"https:\/\/www.facebook.com\/KatreArulaMeistrikoda\" \/>\n<meta property=\"article:modified_time\" content=\"2025-12-13T15:06:08+00:00\" \/>\n<meta property=\"og:image\" content=\"https:\/\/katrearula.com\/wp-content\/uploads\/2024\/05\/Beez-vaike-kott-ROOS-Katre-Arula_2-scaled.jpg\" \/>\n\t<meta property=\"og:image:width\" content=\"1440\" \/>\n\t<meta property=\"og:image:height\" content=\"2560\" \/>\n\t<meta property=\"og:image:type\" content=\"image\/jpeg\" \/>\n<meta name=\"twitter:card\" content=\"summary_large_image\" \/>\n<script type=\"application\/ld+json\" class=\"yoast-schema-graph\">{\"@context\":\"https:\/\/schema.org\",\"@graph\":[{\"@type\":\"WebPage\",\"@id\":\"https:\/\/katrearula.com\/fi\/toode\/beige-pieni-laukku-roos\/\",\"url\":\"https:\/\/katrearula.com\/fi\/toode\/beige-pieni-laukku-roos\/\",\"name\":\"Beige pieni laukku ROOS - Katr\u00e9\",\"isPartOf\":{\"@id\":\"https:\/\/katrearula.com\/#website\"},\"primaryImageOfPage\":{\"@id\":\"https:\/\/katrearula.com\/fi\/toode\/beige-pieni-laukku-roos\/#primaryimage\"},\"image\":{\"@id\":\"https:\/\/katrearula.com\/fi\/toode\/beige-pieni-laukku-roos\/#primaryimage\"},\"thumbnailUrl\":\"https:\/\/katrearula.com\/wp-content\/uploads\/2024\/05\/Beez-vaike-kott-ROOS-Katre-Arula_2-scaled.jpg\",\"datePublished\":\"2024-05-11T06:46:34+00:00\",\"dateModified\":\"2025-12-13T15:06:08+00:00\",\"breadcrumb\":{\"@id\":\"https:\/\/katrearula.com\/fi\/toode\/beige-pieni-laukku-roos\/#breadcrumb\"},\"inLanguage\":\"fi\",\"potentialAction\":[{\"@type\":\"ReadAction\",\"target\":[\"https:\/\/katrearula.com\/fi\/toode\/beige-pieni-laukku-roos\/\"]}]},{\"@type\":\"ImageObject\",\"inLanguage\":\"fi\",\"@id\":\"https:\/\/katrearula.com\/fi\/toode\/beige-pieni-laukku-roos\/#primaryimage\",\"url\":\"https:\/\/katrearula.com\/wp-content\/uploads\/2024\/05\/Beez-vaike-kott-ROOS-Katre-Arula_2-scaled.jpg\",\"contentUrl\":\"https:\/\/katrearula.com\/wp-content\/uploads\/2024\/05\/Beez-vaike-kott-ROOS-Katre-Arula_2-scaled.jpg\",\"width\":1440,\"height\":2560},{\"@type\":\"BreadcrumbList\",\"@id\":\"https:\/\/katrearula.com\/fi\/toode\/beige-pieni-laukku-roos\/#breadcrumb\",\"itemListElement\":[{\"@type\":\"ListItem\",\"position\":1,\"name\":\"Kotiin\",\"item\":\"https:\/\/katrearula.com\/fi\/kotiin\/\"},{\"@type\":\"ListItem\",\"position\":2,\"name\":\"Pood\",\"item\":\"https:\/\/katrearula.com\/pood\/\"},{\"@type\":\"ListItem\",\"position\":3,\"name\":\"Beige pieni laukku ROOS\"}]},{\"@type\":\"WebSite\",\"@id\":\"https:\/\/katrearula.com\/#website\",\"url\":\"https:\/\/katrearula.com\/\",\"name\":\"Katr\u00e9\",\"description\":\"Eesti disain\",\"publisher\":{\"@id\":\"https:\/\/katrearula.com\/#organization\"},\"potentialAction\":[{\"@type\":\"SearchAction\",\"target\":{\"@type\":\"EntryPoint\",\"urlTemplate\":\"https:\/\/katrearula.com\/?s={search_term_string}\"},\"query-input\":{\"@type\":\"PropertyValueSpecification\",\"valueRequired\":true,\"valueName\":\"search_term_string\"}}],\"inLanguage\":\"fi\"},{\"@type\":\"Organization\",\"@id\":\"https:\/\/katrearula.com\/#organization\",\"name\":\"Katre Meistrikoda O\u00dc\",\"url\":\"https:\/\/katrearula.com\/\",\"logo\":{\"@type\":\"ImageObject\",\"inLanguage\":\"fi\",\"@id\":\"https:\/\/katrearula.com\/#\/schema\/logo\/image\/\",\"url\":\"https:\/\/katrearula.com\/wp-content\/uploads\/2021\/11\/www.katrearula.com_.jpg\",\"contentUrl\":\"https:\/\/katrearula.com\/wp-content\/uploads\/2021\/11\/www.katrearula.com_.jpg\",\"width\":380,\"height\":254,\"caption\":\"Katre Meistrikoda O\u00dc\"},\"image\":{\"@id\":\"https:\/\/katrearula.com\/#\/schema\/logo\/image\/\"},\"sameAs\":[\"https:\/\/www.facebook.com\/KatreArulaMeistrikoda\",\"https:\/\/www.instagram.com\/katre_arula_meistrikoda\/\"]}]}<\/script>\n<!-- \/ Yoast SEO plugin. -->","yoast_head_json":{"title":"Beige pieni laukku ROOS - Katr\u00e9","robots":{"index":"index","follow":"follow","max-snippet":"max-snippet:-1","max-image-preview":"max-image-preview:large","max-video-preview":"max-video-preview:-1"},"canonical":"https:\/\/katrearula.com\/fi\/toode\/beige-pieni-laukku-roos\/","og_locale":"fi_FI","og_type":"article","og_title":"Beige pieni laukku ROOS - Katr\u00e9","og_description":"T\u00e4m\u00e4 pieni ja kevyt virolaistyylinen olkalaukku on suunniteltu jokap\u00e4iv\u00e4iseen k\u00e4ytt\u00f6\u00f6n. Tilanteesta tai vuodenajasta riippumatta t\u00e4m\u00e4 olkalaukku on t\u00e4ydellinen kumppani, joka pit\u00e4\u00e4 sis\u00e4ll\u00e4\u00e4n kaikki tarvittavat tavarat ja lis\u00e4\u00e4 tyyli\u00e4 arkiasuusi. Kanna sit\u00e4 mukavasti olalla tai vartalon yli, jotta voit nauttia kauniista hetkist\u00e4 tiet\u00e4en, ett\u00e4 kaikki tarvitsemasi on aina k\u00e4den ulottuvilla.  Lis\u00e4ksi se voi olla loistava virolainen design-lahja tyyli\u00e4 ja k\u00e4yt\u00e4nn\u00f6llisyytt\u00e4 arvostaville rakkaille.","og_url":"https:\/\/katrearula.com\/fi\/toode\/beige-pieni-laukku-roos\/","og_site_name":"Katr\u00e9","article_publisher":"https:\/\/www.facebook.com\/KatreArulaMeistrikoda","article_modified_time":"2025-12-13T15:06:08+00:00","og_image":[{"width":1440,"height":2560,"url":"https:\/\/katrearula.com\/wp-content\/uploads\/2024\/05\/Beez-vaike-kott-ROOS-Katre-Arula_2-scaled.jpg","type":"image\/jpeg"}],"twitter_card":"summary_large_image","schema":{"@context":"https:\/\/schema.org","@graph":[{"@type":"WebPage","@id":"https:\/\/katrearula.com\/fi\/toode\/beige-pieni-laukku-roos\/","url":"https:\/\/katrearula.com\/fi\/toode\/beige-pieni-laukku-roos\/","name":"Beige pieni laukku ROOS - Katr\u00e9","isPartOf":{"@id":"https:\/\/katrearula.com\/#website"},"primaryImageOfPage":{"@id":"https:\/\/katrearula.com\/fi\/toode\/beige-pieni-laukku-roos\/#primaryimage"},"image":{"@id":"https:\/\/katrearula.com\/fi\/toode\/beige-pieni-laukku-roos\/#primaryimage"},"thumbnailUrl":"https:\/\/katrearula.com\/wp-content\/uploads\/2024\/05\/Beez-vaike-kott-ROOS-Katre-Arula_2-scaled.jpg","datePublished":"2024-05-11T06:46:34+00:00","dateModified":"2025-12-13T15:06:08+00:00","breadcrumb":{"@id":"https:\/\/katrearula.com\/fi\/toode\/beige-pieni-laukku-roos\/#breadcrumb"},"inLanguage":"fi","potentialAction":[{"@type":"ReadAction","target":["https:\/\/katrearula.com\/fi\/toode\/beige-pieni-laukku-roos\/"]}]},{"@type":"ImageObject","inLanguage":"fi","@id":"https:\/\/katrearula.com\/fi\/toode\/beige-pieni-laukku-roos\/#primaryimage","url":"https:\/\/katrearula.com\/wp-content\/uploads\/2024\/05\/Beez-vaike-kott-ROOS-Katre-Arula_2-scaled.jpg","contentUrl":"https:\/\/katrearula.com\/wp-content\/uploads\/2024\/05\/Beez-vaike-kott-ROOS-Katre-Arula_2-scaled.jpg","width":1440,"height":2560},{"@type":"BreadcrumbList","@id":"https:\/\/katrearula.com\/fi\/toode\/beige-pieni-laukku-roos\/#breadcrumb","itemListElement":[{"@type":"ListItem","position":1,"name":"Kotiin","item":"https:\/\/katrearula.com\/fi\/kotiin\/"},{"@type":"ListItem","position":2,"name":"Pood","item":"https:\/\/katrearula.com\/pood\/"},{"@type":"ListItem","position":3,"name":"Beige pieni laukku ROOS"}]},{"@type":"WebSite","@id":"https:\/\/katrearula.com\/#website","url":"https:\/\/katrearula.com\/","name":"Katr\u00e9","description":"Eesti disain","publisher":{"@id":"https:\/\/katrearula.com\/#organization"},"potentialAction":[{"@type":"SearchAction","target":{"@type":"EntryPoint","urlTemplate":"https:\/\/katrearula.com\/?s={search_term_string}"},"query-input":{"@type":"PropertyValueSpecification","valueRequired":true,"valueName":"search_term_string"}}],"inLanguage":"fi"},{"@type":"Organization","@id":"https:\/\/katrearula.com\/#organization","name":"Katre Meistrikoda O\u00dc","url":"https:\/\/katrearula.com\/","logo":{"@type":"ImageObject","inLanguage":"fi","@id":"https:\/\/katrearula.com\/#\/schema\/logo\/image\/","url":"https:\/\/katrearula.com\/wp-content\/uploads\/2021\/11\/www.katrearula.com_.jpg","contentUrl":"https:\/\/katrearula.com\/wp-content\/uploads\/2021\/11\/www.katrearula.com_.jpg","width":380,"height":254,"caption":"Katre Meistrikoda O\u00dc"},"image":{"@id":"https:\/\/katrearula.com\/#\/schema\/logo\/image\/"},"sameAs":["https:\/\/www.facebook.com\/KatreArulaMeistrikoda","https:\/\/www.instagram.com\/katre_arula_meistrikoda\/"]}]}},"jetpack_sharing_enabled":true,"_links":{"self":[{"href":"https:\/\/katrearula.com\/fi\/wp-json\/wp\/v2\/product\/15994","targetHints":{"allow":["GET"]}}],"collection":[{"href":"https:\/\/katrearula.com\/fi\/wp-json\/wp\/v2\/product"}],"about":[{"href":"https:\/\/katrearula.com\/fi\/wp-json\/wp\/v2\/types\/product"}],"replies":[{"embeddable":true,"href":"https:\/\/katrearula.com\/fi\/wp-json\/wp\/v2\/comments?post=15994"}],"wp:featuredmedia":[{"embeddable":true,"href":"https:\/\/katrearula.com\/fi\/wp-json\/wp\/v2\/media\/13127"}],"wp:attachment":[{"href":"https:\/\/katrearula.com\/fi\/wp-json\/wp\/v2\/media?parent=15994"}],"wp:term":[{"taxonomy":"product_brand","embeddable":true,"href":"https:\/\/katrearula.com\/fi\/wp-json\/wp\/v2\/product_brand?post=15994"},{"taxonomy":"product_cat","embeddable":true,"href":"https:\/\/katrearula.com\/fi\/wp-json\/wp\/v2\/product_cat?post=15994"},{"taxonomy":"product_tag","embeddable":true,"href":"https:\/\/katrearula.com\/fi\/wp-json\/wp\/v2\/product_tag?post=15994"}],"curies":[{"name":"wp","href":"https:\/\/api.w.org\/{rel}","templated":true}]}}