{"id":16000,"date":"2024-02-19T08:46:01","date_gmt":"2024-02-19T08:46:01","guid":{"rendered":"https:\/\/katrearula.com\/toode\/viron-lippu\/"},"modified":"2024-02-19T08:46:01","modified_gmt":"2024-02-19T08:46:01","slug":"viron-lippu","status":"publish","type":"product","link":"https:\/\/katrearula.com\/fi\/toode\/viron-lippu\/","title":{"rendered":"Viron lippu"},"content":{"rendered":"","protected":false},"excerpt":{"rendered":"<p class=\"mm8Nw _1j-51 roLFQS _1FoOD _3M0Fe Z63qyL roLFQS public-DraftStyleDefault-block-depth0 fixed-tab-size public-DraftStyleDefault-text-ltr\"><span class=\"_2PHJq public-DraftStyleDefault-ltr\">Tiesitk\u00f6, ett\u00e4 P\u00f5ltsamaan seurakunnan koulun opettaja Emilie Beermann ompeli Viron ensimm\u00e4isen sinimustavalkoisen lipun vuonna 1884, joka siunattiin Viron osavaltionyliopiston lipuksi Otep\u00e4\u00e4n kirkossa 4. kes\u00e4kuuta 1884? Kolmiv\u00e4rinen lippu hyv\u00e4ksyttiin kansallislipuksi 21. marraskuuta 1918.    <\/span><\/p>\n<p class=\"mm8Nw _1j-51 roLFQS _1FoOD _3M0Fe Z63qyL roLFQS public-DraftStyleDefault-block-depth0 fixed-tab-size public-DraftStyleDefault-text-ltr\"><span class=\"_2PHJq public-DraftStyleDefault-ltr\">Viron tasavalta julistettiin 24. helmikuuta 1918 sinimustavalkoisten lippujen liehuessa.<\/span><\/p>\n<div data-hook=\"rcv-block5\">\n<p>Lipun luomiskertomusta juhlitaan P\u00f5ltsamaalla joka vuosi erityisell\u00e4 tavalla. Esimerkiksi Viron lipun 135-vuotisjuhlavuonna P\u00f5ltsamaan kunta kutsui kaikki kiinnostuneet muodostamaan maailman suurimman sinimustavalkoisen ihmislipun.   Mutta lipun 130-vuotisp\u00e4iv\u00e4n\u00e4 Katre Arula ja Kersti Pook tekiv\u00e4t kolmesta kangassuikaleesta oikean kokoisen (175 \u00d7 375 cm) kopion ensimm\u00e4isest\u00e4 sinimustavalkoisesta lipusta. Silkin sijaan k\u00e4ytettiin erityist\u00e4 modernia lippukangasta, jonka molemmilla puolilla oli hopeiset timantit, uutisoi Aktuaalinen Kaamara. <\/p>\n<p>Saman hankkeen osana vuonna 2014 syntyi ajatus alkaa valmistaa itse kangaslippuja puuvillakankaista, joissa on pieni\u00e4 kuvioita. N\u00e4in n\u00e4it\u00e4 pieni\u00e4 lippuja valmistetaan Katre Meistrikojassa P\u00f5ltsamaan linnan pihalla. <\/p>\n<\/div>\n<p><strong>MITAT:<\/strong><\/p>\n<p>25&#215;15,5 cm, tanko 48<\/p>\n","protected":false},"featured_media":15715,"comment_status":"closed","ping_status":"closed","template":"","meta":{"pgc_sgb_lightbox_settings":""},"product_brand":[],"product_cat":[260,267],"product_tag":[],"class_list":{"0":"post-16000","1":"product","2":"type-product","3":"status-publish","4":"has-post-thumbnail","6":"product_cat-asusteet","7":"product_cat-muut","9":"first","10":"instock","11":"taxable","12":"shipping-taxable","13":"purchasable","14":"product-type-variable"},"yoast_head":"<!-- This site is optimized with the Yoast SEO plugin v26.6 - https:\/\/yoast.com\/wordpress\/plugins\/seo\/ -->\n<title>Viron lippu - Katr\u00e9<\/title>\n<meta name=\"robots\" content=\"index, follow, max-snippet:-1, max-image-preview:large, max-video-preview:-1\" \/>\n<link rel=\"canonical\" href=\"https:\/\/katrearula.com\/fi\/toode\/viron-lippu\/\" \/>\n<meta property=\"og:locale\" content=\"fi_FI\" \/>\n<meta property=\"og:type\" content=\"article\" \/>\n<meta property=\"og:title\" content=\"Viron lippu - Katr\u00e9\" \/>\n<meta property=\"og:description\" content=\"Tiesitk\u00f6, ett\u00e4 P\u00f5ltsamaan seurakunnan koulun opettaja Emilie Beermann ompeli Viron ensimm\u00e4isen sinimustavalkoisen lipun vuonna 1884, joka siunattiin Viron osavaltionyliopiston lipuksi Otep\u00e4\u00e4n kirkossa 4. kes\u00e4kuuta 1884? Kolmiv\u00e4rinen lippu hyv\u00e4ksyttiin kansallislipuksi 21. marraskuuta 1918.   Viron tasavalta julistettiin 24. helmikuuta 1918 sinimustavalkoisten lippujen liehuessa.  Lipun luomiskertomusta juhlitaan P\u00f5ltsamaalla joka vuosi erityisell\u00e4 tavalla. Esimerkiksi Viron lipun 135-vuotisjuhlavuonna P\u00f5ltsamaan kunta kutsui kaikki kiinnostuneet muodostamaan maailman suurimman sinimustavalkoisen ihmislipun.  Mutta lipun 130-vuotisp\u00e4iv\u00e4n\u00e4 Katre Arula ja Kersti Pook tekiv\u00e4t kolmesta kangassuikaleesta oikean kokoisen (175 \u00d7 375 cm) kopion ensimm\u00e4isest\u00e4 sinimustavalkoisesta lipusta. Silkin sijaan k\u00e4ytettiin erityist\u00e4 modernia lippukangasta, jonka molemmilla puolilla oli hopeiset timantit, uutisoi Aktuaalinen Kaamara.  Saman hankkeen osana vuonna 2014 syntyi ajatus alkaa valmistaa itse kangaslippuja puuvillakankaista, joissa on pieni\u00e4 kuvioita. N\u00e4in n\u00e4it\u00e4 pieni\u00e4 lippuja valmistetaan Katre Meistrikojassa P\u00f5ltsamaan linnan pihalla.  MITAT: 25x15,5 cm, tanko 48\" \/>\n<meta property=\"og:url\" content=\"https:\/\/katrearula.com\/fi\/toode\/viron-lippu\/\" \/>\n<meta property=\"og:site_name\" content=\"Katr\u00e9\" \/>\n<meta property=\"article:publisher\" content=\"https:\/\/www.facebook.com\/KatreArulaMeistrikoda\" \/>\n<meta property=\"og:image\" content=\"https:\/\/katrearula.com\/wp-content\/uploads\/2024\/02\/eesti-lipp_katre-arula-scaled.jpg\" \/>\n\t<meta property=\"og:image:width\" content=\"1440\" \/>\n\t<meta property=\"og:image:height\" content=\"2560\" \/>\n\t<meta property=\"og:image:type\" content=\"image\/jpeg\" \/>\n<meta name=\"twitter:card\" content=\"summary_large_image\" \/>\n<script type=\"application\/ld+json\" class=\"yoast-schema-graph\">{\"@context\":\"https:\/\/schema.org\",\"@graph\":[{\"@type\":\"WebPage\",\"@id\":\"https:\/\/katrearula.com\/fi\/toode\/viron-lippu\/\",\"url\":\"https:\/\/katrearula.com\/fi\/toode\/viron-lippu\/\",\"name\":\"Viron lippu - Katr\u00e9\",\"isPartOf\":{\"@id\":\"https:\/\/katrearula.com\/#website\"},\"primaryImageOfPage\":{\"@id\":\"https:\/\/katrearula.com\/fi\/toode\/viron-lippu\/#primaryimage\"},\"image\":{\"@id\":\"https:\/\/katrearula.com\/fi\/toode\/viron-lippu\/#primaryimage\"},\"thumbnailUrl\":\"https:\/\/katrearula.com\/wp-content\/uploads\/2024\/02\/eesti-lipp_katre-arula-scaled.jpg\",\"datePublished\":\"2024-02-19T08:46:01+00:00\",\"breadcrumb\":{\"@id\":\"https:\/\/katrearula.com\/fi\/toode\/viron-lippu\/#breadcrumb\"},\"inLanguage\":\"fi\",\"potentialAction\":[{\"@type\":\"ReadAction\",\"target\":[\"https:\/\/katrearula.com\/fi\/toode\/viron-lippu\/\"]}]},{\"@type\":\"ImageObject\",\"inLanguage\":\"fi\",\"@id\":\"https:\/\/katrearula.com\/fi\/toode\/viron-lippu\/#primaryimage\",\"url\":\"https:\/\/katrearula.com\/wp-content\/uploads\/2024\/02\/eesti-lipp_katre-arula-scaled.jpg\",\"contentUrl\":\"https:\/\/katrearula.com\/wp-content\/uploads\/2024\/02\/eesti-lipp_katre-arula-scaled.jpg\",\"width\":1440,\"height\":2560},{\"@type\":\"BreadcrumbList\",\"@id\":\"https:\/\/katrearula.com\/fi\/toode\/viron-lippu\/#breadcrumb\",\"itemListElement\":[{\"@type\":\"ListItem\",\"position\":1,\"name\":\"Kotiin\",\"item\":\"https:\/\/katrearula.com\/fi\/kotiin\/\"},{\"@type\":\"ListItem\",\"position\":2,\"name\":\"Pood\",\"item\":\"https:\/\/katrearula.com\/pood\/\"},{\"@type\":\"ListItem\",\"position\":3,\"name\":\"Viron lippu\"}]},{\"@type\":\"WebSite\",\"@id\":\"https:\/\/katrearula.com\/#website\",\"url\":\"https:\/\/katrearula.com\/\",\"name\":\"Katr\u00e9\",\"description\":\"Eesti disain\",\"publisher\":{\"@id\":\"https:\/\/katrearula.com\/#organization\"},\"potentialAction\":[{\"@type\":\"SearchAction\",\"target\":{\"@type\":\"EntryPoint\",\"urlTemplate\":\"https:\/\/katrearula.com\/?s={search_term_string}\"},\"query-input\":{\"@type\":\"PropertyValueSpecification\",\"valueRequired\":true,\"valueName\":\"search_term_string\"}}],\"inLanguage\":\"fi\"},{\"@type\":\"Organization\",\"@id\":\"https:\/\/katrearula.com\/#organization\",\"name\":\"Katre Meistrikoda O\u00dc\",\"url\":\"https:\/\/katrearula.com\/\",\"logo\":{\"@type\":\"ImageObject\",\"inLanguage\":\"fi\",\"@id\":\"https:\/\/katrearula.com\/#\/schema\/logo\/image\/\",\"url\":\"https:\/\/katrearula.com\/wp-content\/uploads\/2021\/11\/www.katrearula.com_.jpg\",\"contentUrl\":\"https:\/\/katrearula.com\/wp-content\/uploads\/2021\/11\/www.katrearula.com_.jpg\",\"width\":380,\"height\":254,\"caption\":\"Katre Meistrikoda O\u00dc\"},\"image\":{\"@id\":\"https:\/\/katrearula.com\/#\/schema\/logo\/image\/\"},\"sameAs\":[\"https:\/\/www.facebook.com\/KatreArulaMeistrikoda\",\"https:\/\/www.instagram.com\/katre_arula_meistrikoda\/\"]}]}<\/script>\n<!-- \/ Yoast SEO plugin. -->","yoast_head_json":{"title":"Viron lippu - Katr\u00e9","robots":{"index":"index","follow":"follow","max-snippet":"max-snippet:-1","max-image-preview":"max-image-preview:large","max-video-preview":"max-video-preview:-1"},"canonical":"https:\/\/katrearula.com\/fi\/toode\/viron-lippu\/","og_locale":"fi_FI","og_type":"article","og_title":"Viron lippu - Katr\u00e9","og_description":"Tiesitk\u00f6, ett\u00e4 P\u00f5ltsamaan seurakunnan koulun opettaja Emilie Beermann ompeli Viron ensimm\u00e4isen sinimustavalkoisen lipun vuonna 1884, joka siunattiin Viron osavaltionyliopiston lipuksi Otep\u00e4\u00e4n kirkossa 4. kes\u00e4kuuta 1884? Kolmiv\u00e4rinen lippu hyv\u00e4ksyttiin kansallislipuksi 21. marraskuuta 1918.   Viron tasavalta julistettiin 24. helmikuuta 1918 sinimustavalkoisten lippujen liehuessa.  Lipun luomiskertomusta juhlitaan P\u00f5ltsamaalla joka vuosi erityisell\u00e4 tavalla. Esimerkiksi Viron lipun 135-vuotisjuhlavuonna P\u00f5ltsamaan kunta kutsui kaikki kiinnostuneet muodostamaan maailman suurimman sinimustavalkoisen ihmislipun.  Mutta lipun 130-vuotisp\u00e4iv\u00e4n\u00e4 Katre Arula ja Kersti Pook tekiv\u00e4t kolmesta kangassuikaleesta oikean kokoisen (175 \u00d7 375 cm) kopion ensimm\u00e4isest\u00e4 sinimustavalkoisesta lipusta. Silkin sijaan k\u00e4ytettiin erityist\u00e4 modernia lippukangasta, jonka molemmilla puolilla oli hopeiset timantit, uutisoi Aktuaalinen Kaamara.  Saman hankkeen osana vuonna 2014 syntyi ajatus alkaa valmistaa itse kangaslippuja puuvillakankaista, joissa on pieni\u00e4 kuvioita. N\u00e4in n\u00e4it\u00e4 pieni\u00e4 lippuja valmistetaan Katre Meistrikojassa P\u00f5ltsamaan linnan pihalla.  MITAT: 25x15,5 cm, tanko 48","og_url":"https:\/\/katrearula.com\/fi\/toode\/viron-lippu\/","og_site_name":"Katr\u00e9","article_publisher":"https:\/\/www.facebook.com\/KatreArulaMeistrikoda","og_image":[{"width":1440,"height":2560,"url":"https:\/\/katrearula.com\/wp-content\/uploads\/2024\/02\/eesti-lipp_katre-arula-scaled.jpg","type":"image\/jpeg"}],"twitter_card":"summary_large_image","schema":{"@context":"https:\/\/schema.org","@graph":[{"@type":"WebPage","@id":"https:\/\/katrearula.com\/fi\/toode\/viron-lippu\/","url":"https:\/\/katrearula.com\/fi\/toode\/viron-lippu\/","name":"Viron lippu - Katr\u00e9","isPartOf":{"@id":"https:\/\/katrearula.com\/#website"},"primaryImageOfPage":{"@id":"https:\/\/katrearula.com\/fi\/toode\/viron-lippu\/#primaryimage"},"image":{"@id":"https:\/\/katrearula.com\/fi\/toode\/viron-lippu\/#primaryimage"},"thumbnailUrl":"https:\/\/katrearula.com\/wp-content\/uploads\/2024\/02\/eesti-lipp_katre-arula-scaled.jpg","datePublished":"2024-02-19T08:46:01+00:00","breadcrumb":{"@id":"https:\/\/katrearula.com\/fi\/toode\/viron-lippu\/#breadcrumb"},"inLanguage":"fi","potentialAction":[{"@type":"ReadAction","target":["https:\/\/katrearula.com\/fi\/toode\/viron-lippu\/"]}]},{"@type":"ImageObject","inLanguage":"fi","@id":"https:\/\/katrearula.com\/fi\/toode\/viron-lippu\/#primaryimage","url":"https:\/\/katrearula.com\/wp-content\/uploads\/2024\/02\/eesti-lipp_katre-arula-scaled.jpg","contentUrl":"https:\/\/katrearula.com\/wp-content\/uploads\/2024\/02\/eesti-lipp_katre-arula-scaled.jpg","width":1440,"height":2560},{"@type":"BreadcrumbList","@id":"https:\/\/katrearula.com\/fi\/toode\/viron-lippu\/#breadcrumb","itemListElement":[{"@type":"ListItem","position":1,"name":"Kotiin","item":"https:\/\/katrearula.com\/fi\/kotiin\/"},{"@type":"ListItem","position":2,"name":"Pood","item":"https:\/\/katrearula.com\/pood\/"},{"@type":"ListItem","position":3,"name":"Viron lippu"}]},{"@type":"WebSite","@id":"https:\/\/katrearula.com\/#website","url":"https:\/\/katrearula.com\/","name":"Katr\u00e9","description":"Eesti disain","publisher":{"@id":"https:\/\/katrearula.com\/#organization"},"potentialAction":[{"@type":"SearchAction","target":{"@type":"EntryPoint","urlTemplate":"https:\/\/katrearula.com\/?s={search_term_string}"},"query-input":{"@type":"PropertyValueSpecification","valueRequired":true,"valueName":"search_term_string"}}],"inLanguage":"fi"},{"@type":"Organization","@id":"https:\/\/katrearula.com\/#organization","name":"Katre Meistrikoda O\u00dc","url":"https:\/\/katrearula.com\/","logo":{"@type":"ImageObject","inLanguage":"fi","@id":"https:\/\/katrearula.com\/#\/schema\/logo\/image\/","url":"https:\/\/katrearula.com\/wp-content\/uploads\/2021\/11\/www.katrearula.com_.jpg","contentUrl":"https:\/\/katrearula.com\/wp-content\/uploads\/2021\/11\/www.katrearula.com_.jpg","width":380,"height":254,"caption":"Katre Meistrikoda O\u00dc"},"image":{"@id":"https:\/\/katrearula.com\/#\/schema\/logo\/image\/"},"sameAs":["https:\/\/www.facebook.com\/KatreArulaMeistrikoda","https:\/\/www.instagram.com\/katre_arula_meistrikoda\/"]}]}},"jetpack_sharing_enabled":true,"_links":{"self":[{"href":"https:\/\/katrearula.com\/fi\/wp-json\/wp\/v2\/product\/16000","targetHints":{"allow":["GET"]}}],"collection":[{"href":"https:\/\/katrearula.com\/fi\/wp-json\/wp\/v2\/product"}],"about":[{"href":"https:\/\/katrearula.com\/fi\/wp-json\/wp\/v2\/types\/product"}],"replies":[{"embeddable":true,"href":"https:\/\/katrearula.com\/fi\/wp-json\/wp\/v2\/comments?post=16000"}],"wp:featuredmedia":[{"embeddable":true,"href":"https:\/\/katrearula.com\/fi\/wp-json\/wp\/v2\/media\/15715"}],"wp:attachment":[{"href":"https:\/\/katrearula.com\/fi\/wp-json\/wp\/v2\/media?parent=16000"}],"wp:term":[{"taxonomy":"product_brand","embeddable":true,"href":"https:\/\/katrearula.com\/fi\/wp-json\/wp\/v2\/product_brand?post=16000"},{"taxonomy":"product_cat","embeddable":true,"href":"https:\/\/katrearula.com\/fi\/wp-json\/wp\/v2\/product_cat?post=16000"},{"taxonomy":"product_tag","embeddable":true,"href":"https:\/\/katrearula.com\/fi\/wp-json\/wp\/v2\/product_tag?post=16000"}],"curies":[{"name":"wp","href":"https:\/\/api.w.org\/{rel}","templated":true}]}}