{"id":16005,"date":"2023-09-29T13:54:47","date_gmt":"2023-09-29T13:54:47","guid":{"rendered":"https:\/\/katrearula.com\/toode\/paahine-huoparuusuilla-triinu\/"},"modified":"2023-09-29T13:54:47","modified_gmt":"2023-09-29T13:54:47","slug":"paahine-huoparuusuilla-triinu","status":"publish","type":"product","link":"https:\/\/katrearula.com\/fi\/toode\/paahine-huoparuusuilla-triinu\/","title":{"rendered":"P\u00e4\u00e4hine huoparuusuilla TRIINU"},"content":{"rendered":"","protected":false},"excerpt":{"rendered":"<p>Seppeleet olivat jo osa virolaisten tytt\u00f6jen asustusta. 1700- ja 1800-luvuilla. Oub eli saksalainen hattu on pieni, kaupunkilaistyylinen hattu, joka on tehty pitsist\u00e4, silkkinauhoista ja tekokukista. Oubi alkoi levit\u00e4 talonpoikaisnaisten keskuudessa 1870-luvulla. vuotta ja niit\u00e4 k\u00e4ytettiin my\u00f6s 1900-luvun alussa.<\/p>\n<p>Katr\u00e9-seppele sai inspiraationsa n\u00e4ist\u00e4 kahdesta p\u00e4\u00e4koristeesta, ja se tehtiin mestarin alkuper\u00e4isell\u00e4 tekniikalla k\u00e4ytt\u00e4en huonekaluteollisuuden villahuopaj\u00e4tett\u00e4. Huopa-ruusutekniikalla valmistetuilla tuotteilla on my\u00f6s TUNNUSTETTU VIROLAINEN K\u00c4SITY\u00d6 -merkki. Ensin valmisteltiin p\u00e4\u00e4hineet koristamaan \u201dSilverwolly\u201d -mallistoa. Koska p\u00e4\u00e4hineet her\u00e4ttiv\u00e4t paljon huomiota muotin\u00e4yt\u00f6ksiss\u00e4, niist\u00e4 tuli tuote, jonka voit ostaa korukokoelmaasi t\u00e4n\u00e4 syksyn\u00e4. Katr\u00e9-seppelett\u00e4 voi k\u00e4ytt\u00e4\u00e4 sek\u00e4 seppeleen\u00e4 ett\u00e4 p\u00e4\u00e4pantana. Se on tyylik\u00e4s asuste mihin tahansa erityiseen p\u00e4iv\u00e4\u00e4n, jopa arkip\u00e4iv\u00e4t ovat erityisi\u00e4!<\/p>\n<p>*Huopa on ommeltu.<\/p>\n","protected":false},"featured_media":12450,"comment_status":"closed","ping_status":"closed","template":"","meta":{"pgc_sgb_lightbox_settings":""},"product_brand":[],"product_cat":[260],"product_tag":[],"class_list":{"0":"post-16005","1":"product","2":"type-product","3":"status-publish","4":"has-post-thumbnail","6":"product_cat-asusteet","8":"first","9":"instock","10":"taxable","11":"shipping-taxable","12":"purchasable","13":"product-type-variable"},"yoast_head":"<!-- This site is optimized with the Yoast SEO plugin v26.6 - https:\/\/yoast.com\/wordpress\/plugins\/seo\/ -->\n<title>P\u00e4\u00e4hine huoparuusuilla TRIINU - Katr\u00e9<\/title>\n<meta name=\"description\" content=\"Katr\u00e9-seppele sai inspiraationsa n\u00e4ist\u00e4 kahdesta p\u00e4\u00e4koristeesta, ja se tehtiin mestarin alkuper\u00e4isell\u00e4 tekniikalla k\u00e4ytt\u00e4en huonekaluteollisuuden villahuopaj\u00e4tett\u00e4.\" \/>\n<meta name=\"robots\" content=\"index, follow, max-snippet:-1, max-image-preview:large, max-video-preview:-1\" \/>\n<link rel=\"canonical\" href=\"https:\/\/katrearula.com\/fi\/toode\/paahine-huoparuusuilla-triinu\/\" \/>\n<meta property=\"og:locale\" content=\"fi_FI\" \/>\n<meta property=\"og:type\" content=\"article\" \/>\n<meta property=\"og:title\" content=\"P\u00e4\u00e4hine huoparuusuilla TRIINU - Katr\u00e9\" \/>\n<meta property=\"og:description\" content=\"Katr\u00e9-seppele sai inspiraationsa n\u00e4ist\u00e4 kahdesta p\u00e4\u00e4koristeesta, ja se tehtiin mestarin alkuper\u00e4isell\u00e4 tekniikalla k\u00e4ytt\u00e4en huonekaluteollisuuden villahuopaj\u00e4tett\u00e4.\" \/>\n<meta property=\"og:url\" content=\"https:\/\/katrearula.com\/fi\/toode\/paahine-huoparuusuilla-triinu\/\" \/>\n<meta property=\"og:site_name\" content=\"Katr\u00e9\" \/>\n<meta property=\"article:publisher\" content=\"https:\/\/www.facebook.com\/KatreArulaMeistrikoda\" \/>\n<meta property=\"og:image\" content=\"https:\/\/katrearula.com\/wp-content\/uploads\/2023\/07\/DSC_7475-min-scaled-e1692716733653.jpg\" \/>\n\t<meta property=\"og:image:width\" content=\"1709\" \/>\n\t<meta property=\"og:image:height\" content=\"2560\" \/>\n\t<meta property=\"og:image:type\" content=\"image\/jpeg\" \/>\n<meta name=\"twitter:card\" content=\"summary_large_image\" \/>\n<script type=\"application\/ld+json\" class=\"yoast-schema-graph\">{\"@context\":\"https:\/\/schema.org\",\"@graph\":[{\"@type\":\"WebPage\",\"@id\":\"https:\/\/katrearula.com\/fi\/toode\/paahine-huoparuusuilla-triinu\/\",\"url\":\"https:\/\/katrearula.com\/fi\/toode\/paahine-huoparuusuilla-triinu\/\",\"name\":\"P\u00e4\u00e4hine huoparuusuilla TRIINU - Katr\u00e9\",\"isPartOf\":{\"@id\":\"https:\/\/katrearula.com\/#website\"},\"primaryImageOfPage\":{\"@id\":\"https:\/\/katrearula.com\/fi\/toode\/paahine-huoparuusuilla-triinu\/#primaryimage\"},\"image\":{\"@id\":\"https:\/\/katrearula.com\/fi\/toode\/paahine-huoparuusuilla-triinu\/#primaryimage\"},\"thumbnailUrl\":\"https:\/\/katrearula.com\/wp-content\/uploads\/2023\/07\/DSC_7475-min-scaled-e1692716733653.jpg\",\"datePublished\":\"2023-09-29T13:54:47+00:00\",\"description\":\"Katr\u00e9-seppele sai inspiraationsa n\u00e4ist\u00e4 kahdesta p\u00e4\u00e4koristeesta, ja se tehtiin mestarin alkuper\u00e4isell\u00e4 tekniikalla k\u00e4ytt\u00e4en huonekaluteollisuuden villahuopaj\u00e4tett\u00e4.\",\"breadcrumb\":{\"@id\":\"https:\/\/katrearula.com\/fi\/toode\/paahine-huoparuusuilla-triinu\/#breadcrumb\"},\"inLanguage\":\"fi\",\"potentialAction\":[{\"@type\":\"ReadAction\",\"target\":[\"https:\/\/katrearula.com\/fi\/toode\/paahine-huoparuusuilla-triinu\/\"]}]},{\"@type\":\"ImageObject\",\"inLanguage\":\"fi\",\"@id\":\"https:\/\/katrearula.com\/fi\/toode\/paahine-huoparuusuilla-triinu\/#primaryimage\",\"url\":\"https:\/\/katrearula.com\/wp-content\/uploads\/2023\/07\/DSC_7475-min-scaled-e1692716733653.jpg\",\"contentUrl\":\"https:\/\/katrearula.com\/wp-content\/uploads\/2023\/07\/DSC_7475-min-scaled-e1692716733653.jpg\",\"width\":1709,\"height\":2560},{\"@type\":\"BreadcrumbList\",\"@id\":\"https:\/\/katrearula.com\/fi\/toode\/paahine-huoparuusuilla-triinu\/#breadcrumb\",\"itemListElement\":[{\"@type\":\"ListItem\",\"position\":1,\"name\":\"Kotiin\",\"item\":\"https:\/\/katrearula.com\/fi\/kotiin\/\"},{\"@type\":\"ListItem\",\"position\":2,\"name\":\"Pood\",\"item\":\"https:\/\/katrearula.com\/pood\/\"},{\"@type\":\"ListItem\",\"position\":3,\"name\":\"P\u00e4\u00e4hine huoparuusuilla TRIINU\"}]},{\"@type\":\"WebSite\",\"@id\":\"https:\/\/katrearula.com\/#website\",\"url\":\"https:\/\/katrearula.com\/\",\"name\":\"Katr\u00e9\",\"description\":\"Eesti disain\",\"publisher\":{\"@id\":\"https:\/\/katrearula.com\/#organization\"},\"potentialAction\":[{\"@type\":\"SearchAction\",\"target\":{\"@type\":\"EntryPoint\",\"urlTemplate\":\"https:\/\/katrearula.com\/?s={search_term_string}\"},\"query-input\":{\"@type\":\"PropertyValueSpecification\",\"valueRequired\":true,\"valueName\":\"search_term_string\"}}],\"inLanguage\":\"fi\"},{\"@type\":\"Organization\",\"@id\":\"https:\/\/katrearula.com\/#organization\",\"name\":\"Katre Meistrikoda O\u00dc\",\"url\":\"https:\/\/katrearula.com\/\",\"logo\":{\"@type\":\"ImageObject\",\"inLanguage\":\"fi\",\"@id\":\"https:\/\/katrearula.com\/#\/schema\/logo\/image\/\",\"url\":\"https:\/\/katrearula.com\/wp-content\/uploads\/2021\/11\/www.katrearula.com_.jpg\",\"contentUrl\":\"https:\/\/katrearula.com\/wp-content\/uploads\/2021\/11\/www.katrearula.com_.jpg\",\"width\":380,\"height\":254,\"caption\":\"Katre Meistrikoda O\u00dc\"},\"image\":{\"@id\":\"https:\/\/katrearula.com\/#\/schema\/logo\/image\/\"},\"sameAs\":[\"https:\/\/www.facebook.com\/KatreArulaMeistrikoda\",\"https:\/\/www.instagram.com\/katre_arula_meistrikoda\/\"]}]}<\/script>\n<!-- \/ Yoast SEO plugin. -->","yoast_head_json":{"title":"P\u00e4\u00e4hine huoparuusuilla TRIINU - Katr\u00e9","description":"Katr\u00e9-seppele sai inspiraationsa n\u00e4ist\u00e4 kahdesta p\u00e4\u00e4koristeesta, ja se tehtiin mestarin alkuper\u00e4isell\u00e4 tekniikalla k\u00e4ytt\u00e4en huonekaluteollisuuden villahuopaj\u00e4tett\u00e4.","robots":{"index":"index","follow":"follow","max-snippet":"max-snippet:-1","max-image-preview":"max-image-preview:large","max-video-preview":"max-video-preview:-1"},"canonical":"https:\/\/katrearula.com\/fi\/toode\/paahine-huoparuusuilla-triinu\/","og_locale":"fi_FI","og_type":"article","og_title":"P\u00e4\u00e4hine huoparuusuilla TRIINU - Katr\u00e9","og_description":"Katr\u00e9-seppele sai inspiraationsa n\u00e4ist\u00e4 kahdesta p\u00e4\u00e4koristeesta, ja se tehtiin mestarin alkuper\u00e4isell\u00e4 tekniikalla k\u00e4ytt\u00e4en huonekaluteollisuuden villahuopaj\u00e4tett\u00e4.","og_url":"https:\/\/katrearula.com\/fi\/toode\/paahine-huoparuusuilla-triinu\/","og_site_name":"Katr\u00e9","article_publisher":"https:\/\/www.facebook.com\/KatreArulaMeistrikoda","og_image":[{"width":1709,"height":2560,"url":"https:\/\/katrearula.com\/wp-content\/uploads\/2023\/07\/DSC_7475-min-scaled-e1692716733653.jpg","type":"image\/jpeg"}],"twitter_card":"summary_large_image","schema":{"@context":"https:\/\/schema.org","@graph":[{"@type":"WebPage","@id":"https:\/\/katrearula.com\/fi\/toode\/paahine-huoparuusuilla-triinu\/","url":"https:\/\/katrearula.com\/fi\/toode\/paahine-huoparuusuilla-triinu\/","name":"P\u00e4\u00e4hine huoparuusuilla TRIINU - Katr\u00e9","isPartOf":{"@id":"https:\/\/katrearula.com\/#website"},"primaryImageOfPage":{"@id":"https:\/\/katrearula.com\/fi\/toode\/paahine-huoparuusuilla-triinu\/#primaryimage"},"image":{"@id":"https:\/\/katrearula.com\/fi\/toode\/paahine-huoparuusuilla-triinu\/#primaryimage"},"thumbnailUrl":"https:\/\/katrearula.com\/wp-content\/uploads\/2023\/07\/DSC_7475-min-scaled-e1692716733653.jpg","datePublished":"2023-09-29T13:54:47+00:00","description":"Katr\u00e9-seppele sai inspiraationsa n\u00e4ist\u00e4 kahdesta p\u00e4\u00e4koristeesta, ja se tehtiin mestarin alkuper\u00e4isell\u00e4 tekniikalla k\u00e4ytt\u00e4en huonekaluteollisuuden villahuopaj\u00e4tett\u00e4.","breadcrumb":{"@id":"https:\/\/katrearula.com\/fi\/toode\/paahine-huoparuusuilla-triinu\/#breadcrumb"},"inLanguage":"fi","potentialAction":[{"@type":"ReadAction","target":["https:\/\/katrearula.com\/fi\/toode\/paahine-huoparuusuilla-triinu\/"]}]},{"@type":"ImageObject","inLanguage":"fi","@id":"https:\/\/katrearula.com\/fi\/toode\/paahine-huoparuusuilla-triinu\/#primaryimage","url":"https:\/\/katrearula.com\/wp-content\/uploads\/2023\/07\/DSC_7475-min-scaled-e1692716733653.jpg","contentUrl":"https:\/\/katrearula.com\/wp-content\/uploads\/2023\/07\/DSC_7475-min-scaled-e1692716733653.jpg","width":1709,"height":2560},{"@type":"BreadcrumbList","@id":"https:\/\/katrearula.com\/fi\/toode\/paahine-huoparuusuilla-triinu\/#breadcrumb","itemListElement":[{"@type":"ListItem","position":1,"name":"Kotiin","item":"https:\/\/katrearula.com\/fi\/kotiin\/"},{"@type":"ListItem","position":2,"name":"Pood","item":"https:\/\/katrearula.com\/pood\/"},{"@type":"ListItem","position":3,"name":"P\u00e4\u00e4hine huoparuusuilla TRIINU"}]},{"@type":"WebSite","@id":"https:\/\/katrearula.com\/#website","url":"https:\/\/katrearula.com\/","name":"Katr\u00e9","description":"Eesti disain","publisher":{"@id":"https:\/\/katrearula.com\/#organization"},"potentialAction":[{"@type":"SearchAction","target":{"@type":"EntryPoint","urlTemplate":"https:\/\/katrearula.com\/?s={search_term_string}"},"query-input":{"@type":"PropertyValueSpecification","valueRequired":true,"valueName":"search_term_string"}}],"inLanguage":"fi"},{"@type":"Organization","@id":"https:\/\/katrearula.com\/#organization","name":"Katre Meistrikoda O\u00dc","url":"https:\/\/katrearula.com\/","logo":{"@type":"ImageObject","inLanguage":"fi","@id":"https:\/\/katrearula.com\/#\/schema\/logo\/image\/","url":"https:\/\/katrearula.com\/wp-content\/uploads\/2021\/11\/www.katrearula.com_.jpg","contentUrl":"https:\/\/katrearula.com\/wp-content\/uploads\/2021\/11\/www.katrearula.com_.jpg","width":380,"height":254,"caption":"Katre Meistrikoda O\u00dc"},"image":{"@id":"https:\/\/katrearula.com\/#\/schema\/logo\/image\/"},"sameAs":["https:\/\/www.facebook.com\/KatreArulaMeistrikoda","https:\/\/www.instagram.com\/katre_arula_meistrikoda\/"]}]}},"jetpack_sharing_enabled":true,"_links":{"self":[{"href":"https:\/\/katrearula.com\/fi\/wp-json\/wp\/v2\/product\/16005","targetHints":{"allow":["GET"]}}],"collection":[{"href":"https:\/\/katrearula.com\/fi\/wp-json\/wp\/v2\/product"}],"about":[{"href":"https:\/\/katrearula.com\/fi\/wp-json\/wp\/v2\/types\/product"}],"replies":[{"embeddable":true,"href":"https:\/\/katrearula.com\/fi\/wp-json\/wp\/v2\/comments?post=16005"}],"wp:featuredmedia":[{"embeddable":true,"href":"https:\/\/katrearula.com\/fi\/wp-json\/wp\/v2\/media\/12450"}],"wp:attachment":[{"href":"https:\/\/katrearula.com\/fi\/wp-json\/wp\/v2\/media?parent=16005"}],"wp:term":[{"taxonomy":"product_brand","embeddable":true,"href":"https:\/\/katrearula.com\/fi\/wp-json\/wp\/v2\/product_brand?post=16005"},{"taxonomy":"product_cat","embeddable":true,"href":"https:\/\/katrearula.com\/fi\/wp-json\/wp\/v2\/product_cat?post=16005"},{"taxonomy":"product_tag","embeddable":true,"href":"https:\/\/katrearula.com\/fi\/wp-json\/wp\/v2\/product_tag?post=16005"}],"curies":[{"name":"wp","href":"https:\/\/api.w.org\/{rel}","templated":true}]}}