{"id":16015,"date":"2023-04-26T05:22:33","date_gmt":"2023-04-26T05:22:33","guid":{"rendered":"https:\/\/katrearula.com\/toode\/vaaleanharmaa-pieni-laukku-muhu-lind\/"},"modified":"2023-04-26T05:22:33","modified_gmt":"2023-04-26T05:22:33","slug":"vaaleanharmaa-pieni-laukku-muhu-lind","status":"publish","type":"product","link":"https:\/\/katrearula.com\/fi\/toode\/vaaleanharmaa-pieni-laukku-muhu-lind\/","title":{"rendered":"Vaaleanharmaa pieni laukku MUHU LIND"},"content":{"rendered":"","protected":false},"excerpt":{"rendered":"<p><span style=\"font-weight: 400\">T\u00e4m\u00e4 pieni ja kevyt virolaisesta designista valmistettu olkalaukku on suunniteltu jokap\u00e4iv\u00e4iseen k\u00e4ytt\u00f6\u00f6n. Tilanteesta tai vuodenajasta riippumatta t\u00e4m\u00e4 olkalaukku on t\u00e4ydellinen kumppani, joka s\u00e4ilytt\u00e4\u00e4 kaikki v\u00e4ltt\u00e4m\u00e4tt\u00f6m\u00e4t tavarasi ja lis\u00e4\u00e4 tyyli\u00e4 arkiasuusi. Pid\u00e4 sit\u00e4 mukavasti olkap\u00e4\u00e4ll\u00e4si tai vartalon p\u00e4\u00e4ll\u00e4, jotta voit nauttia kauniista hetkist\u00e4 tiet\u00e4en, ett\u00e4 kaikki tarvitsemasi on aina k\u00e4den ulottuvilla.<\/span><\/p>\n<p><span style=\"font-weight: 400\">Lis\u00e4ksi se voi olla loistava virolainen design-lahja tyyli\u00e4 ja k\u00e4yt\u00e4nn\u00f6llisyytt\u00e4 arvostaville rakkaille.<\/span><\/p>\n","protected":false},"featured_media":11815,"comment_status":"closed","ping_status":"closed","template":"","meta":{"pgc_sgb_lightbox_settings":""},"product_brand":[],"product_cat":[231,241],"product_tag":[240],"class_list":{"0":"post-16015","1":"product","2":"type-product","3":"status-publish","4":"has-post-thumbnail","6":"product_cat-laukut","7":"product_cat-pienet-laukut","8":"product_tag-naisille","10":"first","11":"instock","12":"taxable","13":"shipping-taxable","14":"purchasable","15":"product-type-simple"},"yoast_head":"<!-- This site is optimized with the Yoast SEO plugin v26.6 - https:\/\/yoast.com\/wordpress\/plugins\/seo\/ -->\n<title>Vaaleanharmaa pieni laukku MUHU LIND - Katr\u00e9<\/title>\n<meta name=\"robots\" content=\"index, follow, max-snippet:-1, max-image-preview:large, max-video-preview:-1\" \/>\n<link rel=\"canonical\" href=\"https:\/\/katrearula.com\/fi\/toode\/vaaleanharmaa-pieni-laukku-muhu-lind\/\" \/>\n<meta property=\"og:locale\" content=\"fi_FI\" \/>\n<meta property=\"og:type\" content=\"article\" \/>\n<meta property=\"og:title\" content=\"Vaaleanharmaa pieni laukku MUHU LIND - Katr\u00e9\" \/>\n<meta property=\"og:description\" content=\"T\u00e4m\u00e4 pieni ja kevyt virolaisesta designista valmistettu olkalaukku on suunniteltu jokap\u00e4iv\u00e4iseen k\u00e4ytt\u00f6\u00f6n. Tilanteesta tai vuodenajasta riippumatta t\u00e4m\u00e4 olkalaukku on t\u00e4ydellinen kumppani, joka s\u00e4ilytt\u00e4\u00e4 kaikki v\u00e4ltt\u00e4m\u00e4tt\u00f6m\u00e4t tavarasi ja lis\u00e4\u00e4 tyyli\u00e4 arkiasuusi. Pid\u00e4 sit\u00e4 mukavasti olkap\u00e4\u00e4ll\u00e4si tai vartalon p\u00e4\u00e4ll\u00e4, jotta voit nauttia kauniista hetkist\u00e4 tiet\u00e4en, ett\u00e4 kaikki tarvitsemasi on aina k\u00e4den ulottuvilla. Lis\u00e4ksi se voi olla loistava virolainen design-lahja tyyli\u00e4 ja k\u00e4yt\u00e4nn\u00f6llisyytt\u00e4 arvostaville rakkaille.\" \/>\n<meta property=\"og:url\" content=\"https:\/\/katrearula.com\/fi\/toode\/vaaleanharmaa-pieni-laukku-muhu-lind\/\" \/>\n<meta property=\"og:site_name\" content=\"Katr\u00e9\" \/>\n<meta property=\"article:publisher\" content=\"https:\/\/www.facebook.com\/KatreArulaMeistrikoda\" \/>\n<meta property=\"og:image\" content=\"https:\/\/katrearula.com\/wp-content\/uploads\/2023\/04\/IMG_6498-1-scaled.jpg\" \/>\n\t<meta property=\"og:image:width\" content=\"1440\" \/>\n\t<meta property=\"og:image:height\" content=\"2560\" \/>\n\t<meta property=\"og:image:type\" content=\"image\/jpeg\" \/>\n<meta name=\"twitter:card\" content=\"summary_large_image\" \/>\n<script type=\"application\/ld+json\" class=\"yoast-schema-graph\">{\"@context\":\"https:\/\/schema.org\",\"@graph\":[{\"@type\":\"WebPage\",\"@id\":\"https:\/\/katrearula.com\/fi\/toode\/vaaleanharmaa-pieni-laukku-muhu-lind\/\",\"url\":\"https:\/\/katrearula.com\/fi\/toode\/vaaleanharmaa-pieni-laukku-muhu-lind\/\",\"name\":\"Vaaleanharmaa pieni laukku MUHU LIND - Katr\u00e9\",\"isPartOf\":{\"@id\":\"https:\/\/katrearula.com\/#website\"},\"primaryImageOfPage\":{\"@id\":\"https:\/\/katrearula.com\/fi\/toode\/vaaleanharmaa-pieni-laukku-muhu-lind\/#primaryimage\"},\"image\":{\"@id\":\"https:\/\/katrearula.com\/fi\/toode\/vaaleanharmaa-pieni-laukku-muhu-lind\/#primaryimage\"},\"thumbnailUrl\":\"https:\/\/katrearula.com\/wp-content\/uploads\/2023\/04\/IMG_6498-1-scaled.jpg\",\"datePublished\":\"2023-04-26T05:22:33+00:00\",\"breadcrumb\":{\"@id\":\"https:\/\/katrearula.com\/fi\/toode\/vaaleanharmaa-pieni-laukku-muhu-lind\/#breadcrumb\"},\"inLanguage\":\"fi\",\"potentialAction\":[{\"@type\":\"ReadAction\",\"target\":[\"https:\/\/katrearula.com\/fi\/toode\/vaaleanharmaa-pieni-laukku-muhu-lind\/\"]}]},{\"@type\":\"ImageObject\",\"inLanguage\":\"fi\",\"@id\":\"https:\/\/katrearula.com\/fi\/toode\/vaaleanharmaa-pieni-laukku-muhu-lind\/#primaryimage\",\"url\":\"https:\/\/katrearula.com\/wp-content\/uploads\/2023\/04\/IMG_6498-1-scaled.jpg\",\"contentUrl\":\"https:\/\/katrearula.com\/wp-content\/uploads\/2023\/04\/IMG_6498-1-scaled.jpg\",\"width\":1440,\"height\":2560},{\"@type\":\"BreadcrumbList\",\"@id\":\"https:\/\/katrearula.com\/fi\/toode\/vaaleanharmaa-pieni-laukku-muhu-lind\/#breadcrumb\",\"itemListElement\":[{\"@type\":\"ListItem\",\"position\":1,\"name\":\"Kotiin\",\"item\":\"https:\/\/katrearula.com\/fi\/kotiin\/\"},{\"@type\":\"ListItem\",\"position\":2,\"name\":\"Pood\",\"item\":\"https:\/\/katrearula.com\/pood\/\"},{\"@type\":\"ListItem\",\"position\":3,\"name\":\"Vaaleanharmaa pieni laukku MUHU LIND\"}]},{\"@type\":\"WebSite\",\"@id\":\"https:\/\/katrearula.com\/#website\",\"url\":\"https:\/\/katrearula.com\/\",\"name\":\"Katr\u00e9\",\"description\":\"Eesti disain\",\"publisher\":{\"@id\":\"https:\/\/katrearula.com\/#organization\"},\"potentialAction\":[{\"@type\":\"SearchAction\",\"target\":{\"@type\":\"EntryPoint\",\"urlTemplate\":\"https:\/\/katrearula.com\/?s={search_term_string}\"},\"query-input\":{\"@type\":\"PropertyValueSpecification\",\"valueRequired\":true,\"valueName\":\"search_term_string\"}}],\"inLanguage\":\"fi\"},{\"@type\":\"Organization\",\"@id\":\"https:\/\/katrearula.com\/#organization\",\"name\":\"Katre Meistrikoda O\u00dc\",\"url\":\"https:\/\/katrearula.com\/\",\"logo\":{\"@type\":\"ImageObject\",\"inLanguage\":\"fi\",\"@id\":\"https:\/\/katrearula.com\/#\/schema\/logo\/image\/\",\"url\":\"https:\/\/katrearula.com\/wp-content\/uploads\/2021\/11\/www.katrearula.com_.jpg\",\"contentUrl\":\"https:\/\/katrearula.com\/wp-content\/uploads\/2021\/11\/www.katrearula.com_.jpg\",\"width\":380,\"height\":254,\"caption\":\"Katre Meistrikoda O\u00dc\"},\"image\":{\"@id\":\"https:\/\/katrearula.com\/#\/schema\/logo\/image\/\"},\"sameAs\":[\"https:\/\/www.facebook.com\/KatreArulaMeistrikoda\",\"https:\/\/www.instagram.com\/katre_arula_meistrikoda\/\"]}]}<\/script>\n<!-- \/ Yoast SEO plugin. -->","yoast_head_json":{"title":"Vaaleanharmaa pieni laukku MUHU LIND - Katr\u00e9","robots":{"index":"index","follow":"follow","max-snippet":"max-snippet:-1","max-image-preview":"max-image-preview:large","max-video-preview":"max-video-preview:-1"},"canonical":"https:\/\/katrearula.com\/fi\/toode\/vaaleanharmaa-pieni-laukku-muhu-lind\/","og_locale":"fi_FI","og_type":"article","og_title":"Vaaleanharmaa pieni laukku MUHU LIND - Katr\u00e9","og_description":"T\u00e4m\u00e4 pieni ja kevyt virolaisesta designista valmistettu olkalaukku on suunniteltu jokap\u00e4iv\u00e4iseen k\u00e4ytt\u00f6\u00f6n. Tilanteesta tai vuodenajasta riippumatta t\u00e4m\u00e4 olkalaukku on t\u00e4ydellinen kumppani, joka s\u00e4ilytt\u00e4\u00e4 kaikki v\u00e4ltt\u00e4m\u00e4tt\u00f6m\u00e4t tavarasi ja lis\u00e4\u00e4 tyyli\u00e4 arkiasuusi. Pid\u00e4 sit\u00e4 mukavasti olkap\u00e4\u00e4ll\u00e4si tai vartalon p\u00e4\u00e4ll\u00e4, jotta voit nauttia kauniista hetkist\u00e4 tiet\u00e4en, ett\u00e4 kaikki tarvitsemasi on aina k\u00e4den ulottuvilla. Lis\u00e4ksi se voi olla loistava virolainen design-lahja tyyli\u00e4 ja k\u00e4yt\u00e4nn\u00f6llisyytt\u00e4 arvostaville rakkaille.","og_url":"https:\/\/katrearula.com\/fi\/toode\/vaaleanharmaa-pieni-laukku-muhu-lind\/","og_site_name":"Katr\u00e9","article_publisher":"https:\/\/www.facebook.com\/KatreArulaMeistrikoda","og_image":[{"width":1440,"height":2560,"url":"https:\/\/katrearula.com\/wp-content\/uploads\/2023\/04\/IMG_6498-1-scaled.jpg","type":"image\/jpeg"}],"twitter_card":"summary_large_image","schema":{"@context":"https:\/\/schema.org","@graph":[{"@type":"WebPage","@id":"https:\/\/katrearula.com\/fi\/toode\/vaaleanharmaa-pieni-laukku-muhu-lind\/","url":"https:\/\/katrearula.com\/fi\/toode\/vaaleanharmaa-pieni-laukku-muhu-lind\/","name":"Vaaleanharmaa pieni laukku MUHU LIND - Katr\u00e9","isPartOf":{"@id":"https:\/\/katrearula.com\/#website"},"primaryImageOfPage":{"@id":"https:\/\/katrearula.com\/fi\/toode\/vaaleanharmaa-pieni-laukku-muhu-lind\/#primaryimage"},"image":{"@id":"https:\/\/katrearula.com\/fi\/toode\/vaaleanharmaa-pieni-laukku-muhu-lind\/#primaryimage"},"thumbnailUrl":"https:\/\/katrearula.com\/wp-content\/uploads\/2023\/04\/IMG_6498-1-scaled.jpg","datePublished":"2023-04-26T05:22:33+00:00","breadcrumb":{"@id":"https:\/\/katrearula.com\/fi\/toode\/vaaleanharmaa-pieni-laukku-muhu-lind\/#breadcrumb"},"inLanguage":"fi","potentialAction":[{"@type":"ReadAction","target":["https:\/\/katrearula.com\/fi\/toode\/vaaleanharmaa-pieni-laukku-muhu-lind\/"]}]},{"@type":"ImageObject","inLanguage":"fi","@id":"https:\/\/katrearula.com\/fi\/toode\/vaaleanharmaa-pieni-laukku-muhu-lind\/#primaryimage","url":"https:\/\/katrearula.com\/wp-content\/uploads\/2023\/04\/IMG_6498-1-scaled.jpg","contentUrl":"https:\/\/katrearula.com\/wp-content\/uploads\/2023\/04\/IMG_6498-1-scaled.jpg","width":1440,"height":2560},{"@type":"BreadcrumbList","@id":"https:\/\/katrearula.com\/fi\/toode\/vaaleanharmaa-pieni-laukku-muhu-lind\/#breadcrumb","itemListElement":[{"@type":"ListItem","position":1,"name":"Kotiin","item":"https:\/\/katrearula.com\/fi\/kotiin\/"},{"@type":"ListItem","position":2,"name":"Pood","item":"https:\/\/katrearula.com\/pood\/"},{"@type":"ListItem","position":3,"name":"Vaaleanharmaa pieni laukku MUHU LIND"}]},{"@type":"WebSite","@id":"https:\/\/katrearula.com\/#website","url":"https:\/\/katrearula.com\/","name":"Katr\u00e9","description":"Eesti disain","publisher":{"@id":"https:\/\/katrearula.com\/#organization"},"potentialAction":[{"@type":"SearchAction","target":{"@type":"EntryPoint","urlTemplate":"https:\/\/katrearula.com\/?s={search_term_string}"},"query-input":{"@type":"PropertyValueSpecification","valueRequired":true,"valueName":"search_term_string"}}],"inLanguage":"fi"},{"@type":"Organization","@id":"https:\/\/katrearula.com\/#organization","name":"Katre Meistrikoda O\u00dc","url":"https:\/\/katrearula.com\/","logo":{"@type":"ImageObject","inLanguage":"fi","@id":"https:\/\/katrearula.com\/#\/schema\/logo\/image\/","url":"https:\/\/katrearula.com\/wp-content\/uploads\/2021\/11\/www.katrearula.com_.jpg","contentUrl":"https:\/\/katrearula.com\/wp-content\/uploads\/2021\/11\/www.katrearula.com_.jpg","width":380,"height":254,"caption":"Katre Meistrikoda O\u00dc"},"image":{"@id":"https:\/\/katrearula.com\/#\/schema\/logo\/image\/"},"sameAs":["https:\/\/www.facebook.com\/KatreArulaMeistrikoda","https:\/\/www.instagram.com\/katre_arula_meistrikoda\/"]}]}},"jetpack_sharing_enabled":true,"_links":{"self":[{"href":"https:\/\/katrearula.com\/fi\/wp-json\/wp\/v2\/product\/16015","targetHints":{"allow":["GET"]}}],"collection":[{"href":"https:\/\/katrearula.com\/fi\/wp-json\/wp\/v2\/product"}],"about":[{"href":"https:\/\/katrearula.com\/fi\/wp-json\/wp\/v2\/types\/product"}],"replies":[{"embeddable":true,"href":"https:\/\/katrearula.com\/fi\/wp-json\/wp\/v2\/comments?post=16015"}],"wp:featuredmedia":[{"embeddable":true,"href":"https:\/\/katrearula.com\/fi\/wp-json\/wp\/v2\/media\/11815"}],"wp:attachment":[{"href":"https:\/\/katrearula.com\/fi\/wp-json\/wp\/v2\/media?parent=16015"}],"wp:term":[{"taxonomy":"product_brand","embeddable":true,"href":"https:\/\/katrearula.com\/fi\/wp-json\/wp\/v2\/product_brand?post=16015"},{"taxonomy":"product_cat","embeddable":true,"href":"https:\/\/katrearula.com\/fi\/wp-json\/wp\/v2\/product_cat?post=16015"},{"taxonomy":"product_tag","embeddable":true,"href":"https:\/\/katrearula.com\/fi\/wp-json\/wp\/v2\/product_tag?post=16015"}],"curies":[{"name":"wp","href":"https:\/\/api.w.org\/{rel}","templated":true}]}}