{"id":16019,"date":"2023-03-06T07:36:37","date_gmt":"2023-03-06T07:36:37","guid":{"rendered":"https:\/\/katrearula.com\/toode\/musta-3in1-laukku-aada\/"},"modified":"2023-03-06T07:36:37","modified_gmt":"2023-03-06T07:36:37","slug":"musta-3in1-laukku-aada","status":"publish","type":"product","link":"https:\/\/katrearula.com\/fi\/toode\/musta-3in1-laukku-aada\/","title":{"rendered":"Musta 3in1 laukku AADA"},"content":{"rendered":"","protected":false},"excerpt":{"rendered":"<p><span style=\"font-weight: 400;\">Ehk\u00e4 mietit, mik\u00e4 olisi t\u00e4ydellinen k\u00e4silaukku sinulle? Tai reppu? Tai viel\u00e4 parempi, olkalaukku? Katr\u00e9 pit\u00e4\u00e4 monitoimisuuden ja laadun mieless\u00e4 laukkuja suunnitellessaan &#8211; yht\u00e4 laukkua voi k\u00e4ytt\u00e4\u00e4 kolmella tavalla, ja halutessasi voit vaihtaa hihnojen v\u00e4rej\u00e4 ja siten sovittaa sen eri tyyleihin. Sis\u00e4taskut on suunniteltu kaikkia p\u00e4ivitt\u00e4isi\u00e4 tarpeita varten, ja niihin mahtuu mukavasti kaikki tarvittavat tavarat. T\u00e4m\u00e4 laukku sopii t\u00e4ydellisesti my\u00f6s iPadille, kannettavalle tietokoneelle, kirjoille, ruoalle, juomapullolle ja kaikelle muulle.     <\/span><span style=\"font-weight: 400;\"><br \/>\n<\/span><span style=\"font-weight: 400;\"><br \/>\n<\/span><span style=\"font-weight: 400;\">Katre-reppu sopii erityisesti matkustamiseen, koska se tarjoaa riitt\u00e4v\u00e4sti tilaa kaikelle tarvitsemallesi. L\u00e4pp\u00e4rireppuna voit helposti kantaa tietokonettasi mukanasi tiet\u00e4en, ett\u00e4 se on hyvin suojattu.  <\/span><\/p>\n","protected":false},"featured_media":11602,"comment_status":"closed","ping_status":"closed","template":"","meta":{"pgc_sgb_lightbox_settings":""},"product_brand":[],"product_cat":[230,231],"product_tag":[277,240],"class_list":{"0":"post-16019","1":"product","2":"type-product","3":"status-publish","4":"has-post-thumbnail","6":"product_cat-3in1-laukut","7":"product_cat-laukut","8":"product_tag-miehille","9":"product_tag-naisille","11":"first","12":"instock","13":"taxable","14":"shipping-taxable","15":"purchasable","16":"product-type-simple"},"yoast_head":"<!-- This site is optimized with the Yoast SEO plugin v26.6 - https:\/\/yoast.com\/wordpress\/plugins\/seo\/ -->\n<title>Musta 3in1 laukku AADA - Katr\u00e9<\/title>\n<meta name=\"robots\" content=\"index, follow, max-snippet:-1, max-image-preview:large, max-video-preview:-1\" \/>\n<link rel=\"canonical\" href=\"https:\/\/katrearula.com\/fi\/toode\/musta-3in1-laukku-aada\/\" \/>\n<meta property=\"og:locale\" content=\"fi_FI\" \/>\n<meta property=\"og:type\" content=\"article\" \/>\n<meta property=\"og:title\" content=\"Musta 3in1 laukku AADA - Katr\u00e9\" \/>\n<meta property=\"og:description\" content=\"Ehk\u00e4 mietit, mik\u00e4 olisi t\u00e4ydellinen k\u00e4silaukku sinulle? Tai reppu? Tai viel\u00e4 parempi, olkalaukku? Katr\u00e9 pit\u00e4\u00e4 monitoimisuuden ja laadun mieless\u00e4 laukkuja suunnitellessaan - yht\u00e4 laukkua voi k\u00e4ytt\u00e4\u00e4 kolmella tavalla, ja halutessasi voit vaihtaa hihnojen v\u00e4rej\u00e4 ja siten sovittaa sen eri tyyleihin. Sis\u00e4taskut on suunniteltu kaikkia p\u00e4ivitt\u00e4isi\u00e4 tarpeita varten, ja niihin mahtuu mukavasti kaikki tarvittavat tavarat. T\u00e4m\u00e4 laukku sopii t\u00e4ydellisesti my\u00f6s iPadille, kannettavalle tietokoneelle, kirjoille, ruoalle, juomapullolle ja kaikelle muulle.    Katre-reppu sopii erityisesti matkustamiseen, koska se tarjoaa riitt\u00e4v\u00e4sti tilaa kaikelle tarvitsemallesi. L\u00e4pp\u00e4rireppuna voit helposti kantaa tietokonettasi mukanasi tiet\u00e4en, ett\u00e4 se on hyvin suojattu.\" \/>\n<meta property=\"og:url\" content=\"https:\/\/katrearula.com\/fi\/toode\/musta-3in1-laukku-aada\/\" \/>\n<meta property=\"og:site_name\" content=\"Katr\u00e9\" \/>\n<meta property=\"article:publisher\" content=\"https:\/\/www.facebook.com\/KatreArulaMeistrikoda\" \/>\n<meta property=\"og:image\" content=\"https:\/\/katrearula.com\/wp-content\/uploads\/2023\/03\/AADA-3in1-kott-seljakott.jpg\" \/>\n\t<meta property=\"og:image:width\" content=\"1859\" \/>\n\t<meta property=\"og:image:height\" content=\"1859\" \/>\n\t<meta property=\"og:image:type\" content=\"image\/jpeg\" \/>\n<meta name=\"twitter:card\" content=\"summary_large_image\" \/>\n<script type=\"application\/ld+json\" class=\"yoast-schema-graph\">{\"@context\":\"https:\/\/schema.org\",\"@graph\":[{\"@type\":\"WebPage\",\"@id\":\"https:\/\/katrearula.com\/fi\/toode\/musta-3in1-laukku-aada\/\",\"url\":\"https:\/\/katrearula.com\/fi\/toode\/musta-3in1-laukku-aada\/\",\"name\":\"Musta 3in1 laukku AADA - Katr\u00e9\",\"isPartOf\":{\"@id\":\"https:\/\/katrearula.com\/#website\"},\"primaryImageOfPage\":{\"@id\":\"https:\/\/katrearula.com\/fi\/toode\/musta-3in1-laukku-aada\/#primaryimage\"},\"image\":{\"@id\":\"https:\/\/katrearula.com\/fi\/toode\/musta-3in1-laukku-aada\/#primaryimage\"},\"thumbnailUrl\":\"https:\/\/katrearula.com\/wp-content\/uploads\/2023\/03\/AADA-3in1-kott-seljakott.jpg\",\"datePublished\":\"2023-03-06T07:36:37+00:00\",\"breadcrumb\":{\"@id\":\"https:\/\/katrearula.com\/fi\/toode\/musta-3in1-laukku-aada\/#breadcrumb\"},\"inLanguage\":\"fi\",\"potentialAction\":[{\"@type\":\"ReadAction\",\"target\":[\"https:\/\/katrearula.com\/fi\/toode\/musta-3in1-laukku-aada\/\"]}]},{\"@type\":\"ImageObject\",\"inLanguage\":\"fi\",\"@id\":\"https:\/\/katrearula.com\/fi\/toode\/musta-3in1-laukku-aada\/#primaryimage\",\"url\":\"https:\/\/katrearula.com\/wp-content\/uploads\/2023\/03\/AADA-3in1-kott-seljakott.jpg\",\"contentUrl\":\"https:\/\/katrearula.com\/wp-content\/uploads\/2023\/03\/AADA-3in1-kott-seljakott.jpg\",\"width\":1859,\"height\":1859},{\"@type\":\"BreadcrumbList\",\"@id\":\"https:\/\/katrearula.com\/fi\/toode\/musta-3in1-laukku-aada\/#breadcrumb\",\"itemListElement\":[{\"@type\":\"ListItem\",\"position\":1,\"name\":\"Kotiin\",\"item\":\"https:\/\/katrearula.com\/fi\/kotiin\/\"},{\"@type\":\"ListItem\",\"position\":2,\"name\":\"Pood\",\"item\":\"https:\/\/katrearula.com\/pood\/\"},{\"@type\":\"ListItem\",\"position\":3,\"name\":\"Musta 3in1 laukku AADA\"}]},{\"@type\":\"WebSite\",\"@id\":\"https:\/\/katrearula.com\/#website\",\"url\":\"https:\/\/katrearula.com\/\",\"name\":\"Katr\u00e9\",\"description\":\"Eesti disain\",\"publisher\":{\"@id\":\"https:\/\/katrearula.com\/#organization\"},\"potentialAction\":[{\"@type\":\"SearchAction\",\"target\":{\"@type\":\"EntryPoint\",\"urlTemplate\":\"https:\/\/katrearula.com\/?s={search_term_string}\"},\"query-input\":{\"@type\":\"PropertyValueSpecification\",\"valueRequired\":true,\"valueName\":\"search_term_string\"}}],\"inLanguage\":\"fi\"},{\"@type\":\"Organization\",\"@id\":\"https:\/\/katrearula.com\/#organization\",\"name\":\"Katre Meistrikoda O\u00dc\",\"url\":\"https:\/\/katrearula.com\/\",\"logo\":{\"@type\":\"ImageObject\",\"inLanguage\":\"fi\",\"@id\":\"https:\/\/katrearula.com\/#\/schema\/logo\/image\/\",\"url\":\"https:\/\/katrearula.com\/wp-content\/uploads\/2021\/11\/www.katrearula.com_.jpg\",\"contentUrl\":\"https:\/\/katrearula.com\/wp-content\/uploads\/2021\/11\/www.katrearula.com_.jpg\",\"width\":380,\"height\":254,\"caption\":\"Katre Meistrikoda O\u00dc\"},\"image\":{\"@id\":\"https:\/\/katrearula.com\/#\/schema\/logo\/image\/\"},\"sameAs\":[\"https:\/\/www.facebook.com\/KatreArulaMeistrikoda\",\"https:\/\/www.instagram.com\/katre_arula_meistrikoda\/\"]}]}<\/script>\n<!-- \/ Yoast SEO plugin. -->","yoast_head_json":{"title":"Musta 3in1 laukku AADA - Katr\u00e9","robots":{"index":"index","follow":"follow","max-snippet":"max-snippet:-1","max-image-preview":"max-image-preview:large","max-video-preview":"max-video-preview:-1"},"canonical":"https:\/\/katrearula.com\/fi\/toode\/musta-3in1-laukku-aada\/","og_locale":"fi_FI","og_type":"article","og_title":"Musta 3in1 laukku AADA - Katr\u00e9","og_description":"Ehk\u00e4 mietit, mik\u00e4 olisi t\u00e4ydellinen k\u00e4silaukku sinulle? Tai reppu? Tai viel\u00e4 parempi, olkalaukku? Katr\u00e9 pit\u00e4\u00e4 monitoimisuuden ja laadun mieless\u00e4 laukkuja suunnitellessaan - yht\u00e4 laukkua voi k\u00e4ytt\u00e4\u00e4 kolmella tavalla, ja halutessasi voit vaihtaa hihnojen v\u00e4rej\u00e4 ja siten sovittaa sen eri tyyleihin. Sis\u00e4taskut on suunniteltu kaikkia p\u00e4ivitt\u00e4isi\u00e4 tarpeita varten, ja niihin mahtuu mukavasti kaikki tarvittavat tavarat. T\u00e4m\u00e4 laukku sopii t\u00e4ydellisesti my\u00f6s iPadille, kannettavalle tietokoneelle, kirjoille, ruoalle, juomapullolle ja kaikelle muulle.    Katre-reppu sopii erityisesti matkustamiseen, koska se tarjoaa riitt\u00e4v\u00e4sti tilaa kaikelle tarvitsemallesi. L\u00e4pp\u00e4rireppuna voit helposti kantaa tietokonettasi mukanasi tiet\u00e4en, ett\u00e4 se on hyvin suojattu.","og_url":"https:\/\/katrearula.com\/fi\/toode\/musta-3in1-laukku-aada\/","og_site_name":"Katr\u00e9","article_publisher":"https:\/\/www.facebook.com\/KatreArulaMeistrikoda","og_image":[{"width":1859,"height":1859,"url":"https:\/\/katrearula.com\/wp-content\/uploads\/2023\/03\/AADA-3in1-kott-seljakott.jpg","type":"image\/jpeg"}],"twitter_card":"summary_large_image","schema":{"@context":"https:\/\/schema.org","@graph":[{"@type":"WebPage","@id":"https:\/\/katrearula.com\/fi\/toode\/musta-3in1-laukku-aada\/","url":"https:\/\/katrearula.com\/fi\/toode\/musta-3in1-laukku-aada\/","name":"Musta 3in1 laukku AADA - Katr\u00e9","isPartOf":{"@id":"https:\/\/katrearula.com\/#website"},"primaryImageOfPage":{"@id":"https:\/\/katrearula.com\/fi\/toode\/musta-3in1-laukku-aada\/#primaryimage"},"image":{"@id":"https:\/\/katrearula.com\/fi\/toode\/musta-3in1-laukku-aada\/#primaryimage"},"thumbnailUrl":"https:\/\/katrearula.com\/wp-content\/uploads\/2023\/03\/AADA-3in1-kott-seljakott.jpg","datePublished":"2023-03-06T07:36:37+00:00","breadcrumb":{"@id":"https:\/\/katrearula.com\/fi\/toode\/musta-3in1-laukku-aada\/#breadcrumb"},"inLanguage":"fi","potentialAction":[{"@type":"ReadAction","target":["https:\/\/katrearula.com\/fi\/toode\/musta-3in1-laukku-aada\/"]}]},{"@type":"ImageObject","inLanguage":"fi","@id":"https:\/\/katrearula.com\/fi\/toode\/musta-3in1-laukku-aada\/#primaryimage","url":"https:\/\/katrearula.com\/wp-content\/uploads\/2023\/03\/AADA-3in1-kott-seljakott.jpg","contentUrl":"https:\/\/katrearula.com\/wp-content\/uploads\/2023\/03\/AADA-3in1-kott-seljakott.jpg","width":1859,"height":1859},{"@type":"BreadcrumbList","@id":"https:\/\/katrearula.com\/fi\/toode\/musta-3in1-laukku-aada\/#breadcrumb","itemListElement":[{"@type":"ListItem","position":1,"name":"Kotiin","item":"https:\/\/katrearula.com\/fi\/kotiin\/"},{"@type":"ListItem","position":2,"name":"Pood","item":"https:\/\/katrearula.com\/pood\/"},{"@type":"ListItem","position":3,"name":"Musta 3in1 laukku AADA"}]},{"@type":"WebSite","@id":"https:\/\/katrearula.com\/#website","url":"https:\/\/katrearula.com\/","name":"Katr\u00e9","description":"Eesti disain","publisher":{"@id":"https:\/\/katrearula.com\/#organization"},"potentialAction":[{"@type":"SearchAction","target":{"@type":"EntryPoint","urlTemplate":"https:\/\/katrearula.com\/?s={search_term_string}"},"query-input":{"@type":"PropertyValueSpecification","valueRequired":true,"valueName":"search_term_string"}}],"inLanguage":"fi"},{"@type":"Organization","@id":"https:\/\/katrearula.com\/#organization","name":"Katre Meistrikoda O\u00dc","url":"https:\/\/katrearula.com\/","logo":{"@type":"ImageObject","inLanguage":"fi","@id":"https:\/\/katrearula.com\/#\/schema\/logo\/image\/","url":"https:\/\/katrearula.com\/wp-content\/uploads\/2021\/11\/www.katrearula.com_.jpg","contentUrl":"https:\/\/katrearula.com\/wp-content\/uploads\/2021\/11\/www.katrearula.com_.jpg","width":380,"height":254,"caption":"Katre Meistrikoda O\u00dc"},"image":{"@id":"https:\/\/katrearula.com\/#\/schema\/logo\/image\/"},"sameAs":["https:\/\/www.facebook.com\/KatreArulaMeistrikoda","https:\/\/www.instagram.com\/katre_arula_meistrikoda\/"]}]}},"jetpack_sharing_enabled":true,"_links":{"self":[{"href":"https:\/\/katrearula.com\/fi\/wp-json\/wp\/v2\/product\/16019","targetHints":{"allow":["GET"]}}],"collection":[{"href":"https:\/\/katrearula.com\/fi\/wp-json\/wp\/v2\/product"}],"about":[{"href":"https:\/\/katrearula.com\/fi\/wp-json\/wp\/v2\/types\/product"}],"replies":[{"embeddable":true,"href":"https:\/\/katrearula.com\/fi\/wp-json\/wp\/v2\/comments?post=16019"}],"wp:featuredmedia":[{"embeddable":true,"href":"https:\/\/katrearula.com\/fi\/wp-json\/wp\/v2\/media\/11602"}],"wp:attachment":[{"href":"https:\/\/katrearula.com\/fi\/wp-json\/wp\/v2\/media?parent=16019"}],"wp:term":[{"taxonomy":"product_brand","embeddable":true,"href":"https:\/\/katrearula.com\/fi\/wp-json\/wp\/v2\/product_brand?post=16019"},{"taxonomy":"product_cat","embeddable":true,"href":"https:\/\/katrearula.com\/fi\/wp-json\/wp\/v2\/product_cat?post=16019"},{"taxonomy":"product_tag","embeddable":true,"href":"https:\/\/katrearula.com\/fi\/wp-json\/wp\/v2\/product_tag?post=16019"}],"curies":[{"name":"wp","href":"https:\/\/api.w.org\/{rel}","templated":true}]}}